{"id":176065,"date":"2026-01-22T14:33:07","date_gmt":"2026-01-22T13:33:07","guid":{"rendered":"https:\/\/insektenliebe.com\/?post_type=product&#038;p=176065"},"modified":"2026-03-11T12:25:07","modified_gmt":"2026-03-11T11:25:07","slug":"eichenlaub","status":"publish","type":"product","link":"https:\/\/insektenliebe.com\/de\/shop\/produkt\/eichenlaub\/","title":{"rendered":"Eichenlaub"},"content":{"rendered":"<h3 class=\"p1\"><span style=\"color: #99cc33\"><strong><span class=\"s1\">Eichenlaub \u2013 Perfekte Futterquelle voller wertvoller Gerbstoffe<\/span><\/strong><\/span><\/h3>\n<p class=\"p1\"><span class=\"s1\"><strong>Eichenlaub<\/strong> z\u00e4hlt zu den wichtigsten Grundbestandteilen in der Ern\u00e4hrung vieler Terrarientiere. Vor allem Asseln, Tausendf\u00fc\u00dfer, Schnecken und zahlreiche andere Bodenorganismen ben\u00f6tigen es als hochwertige und robuste Futterquelle. Durch seinen hohen Gehalt an Gerbstoffen wird <strong>Eichenlaub<\/strong> nur langsam zersetzt. Genau das macht es so wertvoll. Die Tiere k\u00f6nnen \u00fcber einen langen Zeitraum darauf zugreifen und erhalten konstant Energie, Fasern und wichtige N\u00e4hrstoffe.<\/span><\/p>\n<p class=\"p1\"><span class=\"s1\">Unser <strong>Eichenlaub<\/strong> stammt ausschlie\u00dflich aus naturbelassenen, pestizidfreien Gebieten. Es wird sorgf\u00e4ltig gesammelt und schonend getrocknet, damit Struktur, Aroma und N\u00e4hrstoffe erhalten bleiben. Dadurch l\u00e4sst es sich direkt im Terrarium einsetzen. Du kannst das Laub als ganze Bl\u00e4tter auslegen oder es leicht zerbrechen und zwischen Substrat und Dekoration verteilen. Beides schafft sofort ein naturnahes Waldboden-Ambiente, das nicht nur sch\u00f6n aussieht, sondern auch aktiv die Lebensbedingungen deiner Tiere verbessert.<\/span><\/p>\n<p class=\"p1\"><span class=\"s1\">Asseln und Tausendf\u00fc\u00dfer reagieren oft schnell, sobald frisches Laub im Terrarium landet. Sie beginnen sofort zu fressen, verstecken sich darunter und nutzen es als festen Bestandteil ihres nat\u00fcrlichen Lebensraums. <strong>Eichenlaub<\/strong> unterst\u00fctzt au\u00dferdem ein stabiles Mikroklima. Es lockert das Substrat, speichert etwas Feuchtigkeit und f\u00f6rdert die Arbeit der Bodenpolizei. Dadurch entsteht ein ausgewogenes, selbstregulierendes Terrarium, das weniger Pflegeaufwand erfordert.<\/span><\/p>\n<p class=\"p1\"><span class=\"s1\">Gerade f\u00fcr Arten aus mediterranen oder subtropischen Regionen ist <strong>Eichenlaub<\/strong> ideal. Die robuste Blattstruktur und der hohe Gerbstoffanteil kommen ihren nat\u00fcrlichen Futterquellen sehr nahe. Aber auch tropische Arten profitieren, da es nicht sofort zerf\u00e4llt und lange als Nahrung dient. Der Einsatz ist damit vielseitig und zuverl\u00e4ssig.<\/span><\/p>\n<p class=\"p1\"><span class=\"s1\">Mit hochwertigem <strong>Eichenlaub<\/strong> schenkst du deinen Terrarientieren also nicht nur Futter, sondern auch ein St\u00fcck Natur. Es schafft Lebensraum, stabilisiert das Terrarium und bringt das Bodenleben in Schwung. F\u00fcr eine erfolgreiche und nachhaltige Haltung von Asseln und anderen Detritusfressern geh\u00f6rt <strong>Eichenlaub<\/strong> einfach dazu.<\/span><\/p>\n","protected":false},"excerpt":{"rendered":"<p>Eichenlaub \u2013 Perfekte Futterquelle voller wertvoller Gerbstoffe Eichenlaub z\u00e4hlt zu den wichtigsten Grundbestandteilen in der Ern\u00e4hrung vieler Terrarientiere. Vor allem Asseln, Tausendf\u00fc\u00dfer, Schnecken und zahlreiche andere Bodenorganismen ben\u00f6tigen es als hochwertige und robuste Futterquelle. Durch seinen hohen Gehalt an Gerbstoffen wird Eichenlaub nur langsam zersetzt. Genau das macht es so wertvoll. Die Tiere k\u00f6nnen \u00fcber [&hellip;]<\/p>\n","protected":false},"featured_media":176084,"template":"","meta":{"_acf_changed":false},"product-supplier":[2691],"product_brand":[],"product_cat":[129,127],"product_tag":[],"lce-checkout-addons":[],"class_list":{"0":"post-176065","1":"product","2":"type-product","3":"status-publish","4":"has-post-thumbnail","6":"product_cat-futter-kalzium","7":"product_cat-substrate-moose","8":"product_shipping_class-equipment-shipping","10":"first","11":"instock","12":"taxable","13":"shipping-taxable","14":"purchasable","15":"product-type-simple"},"acf":[],"yoast_head":"<!-- This site is optimized with the Yoast SEO plugin v27.3 - https:\/\/yoast.com\/product\/yoast-seo-wordpress\/ -->\n<title>Eichenlaub - Insektenliebe<\/title>\n<meta name=\"description\" content=\"Eichenlaub \u2013 n\u00e4hrstoffreiches, gerbstoffhaltiges Laub f\u00fcr Asseln, Tausendf\u00fc\u00dfer &amp; Bodenpolizei. Nat\u00fcrliche Futterbasis f\u00fcr ein stabiles Terrarium.\" \/>\n<meta name=\"robots\" content=\"index, follow, max-snippet:-1, max-image-preview:large, max-video-preview:-1\" \/>\n<link rel=\"canonical\" href=\"https:\/\/insektenliebe.com\/de\/shop\/produkt\/eichenlaub\/\" \/>\n<meta property=\"og:locale\" content=\"de_DE\" \/>\n<meta property=\"og:type\" content=\"article\" \/>\n<meta property=\"og:title\" content=\"Eichenlaub - Insektenliebe\" \/>\n<meta property=\"og:description\" content=\"Eichenlaub \u2013 n\u00e4hrstoffreiches, gerbstoffhaltiges Laub f\u00fcr Asseln, Tausendf\u00fc\u00dfer &amp; Bodenpolizei. Nat\u00fcrliche Futterbasis f\u00fcr ein stabiles Terrarium.\" \/>\n<meta property=\"og:url\" content=\"https:\/\/insektenliebe.com\/de\/shop\/produkt\/eichenlaub\/\" \/>\n<meta property=\"og:site_name\" content=\"Insektenliebe\" \/>\n<meta property=\"article:modified_time\" content=\"2026-03-11T11:25:07+00:00\" \/>\n<meta property=\"og:image\" content=\"https:\/\/insektenliebe.com\/wp-content\/uploads\/2026\/01\/Eichenlaub.jpg\" \/>\n\t<meta property=\"og:image:width\" content=\"820\" \/>\n\t<meta property=\"og:image:height\" content=\"820\" \/>\n\t<meta property=\"og:image:type\" content=\"image\/jpeg\" \/>\n<meta name=\"twitter:card\" content=\"summary_large_image\" \/>\n<meta name=\"twitter:label1\" content=\"Gesch\u00e4tzte Lesezeit\" \/>\n\t<meta name=\"twitter:data1\" content=\"2\u00a0Minuten\" \/>\n<script type=\"application\/ld+json\" class=\"yoast-schema-graph\">{\"@context\":\"https:\\\/\\\/schema.org\",\"@graph\":[{\"@type\":\"WebPage\",\"@id\":\"https:\\\/\\\/insektenliebe.com\\\/de\\\/shop\\\/produkt\\\/eichenlaub\\\/\",\"url\":\"https:\\\/\\\/insektenliebe.com\\\/de\\\/shop\\\/produkt\\\/eichenlaub\\\/\",\"name\":\"Eichenlaub - Insektenliebe\",\"isPartOf\":{\"@id\":\"https:\\\/\\\/insektenliebe.com\\\/de\\\/#website\"},\"primaryImageOfPage\":{\"@id\":\"https:\\\/\\\/insektenliebe.com\\\/de\\\/shop\\\/produkt\\\/eichenlaub\\\/#primaryimage\"},\"image\":{\"@id\":\"https:\\\/\\\/insektenliebe.com\\\/de\\\/shop\\\/produkt\\\/eichenlaub\\\/#primaryimage\"},\"thumbnailUrl\":\"https:\\\/\\\/insektenliebe.com\\\/wp-content\\\/uploads\\\/2026\\\/01\\\/Eichenlaub.jpg\",\"datePublished\":\"2026-01-22T13:33:07+00:00\",\"dateModified\":\"2026-03-11T11:25:07+00:00\",\"description\":\"Eichenlaub \u2013 n\u00e4hrstoffreiches, gerbstoffhaltiges Laub f\u00fcr Asseln, Tausendf\u00fc\u00dfer & Bodenpolizei. Nat\u00fcrliche Futterbasis f\u00fcr ein stabiles Terrarium.\",\"breadcrumb\":{\"@id\":\"https:\\\/\\\/insektenliebe.com\\\/de\\\/shop\\\/produkt\\\/eichenlaub\\\/#breadcrumb\"},\"inLanguage\":\"de\",\"potentialAction\":[{\"@type\":\"ReadAction\",\"target\":[\"https:\\\/\\\/insektenliebe.com\\\/de\\\/shop\\\/produkt\\\/eichenlaub\\\/\"]}]},{\"@type\":\"ImageObject\",\"inLanguage\":\"de\",\"@id\":\"https:\\\/\\\/insektenliebe.com\\\/de\\\/shop\\\/produkt\\\/eichenlaub\\\/#primaryimage\",\"url\":\"https:\\\/\\\/insektenliebe.com\\\/wp-content\\\/uploads\\\/2026\\\/01\\\/Eichenlaub.jpg\",\"contentUrl\":\"https:\\\/\\\/insektenliebe.com\\\/wp-content\\\/uploads\\\/2026\\\/01\\\/Eichenlaub.jpg\",\"width\":820,\"height\":820,\"caption\":\"Eichenlaub\"},{\"@type\":\"BreadcrumbList\",\"@id\":\"https:\\\/\\\/insektenliebe.com\\\/de\\\/shop\\\/produkt\\\/eichenlaub\\\/#breadcrumb\",\"itemListElement\":[{\"@type\":\"ListItem\",\"position\":1,\"name\":\"Startseite\",\"item\":\"https:\\\/\\\/insektenliebe.com\\\/de\\\/\"},{\"@type\":\"ListItem\",\"position\":2,\"name\":\"Shop\",\"item\":\"https:\\\/\\\/insektenliebe.com\\\/de\\\/shop\\\/\"},{\"@type\":\"ListItem\",\"position\":3,\"name\":\"Eichenlaub\"}]},{\"@type\":\"WebSite\",\"@id\":\"https:\\\/\\\/insektenliebe.com\\\/de\\\/#website\",\"url\":\"https:\\\/\\\/insektenliebe.com\\\/de\\\/\",\"name\":\"Insektenliebe\",\"description\":\"Dein Zuhause f\u00fcr die kleinen Lebewesen\",\"publisher\":{\"@id\":\"https:\\\/\\\/insektenliebe.com\\\/de\\\/#organization\"},\"potentialAction\":[{\"@type\":\"SearchAction\",\"target\":{\"@type\":\"EntryPoint\",\"urlTemplate\":\"https:\\\/\\\/insektenliebe.com\\\/de\\\/?s={search_term_string}\"},\"query-input\":{\"@type\":\"PropertyValueSpecification\",\"valueRequired\":true,\"valueName\":\"search_term_string\"}}],\"inLanguage\":\"de\"},{\"@type\":\"Organization\",\"@id\":\"https:\\\/\\\/insektenliebe.com\\\/de\\\/#organization\",\"name\":\"Insektenliebe\",\"url\":\"https:\\\/\\\/insektenliebe.com\\\/de\\\/\",\"logo\":{\"@type\":\"ImageObject\",\"inLanguage\":\"de\",\"@id\":\"https:\\\/\\\/insektenliebe.com\\\/de\\\/#\\\/schema\\\/logo\\\/image\\\/\",\"url\":\"https:\\\/\\\/insektenliebe.com\\\/wp-content\\\/uploads\\\/2025\\\/03\\\/logo-white.png\",\"contentUrl\":\"https:\\\/\\\/insektenliebe.com\\\/wp-content\\\/uploads\\\/2025\\\/03\\\/logo-white.png\",\"width\":288,\"height\":188,\"caption\":\"Insektenliebe\"},\"image\":{\"@id\":\"https:\\\/\\\/insektenliebe.com\\\/de\\\/#\\\/schema\\\/logo\\\/image\\\/\"}}]}<\/script>\n<!-- \/ Yoast SEO plugin. -->","yoast_head_json":{"title":"Eichenlaub - Insektenliebe","description":"Eichenlaub \u2013 n\u00e4hrstoffreiches, gerbstoffhaltiges Laub f\u00fcr Asseln, Tausendf\u00fc\u00dfer & Bodenpolizei. Nat\u00fcrliche Futterbasis f\u00fcr ein stabiles Terrarium.","robots":{"index":"index","follow":"follow","max-snippet":"max-snippet:-1","max-image-preview":"max-image-preview:large","max-video-preview":"max-video-preview:-1"},"canonical":"https:\/\/insektenliebe.com\/de\/shop\/produkt\/eichenlaub\/","og_locale":"de_DE","og_type":"article","og_title":"Eichenlaub - Insektenliebe","og_description":"Eichenlaub \u2013 n\u00e4hrstoffreiches, gerbstoffhaltiges Laub f\u00fcr Asseln, Tausendf\u00fc\u00dfer & Bodenpolizei. Nat\u00fcrliche Futterbasis f\u00fcr ein stabiles Terrarium.","og_url":"https:\/\/insektenliebe.com\/de\/shop\/produkt\/eichenlaub\/","og_site_name":"Insektenliebe","article_modified_time":"2026-03-11T11:25:07+00:00","og_image":[{"width":820,"height":820,"url":"https:\/\/insektenliebe.com\/wp-content\/uploads\/2026\/01\/Eichenlaub.jpg","type":"image\/jpeg"}],"twitter_card":"summary_large_image","twitter_misc":{"Gesch\u00e4tzte Lesezeit":"2\u00a0Minuten"},"schema":{"@context":"https:\/\/schema.org","@graph":[{"@type":"WebPage","@id":"https:\/\/insektenliebe.com\/de\/shop\/produkt\/eichenlaub\/","url":"https:\/\/insektenliebe.com\/de\/shop\/produkt\/eichenlaub\/","name":"Eichenlaub - Insektenliebe","isPartOf":{"@id":"https:\/\/insektenliebe.com\/de\/#website"},"primaryImageOfPage":{"@id":"https:\/\/insektenliebe.com\/de\/shop\/produkt\/eichenlaub\/#primaryimage"},"image":{"@id":"https:\/\/insektenliebe.com\/de\/shop\/produkt\/eichenlaub\/#primaryimage"},"thumbnailUrl":"https:\/\/insektenliebe.com\/wp-content\/uploads\/2026\/01\/Eichenlaub.jpg","datePublished":"2026-01-22T13:33:07+00:00","dateModified":"2026-03-11T11:25:07+00:00","description":"Eichenlaub \u2013 n\u00e4hrstoffreiches, gerbstoffhaltiges Laub f\u00fcr Asseln, Tausendf\u00fc\u00dfer & Bodenpolizei. Nat\u00fcrliche Futterbasis f\u00fcr ein stabiles Terrarium.","breadcrumb":{"@id":"https:\/\/insektenliebe.com\/de\/shop\/produkt\/eichenlaub\/#breadcrumb"},"inLanguage":"de","potentialAction":[{"@type":"ReadAction","target":["https:\/\/insektenliebe.com\/de\/shop\/produkt\/eichenlaub\/"]}]},{"@type":"ImageObject","inLanguage":"de","@id":"https:\/\/insektenliebe.com\/de\/shop\/produkt\/eichenlaub\/#primaryimage","url":"https:\/\/insektenliebe.com\/wp-content\/uploads\/2026\/01\/Eichenlaub.jpg","contentUrl":"https:\/\/insektenliebe.com\/wp-content\/uploads\/2026\/01\/Eichenlaub.jpg","width":820,"height":820,"caption":"Eichenlaub"},{"@type":"BreadcrumbList","@id":"https:\/\/insektenliebe.com\/de\/shop\/produkt\/eichenlaub\/#breadcrumb","itemListElement":[{"@type":"ListItem","position":1,"name":"Startseite","item":"https:\/\/insektenliebe.com\/de\/"},{"@type":"ListItem","position":2,"name":"Shop","item":"https:\/\/insektenliebe.com\/de\/shop\/"},{"@type":"ListItem","position":3,"name":"Eichenlaub"}]},{"@type":"WebSite","@id":"https:\/\/insektenliebe.com\/de\/#website","url":"https:\/\/insektenliebe.com\/de\/","name":"Insektenliebe","description":"Dein Zuhause f\u00fcr die kleinen Lebewesen","publisher":{"@id":"https:\/\/insektenliebe.com\/de\/#organization"},"potentialAction":[{"@type":"SearchAction","target":{"@type":"EntryPoint","urlTemplate":"https:\/\/insektenliebe.com\/de\/?s={search_term_string}"},"query-input":{"@type":"PropertyValueSpecification","valueRequired":true,"valueName":"search_term_string"}}],"inLanguage":"de"},{"@type":"Organization","@id":"https:\/\/insektenliebe.com\/de\/#organization","name":"Insektenliebe","url":"https:\/\/insektenliebe.com\/de\/","logo":{"@type":"ImageObject","inLanguage":"de","@id":"https:\/\/insektenliebe.com\/de\/#\/schema\/logo\/image\/","url":"https:\/\/insektenliebe.com\/wp-content\/uploads\/2025\/03\/logo-white.png","contentUrl":"https:\/\/insektenliebe.com\/wp-content\/uploads\/2025\/03\/logo-white.png","width":288,"height":188,"caption":"Insektenliebe"},"image":{"@id":"https:\/\/insektenliebe.com\/de\/#\/schema\/logo\/image\/"}}]}},"_links":{"self":[{"href":"https:\/\/insektenliebe.com\/de\/wp-json\/wp\/v2\/product\/176065","targetHints":{"allow":["GET"]}}],"collection":[{"href":"https:\/\/insektenliebe.com\/de\/wp-json\/wp\/v2\/product"}],"about":[{"href":"https:\/\/insektenliebe.com\/de\/wp-json\/wp\/v2\/types\/product"}],"wp:featuredmedia":[{"embeddable":true,"href":"https:\/\/insektenliebe.com\/de\/wp-json\/wp\/v2\/media\/176084"}],"wp:attachment":[{"href":"https:\/\/insektenliebe.com\/de\/wp-json\/wp\/v2\/media?parent=176065"}],"wp:term":[{"taxonomy":"product-supplier","embeddable":true,"href":"https:\/\/insektenliebe.com\/de\/wp-json\/wp\/v2\/product-supplier?post=176065"},{"taxonomy":"product_brand","embeddable":true,"href":"https:\/\/insektenliebe.com\/de\/wp-json\/wp\/v2\/product_brand?post=176065"},{"taxonomy":"product_cat","embeddable":true,"href":"https:\/\/insektenliebe.com\/de\/wp-json\/wp\/v2\/product_cat?post=176065"},{"taxonomy":"product_tag","embeddable":true,"href":"https:\/\/insektenliebe.com\/de\/wp-json\/wp\/v2\/product_tag?post=176065"},{"taxonomy":"lce-checkout-addons","embeddable":true,"href":"https:\/\/insektenliebe.com\/de\/wp-json\/wp\/v2\/lce-checkout-addons?post=176065"}],"curies":[{"name":"wp","href":"https:\/\/api.w.org\/{rel}","templated":true}]}}