{"id":164373,"date":"2024-11-08T20:24:21","date_gmt":"2024-11-08T19:24:21","guid":{"rendered":"https:\/\/insektenliebe.com\/?post_type=product&#038;p=164373"},"modified":"2026-03-09T19:54:42","modified_gmt":"2026-03-09T18:54:42","slug":"entdecke-die-urzeitkrebse","status":"publish","type":"product","link":"https:\/\/insektenliebe.com\/de\/shop\/produkt\/entdecke-die-urzeitkrebse\/","title":{"rendered":"Entdecke die Urzeitkrebse"},"content":{"rendered":"<div id=\"hikashop_product_bottom_part\" class=\"hikashop_product_bottom_part\">\n<div id=\"hikashop_product_description_main\" class=\"hikashop_product_description_main\">\n<h3><span class=\"s1\" style=\"color: #99cc33;\">Entdecke die Urzeitkrebse \u2013 Spannende Reise in eine uralte Welt<\/span><\/h3>\n<p class=\"p1\"><span class=\"s1\">Urzeitkrebse<\/span><span class=\"s2\"> tragen ihren Namen nicht ohne Grund. Diese faszinierenden Tiere leben bereits seit unglaublichen Zeitr\u00e4umen auf unserem Planeten. Sie haben sogar die <\/span><span class=\"s1\">Zeit der Dinosaurier<\/span><span class=\"s2\"> erlebt und existieren bis heute fast unver\u00e4ndert. Nur Tiere, die perfekt an ihre Umwelt angepasst sind, k\u00f6nnen so lange \u00fcberleben.<\/span><\/p>\n<p class=\"p1\"><span class=\"s2\">Genau diese erstaunlichen F\u00e4higkeiten machen Urzeitkrebse zu etwas ganz Besonderem. Sie besitzen zahlreiche <\/span><span class=\"s1\">clevere \u00dcberlebensstrategien<\/span><span class=\"s2\">, mit denen sie selbst unter schwierigen Bedingungen bestehen k\u00f6nnen. Ihre Entwicklung, ihr Verhalten und ihre Anpassungsf\u00e4higkeit faszinieren deshalb nicht nur Wissenschaftler, sondern auch Kinder und Naturfreunde.<\/span><\/p>\n<p class=\"p1\"><span class=\"s2\">Das Kinderbuch <\/span><strong><span class=\"s1\">\u201eEntdecke die Urzeitkrebse\u201c<\/span><\/strong><span class=\"s2\"> nimmt junge Leser mit auf eine spannende Reise in diese uralte Tierwelt. Auf verst\u00e4ndliche und unterhaltsame Weise erkl\u00e4rt das Buch alles Wissenswerte \u00fcber <\/span><span class=\"s1\">Triops, Feenkrebse und andere Urzeitkrebse<\/span><span class=\"s2\">.<\/span><\/p>\n<p class=\"p1\"><span class=\"s2\">Die Leser erfahren, wie diese Tiere leben, welche besonderen F\u00e4higkeiten sie besitzen und welche erstaunlichen Rekorde sie aufgestellt haben. Dabei lernen Kinder spielerisch, warum Urzeitkrebse echte <\/span><span class=\"s1\">\u00dcberlebensk\u00fcnstler der Natur<\/span><span class=\"s2\"> sind.<\/span><\/p>\n<p class=\"p1\"><span class=\"s2\">Besonders spannend ist, dass das Buch nicht nur Wissen vermittelt, sondern auch zum <\/span><span class=\"s1\">selbstst\u00e4ndigen Entdecken<\/span><span class=\"s2\"> einl\u00e4dt. \u00dcber einen enthaltenen Link gelangen Leser zu einer Anleitung, mit der sie <\/span><span class=\"s1\">Urzeitkrebse selbst aufziehen<\/span><span class=\"s2\"> k\u00f6nnen. So lassen sich diese faszinierenden Tiere direkt zu Hause beobachten.<\/span><\/p>\n<p class=\"p1\"><span class=\"s2\">Das Buch verbindet <\/span><span class=\"s1\">spannende Fakten, leicht verst\u00e4ndliche Erkl\u00e4rungen und praktische Tipps<\/span><span class=\"s2\">, wodurch es ideal f\u00fcr junge Naturforscher geeignet ist. Kinder lernen dabei nicht nur etwas \u00fcber Urzeitkrebse, sondern entwickeln auch ein besseres Verst\u00e4ndnis f\u00fcr Natur, Tiere und ihre erstaunlichen Anpassungen.<\/span><\/p>\n<p class=\"p1\"><span class=\"s2\">Mit <\/span><strong><span class=\"s1\">\u201eEntdecke die Urzeitkrebse\u201c<\/span><\/strong><span class=\"s2\"> tauchen Kinder in eine faszinierende Welt ein, die bereits <\/span><span class=\"s1\">seit Millionen von Jahren existiert<\/span><span class=\"s2\"> \u2013 spannend, lehrreich und voller \u00dcberraschungen.<\/span><\/p>\n<p><strong>Aus dem Inhalt:<\/strong><\/p>\n<ul>\n<li>Willkommen in der Welt der Urzeitkrebse!<\/li>\n<li>Schildkrebse, Feenkrebse, Muschelschaler: die Vielfalt der Urzeitkrebse<\/li>\n<li>\u00dcberlebensk\u00fcnstler in extremen Lebensr\u00e4umen<\/li>\n<li>Fast \u201eunkaputtbar\u201c: die unglaublichen Dauereier<\/li>\n<li>Wie Urzeitkrebse sich ausbreiten: verbl\u00fcffende Tricks<\/li>\n<li>Von harmlosen Filtrierern und aggressiven R\u00e4ubern: wie Urzeitkrebse sich ern\u00e4hren<\/li>\n<li>Urzeitkrebse und der Mensch<\/li>\n<li>Bedrohung und Schutz<\/li>\n<li>Urzeitkrebse in der Natur beobachten<\/li>\n<li><strong>Extra:<\/strong>\u00a0Urzeitkrebse selber halten \u2013 mit Erfolg und Spa\u00df!<br \/>\n\u2799 Link zu ausf\u00fchrlicher Anleitung<\/li>\n<li><strong>Extra:<\/strong>\u00a0Gro\u00dfes Urzeitkrebs-Quiz<\/li>\n<\/ul>\n<p><strong>\u00dcber den Autor:<\/strong><\/p>\n<p><strong>Kriton Kunz<\/strong>\u00a0ist Biologe sowie Wissenschaftsjournalist und hat die \u201eEntdecke-Reihe\u201c ins Leben gerufen, in der dieser Band erschienen ist. Schon als Sch\u00fcler sp\u00fcrte er Urzeitkrebsen in der Natur nach und beobachtet sie seit Jahrzehnten. Seine Begeisterung f\u00fcr diese faszinierenden Tiere gibt er hier kindgerecht und spannend weiter.<\/p>\n<ul class=\"unstyled\">\n<li><b>Autor<\/b>\u00a0Kriton Kunz<\/li>\n<li><b>Umfang<\/b>\u00a064 Seiten<\/li>\n<li><b>Format<\/b>\u00a020,7 x 28 cm<\/li>\n<li><b>Einband<\/b>\u00a0Hardcover<\/li>\n<li><b>Abbildungen<\/b>\u00a0zahlreiche Abbildungen<\/li>\n<li><b>ISBN<\/b>\u00a0978-3-86659-503-3<\/li>\n<\/ul>\n<\/div>\n<\/div>\n","protected":false},"excerpt":{"rendered":"<p>Entdecke die Urzeitkrebse \u2013 Spannende Reise in eine uralte Welt Urzeitkrebse tragen ihren Namen nicht ohne Grund. Diese faszinierenden Tiere leben bereits seit unglaublichen Zeitr\u00e4umen auf unserem Planeten. Sie haben sogar die Zeit der Dinosaurier erlebt und existieren bis heute fast unver\u00e4ndert. Nur Tiere, die perfekt an ihre Umwelt angepasst sind, k\u00f6nnen so lange \u00fcberleben. [&hellip;]<\/p>\n","protected":false},"featured_media":164383,"template":"","meta":{"_acf_changed":false},"product-supplier":[],"product_brand":[],"product_cat":[183],"product_tag":[],"lce-checkout-addons":[],"class_list":{"0":"post-164373","1":"product","2":"type-product","3":"status-publish","4":"has-post-thumbnail","6":"product_cat-merchandising-literatur","7":"product_shipping_class-equipment-shipping","9":"first","10":"instock","11":"taxable","12":"shipping-taxable","13":"purchasable","14":"product-type-simple"},"acf":[],"yoast_head":"<!-- This site is optimized with the Yoast SEO plugin v27.3 - https:\/\/yoast.com\/product\/yoast-seo-wordpress\/ -->\n<title>Entdecke die Urzeitkrebse - Insektenliebe<\/title>\n<meta name=\"description\" content=\"Entdecke die Urzeitkrebse \u2013 Kinderbuch \u00fcber Triops, Feenkrebse und andere Urzeitkrebse mit spannenden Fakten und Aufzuchtanleitung.\" \/>\n<meta name=\"robots\" content=\"index, follow, max-snippet:-1, max-image-preview:large, max-video-preview:-1\" \/>\n<link rel=\"canonical\" href=\"https:\/\/insektenliebe.com\/de\/shop\/produkt\/entdecke-die-urzeitkrebse\/\" \/>\n<meta property=\"og:locale\" content=\"de_DE\" \/>\n<meta property=\"og:type\" content=\"article\" \/>\n<meta property=\"og:title\" content=\"Entdecke die Urzeitkrebse - Insektenliebe\" \/>\n<meta property=\"og:description\" content=\"Entdecke die Urzeitkrebse \u2013 Kinderbuch \u00fcber Triops, Feenkrebse und andere Urzeitkrebse mit spannenden Fakten und Aufzuchtanleitung.\" \/>\n<meta property=\"og:url\" content=\"https:\/\/insektenliebe.com\/de\/shop\/produkt\/entdecke-die-urzeitkrebse\/\" \/>\n<meta property=\"og:site_name\" content=\"Insektenliebe\" \/>\n<meta property=\"article:modified_time\" content=\"2026-03-09T18:54:42+00:00\" \/>\n<meta property=\"og:image\" content=\"https:\/\/insektenliebe.com\/wp-content\/uploads\/2025\/11\/Entdecke-die-Urzeitkrebse.jpg\" \/>\n\t<meta property=\"og:image:width\" content=\"820\" \/>\n\t<meta property=\"og:image:height\" content=\"820\" \/>\n\t<meta property=\"og:image:type\" content=\"image\/jpeg\" \/>\n<meta name=\"twitter:card\" content=\"summary_large_image\" \/>\n<meta name=\"twitter:label1\" content=\"Gesch\u00e4tzte Lesezeit\" \/>\n\t<meta name=\"twitter:data1\" content=\"3\u00a0Minuten\" \/>\n<script type=\"application\/ld+json\" class=\"yoast-schema-graph\">{\"@context\":\"https:\\\/\\\/schema.org\",\"@graph\":[{\"@type\":\"WebPage\",\"@id\":\"https:\\\/\\\/insektenliebe.com\\\/de\\\/shop\\\/produkt\\\/entdecke-die-urzeitkrebse\\\/\",\"url\":\"https:\\\/\\\/insektenliebe.com\\\/de\\\/shop\\\/produkt\\\/entdecke-die-urzeitkrebse\\\/\",\"name\":\"Entdecke die Urzeitkrebse - Insektenliebe\",\"isPartOf\":{\"@id\":\"https:\\\/\\\/insektenliebe.com\\\/de\\\/#website\"},\"primaryImageOfPage\":{\"@id\":\"https:\\\/\\\/insektenliebe.com\\\/de\\\/shop\\\/produkt\\\/entdecke-die-urzeitkrebse\\\/#primaryimage\"},\"image\":{\"@id\":\"https:\\\/\\\/insektenliebe.com\\\/de\\\/shop\\\/produkt\\\/entdecke-die-urzeitkrebse\\\/#primaryimage\"},\"thumbnailUrl\":\"https:\\\/\\\/insektenliebe.com\\\/wp-content\\\/uploads\\\/2025\\\/11\\\/Entdecke-die-Urzeitkrebse.jpg\",\"datePublished\":\"2024-11-08T19:24:21+00:00\",\"dateModified\":\"2026-03-09T18:54:42+00:00\",\"description\":\"Entdecke die Urzeitkrebse \u2013 Kinderbuch \u00fcber Triops, Feenkrebse und andere Urzeitkrebse mit spannenden Fakten und Aufzuchtanleitung.\",\"breadcrumb\":{\"@id\":\"https:\\\/\\\/insektenliebe.com\\\/de\\\/shop\\\/produkt\\\/entdecke-die-urzeitkrebse\\\/#breadcrumb\"},\"inLanguage\":\"de\",\"potentialAction\":[{\"@type\":\"ReadAction\",\"target\":[\"https:\\\/\\\/insektenliebe.com\\\/de\\\/shop\\\/produkt\\\/entdecke-die-urzeitkrebse\\\/\"]}]},{\"@type\":\"ImageObject\",\"inLanguage\":\"de\",\"@id\":\"https:\\\/\\\/insektenliebe.com\\\/de\\\/shop\\\/produkt\\\/entdecke-die-urzeitkrebse\\\/#primaryimage\",\"url\":\"https:\\\/\\\/insektenliebe.com\\\/wp-content\\\/uploads\\\/2025\\\/11\\\/Entdecke-die-Urzeitkrebse.jpg\",\"contentUrl\":\"https:\\\/\\\/insektenliebe.com\\\/wp-content\\\/uploads\\\/2025\\\/11\\\/Entdecke-die-Urzeitkrebse.jpg\",\"width\":820,\"height\":820},{\"@type\":\"BreadcrumbList\",\"@id\":\"https:\\\/\\\/insektenliebe.com\\\/de\\\/shop\\\/produkt\\\/entdecke-die-urzeitkrebse\\\/#breadcrumb\",\"itemListElement\":[{\"@type\":\"ListItem\",\"position\":1,\"name\":\"Startseite\",\"item\":\"https:\\\/\\\/insektenliebe.com\\\/de\\\/\"},{\"@type\":\"ListItem\",\"position\":2,\"name\":\"Shop\",\"item\":\"https:\\\/\\\/insektenliebe.com\\\/de\\\/shop\\\/\"},{\"@type\":\"ListItem\",\"position\":3,\"name\":\"Entdecke die Urzeitkrebse\"}]},{\"@type\":\"WebSite\",\"@id\":\"https:\\\/\\\/insektenliebe.com\\\/de\\\/#website\",\"url\":\"https:\\\/\\\/insektenliebe.com\\\/de\\\/\",\"name\":\"Insektenliebe\",\"description\":\"Dein Zuhause f\u00fcr die kleinen Lebewesen\",\"publisher\":{\"@id\":\"https:\\\/\\\/insektenliebe.com\\\/de\\\/#organization\"},\"potentialAction\":[{\"@type\":\"SearchAction\",\"target\":{\"@type\":\"EntryPoint\",\"urlTemplate\":\"https:\\\/\\\/insektenliebe.com\\\/de\\\/?s={search_term_string}\"},\"query-input\":{\"@type\":\"PropertyValueSpecification\",\"valueRequired\":true,\"valueName\":\"search_term_string\"}}],\"inLanguage\":\"de\"},{\"@type\":\"Organization\",\"@id\":\"https:\\\/\\\/insektenliebe.com\\\/de\\\/#organization\",\"name\":\"Insektenliebe\",\"url\":\"https:\\\/\\\/insektenliebe.com\\\/de\\\/\",\"logo\":{\"@type\":\"ImageObject\",\"inLanguage\":\"de\",\"@id\":\"https:\\\/\\\/insektenliebe.com\\\/de\\\/#\\\/schema\\\/logo\\\/image\\\/\",\"url\":\"https:\\\/\\\/insektenliebe.com\\\/wp-content\\\/uploads\\\/2025\\\/03\\\/logo-white.png\",\"contentUrl\":\"https:\\\/\\\/insektenliebe.com\\\/wp-content\\\/uploads\\\/2025\\\/03\\\/logo-white.png\",\"width\":288,\"height\":188,\"caption\":\"Insektenliebe\"},\"image\":{\"@id\":\"https:\\\/\\\/insektenliebe.com\\\/de\\\/#\\\/schema\\\/logo\\\/image\\\/\"}}]}<\/script>\n<!-- \/ Yoast SEO plugin. -->","yoast_head_json":{"title":"Entdecke die Urzeitkrebse - Insektenliebe","description":"Entdecke die Urzeitkrebse \u2013 Kinderbuch \u00fcber Triops, Feenkrebse und andere Urzeitkrebse mit spannenden Fakten und Aufzuchtanleitung.","robots":{"index":"index","follow":"follow","max-snippet":"max-snippet:-1","max-image-preview":"max-image-preview:large","max-video-preview":"max-video-preview:-1"},"canonical":"https:\/\/insektenliebe.com\/de\/shop\/produkt\/entdecke-die-urzeitkrebse\/","og_locale":"de_DE","og_type":"article","og_title":"Entdecke die Urzeitkrebse - Insektenliebe","og_description":"Entdecke die Urzeitkrebse \u2013 Kinderbuch \u00fcber Triops, Feenkrebse und andere Urzeitkrebse mit spannenden Fakten und Aufzuchtanleitung.","og_url":"https:\/\/insektenliebe.com\/de\/shop\/produkt\/entdecke-die-urzeitkrebse\/","og_site_name":"Insektenliebe","article_modified_time":"2026-03-09T18:54:42+00:00","og_image":[{"width":820,"height":820,"url":"https:\/\/insektenliebe.com\/wp-content\/uploads\/2025\/11\/Entdecke-die-Urzeitkrebse.jpg","type":"image\/jpeg"}],"twitter_card":"summary_large_image","twitter_misc":{"Gesch\u00e4tzte Lesezeit":"3\u00a0Minuten"},"schema":{"@context":"https:\/\/schema.org","@graph":[{"@type":"WebPage","@id":"https:\/\/insektenliebe.com\/de\/shop\/produkt\/entdecke-die-urzeitkrebse\/","url":"https:\/\/insektenliebe.com\/de\/shop\/produkt\/entdecke-die-urzeitkrebse\/","name":"Entdecke die Urzeitkrebse - Insektenliebe","isPartOf":{"@id":"https:\/\/insektenliebe.com\/de\/#website"},"primaryImageOfPage":{"@id":"https:\/\/insektenliebe.com\/de\/shop\/produkt\/entdecke-die-urzeitkrebse\/#primaryimage"},"image":{"@id":"https:\/\/insektenliebe.com\/de\/shop\/produkt\/entdecke-die-urzeitkrebse\/#primaryimage"},"thumbnailUrl":"https:\/\/insektenliebe.com\/wp-content\/uploads\/2025\/11\/Entdecke-die-Urzeitkrebse.jpg","datePublished":"2024-11-08T19:24:21+00:00","dateModified":"2026-03-09T18:54:42+00:00","description":"Entdecke die Urzeitkrebse \u2013 Kinderbuch \u00fcber Triops, Feenkrebse und andere Urzeitkrebse mit spannenden Fakten und Aufzuchtanleitung.","breadcrumb":{"@id":"https:\/\/insektenliebe.com\/de\/shop\/produkt\/entdecke-die-urzeitkrebse\/#breadcrumb"},"inLanguage":"de","potentialAction":[{"@type":"ReadAction","target":["https:\/\/insektenliebe.com\/de\/shop\/produkt\/entdecke-die-urzeitkrebse\/"]}]},{"@type":"ImageObject","inLanguage":"de","@id":"https:\/\/insektenliebe.com\/de\/shop\/produkt\/entdecke-die-urzeitkrebse\/#primaryimage","url":"https:\/\/insektenliebe.com\/wp-content\/uploads\/2025\/11\/Entdecke-die-Urzeitkrebse.jpg","contentUrl":"https:\/\/insektenliebe.com\/wp-content\/uploads\/2025\/11\/Entdecke-die-Urzeitkrebse.jpg","width":820,"height":820},{"@type":"BreadcrumbList","@id":"https:\/\/insektenliebe.com\/de\/shop\/produkt\/entdecke-die-urzeitkrebse\/#breadcrumb","itemListElement":[{"@type":"ListItem","position":1,"name":"Startseite","item":"https:\/\/insektenliebe.com\/de\/"},{"@type":"ListItem","position":2,"name":"Shop","item":"https:\/\/insektenliebe.com\/de\/shop\/"},{"@type":"ListItem","position":3,"name":"Entdecke die Urzeitkrebse"}]},{"@type":"WebSite","@id":"https:\/\/insektenliebe.com\/de\/#website","url":"https:\/\/insektenliebe.com\/de\/","name":"Insektenliebe","description":"Dein Zuhause f\u00fcr die kleinen Lebewesen","publisher":{"@id":"https:\/\/insektenliebe.com\/de\/#organization"},"potentialAction":[{"@type":"SearchAction","target":{"@type":"EntryPoint","urlTemplate":"https:\/\/insektenliebe.com\/de\/?s={search_term_string}"},"query-input":{"@type":"PropertyValueSpecification","valueRequired":true,"valueName":"search_term_string"}}],"inLanguage":"de"},{"@type":"Organization","@id":"https:\/\/insektenliebe.com\/de\/#organization","name":"Insektenliebe","url":"https:\/\/insektenliebe.com\/de\/","logo":{"@type":"ImageObject","inLanguage":"de","@id":"https:\/\/insektenliebe.com\/de\/#\/schema\/logo\/image\/","url":"https:\/\/insektenliebe.com\/wp-content\/uploads\/2025\/03\/logo-white.png","contentUrl":"https:\/\/insektenliebe.com\/wp-content\/uploads\/2025\/03\/logo-white.png","width":288,"height":188,"caption":"Insektenliebe"},"image":{"@id":"https:\/\/insektenliebe.com\/de\/#\/schema\/logo\/image\/"}}]}},"_links":{"self":[{"href":"https:\/\/insektenliebe.com\/de\/wp-json\/wp\/v2\/product\/164373","targetHints":{"allow":["GET"]}}],"collection":[{"href":"https:\/\/insektenliebe.com\/de\/wp-json\/wp\/v2\/product"}],"about":[{"href":"https:\/\/insektenliebe.com\/de\/wp-json\/wp\/v2\/types\/product"}],"wp:featuredmedia":[{"embeddable":true,"href":"https:\/\/insektenliebe.com\/de\/wp-json\/wp\/v2\/media\/164383"}],"wp:attachment":[{"href":"https:\/\/insektenliebe.com\/de\/wp-json\/wp\/v2\/media?parent=164373"}],"wp:term":[{"taxonomy":"product-supplier","embeddable":true,"href":"https:\/\/insektenliebe.com\/de\/wp-json\/wp\/v2\/product-supplier?post=164373"},{"taxonomy":"product_brand","embeddable":true,"href":"https:\/\/insektenliebe.com\/de\/wp-json\/wp\/v2\/product_brand?post=164373"},{"taxonomy":"product_cat","embeddable":true,"href":"https:\/\/insektenliebe.com\/de\/wp-json\/wp\/v2\/product_cat?post=164373"},{"taxonomy":"product_tag","embeddable":true,"href":"https:\/\/insektenliebe.com\/de\/wp-json\/wp\/v2\/product_tag?post=164373"},{"taxonomy":"lce-checkout-addons","embeddable":true,"href":"https:\/\/insektenliebe.com\/de\/wp-json\/wp\/v2\/lce-checkout-addons?post=164373"}],"curies":[{"name":"wp","href":"https:\/\/api.w.org\/{rel}","templated":true}]}}