{"id":164299,"date":"2024-11-08T17:53:08","date_gmt":"2024-11-08T16:53:08","guid":{"rendered":"https:\/\/insektenliebe.com\/?post_type=product&#038;p=164299"},"modified":"2026-03-09T20:37:17","modified_gmt":"2026-03-09T19:37:17","slug":"stabschrecken","status":"publish","type":"product","link":"https:\/\/insektenliebe.com\/de\/shop\/produkt\/stabschrecken\/","title":{"rendered":"Stabschrecken"},"content":{"rendered":"<div id=\"hikashop_product_bottom_part\" class=\"hikashop_product_bottom_part\">\n<div id=\"hikashop_product_description_main\" class=\"hikashop_product_description_main\">\n<h3><span class=\"s1\" style=\"color: #99cc33;\">Stabschrecken \u2013 Der praktische Ratgeber f\u00fcr Terrarianer<\/span><\/h3>\n<p class=\"p1\"><span class=\"s1\"><strong>Stabschrecken<\/strong> geh\u00f6ren zu den faszinierendsten Insekten der Terraristik. Ihre perfekte Tarnung, ihr ruhiges Verhalten und ihre spannende Entwicklung machen sie zu besonders interessanten Terrarienbewohnern. Die Tiere geh\u00f6ren zur Ordnung der <\/span><span class=\"s2\">Phasmiden<\/span><span class=\"s1\"> und beeindrucken vor allem durch ihre erstaunliche F\u00e4higkeit, sich optisch perfekt an ihre Umgebung anzupassen.<\/span><\/p>\n<p class=\"p1\"><span class=\"s1\">In diesem Band der Reihe <\/span><span class=\"s2\">\u201eArt f\u00fcr Art\u201c<\/span><span class=\"s1\"> erkl\u00e4rt Autor <\/span><span class=\"s2\">Ingo Fritzsche<\/span><span class=\"s1\">, worauf Halter bei der Pflege und Zucht von <strong>Stabschrecken<\/strong> achten sollten. Der Ratgeber vermittelt praxisnahes Wissen und zeigt Schritt f\u00fcr Schritt, wie Halter diese au\u00dfergew\u00f6hnlichen Insekten erfolgreich im Terrarium pflegen k\u00f6nnen.<\/span><\/p>\n<p class=\"p1\"><span class=\"s1\"><strong>Stabschrecken<\/strong> standen lange Zeit nicht im Mittelpunkt der klassischen Terraristik. In den letzten Jahren entdecken jedoch immer mehr Halter diese faszinierenden Tiere f\u00fcr sich. Gleichzeitig w\u00e4chst die Zahl der gepflegten Arten stetig. Besonders die gute Organisation der <\/span><span class=\"s2\">internationalen Phasmidenz\u00fcchter<\/span><span class=\"s1\"> hat dazu beigetragen, dass heute viele Arten erfolgreich nachgez\u00fcchtet werden.<\/span><\/p>\n<p class=\"p1\"><span class=\"s1\">In einigen L\u00e4ndern z\u00e4hlen <strong>Stabschrecken<\/strong> bereits zu den beliebtesten Terrarientieren. Besonders im <\/span><span class=\"s2\">Mutterland der Phasmidenhaltung, England<\/span><span class=\"s1\">, pflegen und vermehren Z\u00fcchter inzwischen weit \u00fcber <\/span><span class=\"s2\">200 verschiedene Arten<\/span><span class=\"s1\">.<\/span><\/p>\n<p class=\"p1\"><span class=\"s1\">Der Ratgeber stellt zahlreiche Arten ausf\u00fchrlich vor, darunter:<\/span><\/p>\n<ul>\n<li>\n<p class=\"p1\"><span class=\"s1\">Indische Stabschrecke (Carausius morosus)<\/span><\/p>\n<\/li>\n<li>\n<p class=\"p1\"><span class=\"s1\">Rosagefl\u00fcgelte Stabschrecke (Sipyloidea sipylus)<\/span><\/p>\n<\/li>\n<li>\n<p class=\"p1\"><span class=\"s1\">Geh\u00f6rnte Annam-Stabschrecke (Medauroidea extradentata)<\/span><\/p>\n<\/li>\n<li>\n<p class=\"p1\"><span class=\"s1\">Teppich-Stabschrecke (Neohirasea maerens)<\/span><\/p>\n<\/li>\n<li>\n<p class=\"p1\"><span class=\"s1\">Guadeloupe-Stabschrecke (Lamponius guerini)<\/span><\/p>\n<\/li>\n<li>\n<p class=\"p1\"><span class=\"s1\">Fritzsches Stabschrecke (Clonaria fritzschei)<\/span><\/p>\n<\/li>\n<li>\n<p class=\"p1\"><span class=\"s1\">Clonaria conformans<\/span><\/p>\n<\/li>\n<li>\n<p class=\"p1\"><span class=\"s1\">Rotfl\u00fcgeliger Phaenopharos (Phaenopharos khaoyaiensis)<\/span><\/p>\n<\/li>\n<li>\n<p class=\"p1\"><span class=\"s1\">Vietnam-Stabschrecke (Ramulus artemis)<\/span><\/p>\n<\/li>\n<li>\n<p class=\"p1\"><span class=\"s1\">Zompros Stabschrecke (Parapachymorpha zomproi)<\/span><\/p>\n<\/li>\n<li>\n<p class=\"p1\"><span class=\"s1\">Zwerg-Stabschrecke (Ocnophiloidea regularis)<\/span><\/p>\n<\/li>\n<\/ul>\n<p class=\"p1\"><span class=\"s1\">Neben der Vorstellung dieser Arten erkl\u00e4rt das Buch auch alle wichtigen Grundlagen zur Haltung. Du erf\u00e4hrst, welche <\/span><span class=\"s2\">Terrariengr\u00f6\u00dfe geeignet ist<\/span><span class=\"s1\">, wie du das Terrarium richtig einrichtest und welche <\/span><span class=\"s2\">technische Ausstattung<\/span><span class=\"s1\"> sinnvoll ist.<\/span><\/p>\n<p class=\"p1\"><span class=\"s1\">Au\u00dferdem behandelt der Ratgeber ausf\u00fchrlich die <\/span><span class=\"s2\">artgerechte Ern\u00e4hrung, Pflege und Gesundheitsvorsorge<\/span><span class=\"s1\">. Viele praktische Tipps helfen dabei, typische Haltungsfehler zu vermeiden.<\/span><\/p>\n<p class=\"p1\"><span class=\"s1\">Ein weiterer Schwerpunkt liegt auf der <\/span><span class=\"s2\">erfolgreichen Nachzucht der Tiere<\/span><span class=\"s1\">. Erfahrene Z\u00fcchter geben hilfreiche Hinweise, wie sich <strong>Stabschrecken<\/strong> erfolgreich vermehren lassen und wie Halter die <\/span><span class=\"s2\">Jungtiere gesund aufziehen<\/span><span class=\"s1\">.<\/span><\/p>\n<p class=\"p1\"><span class=\"s1\">Wie alle B\u00fccher der Reihe <\/span><span class=\"s2\">\u201eArt f\u00fcr Art\u201c<\/span><span class=\"s1\"> \u00fcberzeugt auch dieser Band durch seine <\/span><span class=\"s2\">praxisnahen Pflegeanleitungen<\/span><span class=\"s1\">. Das Buch ist <\/span><span class=\"s2\">durchgehend farbig gestaltet, reich bebildert und \u00fcbersichtlich aufgebaut<\/span><span class=\"s1\">, sodass Halter alle wichtigen Informationen schnell finden.<\/span><\/p>\n<p class=\"p1\"><span class=\"s1\">Mit diesem Ratgeber erh\u00e4ltst du einen <\/span><span class=\"s2\">umfassenden Leitfaden zur Haltung und Nachzucht von <strong>Stabschrecken<\/strong><\/span><span class=\"s1\">, der dir hilft, diese faszinierenden Tarnk\u00fcnstler erfolgreich im Terrarium zu pflegen.<\/span><\/p>\n<ul class=\"unstyled\">\n<li><b>Autor<\/b>\u00a0Ingo Fritzsche<\/li>\n<li><b>Umfang<\/b>\u00a064 Seiten<\/li>\n<li><b>Format<\/b>\u00a014,8 x 21 cm<\/li>\n<li><b>Einband<\/b>\u00a0Softcover<\/li>\n<li><b>Abbildungen<\/b>\u00a0zahlreiche Abbildungen<\/li>\n<li><b>ISBN<\/b>\u00a0978-3-937285-84-9<\/li>\n<\/ul>\n<\/div>\n<\/div>\n","protected":false},"excerpt":{"rendered":"<p>Stabschrecken \u2013 Der praktische Ratgeber f\u00fcr Terrarianer Stabschrecken geh\u00f6ren zu den faszinierendsten Insekten der Terraristik. Ihre perfekte Tarnung, ihr ruhiges Verhalten und ihre spannende Entwicklung machen sie zu besonders interessanten Terrarienbewohnern. Die Tiere geh\u00f6ren zur Ordnung der Phasmiden und beeindrucken vor allem durch ihre erstaunliche F\u00e4higkeit, sich optisch perfekt an ihre Umgebung anzupassen. In diesem [&hellip;]<\/p>\n","protected":false},"featured_media":164302,"template":"","meta":{"_acf_changed":false},"product-supplier":[],"product_brand":[],"product_cat":[183],"product_tag":[],"lce-checkout-addons":[],"class_list":{"0":"post-164299","1":"product","2":"type-product","3":"status-publish","4":"has-post-thumbnail","6":"product_cat-merchandising-literatur","7":"product_shipping_class-equipment-shipping","9":"first","10":"instock","11":"taxable","12":"shipping-taxable","13":"purchasable","14":"product-type-simple"},"acf":[],"yoast_head":"<!-- This site is optimized with the Yoast SEO plugin v27.3 - https:\/\/yoast.com\/product\/yoast-seo-wordpress\/ -->\n<title>Stabschrecken - Insektenliebe<\/title>\n<meta name=\"description\" content=\"Stabschrecken \u2013 Ratgeber zur Haltung von Carausius, Sipyloidea und weiteren Phasmiden im Terrarium mit Tipps zu Pflege und Zucht.\" \/>\n<meta name=\"robots\" content=\"index, follow, max-snippet:-1, max-image-preview:large, max-video-preview:-1\" \/>\n<link rel=\"canonical\" href=\"https:\/\/insektenliebe.com\/de\/shop\/produkt\/stabschrecken\/\" \/>\n<meta property=\"og:locale\" content=\"de_DE\" \/>\n<meta property=\"og:type\" content=\"article\" \/>\n<meta property=\"og:title\" content=\"Stabschrecken - Insektenliebe\" \/>\n<meta property=\"og:description\" content=\"Stabschrecken \u2013 Ratgeber zur Haltung von Carausius, Sipyloidea und weiteren Phasmiden im Terrarium mit Tipps zu Pflege und Zucht.\" \/>\n<meta property=\"og:url\" content=\"https:\/\/insektenliebe.com\/de\/shop\/produkt\/stabschrecken\/\" \/>\n<meta property=\"og:site_name\" content=\"Insektenliebe\" \/>\n<meta property=\"article:modified_time\" content=\"2026-03-09T19:37:17+00:00\" \/>\n<meta property=\"og:image\" content=\"https:\/\/insektenliebe.com\/wp-content\/uploads\/2025\/11\/Stabschrecken.jpg\" \/>\n\t<meta property=\"og:image:width\" content=\"820\" \/>\n\t<meta property=\"og:image:height\" content=\"820\" \/>\n\t<meta property=\"og:image:type\" content=\"image\/jpeg\" \/>\n<meta name=\"twitter:card\" content=\"summary_large_image\" \/>\n<meta name=\"twitter:label1\" content=\"Gesch\u00e4tzte Lesezeit\" \/>\n\t<meta name=\"twitter:data1\" content=\"3\u00a0Minuten\" \/>\n<script type=\"application\/ld+json\" class=\"yoast-schema-graph\">{\"@context\":\"https:\\\/\\\/schema.org\",\"@graph\":[{\"@type\":\"WebPage\",\"@id\":\"https:\\\/\\\/insektenliebe.com\\\/de\\\/shop\\\/produkt\\\/stabschrecken\\\/\",\"url\":\"https:\\\/\\\/insektenliebe.com\\\/de\\\/shop\\\/produkt\\\/stabschrecken\\\/\",\"name\":\"Stabschrecken - Insektenliebe\",\"isPartOf\":{\"@id\":\"https:\\\/\\\/insektenliebe.com\\\/de\\\/#website\"},\"primaryImageOfPage\":{\"@id\":\"https:\\\/\\\/insektenliebe.com\\\/de\\\/shop\\\/produkt\\\/stabschrecken\\\/#primaryimage\"},\"image\":{\"@id\":\"https:\\\/\\\/insektenliebe.com\\\/de\\\/shop\\\/produkt\\\/stabschrecken\\\/#primaryimage\"},\"thumbnailUrl\":\"https:\\\/\\\/insektenliebe.com\\\/wp-content\\\/uploads\\\/2025\\\/11\\\/Stabschrecken.jpg\",\"datePublished\":\"2024-11-08T16:53:08+00:00\",\"dateModified\":\"2026-03-09T19:37:17+00:00\",\"description\":\"Stabschrecken \u2013 Ratgeber zur Haltung von Carausius, Sipyloidea und weiteren Phasmiden im Terrarium mit Tipps zu Pflege und Zucht.\",\"breadcrumb\":{\"@id\":\"https:\\\/\\\/insektenliebe.com\\\/de\\\/shop\\\/produkt\\\/stabschrecken\\\/#breadcrumb\"},\"inLanguage\":\"de\",\"potentialAction\":[{\"@type\":\"ReadAction\",\"target\":[\"https:\\\/\\\/insektenliebe.com\\\/de\\\/shop\\\/produkt\\\/stabschrecken\\\/\"]}]},{\"@type\":\"ImageObject\",\"inLanguage\":\"de\",\"@id\":\"https:\\\/\\\/insektenliebe.com\\\/de\\\/shop\\\/produkt\\\/stabschrecken\\\/#primaryimage\",\"url\":\"https:\\\/\\\/insektenliebe.com\\\/wp-content\\\/uploads\\\/2025\\\/11\\\/Stabschrecken.jpg\",\"contentUrl\":\"https:\\\/\\\/insektenliebe.com\\\/wp-content\\\/uploads\\\/2025\\\/11\\\/Stabschrecken.jpg\",\"width\":820,\"height\":820},{\"@type\":\"BreadcrumbList\",\"@id\":\"https:\\\/\\\/insektenliebe.com\\\/de\\\/shop\\\/produkt\\\/stabschrecken\\\/#breadcrumb\",\"itemListElement\":[{\"@type\":\"ListItem\",\"position\":1,\"name\":\"Startseite\",\"item\":\"https:\\\/\\\/insektenliebe.com\\\/de\\\/\"},{\"@type\":\"ListItem\",\"position\":2,\"name\":\"Shop\",\"item\":\"https:\\\/\\\/insektenliebe.com\\\/de\\\/shop\\\/\"},{\"@type\":\"ListItem\",\"position\":3,\"name\":\"Stabschrecken\"}]},{\"@type\":\"WebSite\",\"@id\":\"https:\\\/\\\/insektenliebe.com\\\/de\\\/#website\",\"url\":\"https:\\\/\\\/insektenliebe.com\\\/de\\\/\",\"name\":\"Insektenliebe\",\"description\":\"Dein Zuhause f\u00fcr die kleinen Lebewesen\",\"publisher\":{\"@id\":\"https:\\\/\\\/insektenliebe.com\\\/de\\\/#organization\"},\"potentialAction\":[{\"@type\":\"SearchAction\",\"target\":{\"@type\":\"EntryPoint\",\"urlTemplate\":\"https:\\\/\\\/insektenliebe.com\\\/de\\\/?s={search_term_string}\"},\"query-input\":{\"@type\":\"PropertyValueSpecification\",\"valueRequired\":true,\"valueName\":\"search_term_string\"}}],\"inLanguage\":\"de\"},{\"@type\":\"Organization\",\"@id\":\"https:\\\/\\\/insektenliebe.com\\\/de\\\/#organization\",\"name\":\"Insektenliebe\",\"url\":\"https:\\\/\\\/insektenliebe.com\\\/de\\\/\",\"logo\":{\"@type\":\"ImageObject\",\"inLanguage\":\"de\",\"@id\":\"https:\\\/\\\/insektenliebe.com\\\/de\\\/#\\\/schema\\\/logo\\\/image\\\/\",\"url\":\"https:\\\/\\\/insektenliebe.com\\\/wp-content\\\/uploads\\\/2025\\\/03\\\/logo-white.png\",\"contentUrl\":\"https:\\\/\\\/insektenliebe.com\\\/wp-content\\\/uploads\\\/2025\\\/03\\\/logo-white.png\",\"width\":288,\"height\":188,\"caption\":\"Insektenliebe\"},\"image\":{\"@id\":\"https:\\\/\\\/insektenliebe.com\\\/de\\\/#\\\/schema\\\/logo\\\/image\\\/\"}}]}<\/script>\n<!-- \/ Yoast SEO plugin. -->","yoast_head_json":{"title":"Stabschrecken - Insektenliebe","description":"Stabschrecken \u2013 Ratgeber zur Haltung von Carausius, Sipyloidea und weiteren Phasmiden im Terrarium mit Tipps zu Pflege und Zucht.","robots":{"index":"index","follow":"follow","max-snippet":"max-snippet:-1","max-image-preview":"max-image-preview:large","max-video-preview":"max-video-preview:-1"},"canonical":"https:\/\/insektenliebe.com\/de\/shop\/produkt\/stabschrecken\/","og_locale":"de_DE","og_type":"article","og_title":"Stabschrecken - Insektenliebe","og_description":"Stabschrecken \u2013 Ratgeber zur Haltung von Carausius, Sipyloidea und weiteren Phasmiden im Terrarium mit Tipps zu Pflege und Zucht.","og_url":"https:\/\/insektenliebe.com\/de\/shop\/produkt\/stabschrecken\/","og_site_name":"Insektenliebe","article_modified_time":"2026-03-09T19:37:17+00:00","og_image":[{"width":820,"height":820,"url":"https:\/\/insektenliebe.com\/wp-content\/uploads\/2025\/11\/Stabschrecken.jpg","type":"image\/jpeg"}],"twitter_card":"summary_large_image","twitter_misc":{"Gesch\u00e4tzte Lesezeit":"3\u00a0Minuten"},"schema":{"@context":"https:\/\/schema.org","@graph":[{"@type":"WebPage","@id":"https:\/\/insektenliebe.com\/de\/shop\/produkt\/stabschrecken\/","url":"https:\/\/insektenliebe.com\/de\/shop\/produkt\/stabschrecken\/","name":"Stabschrecken - Insektenliebe","isPartOf":{"@id":"https:\/\/insektenliebe.com\/de\/#website"},"primaryImageOfPage":{"@id":"https:\/\/insektenliebe.com\/de\/shop\/produkt\/stabschrecken\/#primaryimage"},"image":{"@id":"https:\/\/insektenliebe.com\/de\/shop\/produkt\/stabschrecken\/#primaryimage"},"thumbnailUrl":"https:\/\/insektenliebe.com\/wp-content\/uploads\/2025\/11\/Stabschrecken.jpg","datePublished":"2024-11-08T16:53:08+00:00","dateModified":"2026-03-09T19:37:17+00:00","description":"Stabschrecken \u2013 Ratgeber zur Haltung von Carausius, Sipyloidea und weiteren Phasmiden im Terrarium mit Tipps zu Pflege und Zucht.","breadcrumb":{"@id":"https:\/\/insektenliebe.com\/de\/shop\/produkt\/stabschrecken\/#breadcrumb"},"inLanguage":"de","potentialAction":[{"@type":"ReadAction","target":["https:\/\/insektenliebe.com\/de\/shop\/produkt\/stabschrecken\/"]}]},{"@type":"ImageObject","inLanguage":"de","@id":"https:\/\/insektenliebe.com\/de\/shop\/produkt\/stabschrecken\/#primaryimage","url":"https:\/\/insektenliebe.com\/wp-content\/uploads\/2025\/11\/Stabschrecken.jpg","contentUrl":"https:\/\/insektenliebe.com\/wp-content\/uploads\/2025\/11\/Stabschrecken.jpg","width":820,"height":820},{"@type":"BreadcrumbList","@id":"https:\/\/insektenliebe.com\/de\/shop\/produkt\/stabschrecken\/#breadcrumb","itemListElement":[{"@type":"ListItem","position":1,"name":"Startseite","item":"https:\/\/insektenliebe.com\/de\/"},{"@type":"ListItem","position":2,"name":"Shop","item":"https:\/\/insektenliebe.com\/de\/shop\/"},{"@type":"ListItem","position":3,"name":"Stabschrecken"}]},{"@type":"WebSite","@id":"https:\/\/insektenliebe.com\/de\/#website","url":"https:\/\/insektenliebe.com\/de\/","name":"Insektenliebe","description":"Dein Zuhause f\u00fcr die kleinen Lebewesen","publisher":{"@id":"https:\/\/insektenliebe.com\/de\/#organization"},"potentialAction":[{"@type":"SearchAction","target":{"@type":"EntryPoint","urlTemplate":"https:\/\/insektenliebe.com\/de\/?s={search_term_string}"},"query-input":{"@type":"PropertyValueSpecification","valueRequired":true,"valueName":"search_term_string"}}],"inLanguage":"de"},{"@type":"Organization","@id":"https:\/\/insektenliebe.com\/de\/#organization","name":"Insektenliebe","url":"https:\/\/insektenliebe.com\/de\/","logo":{"@type":"ImageObject","inLanguage":"de","@id":"https:\/\/insektenliebe.com\/de\/#\/schema\/logo\/image\/","url":"https:\/\/insektenliebe.com\/wp-content\/uploads\/2025\/03\/logo-white.png","contentUrl":"https:\/\/insektenliebe.com\/wp-content\/uploads\/2025\/03\/logo-white.png","width":288,"height":188,"caption":"Insektenliebe"},"image":{"@id":"https:\/\/insektenliebe.com\/de\/#\/schema\/logo\/image\/"}}]}},"_links":{"self":[{"href":"https:\/\/insektenliebe.com\/de\/wp-json\/wp\/v2\/product\/164299","targetHints":{"allow":["GET"]}}],"collection":[{"href":"https:\/\/insektenliebe.com\/de\/wp-json\/wp\/v2\/product"}],"about":[{"href":"https:\/\/insektenliebe.com\/de\/wp-json\/wp\/v2\/types\/product"}],"wp:featuredmedia":[{"embeddable":true,"href":"https:\/\/insektenliebe.com\/de\/wp-json\/wp\/v2\/media\/164302"}],"wp:attachment":[{"href":"https:\/\/insektenliebe.com\/de\/wp-json\/wp\/v2\/media?parent=164299"}],"wp:term":[{"taxonomy":"product-supplier","embeddable":true,"href":"https:\/\/insektenliebe.com\/de\/wp-json\/wp\/v2\/product-supplier?post=164299"},{"taxonomy":"product_brand","embeddable":true,"href":"https:\/\/insektenliebe.com\/de\/wp-json\/wp\/v2\/product_brand?post=164299"},{"taxonomy":"product_cat","embeddable":true,"href":"https:\/\/insektenliebe.com\/de\/wp-json\/wp\/v2\/product_cat?post=164299"},{"taxonomy":"product_tag","embeddable":true,"href":"https:\/\/insektenliebe.com\/de\/wp-json\/wp\/v2\/product_tag?post=164299"},{"taxonomy":"lce-checkout-addons","embeddable":true,"href":"https:\/\/insektenliebe.com\/de\/wp-json\/wp\/v2\/lce-checkout-addons?post=164299"}],"curies":[{"name":"wp","href":"https:\/\/api.w.org\/{rel}","templated":true}]}}