{"id":164270,"date":"2024-11-08T17:08:36","date_gmt":"2024-11-08T16:08:36","guid":{"rendered":"https:\/\/insektenliebe.com\/?post_type=product&#038;p=164270"},"modified":"2026-02-10T14:21:22","modified_gmt":"2026-02-10T13:21:22","slug":"die-australische-riesengespenstschrecke","status":"publish","type":"product","link":"https:\/\/insektenliebe.com\/de\/shop\/produkt\/die-australische-riesengespenstschrecke\/","title":{"rendered":"Die Australische Riesengespenstschrecke"},"content":{"rendered":"<h1><span id=\"hikashop_product_name_main\" class=\"hikashop_product_name_main\">Die Australische Riesengespenstschrecke<\/span><\/h1>\n<div id=\"hikashop_product_contact_main\" class=\"hikashop_product_contact_main\"><\/div>\n<div id=\"hikashop_product_bottom_part\" class=\"hikashop_product_bottom_part\">\n<div id=\"hikashop_product_description_main\" class=\"hikashop_product_description_main\">\n<h2>Ratgeber zur Haltung der Australischen Riesengespenstschrecke im Terrarium<\/h2>\n<h3><em>Extatosoma tiaratum<\/em><strong><br \/>\n<\/strong><\/h3>\n<p>Haltung und Nachzucht von Gespenst- und Stabschrecken sowie Wandelnden Bl\u00e4ttern, die zusammengefasst die Insektenordnung der\u00a0<em>Phasmatodea<\/em>\u00a0bilden und als Phasmiden bezeichnet werden, gewinnen in der Terraristik immer mehr Anh\u00e4nger. Besonders die Australische Riesengespenstschrecke (auch Australische Gespenstschrecke genannt) erfreut sich dank ihres skurrilen \u00c4u\u00dferen schon seit l\u00e4ngerer Zeit wachsender Beliebtheit und ist unter allen Gespenstschrecken die popul\u00e4rste und am h\u00e4ufigsten im Terrarium gepflegte Art.<\/p>\n<p>In diesem Band der Reihe \u201eArt f\u00fcr Art\u201c erkl\u00e4rt Autor\u00a0<strong>Stephan Schorn<\/strong>\u00a0genau, was zu einer artgerechten Haltung erfolgreichen Vermehrung dieser faszinierenden Tiere n\u00f6tig ist.<\/p>\n<p>In der Reihe \u201eArt f\u00fcr Art\u201c bietet sich nun die M\u00f6glichkeit, diese interessante und sch\u00f6n anzusehende Gespenstschrecke genauer zu beschreiben und eingehender auf ihre Haltungs- und Nachzuchtbedingungen hinzuweisen, als es in der allgemeinen Phasmidenliteratur bislang gegeben war, in der die jeweiligen Arten zumeist nur steckbriefartig abgehandelt sind. So vielseitig und unterschiedlich, wie Aussehen und Lebensweise der verschiedenen Phasmidenarten sind, so unterschiedlich sind aber auch die Haltungsbedingungen.<\/p>\n<p>Art f\u00fcr Art stellen Ihnen die B\u00fccher dieser Reihe die beliebtesten Terrarientiere vor. Jeder Band bietet Ihnen detaillierte, praxisnahe Pflegeanleitungen und Sie finden alle Informationen, die Sie brauchen, um Ihre Tiere erfolgreich zu vermehren. Alle wichtigen Fragen von der erforderlichen Beckengr\u00f6\u00dfe \u00fcber die Terrarieneinrichtung, die technische Ausstattung, die artgerechte Ern\u00e4hrung bis zur Vorbeugung von Krankheiten werden mit zahlreichen Tricks und Kniffen beantwortet. Erfahrene, langj\u00e4hrige Z\u00fcchter verraten, wie Sie die Tiere zur Fortpflanzung bewegen und die Jungtiere gesund aufziehen k\u00f6nnen.<\/p>\n<p>Das alles durchg\u00e4ngig farbig, gro\u00dfz\u00fcgig bebildert und attraktiv gestaltet nur \u00fcber Ihr Terrarientier \u2013 Art f\u00fcr Art!<\/p>\n<ul class=\"unstyled\">\n<li><b>Autor<\/b>\u00a0Stephan Schorn<\/li>\n<li><b>Umfang<\/b>\u00a064 Seiten<\/li>\n<li><b>Format<\/b>\u00a014,8 x 21 cm<\/li>\n<li><b>Einband<\/b>\u00a0Softcover<\/li>\n<li><b>Abbildungen<\/b>\u00a0zahlreiche Abbildungen<\/li>\n<li><b>ISBN<\/b>\u00a0978-3-86659-123-3<\/li>\n<\/ul>\n<\/div>\n<\/div>\n","protected":false},"excerpt":{"rendered":"<p>Die Australische Riesengespenstschrecke Ratgeber zur Haltung der Australischen Riesengespenstschrecke im Terrarium Extatosoma tiaratum Haltung und Nachzucht von Gespenst- und Stabschrecken sowie Wandelnden Bl\u00e4ttern, die zusammengefasst die Insektenordnung der\u00a0Phasmatodea\u00a0bilden und als Phasmiden bezeichnet werden, gewinnen in der Terraristik immer mehr Anh\u00e4nger. Besonders die Australische Riesengespenstschrecke (auch Australische Gespenstschrecke genannt) erfreut sich dank ihres skurrilen \u00c4u\u00dferen schon [&hellip;]<\/p>\n","protected":false},"featured_media":164272,"template":"","meta":{"_acf_changed":false},"product-supplier":[],"product_brand":[],"product_cat":[183],"product_tag":[],"lce-checkout-addons":[],"class_list":{"0":"post-164270","1":"product","2":"type-product","3":"status-publish","4":"has-post-thumbnail","6":"product_cat-merchandising-literatur","7":"product_shipping_class-equipment-shipping","9":"first","10":"instock","11":"taxable","12":"shipping-taxable","13":"purchasable","14":"product-type-simple"},"acf":[],"yoast_head":"<!-- This site is optimized with the Yoast SEO plugin v27.3 - https:\/\/yoast.com\/product\/yoast-seo-wordpress\/ -->\n<title>Die Australische Riesengespenstschrecke - Insektenliebe<\/title>\n<meta name=\"description\" content=\"Haltung und Nachzucht von Gespenst- und Stabschrecken sowie Wandelnden Bl\u00e4ttern, die zusammengefasst die Insektenordnung der\u00a0Phasmatodea\u00a0bilden.\" \/>\n<meta name=\"robots\" content=\"index, follow, max-snippet:-1, max-image-preview:large, max-video-preview:-1\" \/>\n<link rel=\"canonical\" href=\"https:\/\/insektenliebe.com\/de\/shop\/produkt\/die-australische-riesengespenstschrecke\/\" \/>\n<meta property=\"og:locale\" content=\"de_DE\" \/>\n<meta property=\"og:type\" content=\"article\" \/>\n<meta property=\"og:title\" content=\"Die Australische Riesengespenstschrecke - Insektenliebe\" \/>\n<meta property=\"og:description\" content=\"Haltung und Nachzucht von Gespenst- und Stabschrecken sowie Wandelnden Bl\u00e4ttern, die zusammengefasst die Insektenordnung der\u00a0Phasmatodea\u00a0bilden.\" \/>\n<meta property=\"og:url\" content=\"https:\/\/insektenliebe.com\/de\/shop\/produkt\/die-australische-riesengespenstschrecke\/\" \/>\n<meta property=\"og:site_name\" content=\"Insektenliebe\" \/>\n<meta property=\"article:modified_time\" content=\"2026-02-10T13:21:22+00:00\" \/>\n<meta property=\"og:image\" content=\"https:\/\/insektenliebe.com\/wp-content\/uploads\/2025\/11\/Die-Australische-Riesengespenstschrecke.jpg\" \/>\n\t<meta property=\"og:image:width\" content=\"820\" \/>\n\t<meta property=\"og:image:height\" content=\"820\" \/>\n\t<meta property=\"og:image:type\" content=\"image\/jpeg\" \/>\n<meta name=\"twitter:card\" content=\"summary_large_image\" \/>\n<meta name=\"twitter:label1\" content=\"Gesch\u00e4tzte Lesezeit\" \/>\n\t<meta name=\"twitter:data1\" content=\"2\u00a0Minuten\" \/>\n<script type=\"application\/ld+json\" class=\"yoast-schema-graph\">{\"@context\":\"https:\\\/\\\/schema.org\",\"@graph\":[{\"@type\":\"WebPage\",\"@id\":\"https:\\\/\\\/insektenliebe.com\\\/de\\\/shop\\\/produkt\\\/die-australische-riesengespenstschrecke\\\/\",\"url\":\"https:\\\/\\\/insektenliebe.com\\\/de\\\/shop\\\/produkt\\\/die-australische-riesengespenstschrecke\\\/\",\"name\":\"Die Australische Riesengespenstschrecke - Insektenliebe\",\"isPartOf\":{\"@id\":\"https:\\\/\\\/insektenliebe.com\\\/de\\\/#website\"},\"primaryImageOfPage\":{\"@id\":\"https:\\\/\\\/insektenliebe.com\\\/de\\\/shop\\\/produkt\\\/die-australische-riesengespenstschrecke\\\/#primaryimage\"},\"image\":{\"@id\":\"https:\\\/\\\/insektenliebe.com\\\/de\\\/shop\\\/produkt\\\/die-australische-riesengespenstschrecke\\\/#primaryimage\"},\"thumbnailUrl\":\"https:\\\/\\\/insektenliebe.com\\\/wp-content\\\/uploads\\\/2025\\\/11\\\/Die-Australische-Riesengespenstschrecke.jpg\",\"datePublished\":\"2024-11-08T16:08:36+00:00\",\"dateModified\":\"2026-02-10T13:21:22+00:00\",\"description\":\"Haltung und Nachzucht von Gespenst- und Stabschrecken sowie Wandelnden Bl\u00e4ttern, die zusammengefasst die Insektenordnung der\u00a0Phasmatodea\u00a0bilden.\",\"breadcrumb\":{\"@id\":\"https:\\\/\\\/insektenliebe.com\\\/de\\\/shop\\\/produkt\\\/die-australische-riesengespenstschrecke\\\/#breadcrumb\"},\"inLanguage\":\"de\",\"potentialAction\":[{\"@type\":\"ReadAction\",\"target\":[\"https:\\\/\\\/insektenliebe.com\\\/de\\\/shop\\\/produkt\\\/die-australische-riesengespenstschrecke\\\/\"]}]},{\"@type\":\"ImageObject\",\"inLanguage\":\"de\",\"@id\":\"https:\\\/\\\/insektenliebe.com\\\/de\\\/shop\\\/produkt\\\/die-australische-riesengespenstschrecke\\\/#primaryimage\",\"url\":\"https:\\\/\\\/insektenliebe.com\\\/wp-content\\\/uploads\\\/2025\\\/11\\\/Die-Australische-Riesengespenstschrecke.jpg\",\"contentUrl\":\"https:\\\/\\\/insektenliebe.com\\\/wp-content\\\/uploads\\\/2025\\\/11\\\/Die-Australische-Riesengespenstschrecke.jpg\",\"width\":820,\"height\":820,\"caption\":\"Die Australische Riesengespenstschrecke\"},{\"@type\":\"BreadcrumbList\",\"@id\":\"https:\\\/\\\/insektenliebe.com\\\/de\\\/shop\\\/produkt\\\/die-australische-riesengespenstschrecke\\\/#breadcrumb\",\"itemListElement\":[{\"@type\":\"ListItem\",\"position\":1,\"name\":\"Startseite\",\"item\":\"https:\\\/\\\/insektenliebe.com\\\/de\\\/\"},{\"@type\":\"ListItem\",\"position\":2,\"name\":\"Shop\",\"item\":\"https:\\\/\\\/insektenliebe.com\\\/de\\\/shop\\\/\"},{\"@type\":\"ListItem\",\"position\":3,\"name\":\"Die Australische Riesengespenstschrecke\"}]},{\"@type\":\"WebSite\",\"@id\":\"https:\\\/\\\/insektenliebe.com\\\/de\\\/#website\",\"url\":\"https:\\\/\\\/insektenliebe.com\\\/de\\\/\",\"name\":\"Insektenliebe\",\"description\":\"Dein Zuhause f\u00fcr die kleinen Lebewesen\",\"publisher\":{\"@id\":\"https:\\\/\\\/insektenliebe.com\\\/de\\\/#organization\"},\"potentialAction\":[{\"@type\":\"SearchAction\",\"target\":{\"@type\":\"EntryPoint\",\"urlTemplate\":\"https:\\\/\\\/insektenliebe.com\\\/de\\\/?s={search_term_string}\"},\"query-input\":{\"@type\":\"PropertyValueSpecification\",\"valueRequired\":true,\"valueName\":\"search_term_string\"}}],\"inLanguage\":\"de\"},{\"@type\":\"Organization\",\"@id\":\"https:\\\/\\\/insektenliebe.com\\\/de\\\/#organization\",\"name\":\"Insektenliebe\",\"url\":\"https:\\\/\\\/insektenliebe.com\\\/de\\\/\",\"logo\":{\"@type\":\"ImageObject\",\"inLanguage\":\"de\",\"@id\":\"https:\\\/\\\/insektenliebe.com\\\/de\\\/#\\\/schema\\\/logo\\\/image\\\/\",\"url\":\"https:\\\/\\\/insektenliebe.com\\\/wp-content\\\/uploads\\\/2025\\\/03\\\/logo-white.png\",\"contentUrl\":\"https:\\\/\\\/insektenliebe.com\\\/wp-content\\\/uploads\\\/2025\\\/03\\\/logo-white.png\",\"width\":288,\"height\":188,\"caption\":\"Insektenliebe\"},\"image\":{\"@id\":\"https:\\\/\\\/insektenliebe.com\\\/de\\\/#\\\/schema\\\/logo\\\/image\\\/\"}}]}<\/script>\n<!-- \/ Yoast SEO plugin. -->","yoast_head_json":{"title":"Die Australische Riesengespenstschrecke - Insektenliebe","description":"Haltung und Nachzucht von Gespenst- und Stabschrecken sowie Wandelnden Bl\u00e4ttern, die zusammengefasst die Insektenordnung der\u00a0Phasmatodea\u00a0bilden.","robots":{"index":"index","follow":"follow","max-snippet":"max-snippet:-1","max-image-preview":"max-image-preview:large","max-video-preview":"max-video-preview:-1"},"canonical":"https:\/\/insektenliebe.com\/de\/shop\/produkt\/die-australische-riesengespenstschrecke\/","og_locale":"de_DE","og_type":"article","og_title":"Die Australische Riesengespenstschrecke - Insektenliebe","og_description":"Haltung und Nachzucht von Gespenst- und Stabschrecken sowie Wandelnden Bl\u00e4ttern, die zusammengefasst die Insektenordnung der\u00a0Phasmatodea\u00a0bilden.","og_url":"https:\/\/insektenliebe.com\/de\/shop\/produkt\/die-australische-riesengespenstschrecke\/","og_site_name":"Insektenliebe","article_modified_time":"2026-02-10T13:21:22+00:00","og_image":[{"width":820,"height":820,"url":"https:\/\/insektenliebe.com\/wp-content\/uploads\/2025\/11\/Die-Australische-Riesengespenstschrecke.jpg","type":"image\/jpeg"}],"twitter_card":"summary_large_image","twitter_misc":{"Gesch\u00e4tzte Lesezeit":"2\u00a0Minuten"},"schema":{"@context":"https:\/\/schema.org","@graph":[{"@type":"WebPage","@id":"https:\/\/insektenliebe.com\/de\/shop\/produkt\/die-australische-riesengespenstschrecke\/","url":"https:\/\/insektenliebe.com\/de\/shop\/produkt\/die-australische-riesengespenstschrecke\/","name":"Die Australische Riesengespenstschrecke - Insektenliebe","isPartOf":{"@id":"https:\/\/insektenliebe.com\/de\/#website"},"primaryImageOfPage":{"@id":"https:\/\/insektenliebe.com\/de\/shop\/produkt\/die-australische-riesengespenstschrecke\/#primaryimage"},"image":{"@id":"https:\/\/insektenliebe.com\/de\/shop\/produkt\/die-australische-riesengespenstschrecke\/#primaryimage"},"thumbnailUrl":"https:\/\/insektenliebe.com\/wp-content\/uploads\/2025\/11\/Die-Australische-Riesengespenstschrecke.jpg","datePublished":"2024-11-08T16:08:36+00:00","dateModified":"2026-02-10T13:21:22+00:00","description":"Haltung und Nachzucht von Gespenst- und Stabschrecken sowie Wandelnden Bl\u00e4ttern, die zusammengefasst die Insektenordnung der\u00a0Phasmatodea\u00a0bilden.","breadcrumb":{"@id":"https:\/\/insektenliebe.com\/de\/shop\/produkt\/die-australische-riesengespenstschrecke\/#breadcrumb"},"inLanguage":"de","potentialAction":[{"@type":"ReadAction","target":["https:\/\/insektenliebe.com\/de\/shop\/produkt\/die-australische-riesengespenstschrecke\/"]}]},{"@type":"ImageObject","inLanguage":"de","@id":"https:\/\/insektenliebe.com\/de\/shop\/produkt\/die-australische-riesengespenstschrecke\/#primaryimage","url":"https:\/\/insektenliebe.com\/wp-content\/uploads\/2025\/11\/Die-Australische-Riesengespenstschrecke.jpg","contentUrl":"https:\/\/insektenliebe.com\/wp-content\/uploads\/2025\/11\/Die-Australische-Riesengespenstschrecke.jpg","width":820,"height":820,"caption":"Die Australische Riesengespenstschrecke"},{"@type":"BreadcrumbList","@id":"https:\/\/insektenliebe.com\/de\/shop\/produkt\/die-australische-riesengespenstschrecke\/#breadcrumb","itemListElement":[{"@type":"ListItem","position":1,"name":"Startseite","item":"https:\/\/insektenliebe.com\/de\/"},{"@type":"ListItem","position":2,"name":"Shop","item":"https:\/\/insektenliebe.com\/de\/shop\/"},{"@type":"ListItem","position":3,"name":"Die Australische Riesengespenstschrecke"}]},{"@type":"WebSite","@id":"https:\/\/insektenliebe.com\/de\/#website","url":"https:\/\/insektenliebe.com\/de\/","name":"Insektenliebe","description":"Dein Zuhause f\u00fcr die kleinen Lebewesen","publisher":{"@id":"https:\/\/insektenliebe.com\/de\/#organization"},"potentialAction":[{"@type":"SearchAction","target":{"@type":"EntryPoint","urlTemplate":"https:\/\/insektenliebe.com\/de\/?s={search_term_string}"},"query-input":{"@type":"PropertyValueSpecification","valueRequired":true,"valueName":"search_term_string"}}],"inLanguage":"de"},{"@type":"Organization","@id":"https:\/\/insektenliebe.com\/de\/#organization","name":"Insektenliebe","url":"https:\/\/insektenliebe.com\/de\/","logo":{"@type":"ImageObject","inLanguage":"de","@id":"https:\/\/insektenliebe.com\/de\/#\/schema\/logo\/image\/","url":"https:\/\/insektenliebe.com\/wp-content\/uploads\/2025\/03\/logo-white.png","contentUrl":"https:\/\/insektenliebe.com\/wp-content\/uploads\/2025\/03\/logo-white.png","width":288,"height":188,"caption":"Insektenliebe"},"image":{"@id":"https:\/\/insektenliebe.com\/de\/#\/schema\/logo\/image\/"}}]}},"_links":{"self":[{"href":"https:\/\/insektenliebe.com\/de\/wp-json\/wp\/v2\/product\/164270","targetHints":{"allow":["GET"]}}],"collection":[{"href":"https:\/\/insektenliebe.com\/de\/wp-json\/wp\/v2\/product"}],"about":[{"href":"https:\/\/insektenliebe.com\/de\/wp-json\/wp\/v2\/types\/product"}],"wp:featuredmedia":[{"embeddable":true,"href":"https:\/\/insektenliebe.com\/de\/wp-json\/wp\/v2\/media\/164272"}],"wp:attachment":[{"href":"https:\/\/insektenliebe.com\/de\/wp-json\/wp\/v2\/media?parent=164270"}],"wp:term":[{"taxonomy":"product-supplier","embeddable":true,"href":"https:\/\/insektenliebe.com\/de\/wp-json\/wp\/v2\/product-supplier?post=164270"},{"taxonomy":"product_brand","embeddable":true,"href":"https:\/\/insektenliebe.com\/de\/wp-json\/wp\/v2\/product_brand?post=164270"},{"taxonomy":"product_cat","embeddable":true,"href":"https:\/\/insektenliebe.com\/de\/wp-json\/wp\/v2\/product_cat?post=164270"},{"taxonomy":"product_tag","embeddable":true,"href":"https:\/\/insektenliebe.com\/de\/wp-json\/wp\/v2\/product_tag?post=164270"},{"taxonomy":"lce-checkout-addons","embeddable":true,"href":"https:\/\/insektenliebe.com\/de\/wp-json\/wp\/v2\/lce-checkout-addons?post=164270"}],"curies":[{"name":"wp","href":"https:\/\/api.w.org\/{rel}","templated":true}]}}