{"id":164248,"date":"2024-11-08T16:29:36","date_gmt":"2024-11-08T15:29:36","guid":{"rendered":"https:\/\/insektenliebe.com\/?post_type=product&#038;p=164248"},"modified":"2026-02-12T23:44:21","modified_gmt":"2026-02-12T22:44:21","slug":"afrikanische-rosenkaefer","status":"publish","type":"product","link":"https:\/\/insektenliebe.com\/de\/shop\/produkt\/afrikanische-rosenkaefer\/","title":{"rendered":"Afrikanische Rosenk\u00e4fer"},"content":{"rendered":"<h1><span id=\"hikashop_product_name_main\" class=\"hikashop_product_name_main\">Afrikanische Rosenk\u00e4fer - \u00fcberarbeitete Neuauflage<\/span><\/h1>\n<div id=\"hikashop_product_contact_main\" class=\"hikashop_product_contact_main\"><\/div>\n<div id=\"hikashop_product_bottom_part\" class=\"hikashop_product_bottom_part\">\n<div id=\"hikashop_product_description_main\" class=\"hikashop_product_description_main\">\n<h2>Ein Ratgeber zur Haltung und Zucht von Rosenk\u00e4fern im Terrarium<\/h2>\n<h3>Unterfamilie\u00a0<em>Cetoniinae<\/em><\/h3>\n<p>Viele Terrarianer kennen sie nur als Futtertiere: die Larven der Rosenk\u00e4fer. Dabei sind diese wundersch\u00f6nen Insekten ihrerseits faszinierende, einfach zu haltende Tiere im Terrarium.\u00a0<strong>Uwe Schl\u00fcter<\/strong>\u00a0ist ein erfahrener Halter und Z\u00fcchter von Rosenk\u00e4fern. In diesem umfassenden Ratgeber vermittelt er das n\u00f6tige Wissen zur Anschaffung, artgerechten Haltung und erfolgreichen Vermehrung von Rosenk\u00e4fern, wie dem beliebten Kongo-Rosenk\u00e4fer.<\/p>\n<p>Im Buch vorgestellte Arten:<br \/>\n<em>Anisorrhina flavomaculata, Cheirolasia burkei, Chlorocala africana (<\/em>Syn.:<em>\u00a0Smaragdesthes africana), Dicronorhina derbyana, Dicronorhina micans, Eudicella aurata, Eudicella colmanti, Eudicella daphnis, Eudicella gralli, Eudicella hornimani, Eudicella loricata, Eudicella morgani (<\/em>Syn.:<em>\u00a0Eudicella woermanni), Eudicella smithii, Eudicella tetraspilota, Mausoleopsis amabilis, Mecynorhina polyphemus, Mecynorhina savagei, Mecynorhina torquata, Mecynorhina harrisi, Pachnoda fissipunctum (Syn.: Pachnoda aemula), Pachnoda iskuulka, Pachnoda marginata\u00a0<\/em>(Kongo-Rosenk\u00e4fer)<em>, Pachnoda sinuata, Plaesiorrhina mediana (<\/em>Syn.:<em>\u00a0Plaesiorrhina septa), Stephanorrhina guttata, Stephanorrhina julia<\/em><\/p>\n<p>Art f\u00fcr Art stellen Ihnen die B\u00fccher dieser Reihe die beliebtesten Terrarientiere vor. Jeder Band bietet Ihnen detaillierte, praxisnahe Pflegeanleitungen, und Sie finden alle Informationen, die Sie brauchen, um Ihre Tiere erfolgreich zu vermehren. Alle wichtigen Fragen von der erforderlichen Beckengr\u00f6\u00dfe \u00fcber die Terrarieneinrichtung, die technische Ausstattung, die artgerechte Ern\u00e4hrung bis zur Vorbeugung von Krankheiten werden mit zahlreichen Tricks und Kniffen beantwortet. Erfahrene, langj\u00e4hrige Z\u00fcchter verraten, wie Sie die Tiere zur Fortpflanzung bewegen und die Jungtiere gesund aufziehen k\u00f6nnen.<\/p>\n<p>Das alles durchg\u00e4ngig farbig, gro\u00dfz\u00fcgig bebildert und attraktiv gestaltet nur \u00fcber Ihr Terrarientier \u2013 Art f\u00fcr Art!<\/p>\n<ul class=\"unstyled\">\n<li><b>Autor<\/b>\u00a0Uwe Schl\u00fcter<\/li>\n<li><b>Umfang<\/b>\u00a064 Seiten<\/li>\n<li><b>Format<\/b>\u00a014,8 x 21 cm<\/li>\n<li><b>Einband<\/b>\u00a0Softcover<\/li>\n<li><b>Abbildungen<\/b>\u00a0zahlreiche Abbildungen<\/li>\n<li><b>ISBN<\/b>\u00a0978-3-86659-522-4<\/li>\n<\/ul>\n<\/div>\n<\/div>\n","protected":false},"excerpt":{"rendered":"<p>Afrikanische Rosenk\u00e4fer - \u00fcberarbeitete Neuauflage Ein Ratgeber zur Haltung und Zucht von Rosenk\u00e4fern im Terrarium Unterfamilie\u00a0Cetoniinae Viele Terrarianer kennen sie nur als Futtertiere: die Larven der Rosenk\u00e4fer. Dabei sind diese wundersch\u00f6nen Insekten ihrerseits faszinierende, einfach zu haltende Tiere im Terrarium.\u00a0Uwe Schl\u00fcter\u00a0ist ein erfahrener Halter und Z\u00fcchter von Rosenk\u00e4fern. In diesem umfassenden Ratgeber vermittelt er das [&hellip;]<\/p>\n","protected":false},"featured_media":164249,"template":"","meta":{"_acf_changed":false},"product-supplier":[],"product_brand":[],"product_cat":[183],"product_tag":[],"lce-checkout-addons":[],"class_list":{"0":"post-164248","1":"product","2":"type-product","3":"status-publish","4":"has-post-thumbnail","6":"product_cat-merchandising-literatur","7":"product_shipping_class-equipment-shipping","9":"first","10":"instock","11":"taxable","12":"shipping-taxable","13":"purchasable","14":"product-type-simple"},"acf":[],"yoast_head":"<!-- This site is optimized with the Yoast SEO plugin v27.3 - https:\/\/yoast.com\/product\/yoast-seo-wordpress\/ -->\n<title>Afrikanische Rosenk\u00e4fer - Insektenliebe<\/title>\n<meta name=\"description\" content=\"Viele Terrarianer kennen sie nur als Futtertiere: die Larven der Rosenk\u00e4fer. Dabei sind diese wundersch\u00f6nen Insekten ihrerseits faszinierend.\" \/>\n<meta name=\"robots\" content=\"index, follow, max-snippet:-1, max-image-preview:large, max-video-preview:-1\" \/>\n<link rel=\"canonical\" href=\"https:\/\/insektenliebe.com\/de\/shop\/produkt\/afrikanische-rosenkaefer\/\" \/>\n<meta property=\"og:locale\" content=\"de_DE\" \/>\n<meta property=\"og:type\" content=\"article\" \/>\n<meta property=\"og:title\" content=\"Afrikanische Rosenk\u00e4fer - Insektenliebe\" \/>\n<meta property=\"og:description\" content=\"Viele Terrarianer kennen sie nur als Futtertiere: die Larven der Rosenk\u00e4fer. Dabei sind diese wundersch\u00f6nen Insekten ihrerseits faszinierend.\" \/>\n<meta property=\"og:url\" content=\"https:\/\/insektenliebe.com\/de\/shop\/produkt\/afrikanische-rosenkaefer\/\" \/>\n<meta property=\"og:site_name\" content=\"Insektenliebe\" \/>\n<meta property=\"article:modified_time\" content=\"2026-02-12T22:44:21+00:00\" \/>\n<meta property=\"og:image\" content=\"https:\/\/insektenliebe.com\/wp-content\/uploads\/2025\/11\/Afrikanische-Rosenkaefer.jpg\" \/>\n\t<meta property=\"og:image:width\" content=\"820\" \/>\n\t<meta property=\"og:image:height\" content=\"820\" \/>\n\t<meta property=\"og:image:type\" content=\"image\/jpeg\" \/>\n<meta name=\"twitter:card\" content=\"summary_large_image\" \/>\n<meta name=\"twitter:label1\" content=\"Gesch\u00e4tzte Lesezeit\" \/>\n\t<meta name=\"twitter:data1\" content=\"2\u00a0Minuten\" \/>\n<script type=\"application\/ld+json\" class=\"yoast-schema-graph\">{\"@context\":\"https:\\\/\\\/schema.org\",\"@graph\":[{\"@type\":\"WebPage\",\"@id\":\"https:\\\/\\\/insektenliebe.com\\\/de\\\/shop\\\/produkt\\\/afrikanische-rosenkaefer\\\/\",\"url\":\"https:\\\/\\\/insektenliebe.com\\\/de\\\/shop\\\/produkt\\\/afrikanische-rosenkaefer\\\/\",\"name\":\"Afrikanische Rosenk\u00e4fer - Insektenliebe\",\"isPartOf\":{\"@id\":\"https:\\\/\\\/insektenliebe.com\\\/de\\\/#website\"},\"primaryImageOfPage\":{\"@id\":\"https:\\\/\\\/insektenliebe.com\\\/de\\\/shop\\\/produkt\\\/afrikanische-rosenkaefer\\\/#primaryimage\"},\"image\":{\"@id\":\"https:\\\/\\\/insektenliebe.com\\\/de\\\/shop\\\/produkt\\\/afrikanische-rosenkaefer\\\/#primaryimage\"},\"thumbnailUrl\":\"https:\\\/\\\/insektenliebe.com\\\/wp-content\\\/uploads\\\/2025\\\/11\\\/Afrikanische-Rosenkaefer.jpg\",\"datePublished\":\"2024-11-08T15:29:36+00:00\",\"dateModified\":\"2026-02-12T22:44:21+00:00\",\"description\":\"Viele Terrarianer kennen sie nur als Futtertiere: die Larven der Rosenk\u00e4fer. Dabei sind diese wundersch\u00f6nen Insekten ihrerseits faszinierend.\",\"breadcrumb\":{\"@id\":\"https:\\\/\\\/insektenliebe.com\\\/de\\\/shop\\\/produkt\\\/afrikanische-rosenkaefer\\\/#breadcrumb\"},\"inLanguage\":\"de\",\"potentialAction\":[{\"@type\":\"ReadAction\",\"target\":[\"https:\\\/\\\/insektenliebe.com\\\/de\\\/shop\\\/produkt\\\/afrikanische-rosenkaefer\\\/\"]}]},{\"@type\":\"ImageObject\",\"inLanguage\":\"de\",\"@id\":\"https:\\\/\\\/insektenliebe.com\\\/de\\\/shop\\\/produkt\\\/afrikanische-rosenkaefer\\\/#primaryimage\",\"url\":\"https:\\\/\\\/insektenliebe.com\\\/wp-content\\\/uploads\\\/2025\\\/11\\\/Afrikanische-Rosenkaefer.jpg\",\"contentUrl\":\"https:\\\/\\\/insektenliebe.com\\\/wp-content\\\/uploads\\\/2025\\\/11\\\/Afrikanische-Rosenkaefer.jpg\",\"width\":820,\"height\":820,\"caption\":\"Afrikanische Rosenka\u0308fer\"},{\"@type\":\"BreadcrumbList\",\"@id\":\"https:\\\/\\\/insektenliebe.com\\\/de\\\/shop\\\/produkt\\\/afrikanische-rosenkaefer\\\/#breadcrumb\",\"itemListElement\":[{\"@type\":\"ListItem\",\"position\":1,\"name\":\"Startseite\",\"item\":\"https:\\\/\\\/insektenliebe.com\\\/de\\\/\"},{\"@type\":\"ListItem\",\"position\":2,\"name\":\"Shop\",\"item\":\"https:\\\/\\\/insektenliebe.com\\\/de\\\/shop\\\/\"},{\"@type\":\"ListItem\",\"position\":3,\"name\":\"Afrikanische Rosenk\u00e4fer\"}]},{\"@type\":\"WebSite\",\"@id\":\"https:\\\/\\\/insektenliebe.com\\\/de\\\/#website\",\"url\":\"https:\\\/\\\/insektenliebe.com\\\/de\\\/\",\"name\":\"Insektenliebe\",\"description\":\"Dein Zuhause f\u00fcr die kleinen Lebewesen\",\"publisher\":{\"@id\":\"https:\\\/\\\/insektenliebe.com\\\/de\\\/#organization\"},\"potentialAction\":[{\"@type\":\"SearchAction\",\"target\":{\"@type\":\"EntryPoint\",\"urlTemplate\":\"https:\\\/\\\/insektenliebe.com\\\/de\\\/?s={search_term_string}\"},\"query-input\":{\"@type\":\"PropertyValueSpecification\",\"valueRequired\":true,\"valueName\":\"search_term_string\"}}],\"inLanguage\":\"de\"},{\"@type\":\"Organization\",\"@id\":\"https:\\\/\\\/insektenliebe.com\\\/de\\\/#organization\",\"name\":\"Insektenliebe\",\"url\":\"https:\\\/\\\/insektenliebe.com\\\/de\\\/\",\"logo\":{\"@type\":\"ImageObject\",\"inLanguage\":\"de\",\"@id\":\"https:\\\/\\\/insektenliebe.com\\\/de\\\/#\\\/schema\\\/logo\\\/image\\\/\",\"url\":\"https:\\\/\\\/insektenliebe.com\\\/wp-content\\\/uploads\\\/2025\\\/03\\\/logo-white.png\",\"contentUrl\":\"https:\\\/\\\/insektenliebe.com\\\/wp-content\\\/uploads\\\/2025\\\/03\\\/logo-white.png\",\"width\":288,\"height\":188,\"caption\":\"Insektenliebe\"},\"image\":{\"@id\":\"https:\\\/\\\/insektenliebe.com\\\/de\\\/#\\\/schema\\\/logo\\\/image\\\/\"}}]}<\/script>\n<!-- \/ Yoast SEO plugin. -->","yoast_head_json":{"title":"Afrikanische Rosenk\u00e4fer - Insektenliebe","description":"Viele Terrarianer kennen sie nur als Futtertiere: die Larven der Rosenk\u00e4fer. Dabei sind diese wundersch\u00f6nen Insekten ihrerseits faszinierend.","robots":{"index":"index","follow":"follow","max-snippet":"max-snippet:-1","max-image-preview":"max-image-preview:large","max-video-preview":"max-video-preview:-1"},"canonical":"https:\/\/insektenliebe.com\/de\/shop\/produkt\/afrikanische-rosenkaefer\/","og_locale":"de_DE","og_type":"article","og_title":"Afrikanische Rosenk\u00e4fer - Insektenliebe","og_description":"Viele Terrarianer kennen sie nur als Futtertiere: die Larven der Rosenk\u00e4fer. Dabei sind diese wundersch\u00f6nen Insekten ihrerseits faszinierend.","og_url":"https:\/\/insektenliebe.com\/de\/shop\/produkt\/afrikanische-rosenkaefer\/","og_site_name":"Insektenliebe","article_modified_time":"2026-02-12T22:44:21+00:00","og_image":[{"width":820,"height":820,"url":"https:\/\/insektenliebe.com\/wp-content\/uploads\/2025\/11\/Afrikanische-Rosenkaefer.jpg","type":"image\/jpeg"}],"twitter_card":"summary_large_image","twitter_misc":{"Gesch\u00e4tzte Lesezeit":"2\u00a0Minuten"},"schema":{"@context":"https:\/\/schema.org","@graph":[{"@type":"WebPage","@id":"https:\/\/insektenliebe.com\/de\/shop\/produkt\/afrikanische-rosenkaefer\/","url":"https:\/\/insektenliebe.com\/de\/shop\/produkt\/afrikanische-rosenkaefer\/","name":"Afrikanische Rosenk\u00e4fer - Insektenliebe","isPartOf":{"@id":"https:\/\/insektenliebe.com\/de\/#website"},"primaryImageOfPage":{"@id":"https:\/\/insektenliebe.com\/de\/shop\/produkt\/afrikanische-rosenkaefer\/#primaryimage"},"image":{"@id":"https:\/\/insektenliebe.com\/de\/shop\/produkt\/afrikanische-rosenkaefer\/#primaryimage"},"thumbnailUrl":"https:\/\/insektenliebe.com\/wp-content\/uploads\/2025\/11\/Afrikanische-Rosenkaefer.jpg","datePublished":"2024-11-08T15:29:36+00:00","dateModified":"2026-02-12T22:44:21+00:00","description":"Viele Terrarianer kennen sie nur als Futtertiere: die Larven der Rosenk\u00e4fer. Dabei sind diese wundersch\u00f6nen Insekten ihrerseits faszinierend.","breadcrumb":{"@id":"https:\/\/insektenliebe.com\/de\/shop\/produkt\/afrikanische-rosenkaefer\/#breadcrumb"},"inLanguage":"de","potentialAction":[{"@type":"ReadAction","target":["https:\/\/insektenliebe.com\/de\/shop\/produkt\/afrikanische-rosenkaefer\/"]}]},{"@type":"ImageObject","inLanguage":"de","@id":"https:\/\/insektenliebe.com\/de\/shop\/produkt\/afrikanische-rosenkaefer\/#primaryimage","url":"https:\/\/insektenliebe.com\/wp-content\/uploads\/2025\/11\/Afrikanische-Rosenkaefer.jpg","contentUrl":"https:\/\/insektenliebe.com\/wp-content\/uploads\/2025\/11\/Afrikanische-Rosenkaefer.jpg","width":820,"height":820,"caption":"Afrikanische Rosenka\u0308fer"},{"@type":"BreadcrumbList","@id":"https:\/\/insektenliebe.com\/de\/shop\/produkt\/afrikanische-rosenkaefer\/#breadcrumb","itemListElement":[{"@type":"ListItem","position":1,"name":"Startseite","item":"https:\/\/insektenliebe.com\/de\/"},{"@type":"ListItem","position":2,"name":"Shop","item":"https:\/\/insektenliebe.com\/de\/shop\/"},{"@type":"ListItem","position":3,"name":"Afrikanische Rosenk\u00e4fer"}]},{"@type":"WebSite","@id":"https:\/\/insektenliebe.com\/de\/#website","url":"https:\/\/insektenliebe.com\/de\/","name":"Insektenliebe","description":"Dein Zuhause f\u00fcr die kleinen Lebewesen","publisher":{"@id":"https:\/\/insektenliebe.com\/de\/#organization"},"potentialAction":[{"@type":"SearchAction","target":{"@type":"EntryPoint","urlTemplate":"https:\/\/insektenliebe.com\/de\/?s={search_term_string}"},"query-input":{"@type":"PropertyValueSpecification","valueRequired":true,"valueName":"search_term_string"}}],"inLanguage":"de"},{"@type":"Organization","@id":"https:\/\/insektenliebe.com\/de\/#organization","name":"Insektenliebe","url":"https:\/\/insektenliebe.com\/de\/","logo":{"@type":"ImageObject","inLanguage":"de","@id":"https:\/\/insektenliebe.com\/de\/#\/schema\/logo\/image\/","url":"https:\/\/insektenliebe.com\/wp-content\/uploads\/2025\/03\/logo-white.png","contentUrl":"https:\/\/insektenliebe.com\/wp-content\/uploads\/2025\/03\/logo-white.png","width":288,"height":188,"caption":"Insektenliebe"},"image":{"@id":"https:\/\/insektenliebe.com\/de\/#\/schema\/logo\/image\/"}}]}},"_links":{"self":[{"href":"https:\/\/insektenliebe.com\/de\/wp-json\/wp\/v2\/product\/164248","targetHints":{"allow":["GET"]}}],"collection":[{"href":"https:\/\/insektenliebe.com\/de\/wp-json\/wp\/v2\/product"}],"about":[{"href":"https:\/\/insektenliebe.com\/de\/wp-json\/wp\/v2\/types\/product"}],"wp:featuredmedia":[{"embeddable":true,"href":"https:\/\/insektenliebe.com\/de\/wp-json\/wp\/v2\/media\/164249"}],"wp:attachment":[{"href":"https:\/\/insektenliebe.com\/de\/wp-json\/wp\/v2\/media?parent=164248"}],"wp:term":[{"taxonomy":"product-supplier","embeddable":true,"href":"https:\/\/insektenliebe.com\/de\/wp-json\/wp\/v2\/product-supplier?post=164248"},{"taxonomy":"product_brand","embeddable":true,"href":"https:\/\/insektenliebe.com\/de\/wp-json\/wp\/v2\/product_brand?post=164248"},{"taxonomy":"product_cat","embeddable":true,"href":"https:\/\/insektenliebe.com\/de\/wp-json\/wp\/v2\/product_cat?post=164248"},{"taxonomy":"product_tag","embeddable":true,"href":"https:\/\/insektenliebe.com\/de\/wp-json\/wp\/v2\/product_tag?post=164248"},{"taxonomy":"lce-checkout-addons","embeddable":true,"href":"https:\/\/insektenliebe.com\/de\/wp-json\/wp\/v2\/lce-checkout-addons?post=164248"}],"curies":[{"name":"wp","href":"https:\/\/api.w.org\/{rel}","templated":true}]}}