{"id":164119,"date":"2025-11-07T16:53:28","date_gmt":"2025-11-07T15:53:28","guid":{"rendered":"https:\/\/insektenliebe.com\/?post_type=product&#038;p=164119"},"modified":"2026-03-17T00:56:53","modified_gmt":"2026-03-16T23:56:53","slug":"neoholothele-incei","status":"publish","type":"product","link":"https:\/\/insektenliebe.com\/de\/shop\/produkt\/neoholothele-incei\/","title":{"rendered":"Neoholothele incei"},"content":{"rendered":"<h3 class=\"p1\"><span style=\"color: #99cc33;\"><strong><span class=\"s1\">Neoholothele incei \u2013 Die soziale Zwergvogelspinne aus Venezuela<\/span><\/strong><\/span><\/h3>\n<p class=\"p1\"><span class=\"s1\"><strong>Neoholothele incei<\/strong> ist eine kleine, aber \u00e4u\u00dferst faszinierende Vogelspinne aus den tropischen Regionen Venezuelas. Mit einer K\u00f6rpergr\u00f6\u00dfe von nur etwa 3\u20134 cm z\u00e4hlt sie zu den Zwergvogelspinnen, begeistert aber durch ein beeindruckend komplexes Verhalten, ihre Aktivit\u00e4t und \u2013 je nach Zuchtform \u2013 durch ihre wundersch\u00f6ne goldene oder olivbraune F\u00e4rbung mit kontrastreichen Zeichnungen.<\/span><\/p>\n<p class=\"p1\"><span class=\"s1\">Das Besondere an dieser Art ist ihre ausgepr\u00e4gte Sozialvertr\u00e4glichkeit: Anders als viele andere Vogelspinnenarten l\u00e4sst sich <strong>Neoholothele incei<\/strong> in Gruppen halten \u2013 ein echtes Highlight f\u00fcr alle, die gerne nat\u00fcrliche Kolonien beobachten. Bei ausreichend Platz, guter Strukturierung und ausreichender F\u00fctterung leben die Tiere weitgehend friedlich zusammen und bauen dabei ein dichtes Netz aus G\u00e4ngen, H\u00f6hlen und Spinnkammern. Das komplexe Gespinst, das sich nach kurzer Zeit im ganzen Terrarium ausbreitet, wirkt wie ein organisches Kunstwerk und ist ein spannendes Beispiel f\u00fcr die Baukunst dieser Spinnen.<\/span><\/p>\n<p class=\"p1\"><span class=\"s1\">F\u00fcr die Haltung eignet sich ein eher feuchtes Setup mit guter Bel\u00fcftung, etwa bei 70\u201380 % Luftfeuchtigkeit und Temperaturen zwischen 24\u201328 \u00b0C. Ein lockeres Substrat, wie unser bew\u00e4hrter Waldhumus, erm\u00f6glicht das Graben von R\u00f6hren und bietet eine gute Grundlage f\u00fcr die Netzstruktur. Die Tiere f\u00fchlen sich mit Moos, Laub, Rinde und ausreichend Versteckm\u00f6glichkeiten besonders wohl. In der Gruppenhaltung empfiehlt es sich, Tiere gleicher Gr\u00f6\u00dfe zusammenzuf\u00fchren und eine m\u00f6glichst strukturreiche Umgebung zu schaffen, um Kannibalismus vorzubeugen \u2013 besonders bei der gemeinsamen Aufzucht von Jungtieren aus einem Kokon ist dies aber meist kein Problem.<\/span><\/p>\n<p class=\"p1\"><span class=\"s1\"><strong>Neoholothele incei<\/strong> frisst kleine Futtertiere wie Mikroheimchen, Drosophila oder sp\u00e4ter auch kleine Schaben. Dank ihres guten Appetits und schnellen Wachstums ist die Art auch f\u00fcr Anf\u00e4nger:innen geeignet, die sich mit Koloniehaltung vertraut machen m\u00f6chten. Sie zeigt sich oft und ist sowohl am Tag als auch in der D\u00e4mmerung aktiv \u2013 ein sch\u00f6ner Vorteil f\u00fcr alle, die ihre Tiere gerne beobachten.<\/span><\/p>\n<p class=\"p1\"><span class=\"s1\"><strong>Neoholothele incei<\/strong> ist damit eine ungew\u00f6hnlich soziale und spannende Vogelspinnenart, die durch Gruppendynamik, Aktivit\u00e4t und Netzeindruck fasziniert \u2013 ideal f\u00fcr alle, die einmal ein etwas anderes Spinnenerlebnis suchen.<\/span><\/p>\n","protected":false},"excerpt":{"rendered":"<p>Neoholothele incei \u2013 Die soziale Zwergvogelspinne aus Venezuela Neoholothele incei ist eine kleine, aber \u00e4u\u00dferst faszinierende Vogelspinne aus den tropischen Regionen Venezuelas. Mit einer K\u00f6rpergr\u00f6\u00dfe von nur etwa 3\u20134 cm z\u00e4hlt sie zu den Zwergvogelspinnen, begeistert aber durch ein beeindruckend komplexes Verhalten, ihre Aktivit\u00e4t und \u2013 je nach Zuchtform \u2013 durch ihre wundersch\u00f6ne goldene oder [&hellip;]<\/p>\n","protected":false},"featured_media":164122,"template":"","meta":{"_acf_changed":false},"product-supplier":[],"product_brand":[],"product_cat":[48],"product_tag":[],"lce-checkout-addons":[1202],"class_list":{"0":"post-164119","1":"product","2":"type-product","3":"status-publish","4":"has-post-thumbnail","6":"product_cat-vogelspinnen","7":"product_shipping_class-animal-shipping","8":"pa_geschlecht-maennlich","9":"pa_geschlecht-unbestimmt","10":"pa_geschlecht-weiblich","11":"pa_herkunft-venezuela","12":"pa_kontinent-suedamerika","13":"lce-checkout-addons-winterverpackung","15":"first","16":"instock","17":"taxable","18":"shipping-taxable","19":"purchasable","20":"product-type-variable"},"acf":[],"yoast_head":"<!-- This site is optimized with the Yoast SEO plugin v27.3 - https:\/\/yoast.com\/product\/yoast-seo-wordpress\/ -->\n<title>Neoholothele incei - Insektenliebe<\/title>\n<meta name=\"description\" content=\"Neoholothele incei \u2013 die soziale Zwergvogelspinne aus Venezuela. Ideal f\u00fcr Gruppenhaltung, aktiv, friedlich &amp; perfekt f\u00fcr spannende Terrarienbeobachtungen.\" \/>\n<meta name=\"robots\" content=\"index, follow, max-snippet:-1, max-image-preview:large, max-video-preview:-1\" \/>\n<link rel=\"canonical\" href=\"https:\/\/insektenliebe.com\/de\/shop\/produkt\/neoholothele-incei\/\" \/>\n<meta property=\"og:locale\" content=\"de_DE\" \/>\n<meta property=\"og:type\" content=\"article\" \/>\n<meta property=\"og:title\" content=\"Neoholothele incei - Insektenliebe\" \/>\n<meta property=\"og:description\" content=\"Neoholothele incei \u2013 die soziale Zwergvogelspinne aus Venezuela. Ideal f\u00fcr Gruppenhaltung, aktiv, friedlich &amp; perfekt f\u00fcr spannende Terrarienbeobachtungen.\" \/>\n<meta property=\"og:url\" content=\"https:\/\/insektenliebe.com\/de\/shop\/produkt\/neoholothele-incei\/\" \/>\n<meta property=\"og:site_name\" content=\"Insektenliebe\" \/>\n<meta property=\"article:modified_time\" content=\"2026-03-16T23:56:53+00:00\" \/>\n<meta property=\"og:image\" content=\"https:\/\/insektenliebe.com\/wp-content\/uploads\/2025\/11\/Neoholothele-incei.jpg\" \/>\n\t<meta property=\"og:image:width\" content=\"820\" \/>\n\t<meta property=\"og:image:height\" content=\"820\" \/>\n\t<meta property=\"og:image:type\" content=\"image\/jpeg\" \/>\n<meta name=\"twitter:card\" content=\"summary_large_image\" \/>\n<meta name=\"twitter:label1\" content=\"Gesch\u00e4tzte Lesezeit\" \/>\n\t<meta name=\"twitter:data1\" content=\"2\u00a0Minuten\" \/>\n<script type=\"application\/ld+json\" class=\"yoast-schema-graph\">{\"@context\":\"https:\\\/\\\/schema.org\",\"@graph\":[{\"@type\":\"WebPage\",\"@id\":\"https:\\\/\\\/insektenliebe.com\\\/de\\\/shop\\\/produkt\\\/neoholothele-incei\\\/\",\"url\":\"https:\\\/\\\/insektenliebe.com\\\/de\\\/shop\\\/produkt\\\/neoholothele-incei\\\/\",\"name\":\"Neoholothele incei - Insektenliebe\",\"isPartOf\":{\"@id\":\"https:\\\/\\\/insektenliebe.com\\\/de\\\/#website\"},\"primaryImageOfPage\":{\"@id\":\"https:\\\/\\\/insektenliebe.com\\\/de\\\/shop\\\/produkt\\\/neoholothele-incei\\\/#primaryimage\"},\"image\":{\"@id\":\"https:\\\/\\\/insektenliebe.com\\\/de\\\/shop\\\/produkt\\\/neoholothele-incei\\\/#primaryimage\"},\"thumbnailUrl\":\"https:\\\/\\\/insektenliebe.com\\\/wp-content\\\/uploads\\\/2025\\\/11\\\/Neoholothele-incei.jpg\",\"datePublished\":\"2025-11-07T15:53:28+00:00\",\"dateModified\":\"2026-03-16T23:56:53+00:00\",\"description\":\"Neoholothele incei \u2013 die soziale Zwergvogelspinne aus Venezuela. Ideal f\u00fcr Gruppenhaltung, aktiv, friedlich & perfekt f\u00fcr spannende Terrarienbeobachtungen.\",\"breadcrumb\":{\"@id\":\"https:\\\/\\\/insektenliebe.com\\\/de\\\/shop\\\/produkt\\\/neoholothele-incei\\\/#breadcrumb\"},\"inLanguage\":\"de\",\"potentialAction\":[{\"@type\":\"ReadAction\",\"target\":[\"https:\\\/\\\/insektenliebe.com\\\/de\\\/shop\\\/produkt\\\/neoholothele-incei\\\/\"]}]},{\"@type\":\"ImageObject\",\"inLanguage\":\"de\",\"@id\":\"https:\\\/\\\/insektenliebe.com\\\/de\\\/shop\\\/produkt\\\/neoholothele-incei\\\/#primaryimage\",\"url\":\"https:\\\/\\\/insektenliebe.com\\\/wp-content\\\/uploads\\\/2025\\\/11\\\/Neoholothele-incei.jpg\",\"contentUrl\":\"https:\\\/\\\/insektenliebe.com\\\/wp-content\\\/uploads\\\/2025\\\/11\\\/Neoholothele-incei.jpg\",\"width\":820,\"height\":820,\"caption\":\"Neoholothele incei\"},{\"@type\":\"BreadcrumbList\",\"@id\":\"https:\\\/\\\/insektenliebe.com\\\/de\\\/shop\\\/produkt\\\/neoholothele-incei\\\/#breadcrumb\",\"itemListElement\":[{\"@type\":\"ListItem\",\"position\":1,\"name\":\"Startseite\",\"item\":\"https:\\\/\\\/insektenliebe.com\\\/de\\\/\"},{\"@type\":\"ListItem\",\"position\":2,\"name\":\"Shop\",\"item\":\"https:\\\/\\\/insektenliebe.com\\\/de\\\/shop\\\/\"},{\"@type\":\"ListItem\",\"position\":3,\"name\":\"Neoholothele incei\"}]},{\"@type\":\"WebSite\",\"@id\":\"https:\\\/\\\/insektenliebe.com\\\/de\\\/#website\",\"url\":\"https:\\\/\\\/insektenliebe.com\\\/de\\\/\",\"name\":\"Insektenliebe\",\"description\":\"Dein Zuhause f\u00fcr die kleinen Lebewesen\",\"publisher\":{\"@id\":\"https:\\\/\\\/insektenliebe.com\\\/de\\\/#organization\"},\"potentialAction\":[{\"@type\":\"SearchAction\",\"target\":{\"@type\":\"EntryPoint\",\"urlTemplate\":\"https:\\\/\\\/insektenliebe.com\\\/de\\\/?s={search_term_string}\"},\"query-input\":{\"@type\":\"PropertyValueSpecification\",\"valueRequired\":true,\"valueName\":\"search_term_string\"}}],\"inLanguage\":\"de\"},{\"@type\":\"Organization\",\"@id\":\"https:\\\/\\\/insektenliebe.com\\\/de\\\/#organization\",\"name\":\"Insektenliebe\",\"url\":\"https:\\\/\\\/insektenliebe.com\\\/de\\\/\",\"logo\":{\"@type\":\"ImageObject\",\"inLanguage\":\"de\",\"@id\":\"https:\\\/\\\/insektenliebe.com\\\/de\\\/#\\\/schema\\\/logo\\\/image\\\/\",\"url\":\"https:\\\/\\\/insektenliebe.com\\\/wp-content\\\/uploads\\\/2025\\\/03\\\/logo-white.png\",\"contentUrl\":\"https:\\\/\\\/insektenliebe.com\\\/wp-content\\\/uploads\\\/2025\\\/03\\\/logo-white.png\",\"width\":288,\"height\":188,\"caption\":\"Insektenliebe\"},\"image\":{\"@id\":\"https:\\\/\\\/insektenliebe.com\\\/de\\\/#\\\/schema\\\/logo\\\/image\\\/\"}}]}<\/script>\n<!-- \/ Yoast SEO plugin. -->","yoast_head_json":{"title":"Neoholothele incei - Insektenliebe","description":"Neoholothele incei \u2013 die soziale Zwergvogelspinne aus Venezuela. Ideal f\u00fcr Gruppenhaltung, aktiv, friedlich & perfekt f\u00fcr spannende Terrarienbeobachtungen.","robots":{"index":"index","follow":"follow","max-snippet":"max-snippet:-1","max-image-preview":"max-image-preview:large","max-video-preview":"max-video-preview:-1"},"canonical":"https:\/\/insektenliebe.com\/de\/shop\/produkt\/neoholothele-incei\/","og_locale":"de_DE","og_type":"article","og_title":"Neoholothele incei - Insektenliebe","og_description":"Neoholothele incei \u2013 die soziale Zwergvogelspinne aus Venezuela. Ideal f\u00fcr Gruppenhaltung, aktiv, friedlich & perfekt f\u00fcr spannende Terrarienbeobachtungen.","og_url":"https:\/\/insektenliebe.com\/de\/shop\/produkt\/neoholothele-incei\/","og_site_name":"Insektenliebe","article_modified_time":"2026-03-16T23:56:53+00:00","og_image":[{"width":820,"height":820,"url":"https:\/\/insektenliebe.com\/wp-content\/uploads\/2025\/11\/Neoholothele-incei.jpg","type":"image\/jpeg"}],"twitter_card":"summary_large_image","twitter_misc":{"Gesch\u00e4tzte Lesezeit":"2\u00a0Minuten"},"schema":{"@context":"https:\/\/schema.org","@graph":[{"@type":"WebPage","@id":"https:\/\/insektenliebe.com\/de\/shop\/produkt\/neoholothele-incei\/","url":"https:\/\/insektenliebe.com\/de\/shop\/produkt\/neoholothele-incei\/","name":"Neoholothele incei - Insektenliebe","isPartOf":{"@id":"https:\/\/insektenliebe.com\/de\/#website"},"primaryImageOfPage":{"@id":"https:\/\/insektenliebe.com\/de\/shop\/produkt\/neoholothele-incei\/#primaryimage"},"image":{"@id":"https:\/\/insektenliebe.com\/de\/shop\/produkt\/neoholothele-incei\/#primaryimage"},"thumbnailUrl":"https:\/\/insektenliebe.com\/wp-content\/uploads\/2025\/11\/Neoholothele-incei.jpg","datePublished":"2025-11-07T15:53:28+00:00","dateModified":"2026-03-16T23:56:53+00:00","description":"Neoholothele incei \u2013 die soziale Zwergvogelspinne aus Venezuela. Ideal f\u00fcr Gruppenhaltung, aktiv, friedlich & perfekt f\u00fcr spannende Terrarienbeobachtungen.","breadcrumb":{"@id":"https:\/\/insektenliebe.com\/de\/shop\/produkt\/neoholothele-incei\/#breadcrumb"},"inLanguage":"de","potentialAction":[{"@type":"ReadAction","target":["https:\/\/insektenliebe.com\/de\/shop\/produkt\/neoholothele-incei\/"]}]},{"@type":"ImageObject","inLanguage":"de","@id":"https:\/\/insektenliebe.com\/de\/shop\/produkt\/neoholothele-incei\/#primaryimage","url":"https:\/\/insektenliebe.com\/wp-content\/uploads\/2025\/11\/Neoholothele-incei.jpg","contentUrl":"https:\/\/insektenliebe.com\/wp-content\/uploads\/2025\/11\/Neoholothele-incei.jpg","width":820,"height":820,"caption":"Neoholothele incei"},{"@type":"BreadcrumbList","@id":"https:\/\/insektenliebe.com\/de\/shop\/produkt\/neoholothele-incei\/#breadcrumb","itemListElement":[{"@type":"ListItem","position":1,"name":"Startseite","item":"https:\/\/insektenliebe.com\/de\/"},{"@type":"ListItem","position":2,"name":"Shop","item":"https:\/\/insektenliebe.com\/de\/shop\/"},{"@type":"ListItem","position":3,"name":"Neoholothele incei"}]},{"@type":"WebSite","@id":"https:\/\/insektenliebe.com\/de\/#website","url":"https:\/\/insektenliebe.com\/de\/","name":"Insektenliebe","description":"Dein Zuhause f\u00fcr die kleinen Lebewesen","publisher":{"@id":"https:\/\/insektenliebe.com\/de\/#organization"},"potentialAction":[{"@type":"SearchAction","target":{"@type":"EntryPoint","urlTemplate":"https:\/\/insektenliebe.com\/de\/?s={search_term_string}"},"query-input":{"@type":"PropertyValueSpecification","valueRequired":true,"valueName":"search_term_string"}}],"inLanguage":"de"},{"@type":"Organization","@id":"https:\/\/insektenliebe.com\/de\/#organization","name":"Insektenliebe","url":"https:\/\/insektenliebe.com\/de\/","logo":{"@type":"ImageObject","inLanguage":"de","@id":"https:\/\/insektenliebe.com\/de\/#\/schema\/logo\/image\/","url":"https:\/\/insektenliebe.com\/wp-content\/uploads\/2025\/03\/logo-white.png","contentUrl":"https:\/\/insektenliebe.com\/wp-content\/uploads\/2025\/03\/logo-white.png","width":288,"height":188,"caption":"Insektenliebe"},"image":{"@id":"https:\/\/insektenliebe.com\/de\/#\/schema\/logo\/image\/"}}]}},"_links":{"self":[{"href":"https:\/\/insektenliebe.com\/de\/wp-json\/wp\/v2\/product\/164119","targetHints":{"allow":["GET"]}}],"collection":[{"href":"https:\/\/insektenliebe.com\/de\/wp-json\/wp\/v2\/product"}],"about":[{"href":"https:\/\/insektenliebe.com\/de\/wp-json\/wp\/v2\/types\/product"}],"wp:featuredmedia":[{"embeddable":true,"href":"https:\/\/insektenliebe.com\/de\/wp-json\/wp\/v2\/media\/164122"}],"wp:attachment":[{"href":"https:\/\/insektenliebe.com\/de\/wp-json\/wp\/v2\/media?parent=164119"}],"wp:term":[{"taxonomy":"product-supplier","embeddable":true,"href":"https:\/\/insektenliebe.com\/de\/wp-json\/wp\/v2\/product-supplier?post=164119"},{"taxonomy":"product_brand","embeddable":true,"href":"https:\/\/insektenliebe.com\/de\/wp-json\/wp\/v2\/product_brand?post=164119"},{"taxonomy":"product_cat","embeddable":true,"href":"https:\/\/insektenliebe.com\/de\/wp-json\/wp\/v2\/product_cat?post=164119"},{"taxonomy":"product_tag","embeddable":true,"href":"https:\/\/insektenliebe.com\/de\/wp-json\/wp\/v2\/product_tag?post=164119"},{"taxonomy":"lce-checkout-addons","embeddable":true,"href":"https:\/\/insektenliebe.com\/de\/wp-json\/wp\/v2\/lce-checkout-addons?post=164119"}],"curies":[{"name":"wp","href":"https:\/\/api.w.org\/{rel}","templated":true}]}}