{"id":162678,"date":"2025-10-29T16:25:29","date_gmt":"2025-10-29T15:25:29","guid":{"rendered":"https:\/\/insektenliebe.com\/?post_type=product&#038;p=162678"},"modified":"2026-04-12T19:13:50","modified_gmt":"2026-04-12T17:13:50","slug":"cubaris-spec-cherry-blossom","status":"publish","type":"product","link":"https:\/\/insektenliebe.com\/de\/shop\/produkt\/cubaris-spec-cherry-blossom\/","title":{"rendered":"Cubaris spec. \"Cherry Blossom\""},"content":{"rendered":"<h3 class=\"p1\"><span style=\"color: #99cc33;\"><strong><span class=\"s1\">Pink im Terrarium: Diese Assel ist ein echtes Highlight<\/span><\/strong><\/span><\/h3>\n<p class=\"p1\"><strong><span class=\"s1\">Cubaris spec. \u201cCherry Blossom\u201d<\/span><\/strong><span class=\"s2\"> ist eine Asselart, die nicht nur durch ihre zarte Erscheinung begeistert, sondern auch durch ihren nat\u00fcrlichen Ursprung. Die sanft rosafarbene Grundf\u00e4rbung mit hellen Akzenten ist kein Ergebnis gezielter Zucht, sondern genau so in der Natur zu finden. Ihre zierliche Sch\u00f6nheit erinnert an fallende Kirschbl\u00fcten \u2013 und genau das macht sie so besonders.<\/span><\/p>\n<p class=\"p1\"><span class=\"s2\">Im Verhalten zeigt sich die <strong>Cherry Blossom<\/strong> eher ruhig, aber keineswegs scheu. Besonders nach dem Spr\u00fchen oder in den Abendstunden kommt Bewegung in die Gruppe. Wer geduldig beobachtet, wird mit faszinierenden Einblicken belohnt: kleine soziale Interaktionen, langsame Erkundungstouren und das typische Rollen zur Tarnung oder Verteidigung.<\/span><\/p>\n<p class=\"p1\"><span class=\"s2\">In der Haltung zeigt sich, dass sie ein wenig mehr Aufmerksamkeit verlangt als robuste Arten. Ein gleichm\u00e4\u00dfig feuchtes Klima mit hoher Luftfeuchtigkeit, stabile Temperaturen und eine abwechslungsreiche Bodenschicht mit viel nat\u00fcrlichem Material sind entscheidend. Laub, wei\u00dffaules Holz, Moos und versteckte R\u00fcckzugsorte sorgen nicht nur f\u00fcr Sicherheit, sondern auch f\u00fcr ein stabiles Mikroklima, in dem sich die Tiere wohlf\u00fchlen. Kalkhaltige Bestandteile wie zerriebene Sepiaschale oder Kalksteine sind wichtig f\u00fcr die H\u00e4utung und den gesunden Panzeraufbau.<\/span><\/p>\n<p class=\"p1\"><span class=\"s1\">Die <\/span><strong><span class=\"s2\">Cubaris spec. \u201cCherry Blossom\u201d<\/span><\/strong><span class=\"s1\"> ben\u00f6tigt eine konstant hohe Luftfeuchtigkeit von etwa 75 bis 85\u202f%. Besonders nach dem Spr\u00fchen werden die Tiere aktiv. Wichtig ist, dass es nie zu nass wird \u2013 ein feuchtwarmes Klima ohne Staun\u00e4sse sorgt f\u00fcr Wohlbefinden und gesunde H\u00e4utungen. Wer regelm\u00e4\u00dfig spr\u00fcht und das Mikroklima stabil h\u00e4lt, schafft die besten Voraussetzungen f\u00fcr eine erfolgreiche Haltung.<\/span><\/p>\n<p class=\"p1\"><span class=\"s2\">Diese Cubaris-Art ist ideal f\u00fcr Halter:innen, die nicht nur funktionale Bodenbewohner f\u00fcr ihre Bio-Setups suchen, sondern auch Wert auf \u00c4sthetik, Nat\u00fcrlichkeit und ein ruhiges, aber interessantes Verhalten legen. Die Zucht gelingt bei passenden Bedingungen zuverl\u00e4ssig, wodurch sich nach und nach eine stabile, kleine Kolonie entwickelt \u2013 ein lebendiger, sanfter Akzent im Terrarium, der nie aufdringlich wirkt, aber immer fasziniert.<\/span><\/p>\n<p class=\"p1\"><span class=\"s2\"><strong>Cubaris spec. \u201eCherry Blossom\u201c<\/strong> ist damit eine wunderbare Wahl f\u00fcr Liebhaber:innen seltener Isopodenarten. Ihre nat\u00fcrliche Sch\u00f6nheit, das sanfte Verhalten und ihre urspr\u00fcngliche Herkunft machen sie zu einem echten Highlight in jeder Sammlung.<\/span><\/p>\n","protected":false},"excerpt":{"rendered":"<p>Pink im Terrarium: Diese Assel ist ein echtes Highlight Cubaris spec. \u201cCherry Blossom\u201d ist eine Asselart, die nicht nur durch ihre zarte Erscheinung begeistert, sondern auch durch ihren nat\u00fcrlichen Ursprung. Die sanft rosafarbene Grundf\u00e4rbung mit hellen Akzenten ist kein Ergebnis gezielter Zucht, sondern genau so in der Natur zu finden. Ihre zierliche Sch\u00f6nheit erinnert an [&hellip;]<\/p>\n","protected":false},"featured_media":162687,"template":"","meta":{"_acf_changed":false},"product-supplier":[],"product_brand":[],"product_cat":[142],"product_tag":[],"lce-checkout-addons":[1202],"class_list":{"0":"post-162678","1":"product","2":"type-product","3":"status-publish","4":"has-post-thumbnail","6":"product_cat-tropische-farbasseln-cubaris","7":"product_shipping_class-animal-shipping","8":"pa_herkunft-thailand","9":"pa_kontinent-asien","10":"lce-checkout-addons-winterverpackung","12":"first","13":"instock","14":"sale","15":"taxable","16":"shipping-taxable","17":"purchasable","18":"product-type-simple"},"acf":[],"yoast_head":"<!-- This site is optimized with the Yoast SEO plugin v27.3 - https:\/\/yoast.com\/product\/yoast-seo-wordpress\/ -->\n<title>Cubaris spec. &quot;Cherry Blossom&quot; - Insektenliebe<\/title>\n<meta name=\"description\" content=\"Cubaris \u201eCherry Blossom\u201c online kaufen \u2013 seltene rosa Isopoden mit nat\u00fcrlicher F\u00e4rbung. Ideal f\u00fcr bioaktive Terrarien und Sammler:innen!\" \/>\n<meta name=\"robots\" content=\"index, follow, max-snippet:-1, max-image-preview:large, max-video-preview:-1\" \/>\n<link rel=\"canonical\" href=\"https:\/\/insektenliebe.com\/de\/shop\/produkt\/cubaris-spec-cherry-blossom\/\" \/>\n<meta property=\"og:locale\" content=\"de_DE\" \/>\n<meta property=\"og:type\" content=\"article\" \/>\n<meta property=\"og:title\" content=\"Cubaris spec. &quot;Cherry Blossom&quot; - Insektenliebe\" \/>\n<meta property=\"og:description\" content=\"Cubaris \u201eCherry Blossom\u201c online kaufen \u2013 seltene rosa Isopoden mit nat\u00fcrlicher F\u00e4rbung. Ideal f\u00fcr bioaktive Terrarien und Sammler:innen!\" \/>\n<meta property=\"og:url\" content=\"https:\/\/insektenliebe.com\/de\/shop\/produkt\/cubaris-spec-cherry-blossom\/\" \/>\n<meta property=\"og:site_name\" content=\"Insektenliebe\" \/>\n<meta property=\"article:modified_time\" content=\"2026-04-12T17:13:50+00:00\" \/>\n<meta property=\"og:image\" content=\"https:\/\/insektenliebe.com\/wp-content\/uploads\/2025\/10\/Cubaris-spec.-22Cherry-Blossom22-Bewegung.jpg\" \/>\n\t<meta property=\"og:image:width\" content=\"820\" \/>\n\t<meta property=\"og:image:height\" content=\"820\" \/>\n\t<meta property=\"og:image:type\" content=\"image\/jpeg\" \/>\n<meta name=\"twitter:card\" content=\"summary_large_image\" \/>\n<meta name=\"twitter:label1\" content=\"Gesch\u00e4tzte Lesezeit\" \/>\n\t<meta name=\"twitter:data1\" content=\"3\u00a0Minuten\" \/>\n<script type=\"application\/ld+json\" class=\"yoast-schema-graph\">{\"@context\":\"https:\\\/\\\/schema.org\",\"@graph\":[{\"@type\":\"WebPage\",\"@id\":\"https:\\\/\\\/insektenliebe.com\\\/de\\\/shop\\\/produkt\\\/cubaris-spec-cherry-blossom\\\/\",\"url\":\"https:\\\/\\\/insektenliebe.com\\\/de\\\/shop\\\/produkt\\\/cubaris-spec-cherry-blossom\\\/\",\"name\":\"Cubaris spec. \\\"Cherry Blossom\\\" - Insektenliebe\",\"isPartOf\":{\"@id\":\"https:\\\/\\\/insektenliebe.com\\\/de\\\/#website\"},\"primaryImageOfPage\":{\"@id\":\"https:\\\/\\\/insektenliebe.com\\\/de\\\/shop\\\/produkt\\\/cubaris-spec-cherry-blossom\\\/#primaryimage\"},\"image\":{\"@id\":\"https:\\\/\\\/insektenliebe.com\\\/de\\\/shop\\\/produkt\\\/cubaris-spec-cherry-blossom\\\/#primaryimage\"},\"thumbnailUrl\":\"https:\\\/\\\/insektenliebe.com\\\/wp-content\\\/uploads\\\/2025\\\/10\\\/Cubaris-spec.-22Cherry-Blossom22-Bewegung.jpg\",\"datePublished\":\"2025-10-29T15:25:29+00:00\",\"dateModified\":\"2026-04-12T17:13:50+00:00\",\"description\":\"Cubaris \u201eCherry Blossom\u201c online kaufen \u2013 seltene rosa Isopoden mit nat\u00fcrlicher F\u00e4rbung. Ideal f\u00fcr bioaktive Terrarien und Sammler:innen!\",\"breadcrumb\":{\"@id\":\"https:\\\/\\\/insektenliebe.com\\\/de\\\/shop\\\/produkt\\\/cubaris-spec-cherry-blossom\\\/#breadcrumb\"},\"inLanguage\":\"de\",\"potentialAction\":[{\"@type\":\"ReadAction\",\"target\":[\"https:\\\/\\\/insektenliebe.com\\\/de\\\/shop\\\/produkt\\\/cubaris-spec-cherry-blossom\\\/\"]}]},{\"@type\":\"ImageObject\",\"inLanguage\":\"de\",\"@id\":\"https:\\\/\\\/insektenliebe.com\\\/de\\\/shop\\\/produkt\\\/cubaris-spec-cherry-blossom\\\/#primaryimage\",\"url\":\"https:\\\/\\\/insektenliebe.com\\\/wp-content\\\/uploads\\\/2025\\\/10\\\/Cubaris-spec.-22Cherry-Blossom22-Bewegung.jpg\",\"contentUrl\":\"https:\\\/\\\/insektenliebe.com\\\/wp-content\\\/uploads\\\/2025\\\/10\\\/Cubaris-spec.-22Cherry-Blossom22-Bewegung.jpg\",\"width\":820,\"height\":820,\"caption\":\"Cubaris spec. \\\"Cherry Blossom\\\"-Bewegung\"},{\"@type\":\"BreadcrumbList\",\"@id\":\"https:\\\/\\\/insektenliebe.com\\\/de\\\/shop\\\/produkt\\\/cubaris-spec-cherry-blossom\\\/#breadcrumb\",\"itemListElement\":[{\"@type\":\"ListItem\",\"position\":1,\"name\":\"Startseite\",\"item\":\"https:\\\/\\\/insektenliebe.com\\\/de\\\/\"},{\"@type\":\"ListItem\",\"position\":2,\"name\":\"Shop\",\"item\":\"https:\\\/\\\/insektenliebe.com\\\/de\\\/shop\\\/\"},{\"@type\":\"ListItem\",\"position\":3,\"name\":\"Cubaris spec. \\\"Cherry Blossom\\\"\"}]},{\"@type\":\"WebSite\",\"@id\":\"https:\\\/\\\/insektenliebe.com\\\/de\\\/#website\",\"url\":\"https:\\\/\\\/insektenliebe.com\\\/de\\\/\",\"name\":\"Insektenliebe\",\"description\":\"Dein Zuhause f\u00fcr die kleinen Lebewesen\",\"publisher\":{\"@id\":\"https:\\\/\\\/insektenliebe.com\\\/de\\\/#organization\"},\"potentialAction\":[{\"@type\":\"SearchAction\",\"target\":{\"@type\":\"EntryPoint\",\"urlTemplate\":\"https:\\\/\\\/insektenliebe.com\\\/de\\\/?s={search_term_string}\"},\"query-input\":{\"@type\":\"PropertyValueSpecification\",\"valueRequired\":true,\"valueName\":\"search_term_string\"}}],\"inLanguage\":\"de\"},{\"@type\":\"Organization\",\"@id\":\"https:\\\/\\\/insektenliebe.com\\\/de\\\/#organization\",\"name\":\"Insektenliebe\",\"url\":\"https:\\\/\\\/insektenliebe.com\\\/de\\\/\",\"logo\":{\"@type\":\"ImageObject\",\"inLanguage\":\"de\",\"@id\":\"https:\\\/\\\/insektenliebe.com\\\/de\\\/#\\\/schema\\\/logo\\\/image\\\/\",\"url\":\"https:\\\/\\\/insektenliebe.com\\\/wp-content\\\/uploads\\\/2025\\\/03\\\/logo-white.png\",\"contentUrl\":\"https:\\\/\\\/insektenliebe.com\\\/wp-content\\\/uploads\\\/2025\\\/03\\\/logo-white.png\",\"width\":288,\"height\":188,\"caption\":\"Insektenliebe\"},\"image\":{\"@id\":\"https:\\\/\\\/insektenliebe.com\\\/de\\\/#\\\/schema\\\/logo\\\/image\\\/\"}}]}<\/script>\n<!-- \/ Yoast SEO plugin. -->","yoast_head_json":{"title":"Cubaris spec. \"Cherry Blossom\" - Insektenliebe","description":"Cubaris \u201eCherry Blossom\u201c online kaufen \u2013 seltene rosa Isopoden mit nat\u00fcrlicher F\u00e4rbung. Ideal f\u00fcr bioaktive Terrarien und Sammler:innen!","robots":{"index":"index","follow":"follow","max-snippet":"max-snippet:-1","max-image-preview":"max-image-preview:large","max-video-preview":"max-video-preview:-1"},"canonical":"https:\/\/insektenliebe.com\/de\/shop\/produkt\/cubaris-spec-cherry-blossom\/","og_locale":"de_DE","og_type":"article","og_title":"Cubaris spec. \"Cherry Blossom\" - Insektenliebe","og_description":"Cubaris \u201eCherry Blossom\u201c online kaufen \u2013 seltene rosa Isopoden mit nat\u00fcrlicher F\u00e4rbung. Ideal f\u00fcr bioaktive Terrarien und Sammler:innen!","og_url":"https:\/\/insektenliebe.com\/de\/shop\/produkt\/cubaris-spec-cherry-blossom\/","og_site_name":"Insektenliebe","article_modified_time":"2026-04-12T17:13:50+00:00","og_image":[{"width":820,"height":820,"url":"https:\/\/insektenliebe.com\/wp-content\/uploads\/2025\/10\/Cubaris-spec.-22Cherry-Blossom22-Bewegung.jpg","type":"image\/jpeg"}],"twitter_card":"summary_large_image","twitter_misc":{"Gesch\u00e4tzte Lesezeit":"3\u00a0Minuten"},"schema":{"@context":"https:\/\/schema.org","@graph":[{"@type":"WebPage","@id":"https:\/\/insektenliebe.com\/de\/shop\/produkt\/cubaris-spec-cherry-blossom\/","url":"https:\/\/insektenliebe.com\/de\/shop\/produkt\/cubaris-spec-cherry-blossom\/","name":"Cubaris spec. \"Cherry Blossom\" - Insektenliebe","isPartOf":{"@id":"https:\/\/insektenliebe.com\/de\/#website"},"primaryImageOfPage":{"@id":"https:\/\/insektenliebe.com\/de\/shop\/produkt\/cubaris-spec-cherry-blossom\/#primaryimage"},"image":{"@id":"https:\/\/insektenliebe.com\/de\/shop\/produkt\/cubaris-spec-cherry-blossom\/#primaryimage"},"thumbnailUrl":"https:\/\/insektenliebe.com\/wp-content\/uploads\/2025\/10\/Cubaris-spec.-22Cherry-Blossom22-Bewegung.jpg","datePublished":"2025-10-29T15:25:29+00:00","dateModified":"2026-04-12T17:13:50+00:00","description":"Cubaris \u201eCherry Blossom\u201c online kaufen \u2013 seltene rosa Isopoden mit nat\u00fcrlicher F\u00e4rbung. Ideal f\u00fcr bioaktive Terrarien und Sammler:innen!","breadcrumb":{"@id":"https:\/\/insektenliebe.com\/de\/shop\/produkt\/cubaris-spec-cherry-blossom\/#breadcrumb"},"inLanguage":"de","potentialAction":[{"@type":"ReadAction","target":["https:\/\/insektenliebe.com\/de\/shop\/produkt\/cubaris-spec-cherry-blossom\/"]}]},{"@type":"ImageObject","inLanguage":"de","@id":"https:\/\/insektenliebe.com\/de\/shop\/produkt\/cubaris-spec-cherry-blossom\/#primaryimage","url":"https:\/\/insektenliebe.com\/wp-content\/uploads\/2025\/10\/Cubaris-spec.-22Cherry-Blossom22-Bewegung.jpg","contentUrl":"https:\/\/insektenliebe.com\/wp-content\/uploads\/2025\/10\/Cubaris-spec.-22Cherry-Blossom22-Bewegung.jpg","width":820,"height":820,"caption":"Cubaris spec. \"Cherry Blossom\"-Bewegung"},{"@type":"BreadcrumbList","@id":"https:\/\/insektenliebe.com\/de\/shop\/produkt\/cubaris-spec-cherry-blossom\/#breadcrumb","itemListElement":[{"@type":"ListItem","position":1,"name":"Startseite","item":"https:\/\/insektenliebe.com\/de\/"},{"@type":"ListItem","position":2,"name":"Shop","item":"https:\/\/insektenliebe.com\/de\/shop\/"},{"@type":"ListItem","position":3,"name":"Cubaris spec. \"Cherry Blossom\""}]},{"@type":"WebSite","@id":"https:\/\/insektenliebe.com\/de\/#website","url":"https:\/\/insektenliebe.com\/de\/","name":"Insektenliebe","description":"Dein Zuhause f\u00fcr die kleinen Lebewesen","publisher":{"@id":"https:\/\/insektenliebe.com\/de\/#organization"},"potentialAction":[{"@type":"SearchAction","target":{"@type":"EntryPoint","urlTemplate":"https:\/\/insektenliebe.com\/de\/?s={search_term_string}"},"query-input":{"@type":"PropertyValueSpecification","valueRequired":true,"valueName":"search_term_string"}}],"inLanguage":"de"},{"@type":"Organization","@id":"https:\/\/insektenliebe.com\/de\/#organization","name":"Insektenliebe","url":"https:\/\/insektenliebe.com\/de\/","logo":{"@type":"ImageObject","inLanguage":"de","@id":"https:\/\/insektenliebe.com\/de\/#\/schema\/logo\/image\/","url":"https:\/\/insektenliebe.com\/wp-content\/uploads\/2025\/03\/logo-white.png","contentUrl":"https:\/\/insektenliebe.com\/wp-content\/uploads\/2025\/03\/logo-white.png","width":288,"height":188,"caption":"Insektenliebe"},"image":{"@id":"https:\/\/insektenliebe.com\/de\/#\/schema\/logo\/image\/"}}]}},"_links":{"self":[{"href":"https:\/\/insektenliebe.com\/de\/wp-json\/wp\/v2\/product\/162678","targetHints":{"allow":["GET"]}}],"collection":[{"href":"https:\/\/insektenliebe.com\/de\/wp-json\/wp\/v2\/product"}],"about":[{"href":"https:\/\/insektenliebe.com\/de\/wp-json\/wp\/v2\/types\/product"}],"wp:featuredmedia":[{"embeddable":true,"href":"https:\/\/insektenliebe.com\/de\/wp-json\/wp\/v2\/media\/162687"}],"wp:attachment":[{"href":"https:\/\/insektenliebe.com\/de\/wp-json\/wp\/v2\/media?parent=162678"}],"wp:term":[{"taxonomy":"product-supplier","embeddable":true,"href":"https:\/\/insektenliebe.com\/de\/wp-json\/wp\/v2\/product-supplier?post=162678"},{"taxonomy":"product_brand","embeddable":true,"href":"https:\/\/insektenliebe.com\/de\/wp-json\/wp\/v2\/product_brand?post=162678"},{"taxonomy":"product_cat","embeddable":true,"href":"https:\/\/insektenliebe.com\/de\/wp-json\/wp\/v2\/product_cat?post=162678"},{"taxonomy":"product_tag","embeddable":true,"href":"https:\/\/insektenliebe.com\/de\/wp-json\/wp\/v2\/product_tag?post=162678"},{"taxonomy":"lce-checkout-addons","embeddable":true,"href":"https:\/\/insektenliebe.com\/de\/wp-json\/wp\/v2\/lce-checkout-addons?post=162678"}],"curies":[{"name":"wp","href":"https:\/\/api.w.org\/{rel}","templated":true}]}}