{"id":162662,"date":"2025-10-29T15:40:52","date_gmt":"2025-10-29T14:40:52","guid":{"rendered":"https:\/\/insektenliebe.com\/?post_type=product&#038;p=162662"},"modified":"2026-03-22T23:26:21","modified_gmt":"2026-03-22T22:26:21","slug":"armadillo-officinalis-tamarix","status":"publish","type":"product","link":"https:\/\/insektenliebe.com\/de\/shop\/produkt\/armadillo-officinalis-tamarix\/","title":{"rendered":"Armadillo officinalis \"Tamarix\""},"content":{"rendered":"<h3 class=\"p1\"><span style=\"color: #99cc33;\"><strong><span class=\"s1\">Wildform mit Eleganz: Armadillo officinalis \u201eTamarix\u201c f\u00fcrs Terrarium<\/span><\/strong><\/span><\/h3>\n<p class=\"p1\"><span class=\"s1\">Diese wundersch\u00f6ne Assel ist keine Zuchtform oder gezielte Farbmorph \u2013 <\/span><strong><span class=\"s2\">Armadillo officinalis<\/span><\/strong><span class=\"s1\"><strong> \u201eTamarix\u201c<\/strong> kommt mit genau diesem Farbton in der Natur vor. Die Tiere stammen aus einem Tamariskengebiet im Mittelmeerraum und zeigen eine einzigartige, helle Grundf\u00e4rbung mit dunkler B\u00e4nderung. Ihr Erscheinungsbild wirkt elegant \u2013 ein toller Kontrast zu den oft dunkleren Vertretern ihrer Art.<\/span><\/p>\n<p class=\"p1\"><span class=\"s1\">Wie alle <\/span><span class=\"s2\">Armadillo officinalis<\/span><span class=\"s1\"> sind auch die Tiere der Lokalform \u201eTamarix\u201c echte Spezialisten f\u00fcr w\u00e4rmere, eher trockene Lebensr\u00e4ume. In ihrer nat\u00fcrlichen Umgebung besiedeln sie trockene Laubw\u00e4lder, felsige K\u00fcstenzonen und lichte Geb\u00fcschbereiche \u2013 ideal also f\u00fcr mediterran gestaltete Terrarien mit einer gut durchl\u00fcfteten, trockenen Hauptzone und einem kleinen feuchten R\u00fcckzugsbereich.<\/span><\/p>\n<p class=\"p1\"><span class=\"s1\">Charakteristisch f\u00fcr diese Art ist ihr typisches Rollverhalten: Bei Gefahr rollen sich die Tiere zu einer perfekten Kugel zusammen. Dieses Verhalten ist nicht nur spannend zu beobachten, sondern bietet auch Schutz vor Fressfeinden \u2013 in freier Wildbahn wie auch im heimischen Terrarium.<\/span><\/p>\n<p class=\"p1\"><span class=\"s1\">Anders als viele Asselarten sind <\/span><span class=\"s2\">A. officinalis<\/span><span class=\"s1\"> nicht zwingend auf dauerhafte Feuchtigkeit angewiesen. Wichtig ist eine gute Struktur im Bodengrund, nat\u00fcrliche Materialien wie Korkrinde, Laub, Moose und ein ausgewogenes Klima mit regelm\u00e4\u00dfigem, aber nicht dauerhaft feuchtem Spr\u00fchnebel. Diese Art ist ideal f\u00fcr Hobbyist:innen, die ihre Terrarien bioaktiv und naturnah gestalten wollen \u2013 und dabei besonderen Wert auf authentische Wildformen legen.<\/span><\/p>\n<p class=\"p1\"><span class=\"s1\">Die <\/span><span class=\"s2\">Tamarix<\/span><span class=\"s1\">-Asseln sind vergleichsweise aktiv und k\u00f6nnen tags\u00fcber immer wieder beim Erkunden und Fressen beobachtet werden. Ihr ruhiges, aber neugieriges Verhalten macht sie zu einem idealen Pflegling \u2013 sowohl f\u00fcr Assel-Neulinge als auch f\u00fcr erfahrene Halter:innen, die Wert auf nat\u00fcrliche Formen und interessante Lokalvarianten legen.<\/span><\/p>\n","protected":false},"excerpt":{"rendered":"<p>Wildform mit Eleganz: Armadillo officinalis \u201eTamarix\u201c f\u00fcrs Terrarium Diese wundersch\u00f6ne Assel ist keine Zuchtform oder gezielte Farbmorph \u2013 Armadillo officinalis \u201eTamarix\u201c kommt mit genau diesem Farbton in der Natur vor. Die Tiere stammen aus einem Tamariskengebiet im Mittelmeerraum und zeigen eine einzigartige, helle Grundf\u00e4rbung mit dunkler B\u00e4nderung. Ihr Erscheinungsbild wirkt elegant \u2013 ein toller Kontrast [&hellip;]<\/p>\n","protected":false},"featured_media":162671,"template":"","meta":{"_acf_changed":false},"product-supplier":[],"product_brand":[],"product_cat":[125],"product_tag":[],"lce-checkout-addons":[1202],"class_list":{"0":"post-162662","1":"product","2":"type-product","3":"status-publish","4":"has-post-thumbnail","6":"product_cat-sonstige-asseln-merulanella-uvm","7":"product_shipping_class-animal-shipping","8":"pa_herkunft-spanien","9":"pa_kontinent-europa","10":"lce-checkout-addons-winterverpackung","12":"first","13":"instock","14":"taxable","15":"shipping-taxable","16":"purchasable","17":"product-type-simple"},"acf":[],"yoast_head":"<!-- This site is optimized with the Yoast SEO plugin v27.3 - https:\/\/yoast.com\/product\/yoast-seo-wordpress\/ -->\n<title>Armadillo officinalis &quot;Tamarix&quot; - Insektenliebe<\/title>\n<meta name=\"description\" content=\"Armadillo officinalis \u201eTamarix\u201c online kaufen \u2013 mediterrane Wildform mit heller Zeichnung, keine Farbmorph. Ideal f\u00fcr naturnahe Bio-Terrarien.\" \/>\n<meta name=\"robots\" content=\"index, follow, max-snippet:-1, max-image-preview:large, max-video-preview:-1\" \/>\n<link rel=\"canonical\" href=\"https:\/\/insektenliebe.com\/de\/shop\/produkt\/armadillo-officinalis-tamarix\/\" \/>\n<meta property=\"og:locale\" content=\"de_DE\" \/>\n<meta property=\"og:type\" content=\"article\" \/>\n<meta property=\"og:title\" content=\"Armadillo officinalis &quot;Tamarix&quot; - Insektenliebe\" \/>\n<meta property=\"og:description\" content=\"Armadillo officinalis \u201eTamarix\u201c online kaufen \u2013 mediterrane Wildform mit heller Zeichnung, keine Farbmorph. Ideal f\u00fcr naturnahe Bio-Terrarien.\" \/>\n<meta property=\"og:url\" content=\"https:\/\/insektenliebe.com\/de\/shop\/produkt\/armadillo-officinalis-tamarix\/\" \/>\n<meta property=\"og:site_name\" content=\"Insektenliebe\" \/>\n<meta property=\"article:modified_time\" content=\"2026-03-22T22:26:21+00:00\" \/>\n<meta property=\"og:image\" content=\"https:\/\/insektenliebe.com\/wp-content\/uploads\/2025\/10\/Armadillo-officinalis-22Tamarix22.jpg\" \/>\n\t<meta property=\"og:image:width\" content=\"820\" \/>\n\t<meta property=\"og:image:height\" content=\"820\" \/>\n\t<meta property=\"og:image:type\" content=\"image\/jpeg\" \/>\n<meta name=\"twitter:card\" content=\"summary_large_image\" \/>\n<meta name=\"twitter:label1\" content=\"Gesch\u00e4tzte Lesezeit\" \/>\n\t<meta name=\"twitter:data1\" content=\"2\u00a0Minuten\" \/>\n<script type=\"application\/ld+json\" class=\"yoast-schema-graph\">{\"@context\":\"https:\\\/\\\/schema.org\",\"@graph\":[{\"@type\":\"WebPage\",\"@id\":\"https:\\\/\\\/insektenliebe.com\\\/de\\\/shop\\\/produkt\\\/armadillo-officinalis-tamarix\\\/\",\"url\":\"https:\\\/\\\/insektenliebe.com\\\/de\\\/shop\\\/produkt\\\/armadillo-officinalis-tamarix\\\/\",\"name\":\"Armadillo officinalis \\\"Tamarix\\\" - Insektenliebe\",\"isPartOf\":{\"@id\":\"https:\\\/\\\/insektenliebe.com\\\/de\\\/#website\"},\"primaryImageOfPage\":{\"@id\":\"https:\\\/\\\/insektenliebe.com\\\/de\\\/shop\\\/produkt\\\/armadillo-officinalis-tamarix\\\/#primaryimage\"},\"image\":{\"@id\":\"https:\\\/\\\/insektenliebe.com\\\/de\\\/shop\\\/produkt\\\/armadillo-officinalis-tamarix\\\/#primaryimage\"},\"thumbnailUrl\":\"https:\\\/\\\/insektenliebe.com\\\/wp-content\\\/uploads\\\/2025\\\/10\\\/Armadillo-officinalis-22Tamarix22.jpg\",\"datePublished\":\"2025-10-29T14:40:52+00:00\",\"dateModified\":\"2026-03-22T22:26:21+00:00\",\"description\":\"Armadillo officinalis \u201eTamarix\u201c online kaufen \u2013 mediterrane Wildform mit heller Zeichnung, keine Farbmorph. Ideal f\u00fcr naturnahe Bio-Terrarien.\",\"breadcrumb\":{\"@id\":\"https:\\\/\\\/insektenliebe.com\\\/de\\\/shop\\\/produkt\\\/armadillo-officinalis-tamarix\\\/#breadcrumb\"},\"inLanguage\":\"de\",\"potentialAction\":[{\"@type\":\"ReadAction\",\"target\":[\"https:\\\/\\\/insektenliebe.com\\\/de\\\/shop\\\/produkt\\\/armadillo-officinalis-tamarix\\\/\"]}]},{\"@type\":\"ImageObject\",\"inLanguage\":\"de\",\"@id\":\"https:\\\/\\\/insektenliebe.com\\\/de\\\/shop\\\/produkt\\\/armadillo-officinalis-tamarix\\\/#primaryimage\",\"url\":\"https:\\\/\\\/insektenliebe.com\\\/wp-content\\\/uploads\\\/2025\\\/10\\\/Armadillo-officinalis-22Tamarix22.jpg\",\"contentUrl\":\"https:\\\/\\\/insektenliebe.com\\\/wp-content\\\/uploads\\\/2025\\\/10\\\/Armadillo-officinalis-22Tamarix22.jpg\",\"width\":820,\"height\":820,\"caption\":\"Armadillo officinalis \\\"Tamarix\\\"\"},{\"@type\":\"BreadcrumbList\",\"@id\":\"https:\\\/\\\/insektenliebe.com\\\/de\\\/shop\\\/produkt\\\/armadillo-officinalis-tamarix\\\/#breadcrumb\",\"itemListElement\":[{\"@type\":\"ListItem\",\"position\":1,\"name\":\"Startseite\",\"item\":\"https:\\\/\\\/insektenliebe.com\\\/de\\\/\"},{\"@type\":\"ListItem\",\"position\":2,\"name\":\"Shop\",\"item\":\"https:\\\/\\\/insektenliebe.com\\\/de\\\/shop\\\/\"},{\"@type\":\"ListItem\",\"position\":3,\"name\":\"Armadillo officinalis &#8222;Tamarix&#8220;\"}]},{\"@type\":\"WebSite\",\"@id\":\"https:\\\/\\\/insektenliebe.com\\\/de\\\/#website\",\"url\":\"https:\\\/\\\/insektenliebe.com\\\/de\\\/\",\"name\":\"Insektenliebe\",\"description\":\"Dein Zuhause f\u00fcr die kleinen Lebewesen\",\"publisher\":{\"@id\":\"https:\\\/\\\/insektenliebe.com\\\/de\\\/#organization\"},\"potentialAction\":[{\"@type\":\"SearchAction\",\"target\":{\"@type\":\"EntryPoint\",\"urlTemplate\":\"https:\\\/\\\/insektenliebe.com\\\/de\\\/?s={search_term_string}\"},\"query-input\":{\"@type\":\"PropertyValueSpecification\",\"valueRequired\":true,\"valueName\":\"search_term_string\"}}],\"inLanguage\":\"de\"},{\"@type\":\"Organization\",\"@id\":\"https:\\\/\\\/insektenliebe.com\\\/de\\\/#organization\",\"name\":\"Insektenliebe\",\"url\":\"https:\\\/\\\/insektenliebe.com\\\/de\\\/\",\"logo\":{\"@type\":\"ImageObject\",\"inLanguage\":\"de\",\"@id\":\"https:\\\/\\\/insektenliebe.com\\\/de\\\/#\\\/schema\\\/logo\\\/image\\\/\",\"url\":\"https:\\\/\\\/insektenliebe.com\\\/wp-content\\\/uploads\\\/2025\\\/03\\\/logo-white.png\",\"contentUrl\":\"https:\\\/\\\/insektenliebe.com\\\/wp-content\\\/uploads\\\/2025\\\/03\\\/logo-white.png\",\"width\":288,\"height\":188,\"caption\":\"Insektenliebe\"},\"image\":{\"@id\":\"https:\\\/\\\/insektenliebe.com\\\/de\\\/#\\\/schema\\\/logo\\\/image\\\/\"}}]}<\/script>\n<!-- \/ Yoast SEO plugin. -->","yoast_head_json":{"title":"Armadillo officinalis \"Tamarix\" - Insektenliebe","description":"Armadillo officinalis \u201eTamarix\u201c online kaufen \u2013 mediterrane Wildform mit heller Zeichnung, keine Farbmorph. Ideal f\u00fcr naturnahe Bio-Terrarien.","robots":{"index":"index","follow":"follow","max-snippet":"max-snippet:-1","max-image-preview":"max-image-preview:large","max-video-preview":"max-video-preview:-1"},"canonical":"https:\/\/insektenliebe.com\/de\/shop\/produkt\/armadillo-officinalis-tamarix\/","og_locale":"de_DE","og_type":"article","og_title":"Armadillo officinalis \"Tamarix\" - Insektenliebe","og_description":"Armadillo officinalis \u201eTamarix\u201c online kaufen \u2013 mediterrane Wildform mit heller Zeichnung, keine Farbmorph. Ideal f\u00fcr naturnahe Bio-Terrarien.","og_url":"https:\/\/insektenliebe.com\/de\/shop\/produkt\/armadillo-officinalis-tamarix\/","og_site_name":"Insektenliebe","article_modified_time":"2026-03-22T22:26:21+00:00","og_image":[{"width":820,"height":820,"url":"https:\/\/insektenliebe.com\/wp-content\/uploads\/2025\/10\/Armadillo-officinalis-22Tamarix22.jpg","type":"image\/jpeg"}],"twitter_card":"summary_large_image","twitter_misc":{"Gesch\u00e4tzte Lesezeit":"2\u00a0Minuten"},"schema":{"@context":"https:\/\/schema.org","@graph":[{"@type":"WebPage","@id":"https:\/\/insektenliebe.com\/de\/shop\/produkt\/armadillo-officinalis-tamarix\/","url":"https:\/\/insektenliebe.com\/de\/shop\/produkt\/armadillo-officinalis-tamarix\/","name":"Armadillo officinalis \"Tamarix\" - Insektenliebe","isPartOf":{"@id":"https:\/\/insektenliebe.com\/de\/#website"},"primaryImageOfPage":{"@id":"https:\/\/insektenliebe.com\/de\/shop\/produkt\/armadillo-officinalis-tamarix\/#primaryimage"},"image":{"@id":"https:\/\/insektenliebe.com\/de\/shop\/produkt\/armadillo-officinalis-tamarix\/#primaryimage"},"thumbnailUrl":"https:\/\/insektenliebe.com\/wp-content\/uploads\/2025\/10\/Armadillo-officinalis-22Tamarix22.jpg","datePublished":"2025-10-29T14:40:52+00:00","dateModified":"2026-03-22T22:26:21+00:00","description":"Armadillo officinalis \u201eTamarix\u201c online kaufen \u2013 mediterrane Wildform mit heller Zeichnung, keine Farbmorph. Ideal f\u00fcr naturnahe Bio-Terrarien.","breadcrumb":{"@id":"https:\/\/insektenliebe.com\/de\/shop\/produkt\/armadillo-officinalis-tamarix\/#breadcrumb"},"inLanguage":"de","potentialAction":[{"@type":"ReadAction","target":["https:\/\/insektenliebe.com\/de\/shop\/produkt\/armadillo-officinalis-tamarix\/"]}]},{"@type":"ImageObject","inLanguage":"de","@id":"https:\/\/insektenliebe.com\/de\/shop\/produkt\/armadillo-officinalis-tamarix\/#primaryimage","url":"https:\/\/insektenliebe.com\/wp-content\/uploads\/2025\/10\/Armadillo-officinalis-22Tamarix22.jpg","contentUrl":"https:\/\/insektenliebe.com\/wp-content\/uploads\/2025\/10\/Armadillo-officinalis-22Tamarix22.jpg","width":820,"height":820,"caption":"Armadillo officinalis \"Tamarix\""},{"@type":"BreadcrumbList","@id":"https:\/\/insektenliebe.com\/de\/shop\/produkt\/armadillo-officinalis-tamarix\/#breadcrumb","itemListElement":[{"@type":"ListItem","position":1,"name":"Startseite","item":"https:\/\/insektenliebe.com\/de\/"},{"@type":"ListItem","position":2,"name":"Shop","item":"https:\/\/insektenliebe.com\/de\/shop\/"},{"@type":"ListItem","position":3,"name":"Armadillo officinalis &#8222;Tamarix&#8220;"}]},{"@type":"WebSite","@id":"https:\/\/insektenliebe.com\/de\/#website","url":"https:\/\/insektenliebe.com\/de\/","name":"Insektenliebe","description":"Dein Zuhause f\u00fcr die kleinen Lebewesen","publisher":{"@id":"https:\/\/insektenliebe.com\/de\/#organization"},"potentialAction":[{"@type":"SearchAction","target":{"@type":"EntryPoint","urlTemplate":"https:\/\/insektenliebe.com\/de\/?s={search_term_string}"},"query-input":{"@type":"PropertyValueSpecification","valueRequired":true,"valueName":"search_term_string"}}],"inLanguage":"de"},{"@type":"Organization","@id":"https:\/\/insektenliebe.com\/de\/#organization","name":"Insektenliebe","url":"https:\/\/insektenliebe.com\/de\/","logo":{"@type":"ImageObject","inLanguage":"de","@id":"https:\/\/insektenliebe.com\/de\/#\/schema\/logo\/image\/","url":"https:\/\/insektenliebe.com\/wp-content\/uploads\/2025\/03\/logo-white.png","contentUrl":"https:\/\/insektenliebe.com\/wp-content\/uploads\/2025\/03\/logo-white.png","width":288,"height":188,"caption":"Insektenliebe"},"image":{"@id":"https:\/\/insektenliebe.com\/de\/#\/schema\/logo\/image\/"}}]}},"_links":{"self":[{"href":"https:\/\/insektenliebe.com\/de\/wp-json\/wp\/v2\/product\/162662","targetHints":{"allow":["GET"]}}],"collection":[{"href":"https:\/\/insektenliebe.com\/de\/wp-json\/wp\/v2\/product"}],"about":[{"href":"https:\/\/insektenliebe.com\/de\/wp-json\/wp\/v2\/types\/product"}],"wp:featuredmedia":[{"embeddable":true,"href":"https:\/\/insektenliebe.com\/de\/wp-json\/wp\/v2\/media\/162671"}],"wp:attachment":[{"href":"https:\/\/insektenliebe.com\/de\/wp-json\/wp\/v2\/media?parent=162662"}],"wp:term":[{"taxonomy":"product-supplier","embeddable":true,"href":"https:\/\/insektenliebe.com\/de\/wp-json\/wp\/v2\/product-supplier?post=162662"},{"taxonomy":"product_brand","embeddable":true,"href":"https:\/\/insektenliebe.com\/de\/wp-json\/wp\/v2\/product_brand?post=162662"},{"taxonomy":"product_cat","embeddable":true,"href":"https:\/\/insektenliebe.com\/de\/wp-json\/wp\/v2\/product_cat?post=162662"},{"taxonomy":"product_tag","embeddable":true,"href":"https:\/\/insektenliebe.com\/de\/wp-json\/wp\/v2\/product_tag?post=162662"},{"taxonomy":"lce-checkout-addons","embeddable":true,"href":"https:\/\/insektenliebe.com\/de\/wp-json\/wp\/v2\/lce-checkout-addons?post=162662"}],"curies":[{"name":"wp","href":"https:\/\/api.w.org\/{rel}","templated":true}]}}