{"id":162255,"date":"2025-10-26T16:28:34","date_gmt":"2025-10-26T15:28:34","guid":{"rendered":"https:\/\/insektenliebe.com\/?post_type=product&#038;p=162255"},"modified":"2026-04-01T19:23:07","modified_gmt":"2026-04-01T17:23:07","slug":"paraphidippus-basalis","status":"publish","type":"product","link":"https:\/\/insektenliebe.com\/de\/shop\/produkt\/paraphidippus-basalis\/","title":{"rendered":"Paraphidippus basalis"},"content":{"rendered":"<h3 class=\"p1\"><span style=\"color: #99cc33;\"><strong><span class=\"s1\">Paraphidippus basalis \u2013 Auff\u00e4llig, aktiv, absolut spannend<\/span><\/strong><\/span><\/h3>\n<p class=\"p1\"><span class=\"s1\">Du suchst eine au\u00dfergew\u00f6hnliche Springspinne? Dann ist <\/span><strong><span class=\"s2\">Paraphidippus basalis<\/span><\/strong><span class=\"s1\"> genau dein Tier! Diese Art stammt urspr\u00fcnglich aus den trockeneren Regionen in Nordmexiko \u2013 und bringt nicht nur Farbe, sondern auch Aktivit\u00e4t ins Terrarium.<\/span><\/p>\n<p class=\"p1\"><span class=\"s1\">Das auff\u00e4lligste Merkmal ist das orange-r\u00f6tliche Hinterleibsband mit der typischen schwarzen Zeichnung \u2013 viele sehen darin ein Smiley-Gesicht. Dieses Muster ist nicht nur h\u00fcbsch, sondern auch eine clevere Warnf\u00e4rbung in der Natur. Im direkten Vergleich wirkt <\/span><strong><span class=\"s2\">P. basalis<\/span><\/strong><span class=\"s1\"> kr\u00e4ftiger gebaut als viele andere Springspinnenarten, was ihr Auftreten noch charmanter macht.<\/span><\/p>\n<p class=\"p1\"><span class=\"s1\">Im Verhalten ist sie lebhaft, neugierig und oft gut sichtbar. Wie viele Vertreter der Gattung <\/span><span class=\"s2\">Paraphidippus<\/span><span class=\"s1\"> ist sie gerne unterwegs, erkundet aktiv ihre Umgebung und zeigt ein interessantes Jagdverhalten. Dank ihrer gro\u00dfen Augen ist sie ein aufmerksamer Beobachter \u2013 und f\u00fcr dich als Halter:in eine echte Freude beim Beobachten.<\/span><\/p>\n<p class=\"p1\"><span class=\"s1\">F\u00fcr die Haltung eignet sich ein gut strukturiertes Terrarium mit etwas H\u00f6he, da sie gerne erh\u00f6hte Punkte nutzt. Ein Format von <\/span><span class=\"s3\">20x20x30 cm oder gr\u00f6\u00dfer<\/span><span class=\"s1\"> ist ideal. Temperaturm\u00e4\u00dfig kommt sie gut mit <\/span><span class=\"s3\">27\u201330 \u00b0C<\/span><span class=\"s1\"> zurecht, nachts darf es abk\u00fchlen. Wichtig ist eine <\/span><span class=\"s3\">gute Bel\u00fcftung<\/span><span class=\"s1\"> und nur <\/span><span class=\"s3\">leichte Befeuchtung<\/span><span class=\"s1\"> \u2013 die Art stammt aus eher trockenen Gebieten und vertr\u00e4gt keine Staun\u00e4sse.<\/span><\/p>\n<p class=\"p1\"><span class=\"s1\">Als Einrichtung empfehlen wir Naturmaterialien wie d\u00fcnne \u00c4ste, Trockenpflanzen oder Moos. Eine Pflanze wie Tillandsien oder kleine Sukkulenten machen das Setup lebendiger und bieten zus\u00e4tzlich Struktur. Gef\u00fcttert wird mit Fliegen, kleinen Heimchen, Ofenfischchen oder Drosophila \u2013 <\/span><span class=\"s2\">Paraphidippus basalis<\/span><span class=\"s1\"> frisst sehr gierig und ist meist sofort bei der Sache.<\/span><\/p>\n<p class=\"p1\"><strong><span class=\"s2\">Paraphidippus basalis<\/span><\/strong><span class=\"s1\"> ist die perfekte Wahl f\u00fcr alle, die eine aktive, farbenfrohe und ungew\u00f6hnliche Springspinne suchen. Ihre Zeichnung, ihr Verhalten und ihr robuster Charakter machen sie zu einem echten Liebling im Hobby \u2013 ideal auch f\u00fcr Einsteiger:innen in die Springspinnenhaltung.<\/span><\/p>\n","protected":false},"excerpt":{"rendered":"<p>Paraphidippus basalis \u2013 Auff\u00e4llig, aktiv, absolut spannend Du suchst eine au\u00dfergew\u00f6hnliche Springspinne? Dann ist Paraphidippus basalis genau dein Tier! Diese Art stammt urspr\u00fcnglich aus den trockeneren Regionen in Nordmexiko \u2013 und bringt nicht nur Farbe, sondern auch Aktivit\u00e4t ins Terrarium. Das auff\u00e4lligste Merkmal ist das orange-r\u00f6tliche Hinterleibsband mit der typischen schwarzen Zeichnung \u2013 viele sehen [&hellip;]<\/p>\n","protected":false},"featured_media":162256,"template":"","meta":{"_acf_changed":false},"product-supplier":[],"product_brand":[],"product_cat":[49],"product_tag":[],"lce-checkout-addons":[1202],"class_list":{"0":"post-162255","1":"product","2":"type-product","3":"status-publish","4":"has-post-thumbnail","6":"product_cat-springspinnen","7":"product_shipping_class-animal-shipping","8":"pa_geschlecht-maennlich","9":"pa_geschlecht-unbestimmt","10":"pa_geschlecht-weiblich","11":"pa_herkunft-mexiko","12":"pa_kontinent-nordamerika","13":"lce-checkout-addons-winterverpackung","15":"first","16":"instock","17":"taxable","18":"shipping-taxable","19":"purchasable","20":"product-type-variable"},"acf":[],"yoast_head":"<!-- This site is optimized with the Yoast SEO plugin v27.3 - https:\/\/yoast.com\/product\/yoast-seo-wordpress\/ -->\n<title>Paraphidippus basalis - Insektenliebe<\/title>\n<meta name=\"description\" content=\"Paraphidippus basalis online kaufen \u2013 auff\u00e4llige Springspinne mit oranger Zeichnung, aktiv, neugierig &amp; ideal f\u00fcrs Terrarium.\" \/>\n<meta name=\"robots\" content=\"index, follow, max-snippet:-1, max-image-preview:large, max-video-preview:-1\" \/>\n<link rel=\"canonical\" href=\"https:\/\/insektenliebe.com\/de\/shop\/produkt\/paraphidippus-basalis\/\" \/>\n<meta property=\"og:locale\" content=\"de_DE\" \/>\n<meta property=\"og:type\" content=\"article\" \/>\n<meta property=\"og:title\" content=\"Paraphidippus basalis - Insektenliebe\" \/>\n<meta property=\"og:description\" content=\"Paraphidippus basalis online kaufen \u2013 auff\u00e4llige Springspinne mit oranger Zeichnung, aktiv, neugierig &amp; ideal f\u00fcrs Terrarium.\" \/>\n<meta property=\"og:url\" content=\"https:\/\/insektenliebe.com\/de\/shop\/produkt\/paraphidippus-basalis\/\" \/>\n<meta property=\"og:site_name\" content=\"Insektenliebe\" \/>\n<meta property=\"article:modified_time\" content=\"2026-04-01T17:23:07+00:00\" \/>\n<meta property=\"og:image\" content=\"https:\/\/insektenliebe.com\/wp-content\/uploads\/2025\/10\/Paraphidippus-basalis.jpg\" \/>\n\t<meta property=\"og:image:width\" content=\"820\" \/>\n\t<meta property=\"og:image:height\" content=\"820\" \/>\n\t<meta property=\"og:image:type\" content=\"image\/jpeg\" \/>\n<meta name=\"twitter:card\" content=\"summary_large_image\" \/>\n<meta name=\"twitter:label1\" content=\"Gesch\u00e4tzte Lesezeit\" \/>\n\t<meta name=\"twitter:data1\" content=\"2\u00a0Minuten\" \/>\n<script type=\"application\/ld+json\" class=\"yoast-schema-graph\">{\"@context\":\"https:\\\/\\\/schema.org\",\"@graph\":[{\"@type\":\"WebPage\",\"@id\":\"https:\\\/\\\/insektenliebe.com\\\/de\\\/shop\\\/produkt\\\/paraphidippus-basalis\\\/\",\"url\":\"https:\\\/\\\/insektenliebe.com\\\/de\\\/shop\\\/produkt\\\/paraphidippus-basalis\\\/\",\"name\":\"Paraphidippus basalis - Insektenliebe\",\"isPartOf\":{\"@id\":\"https:\\\/\\\/insektenliebe.com\\\/de\\\/#website\"},\"primaryImageOfPage\":{\"@id\":\"https:\\\/\\\/insektenliebe.com\\\/de\\\/shop\\\/produkt\\\/paraphidippus-basalis\\\/#primaryimage\"},\"image\":{\"@id\":\"https:\\\/\\\/insektenliebe.com\\\/de\\\/shop\\\/produkt\\\/paraphidippus-basalis\\\/#primaryimage\"},\"thumbnailUrl\":\"https:\\\/\\\/insektenliebe.com\\\/wp-content\\\/uploads\\\/2025\\\/10\\\/Paraphidippus-basalis.jpg\",\"datePublished\":\"2025-10-26T15:28:34+00:00\",\"dateModified\":\"2026-04-01T17:23:07+00:00\",\"description\":\"Paraphidippus basalis online kaufen \u2013 auff\u00e4llige Springspinne mit oranger Zeichnung, aktiv, neugierig & ideal f\u00fcrs Terrarium.\",\"breadcrumb\":{\"@id\":\"https:\\\/\\\/insektenliebe.com\\\/de\\\/shop\\\/produkt\\\/paraphidippus-basalis\\\/#breadcrumb\"},\"inLanguage\":\"de\",\"potentialAction\":[{\"@type\":\"ReadAction\",\"target\":[\"https:\\\/\\\/insektenliebe.com\\\/de\\\/shop\\\/produkt\\\/paraphidippus-basalis\\\/\"]}]},{\"@type\":\"ImageObject\",\"inLanguage\":\"de\",\"@id\":\"https:\\\/\\\/insektenliebe.com\\\/de\\\/shop\\\/produkt\\\/paraphidippus-basalis\\\/#primaryimage\",\"url\":\"https:\\\/\\\/insektenliebe.com\\\/wp-content\\\/uploads\\\/2025\\\/10\\\/Paraphidippus-basalis.jpg\",\"contentUrl\":\"https:\\\/\\\/insektenliebe.com\\\/wp-content\\\/uploads\\\/2025\\\/10\\\/Paraphidippus-basalis.jpg\",\"width\":820,\"height\":820,\"caption\":\"Paraphidippus basalis\"},{\"@type\":\"BreadcrumbList\",\"@id\":\"https:\\\/\\\/insektenliebe.com\\\/de\\\/shop\\\/produkt\\\/paraphidippus-basalis\\\/#breadcrumb\",\"itemListElement\":[{\"@type\":\"ListItem\",\"position\":1,\"name\":\"Startseite\",\"item\":\"https:\\\/\\\/insektenliebe.com\\\/de\\\/\"},{\"@type\":\"ListItem\",\"position\":2,\"name\":\"Shop\",\"item\":\"https:\\\/\\\/insektenliebe.com\\\/de\\\/shop\\\/\"},{\"@type\":\"ListItem\",\"position\":3,\"name\":\"Paraphidippus basalis\"}]},{\"@type\":\"WebSite\",\"@id\":\"https:\\\/\\\/insektenliebe.com\\\/de\\\/#website\",\"url\":\"https:\\\/\\\/insektenliebe.com\\\/de\\\/\",\"name\":\"Insektenliebe\",\"description\":\"Dein Zuhause f\u00fcr die kleinen Lebewesen\",\"publisher\":{\"@id\":\"https:\\\/\\\/insektenliebe.com\\\/de\\\/#organization\"},\"potentialAction\":[{\"@type\":\"SearchAction\",\"target\":{\"@type\":\"EntryPoint\",\"urlTemplate\":\"https:\\\/\\\/insektenliebe.com\\\/de\\\/?s={search_term_string}\"},\"query-input\":{\"@type\":\"PropertyValueSpecification\",\"valueRequired\":true,\"valueName\":\"search_term_string\"}}],\"inLanguage\":\"de\"},{\"@type\":\"Organization\",\"@id\":\"https:\\\/\\\/insektenliebe.com\\\/de\\\/#organization\",\"name\":\"Insektenliebe\",\"url\":\"https:\\\/\\\/insektenliebe.com\\\/de\\\/\",\"logo\":{\"@type\":\"ImageObject\",\"inLanguage\":\"de\",\"@id\":\"https:\\\/\\\/insektenliebe.com\\\/de\\\/#\\\/schema\\\/logo\\\/image\\\/\",\"url\":\"https:\\\/\\\/insektenliebe.com\\\/wp-content\\\/uploads\\\/2025\\\/03\\\/logo-white.png\",\"contentUrl\":\"https:\\\/\\\/insektenliebe.com\\\/wp-content\\\/uploads\\\/2025\\\/03\\\/logo-white.png\",\"width\":288,\"height\":188,\"caption\":\"Insektenliebe\"},\"image\":{\"@id\":\"https:\\\/\\\/insektenliebe.com\\\/de\\\/#\\\/schema\\\/logo\\\/image\\\/\"}}]}<\/script>\n<!-- \/ Yoast SEO plugin. -->","yoast_head_json":{"title":"Paraphidippus basalis - Insektenliebe","description":"Paraphidippus basalis online kaufen \u2013 auff\u00e4llige Springspinne mit oranger Zeichnung, aktiv, neugierig & ideal f\u00fcrs Terrarium.","robots":{"index":"index","follow":"follow","max-snippet":"max-snippet:-1","max-image-preview":"max-image-preview:large","max-video-preview":"max-video-preview:-1"},"canonical":"https:\/\/insektenliebe.com\/de\/shop\/produkt\/paraphidippus-basalis\/","og_locale":"de_DE","og_type":"article","og_title":"Paraphidippus basalis - Insektenliebe","og_description":"Paraphidippus basalis online kaufen \u2013 auff\u00e4llige Springspinne mit oranger Zeichnung, aktiv, neugierig & ideal f\u00fcrs Terrarium.","og_url":"https:\/\/insektenliebe.com\/de\/shop\/produkt\/paraphidippus-basalis\/","og_site_name":"Insektenliebe","article_modified_time":"2026-04-01T17:23:07+00:00","og_image":[{"width":820,"height":820,"url":"https:\/\/insektenliebe.com\/wp-content\/uploads\/2025\/10\/Paraphidippus-basalis.jpg","type":"image\/jpeg"}],"twitter_card":"summary_large_image","twitter_misc":{"Gesch\u00e4tzte Lesezeit":"2\u00a0Minuten"},"schema":{"@context":"https:\/\/schema.org","@graph":[{"@type":"WebPage","@id":"https:\/\/insektenliebe.com\/de\/shop\/produkt\/paraphidippus-basalis\/","url":"https:\/\/insektenliebe.com\/de\/shop\/produkt\/paraphidippus-basalis\/","name":"Paraphidippus basalis - Insektenliebe","isPartOf":{"@id":"https:\/\/insektenliebe.com\/de\/#website"},"primaryImageOfPage":{"@id":"https:\/\/insektenliebe.com\/de\/shop\/produkt\/paraphidippus-basalis\/#primaryimage"},"image":{"@id":"https:\/\/insektenliebe.com\/de\/shop\/produkt\/paraphidippus-basalis\/#primaryimage"},"thumbnailUrl":"https:\/\/insektenliebe.com\/wp-content\/uploads\/2025\/10\/Paraphidippus-basalis.jpg","datePublished":"2025-10-26T15:28:34+00:00","dateModified":"2026-04-01T17:23:07+00:00","description":"Paraphidippus basalis online kaufen \u2013 auff\u00e4llige Springspinne mit oranger Zeichnung, aktiv, neugierig & ideal f\u00fcrs Terrarium.","breadcrumb":{"@id":"https:\/\/insektenliebe.com\/de\/shop\/produkt\/paraphidippus-basalis\/#breadcrumb"},"inLanguage":"de","potentialAction":[{"@type":"ReadAction","target":["https:\/\/insektenliebe.com\/de\/shop\/produkt\/paraphidippus-basalis\/"]}]},{"@type":"ImageObject","inLanguage":"de","@id":"https:\/\/insektenliebe.com\/de\/shop\/produkt\/paraphidippus-basalis\/#primaryimage","url":"https:\/\/insektenliebe.com\/wp-content\/uploads\/2025\/10\/Paraphidippus-basalis.jpg","contentUrl":"https:\/\/insektenliebe.com\/wp-content\/uploads\/2025\/10\/Paraphidippus-basalis.jpg","width":820,"height":820,"caption":"Paraphidippus basalis"},{"@type":"BreadcrumbList","@id":"https:\/\/insektenliebe.com\/de\/shop\/produkt\/paraphidippus-basalis\/#breadcrumb","itemListElement":[{"@type":"ListItem","position":1,"name":"Startseite","item":"https:\/\/insektenliebe.com\/de\/"},{"@type":"ListItem","position":2,"name":"Shop","item":"https:\/\/insektenliebe.com\/de\/shop\/"},{"@type":"ListItem","position":3,"name":"Paraphidippus basalis"}]},{"@type":"WebSite","@id":"https:\/\/insektenliebe.com\/de\/#website","url":"https:\/\/insektenliebe.com\/de\/","name":"Insektenliebe","description":"Dein Zuhause f\u00fcr die kleinen Lebewesen","publisher":{"@id":"https:\/\/insektenliebe.com\/de\/#organization"},"potentialAction":[{"@type":"SearchAction","target":{"@type":"EntryPoint","urlTemplate":"https:\/\/insektenliebe.com\/de\/?s={search_term_string}"},"query-input":{"@type":"PropertyValueSpecification","valueRequired":true,"valueName":"search_term_string"}}],"inLanguage":"de"},{"@type":"Organization","@id":"https:\/\/insektenliebe.com\/de\/#organization","name":"Insektenliebe","url":"https:\/\/insektenliebe.com\/de\/","logo":{"@type":"ImageObject","inLanguage":"de","@id":"https:\/\/insektenliebe.com\/de\/#\/schema\/logo\/image\/","url":"https:\/\/insektenliebe.com\/wp-content\/uploads\/2025\/03\/logo-white.png","contentUrl":"https:\/\/insektenliebe.com\/wp-content\/uploads\/2025\/03\/logo-white.png","width":288,"height":188,"caption":"Insektenliebe"},"image":{"@id":"https:\/\/insektenliebe.com\/de\/#\/schema\/logo\/image\/"}}]}},"_links":{"self":[{"href":"https:\/\/insektenliebe.com\/de\/wp-json\/wp\/v2\/product\/162255","targetHints":{"allow":["GET"]}}],"collection":[{"href":"https:\/\/insektenliebe.com\/de\/wp-json\/wp\/v2\/product"}],"about":[{"href":"https:\/\/insektenliebe.com\/de\/wp-json\/wp\/v2\/types\/product"}],"wp:featuredmedia":[{"embeddable":true,"href":"https:\/\/insektenliebe.com\/de\/wp-json\/wp\/v2\/media\/162256"}],"wp:attachment":[{"href":"https:\/\/insektenliebe.com\/de\/wp-json\/wp\/v2\/media?parent=162255"}],"wp:term":[{"taxonomy":"product-supplier","embeddable":true,"href":"https:\/\/insektenliebe.com\/de\/wp-json\/wp\/v2\/product-supplier?post=162255"},{"taxonomy":"product_brand","embeddable":true,"href":"https:\/\/insektenliebe.com\/de\/wp-json\/wp\/v2\/product_brand?post=162255"},{"taxonomy":"product_cat","embeddable":true,"href":"https:\/\/insektenliebe.com\/de\/wp-json\/wp\/v2\/product_cat?post=162255"},{"taxonomy":"product_tag","embeddable":true,"href":"https:\/\/insektenliebe.com\/de\/wp-json\/wp\/v2\/product_tag?post=162255"},{"taxonomy":"lce-checkout-addons","embeddable":true,"href":"https:\/\/insektenliebe.com\/de\/wp-json\/wp\/v2\/lce-checkout-addons?post=162255"}],"curies":[{"name":"wp","href":"https:\/\/api.w.org\/{rel}","templated":true}]}}