{"id":161901,"date":"2025-10-23T18:35:00","date_gmt":"2025-10-23T16:35:00","guid":{"rendered":"https:\/\/insektenliebe.com\/?post_type=product&#038;p=161901"},"modified":"2026-03-31T13:01:56","modified_gmt":"2026-03-31T11:01:56","slug":"black-spider-wurzel","status":"publish","type":"product","link":"https:\/\/insektenliebe.com\/de\/shop\/produkt\/black-spider-wurzel\/","title":{"rendered":"Black Spider Wurzel"},"content":{"rendered":"<h3 class=\"p1\"><span style=\"color: #99cc33\"><strong><span class=\"s1\">Schwarze Wurzelstruktur f\u00fcr moosige Setups &amp; Bioaktive Becken<\/span><\/strong><\/span><\/h3>\n<p class=\"p1\"><span class=\"s1\">Du suchst etwas Dunkles, Wildes f\u00fcrs Terrarium, das mehr kann als nur gut aussehen? Dann ist die <\/span><strong><span class=\"s2\">Black Spider Wurzel<\/span><\/strong><span class=\"s1\"> genau das Richtige. Ihre langen, feinen Verzweigungen erinnern an Spinnenbeine \u2013 bizarr, faszinierend und einfach perfekt f\u00fcr Terrarien mit Charakter. Jede Wurzel ist ein echtes Unikat mit ganz eigener Form, kein St\u00fcck gleicht dem anderen.<\/span><\/p>\n<p class=\"p1\"><span class=\"s1\">Was sie so besonders macht: Sie ist nicht nur Deko, sondern ein echter Spielplatz f\u00fcr deine Tiere. <\/span><span class=\"s2\">Springspinnen, Vogelspinnen, Geckos, Gottesanbeterinnen, Skorpione oder Asseln<\/span><span class=\"s1\"> \u2013 sie alle nutzen die Wurzel gern zum Klettern, Verstecken oder einfach als erh\u00f6hte Beobachtungsplattform. Wer ein bisschen mehr Leben ins Setup bringen will, macht mit dieser Wurzel alles richtig.<\/span><\/p>\n<p class=\"p1\"><span class=\"s1\">Und auch Pflanzenfreunde kommen auf ihre Kosten: Die Black Spider Wurzel l\u00e4sst sich richtig sch\u00f6n mit <\/span><span class=\"s2\">Moosen oder kleinen Aufsitzerpflanzen<\/span><span class=\"s1\"> wie Tillandsien oder Bromelien kombinieren. In tropischen Setups w\u00e4chst sie mit \u2013 nach ein paar Wochen setzen sich Biofilm, Moos oder Flechten an, was die Wurzel noch nat\u00fcrlicher wirken l\u00e4sst.<\/span><\/p>\n<p class=\"p1\"><span class=\"s1\">Du kannst sie liegend, aufrecht oder schr\u00e4g ins Layout einbauen \u2013 durch ihre Form passt sie in hohe oder flache Becken, in dichte Setups oder als Solo-Hingucker in minimalistische Schaubecken. Besonders cool wirkt sie \u00fcbrigens mit kr\u00e4ftigem Pflanzengr\u00fcn im Hintergrund.<\/span><\/p>\n<p class=\"p1\"><span class=\"s1\">Ob als dekoratives Zentrum oder als nat\u00fcrlicher Kletterplatz \u2013 die <\/span><strong><span class=\"s2\">Black Spider Wurzel<\/span><\/strong><span class=\"s1\"> ist ein echter Stimmungsmacher. Sie bringt Tiefe, Struktur und Kontrast in dein Terrarium und macht es ein St\u00fcck lebendiger.<\/span><\/p>\n<p class=\"p1\"><span class=\"s1\">Dunkel, verwinkelt, nat\u00fcrlich \u2013 die Black Spider Wurzel ist nicht nur ein Hingucker, sondern ein Erlebnis f\u00fcr Tiere und Halter:innen. Genau das, was ein gutes Terrarium ausmacht.<\/span><\/p>\n","protected":false},"excerpt":{"rendered":"<p>Schwarze Wurzelstruktur f\u00fcr moosige Setups &amp; Bioaktive Becken Du suchst etwas Dunkles, Wildes f\u00fcrs Terrarium, das mehr kann als nur gut aussehen? Dann ist die Black Spider Wurzel genau das Richtige. Ihre langen, feinen Verzweigungen erinnern an Spinnenbeine \u2013 bizarr, faszinierend und einfach perfekt f\u00fcr Terrarien mit Charakter. Jede Wurzel ist ein echtes Unikat mit [&hellip;]<\/p>\n","protected":false},"featured_media":161960,"template":"","meta":{"_acf_changed":false},"product-supplier":[2685],"product_brand":[],"product_cat":[253],"product_tag":[],"lce-checkout-addons":[],"class_list":{"0":"post-161901","1":"product","2":"type-product","3":"status-publish","4":"has-post-thumbnail","6":"product_cat-einrichtung-dekoration","7":"product_shipping_class-equipment-shipping","9":"first","10":"instock","11":"taxable","12":"shipping-taxable","13":"purchasable","14":"product-type-variable"},"acf":[],"yoast_head":"<!-- This site is optimized with the Yoast SEO plugin v27.3 - https:\/\/yoast.com\/product\/yoast-seo-wordpress\/ -->\n<title>Black Spider Wurzel - Insektenliebe<\/title>\n<meta name=\"description\" content=\"Black Spider Wurzel online kaufen \u2013 bizarr sch\u00f6ne Naturwurzel f\u00fcr Springspinnen, Asseln &amp; Co. Ideal als Kletterplatz &amp; Deko im Terrarium.\" \/>\n<meta name=\"robots\" content=\"index, follow, max-snippet:-1, max-image-preview:large, max-video-preview:-1\" \/>\n<link rel=\"canonical\" href=\"https:\/\/insektenliebe.com\/de\/shop\/produkt\/black-spider-wurzel\/\" \/>\n<meta property=\"og:locale\" content=\"de_DE\" \/>\n<meta property=\"og:type\" content=\"article\" \/>\n<meta property=\"og:title\" content=\"Black Spider Wurzel - Insektenliebe\" \/>\n<meta property=\"og:description\" content=\"Black Spider Wurzel online kaufen \u2013 bizarr sch\u00f6ne Naturwurzel f\u00fcr Springspinnen, Asseln &amp; Co. Ideal als Kletterplatz &amp; Deko im Terrarium.\" \/>\n<meta property=\"og:url\" content=\"https:\/\/insektenliebe.com\/de\/shop\/produkt\/black-spider-wurzel\/\" \/>\n<meta property=\"og:site_name\" content=\"Insektenliebe\" \/>\n<meta property=\"article:modified_time\" content=\"2026-03-31T11:01:56+00:00\" \/>\n<meta property=\"og:image\" content=\"https:\/\/insektenliebe.com\/wp-content\/uploads\/2025\/10\/Black-Spider-Wurzel.jpg\" \/>\n\t<meta property=\"og:image:width\" content=\"820\" \/>\n\t<meta property=\"og:image:height\" content=\"820\" \/>\n\t<meta property=\"og:image:type\" content=\"image\/jpeg\" \/>\n<meta name=\"twitter:card\" content=\"summary_large_image\" \/>\n<meta name=\"twitter:label1\" content=\"Gesch\u00e4tzte Lesezeit\" \/>\n\t<meta name=\"twitter:data1\" content=\"2\u00a0Minuten\" \/>\n<script type=\"application\/ld+json\" class=\"yoast-schema-graph\">{\"@context\":\"https:\\\/\\\/schema.org\",\"@graph\":[{\"@type\":\"WebPage\",\"@id\":\"https:\\\/\\\/insektenliebe.com\\\/de\\\/shop\\\/produkt\\\/black-spider-wurzel\\\/\",\"url\":\"https:\\\/\\\/insektenliebe.com\\\/de\\\/shop\\\/produkt\\\/black-spider-wurzel\\\/\",\"name\":\"Black Spider Wurzel - Insektenliebe\",\"isPartOf\":{\"@id\":\"https:\\\/\\\/insektenliebe.com\\\/de\\\/#website\"},\"primaryImageOfPage\":{\"@id\":\"https:\\\/\\\/insektenliebe.com\\\/de\\\/shop\\\/produkt\\\/black-spider-wurzel\\\/#primaryimage\"},\"image\":{\"@id\":\"https:\\\/\\\/insektenliebe.com\\\/de\\\/shop\\\/produkt\\\/black-spider-wurzel\\\/#primaryimage\"},\"thumbnailUrl\":\"https:\\\/\\\/insektenliebe.com\\\/wp-content\\\/uploads\\\/2025\\\/10\\\/Black-Spider-Wurzel.jpg\",\"datePublished\":\"2025-10-23T16:35:00+00:00\",\"dateModified\":\"2026-03-31T11:01:56+00:00\",\"description\":\"Black Spider Wurzel online kaufen \u2013 bizarr sch\u00f6ne Naturwurzel f\u00fcr Springspinnen, Asseln & Co. Ideal als Kletterplatz & Deko im Terrarium.\",\"breadcrumb\":{\"@id\":\"https:\\\/\\\/insektenliebe.com\\\/de\\\/shop\\\/produkt\\\/black-spider-wurzel\\\/#breadcrumb\"},\"inLanguage\":\"de\",\"potentialAction\":[{\"@type\":\"ReadAction\",\"target\":[\"https:\\\/\\\/insektenliebe.com\\\/de\\\/shop\\\/produkt\\\/black-spider-wurzel\\\/\"]}]},{\"@type\":\"ImageObject\",\"inLanguage\":\"de\",\"@id\":\"https:\\\/\\\/insektenliebe.com\\\/de\\\/shop\\\/produkt\\\/black-spider-wurzel\\\/#primaryimage\",\"url\":\"https:\\\/\\\/insektenliebe.com\\\/wp-content\\\/uploads\\\/2025\\\/10\\\/Black-Spider-Wurzel.jpg\",\"contentUrl\":\"https:\\\/\\\/insektenliebe.com\\\/wp-content\\\/uploads\\\/2025\\\/10\\\/Black-Spider-Wurzel.jpg\",\"width\":820,\"height\":820,\"caption\":\"Black Spider Wurzel\"},{\"@type\":\"BreadcrumbList\",\"@id\":\"https:\\\/\\\/insektenliebe.com\\\/de\\\/shop\\\/produkt\\\/black-spider-wurzel\\\/#breadcrumb\",\"itemListElement\":[{\"@type\":\"ListItem\",\"position\":1,\"name\":\"Startseite\",\"item\":\"https:\\\/\\\/insektenliebe.com\\\/de\\\/\"},{\"@type\":\"ListItem\",\"position\":2,\"name\":\"Shop\",\"item\":\"https:\\\/\\\/insektenliebe.com\\\/de\\\/shop\\\/\"},{\"@type\":\"ListItem\",\"position\":3,\"name\":\"Black Spider Wurzel\"}]},{\"@type\":\"WebSite\",\"@id\":\"https:\\\/\\\/insektenliebe.com\\\/de\\\/#website\",\"url\":\"https:\\\/\\\/insektenliebe.com\\\/de\\\/\",\"name\":\"Insektenliebe\",\"description\":\"Dein Zuhause f\u00fcr die kleinen Lebewesen\",\"publisher\":{\"@id\":\"https:\\\/\\\/insektenliebe.com\\\/de\\\/#organization\"},\"potentialAction\":[{\"@type\":\"SearchAction\",\"target\":{\"@type\":\"EntryPoint\",\"urlTemplate\":\"https:\\\/\\\/insektenliebe.com\\\/de\\\/?s={search_term_string}\"},\"query-input\":{\"@type\":\"PropertyValueSpecification\",\"valueRequired\":true,\"valueName\":\"search_term_string\"}}],\"inLanguage\":\"de\"},{\"@type\":\"Organization\",\"@id\":\"https:\\\/\\\/insektenliebe.com\\\/de\\\/#organization\",\"name\":\"Insektenliebe\",\"url\":\"https:\\\/\\\/insektenliebe.com\\\/de\\\/\",\"logo\":{\"@type\":\"ImageObject\",\"inLanguage\":\"de\",\"@id\":\"https:\\\/\\\/insektenliebe.com\\\/de\\\/#\\\/schema\\\/logo\\\/image\\\/\",\"url\":\"https:\\\/\\\/insektenliebe.com\\\/wp-content\\\/uploads\\\/2025\\\/03\\\/logo-white.png\",\"contentUrl\":\"https:\\\/\\\/insektenliebe.com\\\/wp-content\\\/uploads\\\/2025\\\/03\\\/logo-white.png\",\"width\":288,\"height\":188,\"caption\":\"Insektenliebe\"},\"image\":{\"@id\":\"https:\\\/\\\/insektenliebe.com\\\/de\\\/#\\\/schema\\\/logo\\\/image\\\/\"}}]}<\/script>\n<!-- \/ Yoast SEO plugin. -->","yoast_head_json":{"title":"Black Spider Wurzel - Insektenliebe","description":"Black Spider Wurzel online kaufen \u2013 bizarr sch\u00f6ne Naturwurzel f\u00fcr Springspinnen, Asseln & Co. Ideal als Kletterplatz & Deko im Terrarium.","robots":{"index":"index","follow":"follow","max-snippet":"max-snippet:-1","max-image-preview":"max-image-preview:large","max-video-preview":"max-video-preview:-1"},"canonical":"https:\/\/insektenliebe.com\/de\/shop\/produkt\/black-spider-wurzel\/","og_locale":"de_DE","og_type":"article","og_title":"Black Spider Wurzel - Insektenliebe","og_description":"Black Spider Wurzel online kaufen \u2013 bizarr sch\u00f6ne Naturwurzel f\u00fcr Springspinnen, Asseln & Co. Ideal als Kletterplatz & Deko im Terrarium.","og_url":"https:\/\/insektenliebe.com\/de\/shop\/produkt\/black-spider-wurzel\/","og_site_name":"Insektenliebe","article_modified_time":"2026-03-31T11:01:56+00:00","og_image":[{"width":820,"height":820,"url":"https:\/\/insektenliebe.com\/wp-content\/uploads\/2025\/10\/Black-Spider-Wurzel.jpg","type":"image\/jpeg"}],"twitter_card":"summary_large_image","twitter_misc":{"Gesch\u00e4tzte Lesezeit":"2\u00a0Minuten"},"schema":{"@context":"https:\/\/schema.org","@graph":[{"@type":"WebPage","@id":"https:\/\/insektenliebe.com\/de\/shop\/produkt\/black-spider-wurzel\/","url":"https:\/\/insektenliebe.com\/de\/shop\/produkt\/black-spider-wurzel\/","name":"Black Spider Wurzel - Insektenliebe","isPartOf":{"@id":"https:\/\/insektenliebe.com\/de\/#website"},"primaryImageOfPage":{"@id":"https:\/\/insektenliebe.com\/de\/shop\/produkt\/black-spider-wurzel\/#primaryimage"},"image":{"@id":"https:\/\/insektenliebe.com\/de\/shop\/produkt\/black-spider-wurzel\/#primaryimage"},"thumbnailUrl":"https:\/\/insektenliebe.com\/wp-content\/uploads\/2025\/10\/Black-Spider-Wurzel.jpg","datePublished":"2025-10-23T16:35:00+00:00","dateModified":"2026-03-31T11:01:56+00:00","description":"Black Spider Wurzel online kaufen \u2013 bizarr sch\u00f6ne Naturwurzel f\u00fcr Springspinnen, Asseln & Co. Ideal als Kletterplatz & Deko im Terrarium.","breadcrumb":{"@id":"https:\/\/insektenliebe.com\/de\/shop\/produkt\/black-spider-wurzel\/#breadcrumb"},"inLanguage":"de","potentialAction":[{"@type":"ReadAction","target":["https:\/\/insektenliebe.com\/de\/shop\/produkt\/black-spider-wurzel\/"]}]},{"@type":"ImageObject","inLanguage":"de","@id":"https:\/\/insektenliebe.com\/de\/shop\/produkt\/black-spider-wurzel\/#primaryimage","url":"https:\/\/insektenliebe.com\/wp-content\/uploads\/2025\/10\/Black-Spider-Wurzel.jpg","contentUrl":"https:\/\/insektenliebe.com\/wp-content\/uploads\/2025\/10\/Black-Spider-Wurzel.jpg","width":820,"height":820,"caption":"Black Spider Wurzel"},{"@type":"BreadcrumbList","@id":"https:\/\/insektenliebe.com\/de\/shop\/produkt\/black-spider-wurzel\/#breadcrumb","itemListElement":[{"@type":"ListItem","position":1,"name":"Startseite","item":"https:\/\/insektenliebe.com\/de\/"},{"@type":"ListItem","position":2,"name":"Shop","item":"https:\/\/insektenliebe.com\/de\/shop\/"},{"@type":"ListItem","position":3,"name":"Black Spider Wurzel"}]},{"@type":"WebSite","@id":"https:\/\/insektenliebe.com\/de\/#website","url":"https:\/\/insektenliebe.com\/de\/","name":"Insektenliebe","description":"Dein Zuhause f\u00fcr die kleinen Lebewesen","publisher":{"@id":"https:\/\/insektenliebe.com\/de\/#organization"},"potentialAction":[{"@type":"SearchAction","target":{"@type":"EntryPoint","urlTemplate":"https:\/\/insektenliebe.com\/de\/?s={search_term_string}"},"query-input":{"@type":"PropertyValueSpecification","valueRequired":true,"valueName":"search_term_string"}}],"inLanguage":"de"},{"@type":"Organization","@id":"https:\/\/insektenliebe.com\/de\/#organization","name":"Insektenliebe","url":"https:\/\/insektenliebe.com\/de\/","logo":{"@type":"ImageObject","inLanguage":"de","@id":"https:\/\/insektenliebe.com\/de\/#\/schema\/logo\/image\/","url":"https:\/\/insektenliebe.com\/wp-content\/uploads\/2025\/03\/logo-white.png","contentUrl":"https:\/\/insektenliebe.com\/wp-content\/uploads\/2025\/03\/logo-white.png","width":288,"height":188,"caption":"Insektenliebe"},"image":{"@id":"https:\/\/insektenliebe.com\/de\/#\/schema\/logo\/image\/"}}]}},"_links":{"self":[{"href":"https:\/\/insektenliebe.com\/de\/wp-json\/wp\/v2\/product\/161901","targetHints":{"allow":["GET"]}}],"collection":[{"href":"https:\/\/insektenliebe.com\/de\/wp-json\/wp\/v2\/product"}],"about":[{"href":"https:\/\/insektenliebe.com\/de\/wp-json\/wp\/v2\/types\/product"}],"wp:featuredmedia":[{"embeddable":true,"href":"https:\/\/insektenliebe.com\/de\/wp-json\/wp\/v2\/media\/161960"}],"wp:attachment":[{"href":"https:\/\/insektenliebe.com\/de\/wp-json\/wp\/v2\/media?parent=161901"}],"wp:term":[{"taxonomy":"product-supplier","embeddable":true,"href":"https:\/\/insektenliebe.com\/de\/wp-json\/wp\/v2\/product-supplier?post=161901"},{"taxonomy":"product_brand","embeddable":true,"href":"https:\/\/insektenliebe.com\/de\/wp-json\/wp\/v2\/product_brand?post=161901"},{"taxonomy":"product_cat","embeddable":true,"href":"https:\/\/insektenliebe.com\/de\/wp-json\/wp\/v2\/product_cat?post=161901"},{"taxonomy":"product_tag","embeddable":true,"href":"https:\/\/insektenliebe.com\/de\/wp-json\/wp\/v2\/product_tag?post=161901"},{"taxonomy":"lce-checkout-addons","embeddable":true,"href":"https:\/\/insektenliebe.com\/de\/wp-json\/wp\/v2\/lce-checkout-addons?post=161901"}],"curies":[{"name":"wp","href":"https:\/\/api.w.org\/{rel}","templated":true}]}}