{"id":160282,"date":"2025-10-12T14:26:35","date_gmt":"2025-10-12T12:26:35","guid":{"rendered":"https:\/\/insektenliebe.com\/?post_type=product&#038;p=160282"},"modified":"2026-03-21T13:59:51","modified_gmt":"2026-03-21T12:59:51","slug":"thelechoris-striatipes","status":"publish","type":"product","link":"https:\/\/insektenliebe.com\/de\/shop\/produkt\/thelechoris-striatipes\/","title":{"rendered":"Thelechoris striatipes"},"content":{"rendered":"<h3><span style=\"color: #99cc33\"><strong><span class=\"s1\">Thelechoris striatipes <\/span><span style=\"font-size: 16px\">\u2013 seltene Trichternetzspinne mit faszinierender Gespinstarchitektur<\/span><\/strong><\/span><\/h3>\n<p class=\"p1\"><strong><span class=\"s1\">Thelechoris striatipes<\/span><\/strong><span class=\"s2\"> ist eine afrikanische <\/span><span class=\"s3\">Trichternetzspinne<\/span><span class=\"s2\"> aus der Familie <\/span><span class=\"s3\">Ischnothelidae<\/span><span class=\"s2\">, die durch ihr auff\u00e4lliges Netzverhalten, ihre versteckte Lebensweise und ihr spannendes Netzsystem begeistert. <\/span><span class=\"s1\">T. striatipes<\/span><span class=\"s2\"> ein echter Spezialist f\u00fcr <\/span><span class=\"s3\">bodennahe Gespinste<\/span><span class=\"s2\">, die oft mit Substrat, Bl\u00e4ttern oder Rindenst\u00fccken verbaut werden.<\/span><\/p>\n<p class=\"p1\"><span class=\"s2\">Im Terrarium baut die Art bereits als Jungtier ihr charakteristisches <\/span><span class=\"s3\">Trichternetz<\/span><span class=\"s2\"> \u2013 bestehend aus einem r\u00f6hrenartigen R\u00fcckzugsort und einem nach vorne ausstrahlenden, teppichartigen Fadengeflecht. Diese Netze dienen gleichzeitig als Schutz, H\u00e4utungsplatz und Jagdbasis.<\/span><\/p>\n<p class=\"p1\"><span class=\"s2\">In der Aufzuchtphase ist ein besonderes Augenmerk auf die <\/span><span class=\"s3\">Substratfeuchte<\/span><span class=\"s2\"> zu legen: Das Bodensubstrat muss <\/span><span class=\"s3\">gleichm\u00e4\u00dfig leicht feucht<\/span><span class=\"s2\">, aber niemals nass sein. Austrocknung kann f\u00fcr frisch geschl\u00fcpfte Tiere lebensbedrohlich werden. Ab einer K\u00f6rpergr\u00f6\u00dfe von etwa <\/span><span class=\"s3\">10 mm<\/span><span class=\"s2\"> darf man die Bedingungen <\/span><span class=\"s3\">etwas trockener<\/span><span class=\"s2\"> gestalten \u2013 eine nat\u00fcrliche Luftfeuchtigkeit und gelegentliches Spr\u00fchen reichen dann aus, um ein stabiles Mikroklima zu erhalten.<\/span><\/p>\n<p class=\"p1\"><span class=\"s2\">F\u00fcr die dauerhafte Haltung empfiehlt sich ein Terrarium mit den Mindestma\u00dfen von <\/span><span class=\"s3\">20\u202f\u00d7\u202f20\u202f\u00d7\u202f20\u202fcm<\/span><span class=\"s2\">. Das Becken sollte gut bel\u00fcftet sein und gen\u00fcgend Struktur bieten: Korkr\u00f6hren, Rinde, grobe Rindenst\u00fccke und viel grabf\u00e4higes Substrat f\u00f6rdern den Netzbau und bieten R\u00fcckzugsorte. Die Temperatur sollte zwischen <\/span><span class=\"s3\">22 und 26 \u00b0C<\/span><span class=\"s2\"> liegen, mit einem leichten Abfall in der Nacht.<\/span><\/p>\n<p class=\"p1\"><span class=\"s2\">Unter Terrarienbedingungen zeigt sich <strong><span class=\"s1\">Thelechoris striatipes<\/span><\/strong><\/span><span class=\"s2\">\u00a0als ruhig und wenig aggressiv. <\/span><span class=\"s3\">Bedingt ist auch Gruppenhaltung m\u00f6glich<\/span><span class=\"s2\">, Voraussetzung daf\u00fcr ist jedoch ein <\/span><span class=\"s3\">konstanter Futterfluss<\/span><span class=\"s2\">, ausreichend Platz und viele Verstecke, um Stress und Kannibalismus zu vermeiden. Vor allem bei guter Struktur verteilen sich die Tiere in eigene Gespinste, was ein nebeneinanderleben erm\u00f6glicht \u2013 garantieren l\u00e4sst sich dies aber nicht.<\/span><\/p>\n<p class=\"p1\"><span class=\"s2\">Als Futter eignen sich kleine Heimchen, Schaben oder Fruchtfliegen, abh\u00e4ngig vom Entwicklungsstadium. Die Tiere sind Lauerj\u00e4ger \u2013 schnelle Bewegungen auf dem Gespinst l\u00f6sen den Beutefang blitzartig aus.<\/span><\/p>\n<p class=\"p1\"><span class=\"s2\"><strong><span class=\"s1\">Thelechoris striatipes<\/span><\/strong> ist eine besondere Trichternetzspinne mit nat\u00fcrlichem Verhalten, spannender Netzarchitektur und ruhigem Temperament. Besonders f\u00fcr Liebhaber:innen weniger aktiver, aber gut beobachtbarer Arten ist sie eine echte Bereicherung \u2013 sei es als Einzeltier oder in experimenteller Gruppenhaltung.<\/span><\/p>\n","protected":false},"excerpt":{"rendered":"<p>Thelechoris striatipes \u2013 seltene Trichternetzspinne mit faszinierender Gespinstarchitektur Thelechoris striatipes ist eine afrikanische Trichternetzspinne aus der Familie Ischnothelidae, die durch ihr auff\u00e4lliges Netzverhalten, ihre versteckte Lebensweise und ihr spannendes Netzsystem begeistert. T. striatipes ein echter Spezialist f\u00fcr bodennahe Gespinste, die oft mit Substrat, Bl\u00e4ttern oder Rindenst\u00fccken verbaut werden. Im Terrarium baut die Art bereits als [&hellip;]<\/p>\n","protected":false},"featured_media":160290,"template":"","meta":{"_acf_changed":false},"product-supplier":[],"product_brand":[],"product_cat":[79],"product_tag":[],"lce-checkout-addons":[1202],"class_list":{"0":"post-160282","1":"product","2":"type-product","3":"status-publish","4":"has-post-thumbnail","6":"product_cat-sonstige-spinnen","7":"product_shipping_class-animal-shipping","8":"pa_geschlecht-maennlich","9":"pa_geschlecht-unbestimmt","10":"pa_geschlecht-weiblich","11":"pa_herkunft-madagaskar","12":"pa_kontinent-afrika","13":"lce-checkout-addons-winterverpackung","15":"first","16":"instock","17":"taxable","18":"shipping-taxable","19":"purchasable","20":"product-type-variable"},"acf":[],"yoast_head":"<!-- This site is optimized with the Yoast SEO Premium plugin v26.8 (Yoast SEO v27.5) - https:\/\/yoast.com\/product\/yoast-seo-premium-wordpress\/ -->\n<title>Thelechoris striatipes - Insektenliebe<\/title>\n<meta name=\"description\" content=\"Thelechoris striatipes \u2013 afrikanische Trichternetzspinne f\u00fcr dein Terrarium. Spannende Haltung, auch bedingt in Gruppen haltbar. Jetzt kaufen!\" \/>\n<meta name=\"robots\" content=\"index, follow, max-snippet:-1, max-image-preview:large, max-video-preview:-1\" \/>\n<link rel=\"canonical\" href=\"https:\/\/insektenliebe.com\/de\/shop\/produkt\/thelechoris-striatipes\/\" \/>\n<meta property=\"og:locale\" content=\"de_DE\" \/>\n<meta property=\"og:type\" content=\"article\" \/>\n<meta property=\"og:title\" content=\"Thelechoris striatipes\" \/>\n<meta property=\"og:description\" content=\"Thelechoris striatipes \u2013 afrikanische Trichternetzspinne f\u00fcr dein Terrarium. Spannende Haltung, auch bedingt in Gruppen haltbar. Jetzt kaufen!\" \/>\n<meta property=\"og:url\" content=\"https:\/\/insektenliebe.com\/de\/shop\/produkt\/thelechoris-striatipes\/\" \/>\n<meta property=\"og:site_name\" content=\"Insektenliebe\" \/>\n<meta property=\"article:modified_time\" content=\"2026-03-21T12:59:51+00:00\" \/>\n<meta property=\"og:image\" content=\"https:\/\/insektenliebe.com\/wp-content\/uploads\/2025\/10\/Telechoris-striatipes.jpg\" \/>\n\t<meta property=\"og:image:width\" content=\"820\" \/>\n\t<meta property=\"og:image:height\" content=\"820\" \/>\n\t<meta property=\"og:image:type\" content=\"image\/jpeg\" \/>\n<meta name=\"twitter:card\" content=\"summary_large_image\" \/>\n<meta name=\"twitter:label1\" content=\"Verf\u00fcgbarkeit\" \/>\n\t<meta name=\"twitter:data1\" content=\"Auf Lager\" \/>\n<script type=\"application\/ld+json\" class=\"yoast-schema-graph\">{\"@context\":\"https:\\\/\\\/schema.org\",\"@graph\":[{\"@type\":\"WebPage\",\"@id\":\"https:\\\/\\\/insektenliebe.com\\\/de\\\/shop\\\/produkt\\\/thelechoris-striatipes\\\/\",\"url\":\"https:\\\/\\\/insektenliebe.com\\\/de\\\/shop\\\/produkt\\\/thelechoris-striatipes\\\/\",\"name\":\"Thelechoris striatipes - Insektenliebe\",\"isPartOf\":{\"@id\":\"https:\\\/\\\/insektenliebe.com\\\/de\\\/#website\"},\"primaryImageOfPage\":{\"@id\":\"https:\\\/\\\/insektenliebe.com\\\/de\\\/shop\\\/produkt\\\/thelechoris-striatipes\\\/#primaryimage\"},\"image\":{\"@id\":\"https:\\\/\\\/insektenliebe.com\\\/de\\\/shop\\\/produkt\\\/thelechoris-striatipes\\\/#primaryimage\"},\"thumbnailUrl\":\"https:\\\/\\\/insektenliebe.com\\\/wp-content\\\/uploads\\\/2025\\\/10\\\/Telechoris-striatipes.jpg\",\"datePublished\":\"2025-10-12T12:26:35+00:00\",\"dateModified\":\"2026-03-21T12:59:51+00:00\",\"description\":\"Thelechoris striatipes \u2013 afrikanische Trichternetzspinne f\u00fcr dein Terrarium. Spannende Haltung, auch bedingt in Gruppen haltbar. Jetzt kaufen!\",\"breadcrumb\":{\"@id\":\"https:\\\/\\\/insektenliebe.com\\\/de\\\/shop\\\/produkt\\\/thelechoris-striatipes\\\/#breadcrumb\"},\"inLanguage\":\"de\",\"potentialAction\":[{\"@type\":\"ReadAction\",\"target\":[\"https:\\\/\\\/insektenliebe.com\\\/de\\\/shop\\\/produkt\\\/thelechoris-striatipes\\\/\"]}]},{\"@type\":\"ImageObject\",\"inLanguage\":\"de\",\"@id\":\"https:\\\/\\\/insektenliebe.com\\\/de\\\/shop\\\/produkt\\\/thelechoris-striatipes\\\/#primaryimage\",\"url\":\"https:\\\/\\\/insektenliebe.com\\\/wp-content\\\/uploads\\\/2025\\\/10\\\/Telechoris-striatipes.jpg\",\"contentUrl\":\"https:\\\/\\\/insektenliebe.com\\\/wp-content\\\/uploads\\\/2025\\\/10\\\/Telechoris-striatipes.jpg\",\"width\":820,\"height\":820,\"caption\":\"Telechoris striatipes\"},{\"@type\":\"BreadcrumbList\",\"@id\":\"https:\\\/\\\/insektenliebe.com\\\/de\\\/shop\\\/produkt\\\/thelechoris-striatipes\\\/#breadcrumb\",\"itemListElement\":[{\"@type\":\"ListItem\",\"position\":1,\"name\":\"Startseite\",\"item\":\"https:\\\/\\\/insektenliebe.com\\\/de\\\/\"},{\"@type\":\"ListItem\",\"position\":2,\"name\":\"Shop\",\"item\":\"https:\\\/\\\/insektenliebe.com\\\/de\\\/shop\\\/\"},{\"@type\":\"ListItem\",\"position\":3,\"name\":\"Thelechoris striatipes\"}]},{\"@type\":\"WebSite\",\"@id\":\"https:\\\/\\\/insektenliebe.com\\\/de\\\/#website\",\"url\":\"https:\\\/\\\/insektenliebe.com\\\/de\\\/\",\"name\":\"Insektenliebe\",\"description\":\"Dein Zuhause f\u00fcr die kleinen Lebewesen\",\"publisher\":{\"@id\":\"https:\\\/\\\/insektenliebe.com\\\/de\\\/#organization\"},\"potentialAction\":[{\"@type\":\"SearchAction\",\"target\":{\"@type\":\"EntryPoint\",\"urlTemplate\":\"https:\\\/\\\/insektenliebe.com\\\/de\\\/?s={search_term_string}\"},\"query-input\":{\"@type\":\"PropertyValueSpecification\",\"valueRequired\":true,\"valueName\":\"search_term_string\"}}],\"inLanguage\":\"de\"},{\"@type\":\"Organization\",\"@id\":\"https:\\\/\\\/insektenliebe.com\\\/de\\\/#organization\",\"name\":\"Insektenliebe\",\"url\":\"https:\\\/\\\/insektenliebe.com\\\/de\\\/\",\"logo\":{\"@type\":\"ImageObject\",\"inLanguage\":\"de\",\"@id\":\"https:\\\/\\\/insektenliebe.com\\\/de\\\/#\\\/schema\\\/logo\\\/image\\\/\",\"url\":\"https:\\\/\\\/insektenliebe.com\\\/wp-content\\\/uploads\\\/2025\\\/03\\\/logo-white.png\",\"contentUrl\":\"https:\\\/\\\/insektenliebe.com\\\/wp-content\\\/uploads\\\/2025\\\/03\\\/logo-white.png\",\"width\":288,\"height\":188,\"caption\":\"Insektenliebe\"},\"image\":{\"@id\":\"https:\\\/\\\/insektenliebe.com\\\/de\\\/#\\\/schema\\\/logo\\\/image\\\/\"}}]}<\/script>\n<meta property=\"og:availability\" content=\"instock\" \/>\n<meta property=\"product:availability\" content=\"instock\" \/>\n<meta property=\"product:retailer_item_id\" content=\"738\" \/>\n<meta property=\"product:condition\" content=\"new\" \/>\n<!-- \/ Yoast SEO Premium plugin. -->","yoast_head_json":{"title":"Thelechoris striatipes - Insektenliebe","description":"Thelechoris striatipes \u2013 afrikanische Trichternetzspinne f\u00fcr dein Terrarium. Spannende Haltung, auch bedingt in Gruppen haltbar. Jetzt kaufen!","robots":{"index":"index","follow":"follow","max-snippet":"max-snippet:-1","max-image-preview":"max-image-preview:large","max-video-preview":"max-video-preview:-1"},"canonical":"https:\/\/insektenliebe.com\/de\/shop\/produkt\/thelechoris-striatipes\/","og_locale":"de_DE","og_type":"article","og_title":"Thelechoris striatipes","og_description":"Thelechoris striatipes \u2013 afrikanische Trichternetzspinne f\u00fcr dein Terrarium. Spannende Haltung, auch bedingt in Gruppen haltbar. Jetzt kaufen!","og_url":"https:\/\/insektenliebe.com\/de\/shop\/produkt\/thelechoris-striatipes\/","og_site_name":"Insektenliebe","article_modified_time":"2026-03-21T12:59:51+00:00","og_image":[{"width":820,"height":820,"url":"https:\/\/insektenliebe.com\/wp-content\/uploads\/2025\/10\/Telechoris-striatipes.jpg","type":"image\/jpeg"}],"twitter_card":"summary_large_image","twitter_misc":{"Verf\u00fcgbarkeit":"Auf Lager"},"schema":{"@context":"https:\/\/schema.org","@graph":[{"@type":"WebPage","@id":"https:\/\/insektenliebe.com\/de\/shop\/produkt\/thelechoris-striatipes\/","url":"https:\/\/insektenliebe.com\/de\/shop\/produkt\/thelechoris-striatipes\/","name":"Thelechoris striatipes - Insektenliebe","isPartOf":{"@id":"https:\/\/insektenliebe.com\/de\/#website"},"primaryImageOfPage":{"@id":"https:\/\/insektenliebe.com\/de\/shop\/produkt\/thelechoris-striatipes\/#primaryimage"},"image":{"@id":"https:\/\/insektenliebe.com\/de\/shop\/produkt\/thelechoris-striatipes\/#primaryimage"},"thumbnailUrl":"https:\/\/insektenliebe.com\/wp-content\/uploads\/2025\/10\/Telechoris-striatipes.jpg","datePublished":"2025-10-12T12:26:35+00:00","dateModified":"2026-03-21T12:59:51+00:00","description":"Thelechoris striatipes \u2013 afrikanische Trichternetzspinne f\u00fcr dein Terrarium. Spannende Haltung, auch bedingt in Gruppen haltbar. Jetzt kaufen!","breadcrumb":{"@id":"https:\/\/insektenliebe.com\/de\/shop\/produkt\/thelechoris-striatipes\/#breadcrumb"},"inLanguage":"de","potentialAction":[{"@type":"ReadAction","target":["https:\/\/insektenliebe.com\/de\/shop\/produkt\/thelechoris-striatipes\/"]}]},{"@type":"ImageObject","inLanguage":"de","@id":"https:\/\/insektenliebe.com\/de\/shop\/produkt\/thelechoris-striatipes\/#primaryimage","url":"https:\/\/insektenliebe.com\/wp-content\/uploads\/2025\/10\/Telechoris-striatipes.jpg","contentUrl":"https:\/\/insektenliebe.com\/wp-content\/uploads\/2025\/10\/Telechoris-striatipes.jpg","width":820,"height":820,"caption":"Telechoris striatipes"},{"@type":"BreadcrumbList","@id":"https:\/\/insektenliebe.com\/de\/shop\/produkt\/thelechoris-striatipes\/#breadcrumb","itemListElement":[{"@type":"ListItem","position":1,"name":"Startseite","item":"https:\/\/insektenliebe.com\/de\/"},{"@type":"ListItem","position":2,"name":"Shop","item":"https:\/\/insektenliebe.com\/de\/shop\/"},{"@type":"ListItem","position":3,"name":"Thelechoris striatipes"}]},{"@type":"WebSite","@id":"https:\/\/insektenliebe.com\/de\/#website","url":"https:\/\/insektenliebe.com\/de\/","name":"Insektenliebe","description":"Dein Zuhause f\u00fcr die kleinen Lebewesen","publisher":{"@id":"https:\/\/insektenliebe.com\/de\/#organization"},"potentialAction":[{"@type":"SearchAction","target":{"@type":"EntryPoint","urlTemplate":"https:\/\/insektenliebe.com\/de\/?s={search_term_string}"},"query-input":{"@type":"PropertyValueSpecification","valueRequired":true,"valueName":"search_term_string"}}],"inLanguage":"de"},{"@type":"Organization","@id":"https:\/\/insektenliebe.com\/de\/#organization","name":"Insektenliebe","url":"https:\/\/insektenliebe.com\/de\/","logo":{"@type":"ImageObject","inLanguage":"de","@id":"https:\/\/insektenliebe.com\/de\/#\/schema\/logo\/image\/","url":"https:\/\/insektenliebe.com\/wp-content\/uploads\/2025\/03\/logo-white.png","contentUrl":"https:\/\/insektenliebe.com\/wp-content\/uploads\/2025\/03\/logo-white.png","width":288,"height":188,"caption":"Insektenliebe"},"image":{"@id":"https:\/\/insektenliebe.com\/de\/#\/schema\/logo\/image\/"}}]},"og_availability":"instock","product_availability":"instock","product_retailer_item_id":"738","product_condition":"new"},"_links":{"self":[{"href":"https:\/\/insektenliebe.com\/de\/wp-json\/wp\/v2\/product\/160282","targetHints":{"allow":["GET"]}}],"collection":[{"href":"https:\/\/insektenliebe.com\/de\/wp-json\/wp\/v2\/product"}],"about":[{"href":"https:\/\/insektenliebe.com\/de\/wp-json\/wp\/v2\/types\/product"}],"wp:featuredmedia":[{"embeddable":true,"href":"https:\/\/insektenliebe.com\/de\/wp-json\/wp\/v2\/media\/160290"}],"wp:attachment":[{"href":"https:\/\/insektenliebe.com\/de\/wp-json\/wp\/v2\/media?parent=160282"}],"wp:term":[{"taxonomy":"product-supplier","embeddable":true,"href":"https:\/\/insektenliebe.com\/de\/wp-json\/wp\/v2\/product-supplier?post=160282"},{"taxonomy":"product_brand","embeddable":true,"href":"https:\/\/insektenliebe.com\/de\/wp-json\/wp\/v2\/product_brand?post=160282"},{"taxonomy":"product_cat","embeddable":true,"href":"https:\/\/insektenliebe.com\/de\/wp-json\/wp\/v2\/product_cat?post=160282"},{"taxonomy":"product_tag","embeddable":true,"href":"https:\/\/insektenliebe.com\/de\/wp-json\/wp\/v2\/product_tag?post=160282"},{"taxonomy":"lce-checkout-addons","embeddable":true,"href":"https:\/\/insektenliebe.com\/de\/wp-json\/wp\/v2\/lce-checkout-addons?post=160282"}],"curies":[{"name":"wp","href":"https:\/\/api.w.org\/{rel}","templated":true}]}}