{"id":159202,"date":"2025-10-05T14:58:36","date_gmt":"2025-10-05T12:58:36","guid":{"rendered":"https:\/\/insektenliebe.com\/?post_type=product&#038;p=159202"},"modified":"2026-04-06T13:38:42","modified_gmt":"2026-04-06T11:38:42","slug":"phyllium-giganteum","status":"publish","type":"product","link":"https:\/\/insektenliebe.com\/de\/shop\/produkt\/phyllium-giganteum\/","title":{"rendered":"Phyllium giganteum"},"content":{"rendered":"<h3 class=\"p1\"><span style=\"color: #99cc33;\"><strong><span class=\"s1\">Phyllium giganteum \u2013 das wandelnde Blatt f\u00fcr Gro\u00df und Klein<\/span><\/strong><\/span><\/h3>\n<p class=\"p1\"><strong><span class=\"s1\">Phyllium giganteum<\/span><\/strong><span class=\"s2\">, auch als \"Gro\u00dfes Wandelndes Blatt\" bekannt, ist eine wahre Augenweide im Terrarium und fasziniert nicht nur erfahrene Insektenliebhaber:innen, sondern auch Einsteiger:innen und Kinder. Ihre perfekte Tarnung als vertrocknetes oder lebendiges Blatt sorgt bei jedem Blick ins Terrarium f\u00fcr Staunen \u2013 denn oft sieht man sie erst auf den zweiten Blick. Diese friedlichen Pflanzenfresser sind nicht nur h\u00fcbsch, sondern auch einfach zu halten und damit ideal f\u00fcr den Einstieg in die Welt der Terraristik.<\/span><\/p>\n<p class=\"p1\"><span class=\"s2\">Wer ein nat\u00fcrlich eingerichtetes Schaubecken liebt, wird <\/span><span class=\"s1\"><strong>Phyllium giganteum<\/strong><\/span><span class=\"s2\">\u00a0sch\u00e4tzen. Die Tiere sind d\u00e4mmerungsaktiv, bewegen sich langsam und sanft \u2013 perfekt zum Beobachten. Besonders sch\u00f6n: Auch Kinder k\u00f6nnen bei der Pflege helfen, denn die Tiere bei\u00dfen nicht, sind nicht giftig und lassen sich mit etwas Geduld sogar auf die Hand nehmen.<\/span><\/p>\n<p class=\"p1\"><span class=\"s2\">F\u00fcr eine artgerechte Haltung empfiehlt sich ein Terrarium mit einer Mindestgr\u00f6\u00dfe von <\/span><span class=\"s3\">30 x 30 x 30 cm<\/span><span class=\"s2\"> f\u00fcr eine Gruppe von 5 Tieren. Gr\u00f6\u00dfer ist nat\u00fcrlich besser \u2013 vor allem, wenn du die Tiere z\u00fcchten m\u00f6chtest. Wichtig ist eine hohe Luftfeuchtigkeit (60\u201380\u202f%) und eine Temperatur zwischen <\/span><span class=\"s3\">20\u201328\u202f\u00b0C<\/span><span class=\"s2\">, idealerweise mit leichtem Tageslicht oder einer kleinen LED-Terrarienleuchte. Ein Gaze-Deckel oder gute Bel\u00fcftung sorgt f\u00fcr ein ausgewogenes Klima und beugt Schimmel vor.<\/span><\/p>\n<p class=\"p1\"><span class=\"s2\">Beim Futter sind sie unkompliziert: Gefressen werden <\/span><span class=\"s3\">Brombeerbl\u00e4tter<\/span><span class=\"s2\">, <\/span><span class=\"s3\">Himbeerbl\u00e4tter<\/span><span class=\"s2\"> oder auch <\/span><span class=\"s3\">Eichen- und Buchenlaub<\/span><span class=\"s2\">. Besonders beliebt sind frische Brombeerbl\u00e4tter \u2013 am besten in einer Wasserflasche mit Watte als Verschluss, damit sie l\u00e4nger frisch bleiben. Im Winter kannst du jederzeit auf die immergr\u00fcnen Brombeerbl\u00e4tter zur\u00fcckgreifen. Wichtig ist: keine gespritzten Pflanzen verwenden!<\/span><\/p>\n<p class=\"p1\"><span class=\"s2\">Die Zucht von <strong><span class=\"s1\">Phyllium giganteum<\/span><\/strong><\/span><span class=\"s2\"> ist mit etwas Geduld m\u00f6glich: Die Weibchen legen regelm\u00e4\u00dfig Eier, aus denen nach einigen Monaten \u2013 bei entsprechender W\u00e4rme und Feuchtigkeit \u2013 die ersten Jungtiere schl\u00fcpfen. Diese ben\u00f6tigen zun\u00e4chst am besten Eichenlaub und eine gute Luftfeuchtigkeit, damit die H\u00e4utung gelingt. Mit ausreichend Futter und Geduld entwickelt sich nach und nach eine neue Generation dieser faszinierenden Phasmiden.<\/span><\/p>\n<p class=\"p1\"><span class=\"s2\"><strong><span class=\"s1\">Phyllium giganteum<\/span><\/strong> ist nicht nur eine Bereicherung f\u00fcr jedes Terrarium, sondern bietet auch Kindern einen spannenden Einblick in die Natur \u2013 vom Blatt zum lebendigen Insekt. Wer Wert auf ruhige, sch\u00f6ne und pflegeleichte Tiere legt, ist mit dieser Art bestens beraten.<\/span><\/p>\n","protected":false},"excerpt":{"rendered":"<p>Phyllium giganteum \u2013 das wandelnde Blatt f\u00fcr Gro\u00df und Klein Phyllium giganteum, auch als \"Gro\u00dfes Wandelndes Blatt\" bekannt, ist eine wahre Augenweide im Terrarium und fasziniert nicht nur erfahrene Insektenliebhaber:innen, sondern auch Einsteiger:innen und Kinder. Ihre perfekte Tarnung als vertrocknetes oder lebendiges Blatt sorgt bei jedem Blick ins Terrarium f\u00fcr Staunen \u2013 denn oft sieht [&hellip;]<\/p>\n","protected":false},"featured_media":179435,"template":"","meta":{"_acf_changed":false},"product-supplier":[2689],"product_brand":[],"product_cat":[143],"product_tag":[],"lce-checkout-addons":[1202],"class_list":{"0":"post-159202","1":"product","2":"type-product","3":"status-publish","4":"has-post-thumbnail","6":"product_cat-sonstige-wirbellose","7":"product_shipping_class-animal-shipping","8":"pa_herkunft-malaysia","9":"pa_kontinent-asien","10":"lce-checkout-addons-winterverpackung","12":"first","13":"outofstock","14":"taxable","15":"shipping-taxable","16":"purchasable","17":"product-type-variable"},"acf":[],"yoast_head":"<!-- This site is optimized with the Yoast SEO plugin v27.3 - https:\/\/yoast.com\/product\/yoast-seo-wordpress\/ -->\n<title>Phyllium giganteum - Insektenliebe<\/title>\n<meta name=\"description\" content=\"Phyllium giganteum, auch als &quot;Gro\u00dfes Wandelndes Blatt&quot; bekannt, ist eine wahre Augenweide im Terrarium und fasziniert nicht nur erfahrene Insektenliebhaber.\" \/>\n<meta name=\"robots\" content=\"index, follow, max-snippet:-1, max-image-preview:large, max-video-preview:-1\" \/>\n<link rel=\"canonical\" href=\"https:\/\/insektenliebe.com\/de\/shop\/produkt\/phyllium-giganteum\/\" \/>\n<meta property=\"og:locale\" content=\"de_DE\" \/>\n<meta property=\"og:type\" content=\"article\" \/>\n<meta property=\"og:title\" content=\"Phyllium giganteum - Insektenliebe\" \/>\n<meta property=\"og:description\" content=\"Phyllium giganteum, auch als &quot;Gro\u00dfes Wandelndes Blatt&quot; bekannt, ist eine wahre Augenweide im Terrarium und fasziniert nicht nur erfahrene Insektenliebhaber.\" \/>\n<meta property=\"og:url\" content=\"https:\/\/insektenliebe.com\/de\/shop\/produkt\/phyllium-giganteum\/\" \/>\n<meta property=\"og:site_name\" content=\"Insektenliebe\" \/>\n<meta property=\"article:modified_time\" content=\"2026-04-06T11:38:42+00:00\" \/>\n<meta property=\"og:image\" content=\"https:\/\/insektenliebe.com\/wp-content\/uploads\/2025\/10\/Phyllium-giganteum-2.jpg\" \/>\n\t<meta property=\"og:image:width\" content=\"820\" \/>\n\t<meta property=\"og:image:height\" content=\"820\" \/>\n\t<meta property=\"og:image:type\" content=\"image\/jpeg\" \/>\n<meta name=\"twitter:card\" content=\"summary_large_image\" \/>\n<meta name=\"twitter:label1\" content=\"Gesch\u00e4tzte Lesezeit\" \/>\n\t<meta name=\"twitter:data1\" content=\"3\u00a0Minuten\" \/>\n<script type=\"application\/ld+json\" class=\"yoast-schema-graph\">{\"@context\":\"https:\\\/\\\/schema.org\",\"@graph\":[{\"@type\":\"WebPage\",\"@id\":\"https:\\\/\\\/insektenliebe.com\\\/de\\\/shop\\\/produkt\\\/phyllium-giganteum\\\/\",\"url\":\"https:\\\/\\\/insektenliebe.com\\\/de\\\/shop\\\/produkt\\\/phyllium-giganteum\\\/\",\"name\":\"Phyllium giganteum - Insektenliebe\",\"isPartOf\":{\"@id\":\"https:\\\/\\\/insektenliebe.com\\\/de\\\/#website\"},\"primaryImageOfPage\":{\"@id\":\"https:\\\/\\\/insektenliebe.com\\\/de\\\/shop\\\/produkt\\\/phyllium-giganteum\\\/#primaryimage\"},\"image\":{\"@id\":\"https:\\\/\\\/insektenliebe.com\\\/de\\\/shop\\\/produkt\\\/phyllium-giganteum\\\/#primaryimage\"},\"thumbnailUrl\":\"https:\\\/\\\/insektenliebe.com\\\/wp-content\\\/uploads\\\/2025\\\/10\\\/Phyllium-giganteum-2.jpg\",\"datePublished\":\"2025-10-05T12:58:36+00:00\",\"dateModified\":\"2026-04-06T11:38:42+00:00\",\"description\":\"Phyllium giganteum, auch als \\\"Gro\u00dfes Wandelndes Blatt\\\" bekannt, ist eine wahre Augenweide im Terrarium und fasziniert nicht nur erfahrene Insektenliebhaber.\",\"breadcrumb\":{\"@id\":\"https:\\\/\\\/insektenliebe.com\\\/de\\\/shop\\\/produkt\\\/phyllium-giganteum\\\/#breadcrumb\"},\"inLanguage\":\"de\",\"potentialAction\":[{\"@type\":\"ReadAction\",\"target\":[\"https:\\\/\\\/insektenliebe.com\\\/de\\\/shop\\\/produkt\\\/phyllium-giganteum\\\/\"]}]},{\"@type\":\"ImageObject\",\"inLanguage\":\"de\",\"@id\":\"https:\\\/\\\/insektenliebe.com\\\/de\\\/shop\\\/produkt\\\/phyllium-giganteum\\\/#primaryimage\",\"url\":\"https:\\\/\\\/insektenliebe.com\\\/wp-content\\\/uploads\\\/2025\\\/10\\\/Phyllium-giganteum-2.jpg\",\"contentUrl\":\"https:\\\/\\\/insektenliebe.com\\\/wp-content\\\/uploads\\\/2025\\\/10\\\/Phyllium-giganteum-2.jpg\",\"width\":820,\"height\":820,\"caption\":\"Phyllium giganteum\"},{\"@type\":\"BreadcrumbList\",\"@id\":\"https:\\\/\\\/insektenliebe.com\\\/de\\\/shop\\\/produkt\\\/phyllium-giganteum\\\/#breadcrumb\",\"itemListElement\":[{\"@type\":\"ListItem\",\"position\":1,\"name\":\"Startseite\",\"item\":\"https:\\\/\\\/insektenliebe.com\\\/de\\\/\"},{\"@type\":\"ListItem\",\"position\":2,\"name\":\"Shop\",\"item\":\"https:\\\/\\\/insektenliebe.com\\\/de\\\/shop\\\/\"},{\"@type\":\"ListItem\",\"position\":3,\"name\":\"Phyllium giganteum\"}]},{\"@type\":\"WebSite\",\"@id\":\"https:\\\/\\\/insektenliebe.com\\\/de\\\/#website\",\"url\":\"https:\\\/\\\/insektenliebe.com\\\/de\\\/\",\"name\":\"Insektenliebe\",\"description\":\"Dein Zuhause f\u00fcr die kleinen Lebewesen\",\"publisher\":{\"@id\":\"https:\\\/\\\/insektenliebe.com\\\/de\\\/#organization\"},\"potentialAction\":[{\"@type\":\"SearchAction\",\"target\":{\"@type\":\"EntryPoint\",\"urlTemplate\":\"https:\\\/\\\/insektenliebe.com\\\/de\\\/?s={search_term_string}\"},\"query-input\":{\"@type\":\"PropertyValueSpecification\",\"valueRequired\":true,\"valueName\":\"search_term_string\"}}],\"inLanguage\":\"de\"},{\"@type\":\"Organization\",\"@id\":\"https:\\\/\\\/insektenliebe.com\\\/de\\\/#organization\",\"name\":\"Insektenliebe\",\"url\":\"https:\\\/\\\/insektenliebe.com\\\/de\\\/\",\"logo\":{\"@type\":\"ImageObject\",\"inLanguage\":\"de\",\"@id\":\"https:\\\/\\\/insektenliebe.com\\\/de\\\/#\\\/schema\\\/logo\\\/image\\\/\",\"url\":\"https:\\\/\\\/insektenliebe.com\\\/wp-content\\\/uploads\\\/2025\\\/03\\\/logo-white.png\",\"contentUrl\":\"https:\\\/\\\/insektenliebe.com\\\/wp-content\\\/uploads\\\/2025\\\/03\\\/logo-white.png\",\"width\":288,\"height\":188,\"caption\":\"Insektenliebe\"},\"image\":{\"@id\":\"https:\\\/\\\/insektenliebe.com\\\/de\\\/#\\\/schema\\\/logo\\\/image\\\/\"}}]}<\/script>\n<!-- \/ Yoast SEO plugin. -->","yoast_head_json":{"title":"Phyllium giganteum - Insektenliebe","description":"Phyllium giganteum, auch als \"Gro\u00dfes Wandelndes Blatt\" bekannt, ist eine wahre Augenweide im Terrarium und fasziniert nicht nur erfahrene Insektenliebhaber.","robots":{"index":"index","follow":"follow","max-snippet":"max-snippet:-1","max-image-preview":"max-image-preview:large","max-video-preview":"max-video-preview:-1"},"canonical":"https:\/\/insektenliebe.com\/de\/shop\/produkt\/phyllium-giganteum\/","og_locale":"de_DE","og_type":"article","og_title":"Phyllium giganteum - Insektenliebe","og_description":"Phyllium giganteum, auch als \"Gro\u00dfes Wandelndes Blatt\" bekannt, ist eine wahre Augenweide im Terrarium und fasziniert nicht nur erfahrene Insektenliebhaber.","og_url":"https:\/\/insektenliebe.com\/de\/shop\/produkt\/phyllium-giganteum\/","og_site_name":"Insektenliebe","article_modified_time":"2026-04-06T11:38:42+00:00","og_image":[{"width":820,"height":820,"url":"https:\/\/insektenliebe.com\/wp-content\/uploads\/2025\/10\/Phyllium-giganteum-2.jpg","type":"image\/jpeg"}],"twitter_card":"summary_large_image","twitter_misc":{"Gesch\u00e4tzte Lesezeit":"3\u00a0Minuten"},"schema":{"@context":"https:\/\/schema.org","@graph":[{"@type":"WebPage","@id":"https:\/\/insektenliebe.com\/de\/shop\/produkt\/phyllium-giganteum\/","url":"https:\/\/insektenliebe.com\/de\/shop\/produkt\/phyllium-giganteum\/","name":"Phyllium giganteum - Insektenliebe","isPartOf":{"@id":"https:\/\/insektenliebe.com\/de\/#website"},"primaryImageOfPage":{"@id":"https:\/\/insektenliebe.com\/de\/shop\/produkt\/phyllium-giganteum\/#primaryimage"},"image":{"@id":"https:\/\/insektenliebe.com\/de\/shop\/produkt\/phyllium-giganteum\/#primaryimage"},"thumbnailUrl":"https:\/\/insektenliebe.com\/wp-content\/uploads\/2025\/10\/Phyllium-giganteum-2.jpg","datePublished":"2025-10-05T12:58:36+00:00","dateModified":"2026-04-06T11:38:42+00:00","description":"Phyllium giganteum, auch als \"Gro\u00dfes Wandelndes Blatt\" bekannt, ist eine wahre Augenweide im Terrarium und fasziniert nicht nur erfahrene Insektenliebhaber.","breadcrumb":{"@id":"https:\/\/insektenliebe.com\/de\/shop\/produkt\/phyllium-giganteum\/#breadcrumb"},"inLanguage":"de","potentialAction":[{"@type":"ReadAction","target":["https:\/\/insektenliebe.com\/de\/shop\/produkt\/phyllium-giganteum\/"]}]},{"@type":"ImageObject","inLanguage":"de","@id":"https:\/\/insektenliebe.com\/de\/shop\/produkt\/phyllium-giganteum\/#primaryimage","url":"https:\/\/insektenliebe.com\/wp-content\/uploads\/2025\/10\/Phyllium-giganteum-2.jpg","contentUrl":"https:\/\/insektenliebe.com\/wp-content\/uploads\/2025\/10\/Phyllium-giganteum-2.jpg","width":820,"height":820,"caption":"Phyllium giganteum"},{"@type":"BreadcrumbList","@id":"https:\/\/insektenliebe.com\/de\/shop\/produkt\/phyllium-giganteum\/#breadcrumb","itemListElement":[{"@type":"ListItem","position":1,"name":"Startseite","item":"https:\/\/insektenliebe.com\/de\/"},{"@type":"ListItem","position":2,"name":"Shop","item":"https:\/\/insektenliebe.com\/de\/shop\/"},{"@type":"ListItem","position":3,"name":"Phyllium giganteum"}]},{"@type":"WebSite","@id":"https:\/\/insektenliebe.com\/de\/#website","url":"https:\/\/insektenliebe.com\/de\/","name":"Insektenliebe","description":"Dein Zuhause f\u00fcr die kleinen Lebewesen","publisher":{"@id":"https:\/\/insektenliebe.com\/de\/#organization"},"potentialAction":[{"@type":"SearchAction","target":{"@type":"EntryPoint","urlTemplate":"https:\/\/insektenliebe.com\/de\/?s={search_term_string}"},"query-input":{"@type":"PropertyValueSpecification","valueRequired":true,"valueName":"search_term_string"}}],"inLanguage":"de"},{"@type":"Organization","@id":"https:\/\/insektenliebe.com\/de\/#organization","name":"Insektenliebe","url":"https:\/\/insektenliebe.com\/de\/","logo":{"@type":"ImageObject","inLanguage":"de","@id":"https:\/\/insektenliebe.com\/de\/#\/schema\/logo\/image\/","url":"https:\/\/insektenliebe.com\/wp-content\/uploads\/2025\/03\/logo-white.png","contentUrl":"https:\/\/insektenliebe.com\/wp-content\/uploads\/2025\/03\/logo-white.png","width":288,"height":188,"caption":"Insektenliebe"},"image":{"@id":"https:\/\/insektenliebe.com\/de\/#\/schema\/logo\/image\/"}}]}},"_links":{"self":[{"href":"https:\/\/insektenliebe.com\/de\/wp-json\/wp\/v2\/product\/159202","targetHints":{"allow":["GET"]}}],"collection":[{"href":"https:\/\/insektenliebe.com\/de\/wp-json\/wp\/v2\/product"}],"about":[{"href":"https:\/\/insektenliebe.com\/de\/wp-json\/wp\/v2\/types\/product"}],"wp:featuredmedia":[{"embeddable":true,"href":"https:\/\/insektenliebe.com\/de\/wp-json\/wp\/v2\/media\/179435"}],"wp:attachment":[{"href":"https:\/\/insektenliebe.com\/de\/wp-json\/wp\/v2\/media?parent=159202"}],"wp:term":[{"taxonomy":"product-supplier","embeddable":true,"href":"https:\/\/insektenliebe.com\/de\/wp-json\/wp\/v2\/product-supplier?post=159202"},{"taxonomy":"product_brand","embeddable":true,"href":"https:\/\/insektenliebe.com\/de\/wp-json\/wp\/v2\/product_brand?post=159202"},{"taxonomy":"product_cat","embeddable":true,"href":"https:\/\/insektenliebe.com\/de\/wp-json\/wp\/v2\/product_cat?post=159202"},{"taxonomy":"product_tag","embeddable":true,"href":"https:\/\/insektenliebe.com\/de\/wp-json\/wp\/v2\/product_tag?post=159202"},{"taxonomy":"lce-checkout-addons","embeddable":true,"href":"https:\/\/insektenliebe.com\/de\/wp-json\/wp\/v2\/lce-checkout-addons?post=159202"}],"curies":[{"name":"wp","href":"https:\/\/api.w.org\/{rel}","templated":true}]}}