{"id":158749,"date":"2024-10-02T14:33:50","date_gmt":"2024-10-02T12:33:50","guid":{"rendered":"https:\/\/insektenliebe.com\/?post_type=product&#038;p=158749"},"modified":"2026-04-06T07:51:49","modified_gmt":"2026-04-06T05:51:49","slug":"biorb-earth-futterhilfe","status":"publish","type":"product","link":"https:\/\/insektenliebe.com\/de\/shop\/produkt\/biorb-earth-futterhilfe\/","title":{"rendered":"biOrb EARTH Futterhilfe"},"content":{"rendered":"<h3><span style=\"color: #99cc33\"><strong><span class=\"s1\">biOrb EARTH Futterhilfe \u2013 Sauber, gezielt &amp; tierfreundlich f\u00fcttern<\/span><\/strong><\/span><\/h3>\n<p class=\"p1\"><span class=\"s1\">Mit der <\/span><strong><span class=\"s2\">biOrb EARTH Futterhilfe<\/span><\/strong><span class=\"s1\"> f\u00fctterst du deine Tiere gezielt, hygienisch und ohne das Terrarium \u00f6ffnen zu m\u00fcssen. Die Futterhilfe wird direkt im Deckel des biOrb EARTH 125 eingebaut und erm\u00f6glicht eine bequeme F\u00fctterung von oben. Du musst keine T\u00fcren \u00f6ffnen, keine Tiere st\u00f6ren und verlierst keine Futterinsekten im Substrat. Ein einfacher Drehmechanismus regelt die Futterabgabe \u2013 schnell, sauber und unter voller Kontrolle.<\/span><\/p>\n<p class=\"p1\"><span class=\"s1\">Die \u00d6ffnung der Futterhilfe l\u00e4sst sich stufenlos einstellen. So kannst du ganz genau bestimmen, wie viele Futtertiere in das Terrarium gelangen sollen \u2013 ob nur ein einzelnes Heimchen oder eine kleine Gruppe Drosophila. Das hilft dir nicht nur beim Dosieren, sondern auch beim gezielten Beobachten des Fressverhaltens. Die Tiere bleiben entspannt, da kein pl\u00f6tzlicher Eingriff von au\u00dfen erfolgt. Gleichzeitig bleibt das Klima im Inneren stabil, weil keine W\u00e4rme oder Luftfeuchtigkeit entweichen kann.<\/span><\/p>\n<p class=\"p1\"><span class=\"s1\">Gerade bei sensiblen Arten wie Geckos oder Fr\u00f6schen ist diese Methode ein gro\u00dfer Vorteil. Die Tiere nehmen das Futter stressfreier an, du sparst Zeit und minimierst gleichzeitig das Risiko, dass unentdeckte Futterinsekten \u00fcber Nacht im Becken verbleiben. Auch bei best\u00e4ubtem Futter oder vitaminisierten Insekten hilft dir die gezielte Abgabe, N\u00e4hrstoffe effizient einzusetzen.<\/span><\/p>\n<p class=\"p1\"><span class=\"s1\">Die Reinigung der Futterhilfe ist unkompliziert. Sie l\u00e4sst sich mit wenigen Handgriffen \u00f6ffnen und s\u00e4ubern. Das Material ist glatt und robust \u2013 Futterreste bleiben nicht kleben. Optisch f\u00fcgt sich die Futterhilfe dezent in das Gesamtkonzept des biOrb EARTH ein und wirkt hochwertig, modern und funktional zugleich.<\/span><\/p>\n<p class=\"p1\"><span class=\"s1\">Ob f\u00fcr die t\u00e4gliche F\u00fctterung oder das punktgenaue Einsetzen einzelner Futtertiere \u2013 mit der <strong>biOrb EARTH Futterhilfe<\/strong> erh\u00e4ltst du eine durchdachte L\u00f6sung, die deinen Alltag als Tierhalter:in deutlich vereinfacht. Eine kleine \u00d6ffnung mit gro\u00dfem Effekt.<\/span><\/p>\n","protected":false},"excerpt":{"rendered":"<p>biOrb EARTH Futterhilfe \u2013 Sauber, gezielt &amp; tierfreundlich f\u00fcttern Mit der biOrb EARTH Futterhilfe f\u00fctterst du deine Tiere gezielt, hygienisch und ohne das Terrarium \u00f6ffnen zu m\u00fcssen. Die Futterhilfe wird direkt im Deckel des biOrb EARTH 125 eingebaut und erm\u00f6glicht eine bequeme F\u00fctterung von oben. Du musst keine T\u00fcren \u00f6ffnen, keine Tiere st\u00f6ren und verlierst [&hellip;]<\/p>\n","protected":false},"featured_media":158751,"template":"","meta":{"_acf_changed":false},"product-supplier":[],"product_brand":[962],"product_cat":[130],"product_tag":[],"lce-checkout-addons":[],"class_list":{"0":"post-158749","1":"product","2":"type-product","3":"status-publish","4":"has-post-thumbnail","6":"product_brand-biorb","7":"product_cat-terrarien-behaelter","9":"first","10":"instock","11":"sale","12":"taxable","13":"shipping-taxable","14":"purchasable","15":"product-type-simple"},"acf":[],"yoast_head":"<!-- This site is optimized with the Yoast SEO plugin v27.3 - https:\/\/yoast.com\/product\/yoast-seo-wordpress\/ -->\n<title>biOrb EARTH Futterhilfe - Insektenliebe<\/title>\n<meta name=\"description\" content=\"Futterhilfe f\u00fcr biOrb EARTH 125: F\u00fcttern von oben, gezielt und ohne \u00d6ffnen. Mit drehbarer \u00d6ffnung f\u00fcr pr\u00e4zise Dosierung. Sauber, sicher, stressfrei.\" \/>\n<meta name=\"robots\" content=\"index, follow, max-snippet:-1, max-image-preview:large, max-video-preview:-1\" \/>\n<link rel=\"canonical\" href=\"https:\/\/insektenliebe.com\/de\/shop\/produkt\/biorb-earth-futterhilfe\/\" \/>\n<meta property=\"og:locale\" content=\"de_DE\" \/>\n<meta property=\"og:type\" content=\"article\" \/>\n<meta property=\"og:title\" content=\"biOrb EARTH Futterhilfe - Insektenliebe\" \/>\n<meta property=\"og:description\" content=\"Futterhilfe f\u00fcr biOrb EARTH 125: F\u00fcttern von oben, gezielt und ohne \u00d6ffnen. Mit drehbarer \u00d6ffnung f\u00fcr pr\u00e4zise Dosierung. Sauber, sicher, stressfrei.\" \/>\n<meta property=\"og:url\" content=\"https:\/\/insektenliebe.com\/de\/shop\/produkt\/biorb-earth-futterhilfe\/\" \/>\n<meta property=\"og:site_name\" content=\"Insektenliebe\" \/>\n<meta property=\"article:modified_time\" content=\"2026-04-06T05:51:49+00:00\" \/>\n<meta property=\"og:image\" content=\"https:\/\/insektenliebe.com\/wp-content\/uploads\/2025\/10\/biOrb-EARTH-Futterhilfe.jpg\" \/>\n\t<meta property=\"og:image:width\" content=\"820\" \/>\n\t<meta property=\"og:image:height\" content=\"820\" \/>\n\t<meta property=\"og:image:type\" content=\"image\/jpeg\" \/>\n<meta name=\"twitter:card\" content=\"summary_large_image\" \/>\n<meta name=\"twitter:label1\" content=\"Gesch\u00e4tzte Lesezeit\" \/>\n\t<meta name=\"twitter:data1\" content=\"2\u00a0Minuten\" \/>\n<script type=\"application\/ld+json\" class=\"yoast-schema-graph\">{\"@context\":\"https:\\\/\\\/schema.org\",\"@graph\":[{\"@type\":\"WebPage\",\"@id\":\"https:\\\/\\\/insektenliebe.com\\\/de\\\/shop\\\/produkt\\\/biorb-earth-futterhilfe\\\/\",\"url\":\"https:\\\/\\\/insektenliebe.com\\\/de\\\/shop\\\/produkt\\\/biorb-earth-futterhilfe\\\/\",\"name\":\"biOrb EARTH Futterhilfe - Insektenliebe\",\"isPartOf\":{\"@id\":\"https:\\\/\\\/insektenliebe.com\\\/de\\\/#website\"},\"primaryImageOfPage\":{\"@id\":\"https:\\\/\\\/insektenliebe.com\\\/de\\\/shop\\\/produkt\\\/biorb-earth-futterhilfe\\\/#primaryimage\"},\"image\":{\"@id\":\"https:\\\/\\\/insektenliebe.com\\\/de\\\/shop\\\/produkt\\\/biorb-earth-futterhilfe\\\/#primaryimage\"},\"thumbnailUrl\":\"https:\\\/\\\/insektenliebe.com\\\/wp-content\\\/uploads\\\/2025\\\/10\\\/biOrb-EARTH-Futterhilfe.jpg\",\"datePublished\":\"2024-10-02T12:33:50+00:00\",\"dateModified\":\"2026-04-06T05:51:49+00:00\",\"description\":\"Futterhilfe f\u00fcr biOrb EARTH 125: F\u00fcttern von oben, gezielt und ohne \u00d6ffnen. Mit drehbarer \u00d6ffnung f\u00fcr pr\u00e4zise Dosierung. Sauber, sicher, stressfrei.\",\"breadcrumb\":{\"@id\":\"https:\\\/\\\/insektenliebe.com\\\/de\\\/shop\\\/produkt\\\/biorb-earth-futterhilfe\\\/#breadcrumb\"},\"inLanguage\":\"de\",\"potentialAction\":[{\"@type\":\"ReadAction\",\"target\":[\"https:\\\/\\\/insektenliebe.com\\\/de\\\/shop\\\/produkt\\\/biorb-earth-futterhilfe\\\/\"]}]},{\"@type\":\"ImageObject\",\"inLanguage\":\"de\",\"@id\":\"https:\\\/\\\/insektenliebe.com\\\/de\\\/shop\\\/produkt\\\/biorb-earth-futterhilfe\\\/#primaryimage\",\"url\":\"https:\\\/\\\/insektenliebe.com\\\/wp-content\\\/uploads\\\/2025\\\/10\\\/biOrb-EARTH-Futterhilfe.jpg\",\"contentUrl\":\"https:\\\/\\\/insektenliebe.com\\\/wp-content\\\/uploads\\\/2025\\\/10\\\/biOrb-EARTH-Futterhilfe.jpg\",\"width\":820,\"height\":820,\"caption\":\"biOrb EARTH Futterhilfe\"},{\"@type\":\"BreadcrumbList\",\"@id\":\"https:\\\/\\\/insektenliebe.com\\\/de\\\/shop\\\/produkt\\\/biorb-earth-futterhilfe\\\/#breadcrumb\",\"itemListElement\":[{\"@type\":\"ListItem\",\"position\":1,\"name\":\"Startseite\",\"item\":\"https:\\\/\\\/insektenliebe.com\\\/de\\\/\"},{\"@type\":\"ListItem\",\"position\":2,\"name\":\"Shop\",\"item\":\"https:\\\/\\\/insektenliebe.com\\\/de\\\/shop\\\/\"},{\"@type\":\"ListItem\",\"position\":3,\"name\":\"biOrb EARTH Futterhilfe\"}]},{\"@type\":\"WebSite\",\"@id\":\"https:\\\/\\\/insektenliebe.com\\\/de\\\/#website\",\"url\":\"https:\\\/\\\/insektenliebe.com\\\/de\\\/\",\"name\":\"Insektenliebe\",\"description\":\"Dein Zuhause f\u00fcr die kleinen Lebewesen\",\"publisher\":{\"@id\":\"https:\\\/\\\/insektenliebe.com\\\/de\\\/#organization\"},\"potentialAction\":[{\"@type\":\"SearchAction\",\"target\":{\"@type\":\"EntryPoint\",\"urlTemplate\":\"https:\\\/\\\/insektenliebe.com\\\/de\\\/?s={search_term_string}\"},\"query-input\":{\"@type\":\"PropertyValueSpecification\",\"valueRequired\":true,\"valueName\":\"search_term_string\"}}],\"inLanguage\":\"de\"},{\"@type\":\"Organization\",\"@id\":\"https:\\\/\\\/insektenliebe.com\\\/de\\\/#organization\",\"name\":\"Insektenliebe\",\"url\":\"https:\\\/\\\/insektenliebe.com\\\/de\\\/\",\"logo\":{\"@type\":\"ImageObject\",\"inLanguage\":\"de\",\"@id\":\"https:\\\/\\\/insektenliebe.com\\\/de\\\/#\\\/schema\\\/logo\\\/image\\\/\",\"url\":\"https:\\\/\\\/insektenliebe.com\\\/wp-content\\\/uploads\\\/2025\\\/03\\\/logo-white.png\",\"contentUrl\":\"https:\\\/\\\/insektenliebe.com\\\/wp-content\\\/uploads\\\/2025\\\/03\\\/logo-white.png\",\"width\":288,\"height\":188,\"caption\":\"Insektenliebe\"},\"image\":{\"@id\":\"https:\\\/\\\/insektenliebe.com\\\/de\\\/#\\\/schema\\\/logo\\\/image\\\/\"}}]}<\/script>\n<!-- \/ Yoast SEO plugin. -->","yoast_head_json":{"title":"biOrb EARTH Futterhilfe - Insektenliebe","description":"Futterhilfe f\u00fcr biOrb EARTH 125: F\u00fcttern von oben, gezielt und ohne \u00d6ffnen. Mit drehbarer \u00d6ffnung f\u00fcr pr\u00e4zise Dosierung. Sauber, sicher, stressfrei.","robots":{"index":"index","follow":"follow","max-snippet":"max-snippet:-1","max-image-preview":"max-image-preview:large","max-video-preview":"max-video-preview:-1"},"canonical":"https:\/\/insektenliebe.com\/de\/shop\/produkt\/biorb-earth-futterhilfe\/","og_locale":"de_DE","og_type":"article","og_title":"biOrb EARTH Futterhilfe - Insektenliebe","og_description":"Futterhilfe f\u00fcr biOrb EARTH 125: F\u00fcttern von oben, gezielt und ohne \u00d6ffnen. Mit drehbarer \u00d6ffnung f\u00fcr pr\u00e4zise Dosierung. Sauber, sicher, stressfrei.","og_url":"https:\/\/insektenliebe.com\/de\/shop\/produkt\/biorb-earth-futterhilfe\/","og_site_name":"Insektenliebe","article_modified_time":"2026-04-06T05:51:49+00:00","og_image":[{"width":820,"height":820,"url":"https:\/\/insektenliebe.com\/wp-content\/uploads\/2025\/10\/biOrb-EARTH-Futterhilfe.jpg","type":"image\/jpeg"}],"twitter_card":"summary_large_image","twitter_misc":{"Gesch\u00e4tzte Lesezeit":"2\u00a0Minuten"},"schema":{"@context":"https:\/\/schema.org","@graph":[{"@type":"WebPage","@id":"https:\/\/insektenliebe.com\/de\/shop\/produkt\/biorb-earth-futterhilfe\/","url":"https:\/\/insektenliebe.com\/de\/shop\/produkt\/biorb-earth-futterhilfe\/","name":"biOrb EARTH Futterhilfe - Insektenliebe","isPartOf":{"@id":"https:\/\/insektenliebe.com\/de\/#website"},"primaryImageOfPage":{"@id":"https:\/\/insektenliebe.com\/de\/shop\/produkt\/biorb-earth-futterhilfe\/#primaryimage"},"image":{"@id":"https:\/\/insektenliebe.com\/de\/shop\/produkt\/biorb-earth-futterhilfe\/#primaryimage"},"thumbnailUrl":"https:\/\/insektenliebe.com\/wp-content\/uploads\/2025\/10\/biOrb-EARTH-Futterhilfe.jpg","datePublished":"2024-10-02T12:33:50+00:00","dateModified":"2026-04-06T05:51:49+00:00","description":"Futterhilfe f\u00fcr biOrb EARTH 125: F\u00fcttern von oben, gezielt und ohne \u00d6ffnen. Mit drehbarer \u00d6ffnung f\u00fcr pr\u00e4zise Dosierung. Sauber, sicher, stressfrei.","breadcrumb":{"@id":"https:\/\/insektenliebe.com\/de\/shop\/produkt\/biorb-earth-futterhilfe\/#breadcrumb"},"inLanguage":"de","potentialAction":[{"@type":"ReadAction","target":["https:\/\/insektenliebe.com\/de\/shop\/produkt\/biorb-earth-futterhilfe\/"]}]},{"@type":"ImageObject","inLanguage":"de","@id":"https:\/\/insektenliebe.com\/de\/shop\/produkt\/biorb-earth-futterhilfe\/#primaryimage","url":"https:\/\/insektenliebe.com\/wp-content\/uploads\/2025\/10\/biOrb-EARTH-Futterhilfe.jpg","contentUrl":"https:\/\/insektenliebe.com\/wp-content\/uploads\/2025\/10\/biOrb-EARTH-Futterhilfe.jpg","width":820,"height":820,"caption":"biOrb EARTH Futterhilfe"},{"@type":"BreadcrumbList","@id":"https:\/\/insektenliebe.com\/de\/shop\/produkt\/biorb-earth-futterhilfe\/#breadcrumb","itemListElement":[{"@type":"ListItem","position":1,"name":"Startseite","item":"https:\/\/insektenliebe.com\/de\/"},{"@type":"ListItem","position":2,"name":"Shop","item":"https:\/\/insektenliebe.com\/de\/shop\/"},{"@type":"ListItem","position":3,"name":"biOrb EARTH Futterhilfe"}]},{"@type":"WebSite","@id":"https:\/\/insektenliebe.com\/de\/#website","url":"https:\/\/insektenliebe.com\/de\/","name":"Insektenliebe","description":"Dein Zuhause f\u00fcr die kleinen Lebewesen","publisher":{"@id":"https:\/\/insektenliebe.com\/de\/#organization"},"potentialAction":[{"@type":"SearchAction","target":{"@type":"EntryPoint","urlTemplate":"https:\/\/insektenliebe.com\/de\/?s={search_term_string}"},"query-input":{"@type":"PropertyValueSpecification","valueRequired":true,"valueName":"search_term_string"}}],"inLanguage":"de"},{"@type":"Organization","@id":"https:\/\/insektenliebe.com\/de\/#organization","name":"Insektenliebe","url":"https:\/\/insektenliebe.com\/de\/","logo":{"@type":"ImageObject","inLanguage":"de","@id":"https:\/\/insektenliebe.com\/de\/#\/schema\/logo\/image\/","url":"https:\/\/insektenliebe.com\/wp-content\/uploads\/2025\/03\/logo-white.png","contentUrl":"https:\/\/insektenliebe.com\/wp-content\/uploads\/2025\/03\/logo-white.png","width":288,"height":188,"caption":"Insektenliebe"},"image":{"@id":"https:\/\/insektenliebe.com\/de\/#\/schema\/logo\/image\/"}}]}},"_links":{"self":[{"href":"https:\/\/insektenliebe.com\/de\/wp-json\/wp\/v2\/product\/158749","targetHints":{"allow":["GET"]}}],"collection":[{"href":"https:\/\/insektenliebe.com\/de\/wp-json\/wp\/v2\/product"}],"about":[{"href":"https:\/\/insektenliebe.com\/de\/wp-json\/wp\/v2\/types\/product"}],"wp:featuredmedia":[{"embeddable":true,"href":"https:\/\/insektenliebe.com\/de\/wp-json\/wp\/v2\/media\/158751"}],"wp:attachment":[{"href":"https:\/\/insektenliebe.com\/de\/wp-json\/wp\/v2\/media?parent=158749"}],"wp:term":[{"taxonomy":"product-supplier","embeddable":true,"href":"https:\/\/insektenliebe.com\/de\/wp-json\/wp\/v2\/product-supplier?post=158749"},{"taxonomy":"product_brand","embeddable":true,"href":"https:\/\/insektenliebe.com\/de\/wp-json\/wp\/v2\/product_brand?post=158749"},{"taxonomy":"product_cat","embeddable":true,"href":"https:\/\/insektenliebe.com\/de\/wp-json\/wp\/v2\/product_cat?post=158749"},{"taxonomy":"product_tag","embeddable":true,"href":"https:\/\/insektenliebe.com\/de\/wp-json\/wp\/v2\/product_tag?post=158749"},{"taxonomy":"lce-checkout-addons","embeddable":true,"href":"https:\/\/insektenliebe.com\/de\/wp-json\/wp\/v2\/lce-checkout-addons?post=158749"}],"curies":[{"name":"wp","href":"https:\/\/api.w.org\/{rel}","templated":true}]}}