{"id":156533,"date":"2025-09-12T17:20:00","date_gmt":"2025-09-12T15:20:00","guid":{"rendered":"https:\/\/insektenliebe.com\/?post_type=product&#038;p=156533"},"modified":"2026-03-19T08:18:03","modified_gmt":"2026-03-19T07:18:03","slug":"bioart-drop-285","status":"publish","type":"product","link":"https:\/\/insektenliebe.com\/de\/shop\/produkt\/bioart-drop-285\/","title":{"rendered":"BioArt Drop 285"},"content":{"rendered":"<h3><span class=\"s1\" style=\"color: #99cc33\">BioArt Drop 285 \u2013 Naturkunst in Tropfenform<\/span><\/h3>\n<p class=\"p1\"><span class=\"s1\">Die <strong>BioArt Drop 285<\/strong><\/span><span class=\"s1\">\u00a0ist ein faszinierendes Glasterrarium in edler Tropfenform, das Natur und Design perfekt miteinander verbindet. Gefertigt aus hochwertigem Glas, bietet es einen klaren Blick auf die lebendige Pflanzenwelt im Inneren. Die Form erinnert an einen Tautropfen, was dem Gef\u00e4\u00df eine elegante, fast schwebende Anmutung verleiht. So wird es nicht nur zum Lebensraum f\u00fcr Pflanzen, sondern auch zu einem dekorativen Highlight in jedem Wohnraum.<\/span><\/p>\n<p class=\"p1\"><span class=\"s1\">Ausgestattet ist sie\u00a0mit einer integrierten, dimmbaren LED-Beleuchtung, die f\u00fcr das richtige Lichtspektrum sorgt und zugleich energieeffizient arbeitet. Eine Zeitschaltuhr erleichtert die Pflege, indem sie die Beleuchtung automatisch reguliert. Der Deckel verf\u00fcgt \u00fcber eine innovative Bel\u00fcftung mit integriertem Aktivl\u00fcfter. Dadurch bleibt das Klima im Inneren stabil, w\u00e4hrend die Pflanzen optimal mit Sauerstoff versorgt werden.<\/span><\/p>\n<p class=\"p1\"><span class=\"s1\">Besonders gut eignet sich dieses Modell f\u00fcr die Haltung von Moosen, Farnen und kleineren tropischen Pflanzenarten. Die gew\u00f6lbte Form erzeugt ein feuchtes Mikroklima, das ideale Bedingungen f\u00fcr das gesunde Wachstum der Pflanzen schafft. Wer mag, kann das Gef\u00e4\u00df zus\u00e4tzlich mit dekorativen Naturmaterialien wie Korkrinde oder kleinen Wurzeln best\u00fccken, um eine individuelle Miniatur-Landschaft zu gestalten.<\/span><\/p>\n<p class=\"p1\"><span class=\"s1\">Ein weiterer Vorteil: Die <strong>BioArt Drop 285<\/strong> ist nahezu pflegeleicht. Das geschlossene System reguliert den Wasserkreislauf weitgehend selbst, sodass nur selten nachgegossen werden muss. Dadurch eignet sich das Terrarium auch hervorragend f\u00fcr Menschen, die ein St\u00fcck Natur genie\u00dfen m\u00f6chten, ohne viel Zeit in die Pflege zu investieren.<\/span><\/p>\n<p class=\"p1\"><span class=\"s1\">F\u00fcr noch mehr Nat\u00fcrlichkeit l\u00e4sst sich die <strong>BioArt Drop 285<\/strong> auch mit <\/span><span class=\"s2\">Springschw\u00e4nzen<\/span><span class=\"s1\"> erg\u00e4nzen. Diese winzigen Bodenbewohner unterst\u00fctzen die biologische Balance, indem sie Schimmelbildung vorbeugen und abgestorbenes Pflanzenmaterial zersetzen. So entsteht ein funktionierendes Mini-\u00d6kosystem, das das nat\u00fcrliche Zusammenspiel von Pflanzen und Bodenorganismen nachahmt.<\/span><\/p>\n","protected":false},"excerpt":{"rendered":"<p>BioArt Drop 285 \u2013 Naturkunst in Tropfenform Die BioArt Drop 285\u00a0ist ein faszinierendes Glasterrarium in edler Tropfenform, das Natur und Design perfekt miteinander verbindet. Gefertigt aus hochwertigem Glas, bietet es einen klaren Blick auf die lebendige Pflanzenwelt im Inneren. Die Form erinnert an einen Tautropfen, was dem Gef\u00e4\u00df eine elegante, fast schwebende Anmutung verleiht. So [&hellip;]<\/p>\n","protected":false},"featured_media":156539,"template":"","meta":{"_acf_changed":false},"product-supplier":[2685],"product_brand":[],"product_cat":[130],"product_tag":[],"lce-checkout-addons":[],"class_list":{"0":"post-156533","1":"product","2":"type-product","3":"status-publish","4":"has-post-thumbnail","6":"product_cat-terrarien-behaelter","7":"product_shipping_class-equipment-shipping","9":"first","10":"instock","11":"sale","12":"taxable","13":"shipping-taxable","14":"purchasable","15":"product-type-simple"},"acf":[],"yoast_head":"<!-- This site is optimized with the Yoast SEO plugin v27.3 - https:\/\/yoast.com\/product\/yoast-seo-wordpress\/ -->\n<title>BioArt Drop 285 - Insektenliebe<\/title>\n<meta name=\"description\" content=\"Mit der BioArt Tear 260 holst du dir nicht nur ein Terrarium nach Hause, sondern ein lebendiges St\u00fcck Naturkunst \u2013 modern, elegant und nachhaltig.\" \/>\n<meta name=\"robots\" content=\"index, follow, max-snippet:-1, max-image-preview:large, max-video-preview:-1\" \/>\n<link rel=\"canonical\" href=\"https:\/\/insektenliebe.com\/de\/shop\/produkt\/bioart-drop-285\/\" \/>\n<meta property=\"og:locale\" content=\"de_DE\" \/>\n<meta property=\"og:type\" content=\"article\" \/>\n<meta property=\"og:title\" content=\"BioArt Drop 285 - Insektenliebe\" \/>\n<meta property=\"og:description\" content=\"Mit der BioArt Tear 260 holst du dir nicht nur ein Terrarium nach Hause, sondern ein lebendiges St\u00fcck Naturkunst \u2013 modern, elegant und nachhaltig.\" \/>\n<meta property=\"og:url\" content=\"https:\/\/insektenliebe.com\/de\/shop\/produkt\/bioart-drop-285\/\" \/>\n<meta property=\"og:site_name\" content=\"Insektenliebe\" \/>\n<meta property=\"article:modified_time\" content=\"2026-03-19T07:18:03+00:00\" \/>\n<meta property=\"og:image\" content=\"https:\/\/insektenliebe.com\/wp-content\/uploads\/2025\/09\/BioArt-Drop-285.jpg\" \/>\n\t<meta property=\"og:image:width\" content=\"820\" \/>\n\t<meta property=\"og:image:height\" content=\"820\" \/>\n\t<meta property=\"og:image:type\" content=\"image\/jpeg\" \/>\n<meta name=\"twitter:card\" content=\"summary_large_image\" \/>\n<meta name=\"twitter:label1\" content=\"Gesch\u00e4tzte Lesezeit\" \/>\n\t<meta name=\"twitter:data1\" content=\"2\u00a0Minuten\" \/>\n<script type=\"application\/ld+json\" class=\"yoast-schema-graph\">{\"@context\":\"https:\\\/\\\/schema.org\",\"@graph\":[{\"@type\":\"WebPage\",\"@id\":\"https:\\\/\\\/insektenliebe.com\\\/de\\\/shop\\\/produkt\\\/bioart-drop-285\\\/\",\"url\":\"https:\\\/\\\/insektenliebe.com\\\/de\\\/shop\\\/produkt\\\/bioart-drop-285\\\/\",\"name\":\"BioArt Drop 285 - Insektenliebe\",\"isPartOf\":{\"@id\":\"https:\\\/\\\/insektenliebe.com\\\/de\\\/#website\"},\"primaryImageOfPage\":{\"@id\":\"https:\\\/\\\/insektenliebe.com\\\/de\\\/shop\\\/produkt\\\/bioart-drop-285\\\/#primaryimage\"},\"image\":{\"@id\":\"https:\\\/\\\/insektenliebe.com\\\/de\\\/shop\\\/produkt\\\/bioart-drop-285\\\/#primaryimage\"},\"thumbnailUrl\":\"https:\\\/\\\/insektenliebe.com\\\/wp-content\\\/uploads\\\/2025\\\/09\\\/BioArt-Drop-285.jpg\",\"datePublished\":\"2025-09-12T15:20:00+00:00\",\"dateModified\":\"2026-03-19T07:18:03+00:00\",\"description\":\"Mit der BioArt Tear 260 holst du dir nicht nur ein Terrarium nach Hause, sondern ein lebendiges St\u00fcck Naturkunst \u2013 modern, elegant und nachhaltig.\",\"breadcrumb\":{\"@id\":\"https:\\\/\\\/insektenliebe.com\\\/de\\\/shop\\\/produkt\\\/bioart-drop-285\\\/#breadcrumb\"},\"inLanguage\":\"de\",\"potentialAction\":[{\"@type\":\"ReadAction\",\"target\":[\"https:\\\/\\\/insektenliebe.com\\\/de\\\/shop\\\/produkt\\\/bioart-drop-285\\\/\"]}]},{\"@type\":\"ImageObject\",\"inLanguage\":\"de\",\"@id\":\"https:\\\/\\\/insektenliebe.com\\\/de\\\/shop\\\/produkt\\\/bioart-drop-285\\\/#primaryimage\",\"url\":\"https:\\\/\\\/insektenliebe.com\\\/wp-content\\\/uploads\\\/2025\\\/09\\\/BioArt-Drop-285.jpg\",\"contentUrl\":\"https:\\\/\\\/insektenliebe.com\\\/wp-content\\\/uploads\\\/2025\\\/09\\\/BioArt-Drop-285.jpg\",\"width\":820,\"height\":820,\"caption\":\"BioArt Drop 285\"},{\"@type\":\"BreadcrumbList\",\"@id\":\"https:\\\/\\\/insektenliebe.com\\\/de\\\/shop\\\/produkt\\\/bioart-drop-285\\\/#breadcrumb\",\"itemListElement\":[{\"@type\":\"ListItem\",\"position\":1,\"name\":\"Startseite\",\"item\":\"https:\\\/\\\/insektenliebe.com\\\/de\\\/\"},{\"@type\":\"ListItem\",\"position\":2,\"name\":\"Shop\",\"item\":\"https:\\\/\\\/insektenliebe.com\\\/de\\\/shop\\\/\"},{\"@type\":\"ListItem\",\"position\":3,\"name\":\"BioArt Drop 285\"}]},{\"@type\":\"WebSite\",\"@id\":\"https:\\\/\\\/insektenliebe.com\\\/de\\\/#website\",\"url\":\"https:\\\/\\\/insektenliebe.com\\\/de\\\/\",\"name\":\"Insektenliebe\",\"description\":\"Dein Zuhause f\u00fcr die kleinen Lebewesen\",\"publisher\":{\"@id\":\"https:\\\/\\\/insektenliebe.com\\\/de\\\/#organization\"},\"potentialAction\":[{\"@type\":\"SearchAction\",\"target\":{\"@type\":\"EntryPoint\",\"urlTemplate\":\"https:\\\/\\\/insektenliebe.com\\\/de\\\/?s={search_term_string}\"},\"query-input\":{\"@type\":\"PropertyValueSpecification\",\"valueRequired\":true,\"valueName\":\"search_term_string\"}}],\"inLanguage\":\"de\"},{\"@type\":\"Organization\",\"@id\":\"https:\\\/\\\/insektenliebe.com\\\/de\\\/#organization\",\"name\":\"Insektenliebe\",\"url\":\"https:\\\/\\\/insektenliebe.com\\\/de\\\/\",\"logo\":{\"@type\":\"ImageObject\",\"inLanguage\":\"de\",\"@id\":\"https:\\\/\\\/insektenliebe.com\\\/de\\\/#\\\/schema\\\/logo\\\/image\\\/\",\"url\":\"https:\\\/\\\/insektenliebe.com\\\/wp-content\\\/uploads\\\/2025\\\/03\\\/logo-white.png\",\"contentUrl\":\"https:\\\/\\\/insektenliebe.com\\\/wp-content\\\/uploads\\\/2025\\\/03\\\/logo-white.png\",\"width\":288,\"height\":188,\"caption\":\"Insektenliebe\"},\"image\":{\"@id\":\"https:\\\/\\\/insektenliebe.com\\\/de\\\/#\\\/schema\\\/logo\\\/image\\\/\"}}]}<\/script>\n<!-- \/ Yoast SEO plugin. -->","yoast_head_json":{"title":"BioArt Drop 285 - Insektenliebe","description":"Mit der BioArt Tear 260 holst du dir nicht nur ein Terrarium nach Hause, sondern ein lebendiges St\u00fcck Naturkunst \u2013 modern, elegant und nachhaltig.","robots":{"index":"index","follow":"follow","max-snippet":"max-snippet:-1","max-image-preview":"max-image-preview:large","max-video-preview":"max-video-preview:-1"},"canonical":"https:\/\/insektenliebe.com\/de\/shop\/produkt\/bioart-drop-285\/","og_locale":"de_DE","og_type":"article","og_title":"BioArt Drop 285 - Insektenliebe","og_description":"Mit der BioArt Tear 260 holst du dir nicht nur ein Terrarium nach Hause, sondern ein lebendiges St\u00fcck Naturkunst \u2013 modern, elegant und nachhaltig.","og_url":"https:\/\/insektenliebe.com\/de\/shop\/produkt\/bioart-drop-285\/","og_site_name":"Insektenliebe","article_modified_time":"2026-03-19T07:18:03+00:00","og_image":[{"width":820,"height":820,"url":"https:\/\/insektenliebe.com\/wp-content\/uploads\/2025\/09\/BioArt-Drop-285.jpg","type":"image\/jpeg"}],"twitter_card":"summary_large_image","twitter_misc":{"Gesch\u00e4tzte Lesezeit":"2\u00a0Minuten"},"schema":{"@context":"https:\/\/schema.org","@graph":[{"@type":"WebPage","@id":"https:\/\/insektenliebe.com\/de\/shop\/produkt\/bioart-drop-285\/","url":"https:\/\/insektenliebe.com\/de\/shop\/produkt\/bioart-drop-285\/","name":"BioArt Drop 285 - Insektenliebe","isPartOf":{"@id":"https:\/\/insektenliebe.com\/de\/#website"},"primaryImageOfPage":{"@id":"https:\/\/insektenliebe.com\/de\/shop\/produkt\/bioart-drop-285\/#primaryimage"},"image":{"@id":"https:\/\/insektenliebe.com\/de\/shop\/produkt\/bioart-drop-285\/#primaryimage"},"thumbnailUrl":"https:\/\/insektenliebe.com\/wp-content\/uploads\/2025\/09\/BioArt-Drop-285.jpg","datePublished":"2025-09-12T15:20:00+00:00","dateModified":"2026-03-19T07:18:03+00:00","description":"Mit der BioArt Tear 260 holst du dir nicht nur ein Terrarium nach Hause, sondern ein lebendiges St\u00fcck Naturkunst \u2013 modern, elegant und nachhaltig.","breadcrumb":{"@id":"https:\/\/insektenliebe.com\/de\/shop\/produkt\/bioart-drop-285\/#breadcrumb"},"inLanguage":"de","potentialAction":[{"@type":"ReadAction","target":["https:\/\/insektenliebe.com\/de\/shop\/produkt\/bioart-drop-285\/"]}]},{"@type":"ImageObject","inLanguage":"de","@id":"https:\/\/insektenliebe.com\/de\/shop\/produkt\/bioart-drop-285\/#primaryimage","url":"https:\/\/insektenliebe.com\/wp-content\/uploads\/2025\/09\/BioArt-Drop-285.jpg","contentUrl":"https:\/\/insektenliebe.com\/wp-content\/uploads\/2025\/09\/BioArt-Drop-285.jpg","width":820,"height":820,"caption":"BioArt Drop 285"},{"@type":"BreadcrumbList","@id":"https:\/\/insektenliebe.com\/de\/shop\/produkt\/bioart-drop-285\/#breadcrumb","itemListElement":[{"@type":"ListItem","position":1,"name":"Startseite","item":"https:\/\/insektenliebe.com\/de\/"},{"@type":"ListItem","position":2,"name":"Shop","item":"https:\/\/insektenliebe.com\/de\/shop\/"},{"@type":"ListItem","position":3,"name":"BioArt Drop 285"}]},{"@type":"WebSite","@id":"https:\/\/insektenliebe.com\/de\/#website","url":"https:\/\/insektenliebe.com\/de\/","name":"Insektenliebe","description":"Dein Zuhause f\u00fcr die kleinen Lebewesen","publisher":{"@id":"https:\/\/insektenliebe.com\/de\/#organization"},"potentialAction":[{"@type":"SearchAction","target":{"@type":"EntryPoint","urlTemplate":"https:\/\/insektenliebe.com\/de\/?s={search_term_string}"},"query-input":{"@type":"PropertyValueSpecification","valueRequired":true,"valueName":"search_term_string"}}],"inLanguage":"de"},{"@type":"Organization","@id":"https:\/\/insektenliebe.com\/de\/#organization","name":"Insektenliebe","url":"https:\/\/insektenliebe.com\/de\/","logo":{"@type":"ImageObject","inLanguage":"de","@id":"https:\/\/insektenliebe.com\/de\/#\/schema\/logo\/image\/","url":"https:\/\/insektenliebe.com\/wp-content\/uploads\/2025\/03\/logo-white.png","contentUrl":"https:\/\/insektenliebe.com\/wp-content\/uploads\/2025\/03\/logo-white.png","width":288,"height":188,"caption":"Insektenliebe"},"image":{"@id":"https:\/\/insektenliebe.com\/de\/#\/schema\/logo\/image\/"}}]}},"_links":{"self":[{"href":"https:\/\/insektenliebe.com\/de\/wp-json\/wp\/v2\/product\/156533","targetHints":{"allow":["GET"]}}],"collection":[{"href":"https:\/\/insektenliebe.com\/de\/wp-json\/wp\/v2\/product"}],"about":[{"href":"https:\/\/insektenliebe.com\/de\/wp-json\/wp\/v2\/types\/product"}],"wp:featuredmedia":[{"embeddable":true,"href":"https:\/\/insektenliebe.com\/de\/wp-json\/wp\/v2\/media\/156539"}],"wp:attachment":[{"href":"https:\/\/insektenliebe.com\/de\/wp-json\/wp\/v2\/media?parent=156533"}],"wp:term":[{"taxonomy":"product-supplier","embeddable":true,"href":"https:\/\/insektenliebe.com\/de\/wp-json\/wp\/v2\/product-supplier?post=156533"},{"taxonomy":"product_brand","embeddable":true,"href":"https:\/\/insektenliebe.com\/de\/wp-json\/wp\/v2\/product_brand?post=156533"},{"taxonomy":"product_cat","embeddable":true,"href":"https:\/\/insektenliebe.com\/de\/wp-json\/wp\/v2\/product_cat?post=156533"},{"taxonomy":"product_tag","embeddable":true,"href":"https:\/\/insektenliebe.com\/de\/wp-json\/wp\/v2\/product_tag?post=156533"},{"taxonomy":"lce-checkout-addons","embeddable":true,"href":"https:\/\/insektenliebe.com\/de\/wp-json\/wp\/v2\/lce-checkout-addons?post=156533"}],"curies":[{"name":"wp","href":"https:\/\/api.w.org\/{rel}","templated":true}]}}