{"id":156522,"date":"2025-09-12T16:12:00","date_gmt":"2025-09-12T14:12:00","guid":{"rendered":"https:\/\/insektenliebe.com\/?post_type=product&#038;p=156522"},"modified":"2026-03-19T08:18:03","modified_gmt":"2026-03-19T07:18:03","slug":"bioart-cylinder-285","status":"publish","type":"product","link":"https:\/\/insektenliebe.com\/de\/shop\/produkt\/bioart-cylinder-285\/","title":{"rendered":"BioArt Cylinder 285"},"content":{"rendered":"<h3 class=\"p1\"><span style=\"color: #99cc33\"><strong><span class=\"s1\">BioArt Cylinder 285 \u2013 Ein St\u00fcck Natur im Glas<\/span><\/strong><\/span><\/h3>\n<p class=\"p1\"><span class=\"s1\">Der <\/span><strong><span class=\"s2\">BioArt Cylinder 285<\/span><\/strong><span class=\"s1\"> vereint elegantes Design mit funktionalem Nutzen und bringt ein St\u00fcck lebendige Natur direkt in dein Zuhause. Das hochwertige Glasgef\u00e4\u00df in zylindrischer Form erm\u00f6glicht einen klaren Rundumblick auf die faszinierende Miniaturwelt im Inneren. Mit seinem schlanken Aufbau f\u00fcgt sich der Cylinder dezent in jedes Wohn- oder Arbeitsumfeld ein und setzt gleichzeitig ein stilvolles Highlight.<\/span><\/p>\n<p class=\"p1\"><span class=\"s1\">Im Deckel ist ein <\/span><span class=\"s2\">energieeffizientes, dimmbares LED-Leuchtmittel<\/span><span class=\"s1\"> verbaut, das nicht nur f\u00fcr eine optimale Beleuchtung sorgt, sondern auch durch seine integrierte Zeitschaltuhr individuell gesteuert werden kann. Der integrierte Aktivl\u00fcfter gew\u00e4hrleistet eine effiziente K\u00fchlung der LEDs und tr\u00e4gt gleichzeitig zu einer <\/span><span class=\"s2\">geregelten Bel\u00fcftung<\/span><span class=\"s1\"> des Systems bei. So entsteht ein stabiles Klima, das ideale Bedingungen f\u00fcr Pflanzen schafft und den Pflegeaufwand deutlich reduziert.<\/span><\/p>\n<p class=\"p1\"><span class=\"s1\">Als Bodengrund kommt n\u00e4hrstoffreicher <\/span><span class=\"s2\">Waldhumus<\/span><span class=\"s1\"> zum Einsatz, der f\u00fcr ein gesundes Pflanzenwachstum sorgt und die nat\u00fcrliche Optik unterstreicht. Bepflanzt ist der Cylinder mit einem dekorativen <\/span><span class=\"s2\">Schwertfarn<\/span><span class=\"s1\">, dessen sattgr\u00fcne Wedel eine dichte Vegetation bilden und f\u00fcr eine tropische Anmutung sorgen. Kombiniert mit weiteren Pflanzen und Strukturelementen entsteht ein harmonisches Biotop, das sich immer wieder neu entdecken l\u00e4sst.<\/span><\/p>\n<p class=\"p1\"><span class=\"s1\">Ein besonderer Vorteil ist die M\u00f6glichkeit, den <strong><span class=\"s2\">BioArt Cylinder 285<\/span><\/strong> auch mit <\/span><span class=\"s2\">Springschw\u00e4nzen<\/span><span class=\"s1\"> zu besiedeln. Diese n\u00fctzlichen Bodenbewohner sorgen f\u00fcr ein ausgeglichenes Mikroklima, indem sie Schimmelbildung vorbeugen und organisches Material abbauen. Dadurch bleibt das kleine \u00d6kosystem langfristig stabil und gesund \u2013 ganz ohne gro\u00dfen Pflegeaufwand.<\/span><\/p>\n<p class=\"p1\"><span class=\"s1\">Mit dem <strong><span class=\"s2\">BioArt Cylinder 285<\/span><\/strong><\/span><span class=\"s1\">\u00a0erh\u00e4ltst du ein hochwertiges, modernes Pflanzenterrarium, das Natur\u00e4sthetik und innovative Technik perfekt verbindet. Ein Blickfang, der Ruhe und Lebendigkeit in jedem Raum schafft.<\/span><\/p>\n","protected":false},"excerpt":{"rendered":"<p>BioArt Cylinder 285 \u2013 Ein St\u00fcck Natur im Glas Der BioArt Cylinder 285 vereint elegantes Design mit funktionalem Nutzen und bringt ein St\u00fcck lebendige Natur direkt in dein Zuhause. Das hochwertige Glasgef\u00e4\u00df in zylindrischer Form erm\u00f6glicht einen klaren Rundumblick auf die faszinierende Miniaturwelt im Inneren. Mit seinem schlanken Aufbau f\u00fcgt sich der Cylinder dezent in [&hellip;]<\/p>\n","protected":false},"featured_media":156531,"template":"","meta":{"_acf_changed":false},"product-supplier":[2685],"product_brand":[],"product_cat":[130],"product_tag":[],"lce-checkout-addons":[],"class_list":{"0":"post-156522","1":"product","2":"type-product","3":"status-publish","4":"has-post-thumbnail","6":"product_cat-terrarien-behaelter","7":"product_shipping_class-equipment-shipping","9":"first","10":"instock","11":"sale","12":"taxable","13":"shipping-taxable","14":"purchasable","15":"product-type-simple"},"acf":[],"yoast_head":"<!-- This site is optimized with the Yoast SEO plugin v27.3 - https:\/\/yoast.com\/product\/yoast-seo-wordpress\/ -->\n<title>BioArt Cylinder 285 - Insektenliebe<\/title>\n<meta name=\"description\" content=\"BioArt Bowl 225 \u2013 stilvolles Glasgef\u00e4\u00df mit LED, Zeitschaltuhr &amp; Bel\u00fcftung. Perfekte Kombination aus Design und Funktion f\u00fcr dein gr\u00fcnes Highlight.\" \/>\n<meta name=\"robots\" content=\"index, follow, max-snippet:-1, max-image-preview:large, max-video-preview:-1\" \/>\n<link rel=\"canonical\" href=\"https:\/\/insektenliebe.com\/de\/shop\/produkt\/bioart-cylinder-285\/\" \/>\n<meta property=\"og:locale\" content=\"de_DE\" \/>\n<meta property=\"og:type\" content=\"article\" \/>\n<meta property=\"og:title\" content=\"BioArt Cylinder 285 - Insektenliebe\" \/>\n<meta property=\"og:description\" content=\"BioArt Bowl 225 \u2013 stilvolles Glasgef\u00e4\u00df mit LED, Zeitschaltuhr &amp; Bel\u00fcftung. Perfekte Kombination aus Design und Funktion f\u00fcr dein gr\u00fcnes Highlight.\" \/>\n<meta property=\"og:url\" content=\"https:\/\/insektenliebe.com\/de\/shop\/produkt\/bioart-cylinder-285\/\" \/>\n<meta property=\"og:site_name\" content=\"Insektenliebe\" \/>\n<meta property=\"article:modified_time\" content=\"2026-03-19T07:18:03+00:00\" \/>\n<meta property=\"og:image\" content=\"https:\/\/insektenliebe.com\/wp-content\/uploads\/2025\/09\/BioArt-Cylinder-285.jpg\" \/>\n\t<meta property=\"og:image:width\" content=\"820\" \/>\n\t<meta property=\"og:image:height\" content=\"820\" \/>\n\t<meta property=\"og:image:type\" content=\"image\/jpeg\" \/>\n<meta name=\"twitter:card\" content=\"summary_large_image\" \/>\n<meta name=\"twitter:label1\" content=\"Gesch\u00e4tzte Lesezeit\" \/>\n\t<meta name=\"twitter:data1\" content=\"2\u00a0Minuten\" \/>\n<script type=\"application\/ld+json\" class=\"yoast-schema-graph\">{\"@context\":\"https:\\\/\\\/schema.org\",\"@graph\":[{\"@type\":\"WebPage\",\"@id\":\"https:\\\/\\\/insektenliebe.com\\\/de\\\/shop\\\/produkt\\\/bioart-cylinder-285\\\/\",\"url\":\"https:\\\/\\\/insektenliebe.com\\\/de\\\/shop\\\/produkt\\\/bioart-cylinder-285\\\/\",\"name\":\"BioArt Cylinder 285 - Insektenliebe\",\"isPartOf\":{\"@id\":\"https:\\\/\\\/insektenliebe.com\\\/de\\\/#website\"},\"primaryImageOfPage\":{\"@id\":\"https:\\\/\\\/insektenliebe.com\\\/de\\\/shop\\\/produkt\\\/bioart-cylinder-285\\\/#primaryimage\"},\"image\":{\"@id\":\"https:\\\/\\\/insektenliebe.com\\\/de\\\/shop\\\/produkt\\\/bioart-cylinder-285\\\/#primaryimage\"},\"thumbnailUrl\":\"https:\\\/\\\/insektenliebe.com\\\/wp-content\\\/uploads\\\/2025\\\/09\\\/BioArt-Cylinder-285.jpg\",\"datePublished\":\"2025-09-12T14:12:00+00:00\",\"dateModified\":\"2026-03-19T07:18:03+00:00\",\"description\":\"BioArt Bowl 225 \u2013 stilvolles Glasgef\u00e4\u00df mit LED, Zeitschaltuhr & Bel\u00fcftung. Perfekte Kombination aus Design und Funktion f\u00fcr dein gr\u00fcnes Highlight.\",\"breadcrumb\":{\"@id\":\"https:\\\/\\\/insektenliebe.com\\\/de\\\/shop\\\/produkt\\\/bioart-cylinder-285\\\/#breadcrumb\"},\"inLanguage\":\"de\",\"potentialAction\":[{\"@type\":\"ReadAction\",\"target\":[\"https:\\\/\\\/insektenliebe.com\\\/de\\\/shop\\\/produkt\\\/bioart-cylinder-285\\\/\"]}]},{\"@type\":\"ImageObject\",\"inLanguage\":\"de\",\"@id\":\"https:\\\/\\\/insektenliebe.com\\\/de\\\/shop\\\/produkt\\\/bioart-cylinder-285\\\/#primaryimage\",\"url\":\"https:\\\/\\\/insektenliebe.com\\\/wp-content\\\/uploads\\\/2025\\\/09\\\/BioArt-Cylinder-285.jpg\",\"contentUrl\":\"https:\\\/\\\/insektenliebe.com\\\/wp-content\\\/uploads\\\/2025\\\/09\\\/BioArt-Cylinder-285.jpg\",\"width\":820,\"height\":820,\"caption\":\"BioArt Cylinder 285\"},{\"@type\":\"BreadcrumbList\",\"@id\":\"https:\\\/\\\/insektenliebe.com\\\/de\\\/shop\\\/produkt\\\/bioart-cylinder-285\\\/#breadcrumb\",\"itemListElement\":[{\"@type\":\"ListItem\",\"position\":1,\"name\":\"Startseite\",\"item\":\"https:\\\/\\\/insektenliebe.com\\\/de\\\/\"},{\"@type\":\"ListItem\",\"position\":2,\"name\":\"Shop\",\"item\":\"https:\\\/\\\/insektenliebe.com\\\/de\\\/shop\\\/\"},{\"@type\":\"ListItem\",\"position\":3,\"name\":\"BioArt Cylinder 285\"}]},{\"@type\":\"WebSite\",\"@id\":\"https:\\\/\\\/insektenliebe.com\\\/de\\\/#website\",\"url\":\"https:\\\/\\\/insektenliebe.com\\\/de\\\/\",\"name\":\"Insektenliebe\",\"description\":\"Dein Zuhause f\u00fcr die kleinen Lebewesen\",\"publisher\":{\"@id\":\"https:\\\/\\\/insektenliebe.com\\\/de\\\/#organization\"},\"potentialAction\":[{\"@type\":\"SearchAction\",\"target\":{\"@type\":\"EntryPoint\",\"urlTemplate\":\"https:\\\/\\\/insektenliebe.com\\\/de\\\/?s={search_term_string}\"},\"query-input\":{\"@type\":\"PropertyValueSpecification\",\"valueRequired\":true,\"valueName\":\"search_term_string\"}}],\"inLanguage\":\"de\"},{\"@type\":\"Organization\",\"@id\":\"https:\\\/\\\/insektenliebe.com\\\/de\\\/#organization\",\"name\":\"Insektenliebe\",\"url\":\"https:\\\/\\\/insektenliebe.com\\\/de\\\/\",\"logo\":{\"@type\":\"ImageObject\",\"inLanguage\":\"de\",\"@id\":\"https:\\\/\\\/insektenliebe.com\\\/de\\\/#\\\/schema\\\/logo\\\/image\\\/\",\"url\":\"https:\\\/\\\/insektenliebe.com\\\/wp-content\\\/uploads\\\/2025\\\/03\\\/logo-white.png\",\"contentUrl\":\"https:\\\/\\\/insektenliebe.com\\\/wp-content\\\/uploads\\\/2025\\\/03\\\/logo-white.png\",\"width\":288,\"height\":188,\"caption\":\"Insektenliebe\"},\"image\":{\"@id\":\"https:\\\/\\\/insektenliebe.com\\\/de\\\/#\\\/schema\\\/logo\\\/image\\\/\"}}]}<\/script>\n<!-- \/ Yoast SEO plugin. -->","yoast_head_json":{"title":"BioArt Cylinder 285 - Insektenliebe","description":"BioArt Bowl 225 \u2013 stilvolles Glasgef\u00e4\u00df mit LED, Zeitschaltuhr & Bel\u00fcftung. Perfekte Kombination aus Design und Funktion f\u00fcr dein gr\u00fcnes Highlight.","robots":{"index":"index","follow":"follow","max-snippet":"max-snippet:-1","max-image-preview":"max-image-preview:large","max-video-preview":"max-video-preview:-1"},"canonical":"https:\/\/insektenliebe.com\/de\/shop\/produkt\/bioart-cylinder-285\/","og_locale":"de_DE","og_type":"article","og_title":"BioArt Cylinder 285 - Insektenliebe","og_description":"BioArt Bowl 225 \u2013 stilvolles Glasgef\u00e4\u00df mit LED, Zeitschaltuhr & Bel\u00fcftung. Perfekte Kombination aus Design und Funktion f\u00fcr dein gr\u00fcnes Highlight.","og_url":"https:\/\/insektenliebe.com\/de\/shop\/produkt\/bioart-cylinder-285\/","og_site_name":"Insektenliebe","article_modified_time":"2026-03-19T07:18:03+00:00","og_image":[{"width":820,"height":820,"url":"https:\/\/insektenliebe.com\/wp-content\/uploads\/2025\/09\/BioArt-Cylinder-285.jpg","type":"image\/jpeg"}],"twitter_card":"summary_large_image","twitter_misc":{"Gesch\u00e4tzte Lesezeit":"2\u00a0Minuten"},"schema":{"@context":"https:\/\/schema.org","@graph":[{"@type":"WebPage","@id":"https:\/\/insektenliebe.com\/de\/shop\/produkt\/bioart-cylinder-285\/","url":"https:\/\/insektenliebe.com\/de\/shop\/produkt\/bioart-cylinder-285\/","name":"BioArt Cylinder 285 - Insektenliebe","isPartOf":{"@id":"https:\/\/insektenliebe.com\/de\/#website"},"primaryImageOfPage":{"@id":"https:\/\/insektenliebe.com\/de\/shop\/produkt\/bioart-cylinder-285\/#primaryimage"},"image":{"@id":"https:\/\/insektenliebe.com\/de\/shop\/produkt\/bioart-cylinder-285\/#primaryimage"},"thumbnailUrl":"https:\/\/insektenliebe.com\/wp-content\/uploads\/2025\/09\/BioArt-Cylinder-285.jpg","datePublished":"2025-09-12T14:12:00+00:00","dateModified":"2026-03-19T07:18:03+00:00","description":"BioArt Bowl 225 \u2013 stilvolles Glasgef\u00e4\u00df mit LED, Zeitschaltuhr & Bel\u00fcftung. Perfekte Kombination aus Design und Funktion f\u00fcr dein gr\u00fcnes Highlight.","breadcrumb":{"@id":"https:\/\/insektenliebe.com\/de\/shop\/produkt\/bioart-cylinder-285\/#breadcrumb"},"inLanguage":"de","potentialAction":[{"@type":"ReadAction","target":["https:\/\/insektenliebe.com\/de\/shop\/produkt\/bioart-cylinder-285\/"]}]},{"@type":"ImageObject","inLanguage":"de","@id":"https:\/\/insektenliebe.com\/de\/shop\/produkt\/bioart-cylinder-285\/#primaryimage","url":"https:\/\/insektenliebe.com\/wp-content\/uploads\/2025\/09\/BioArt-Cylinder-285.jpg","contentUrl":"https:\/\/insektenliebe.com\/wp-content\/uploads\/2025\/09\/BioArt-Cylinder-285.jpg","width":820,"height":820,"caption":"BioArt Cylinder 285"},{"@type":"BreadcrumbList","@id":"https:\/\/insektenliebe.com\/de\/shop\/produkt\/bioart-cylinder-285\/#breadcrumb","itemListElement":[{"@type":"ListItem","position":1,"name":"Startseite","item":"https:\/\/insektenliebe.com\/de\/"},{"@type":"ListItem","position":2,"name":"Shop","item":"https:\/\/insektenliebe.com\/de\/shop\/"},{"@type":"ListItem","position":3,"name":"BioArt Cylinder 285"}]},{"@type":"WebSite","@id":"https:\/\/insektenliebe.com\/de\/#website","url":"https:\/\/insektenliebe.com\/de\/","name":"Insektenliebe","description":"Dein Zuhause f\u00fcr die kleinen Lebewesen","publisher":{"@id":"https:\/\/insektenliebe.com\/de\/#organization"},"potentialAction":[{"@type":"SearchAction","target":{"@type":"EntryPoint","urlTemplate":"https:\/\/insektenliebe.com\/de\/?s={search_term_string}"},"query-input":{"@type":"PropertyValueSpecification","valueRequired":true,"valueName":"search_term_string"}}],"inLanguage":"de"},{"@type":"Organization","@id":"https:\/\/insektenliebe.com\/de\/#organization","name":"Insektenliebe","url":"https:\/\/insektenliebe.com\/de\/","logo":{"@type":"ImageObject","inLanguage":"de","@id":"https:\/\/insektenliebe.com\/de\/#\/schema\/logo\/image\/","url":"https:\/\/insektenliebe.com\/wp-content\/uploads\/2025\/03\/logo-white.png","contentUrl":"https:\/\/insektenliebe.com\/wp-content\/uploads\/2025\/03\/logo-white.png","width":288,"height":188,"caption":"Insektenliebe"},"image":{"@id":"https:\/\/insektenliebe.com\/de\/#\/schema\/logo\/image\/"}}]}},"_links":{"self":[{"href":"https:\/\/insektenliebe.com\/de\/wp-json\/wp\/v2\/product\/156522","targetHints":{"allow":["GET"]}}],"collection":[{"href":"https:\/\/insektenliebe.com\/de\/wp-json\/wp\/v2\/product"}],"about":[{"href":"https:\/\/insektenliebe.com\/de\/wp-json\/wp\/v2\/types\/product"}],"wp:featuredmedia":[{"embeddable":true,"href":"https:\/\/insektenliebe.com\/de\/wp-json\/wp\/v2\/media\/156531"}],"wp:attachment":[{"href":"https:\/\/insektenliebe.com\/de\/wp-json\/wp\/v2\/media?parent=156522"}],"wp:term":[{"taxonomy":"product-supplier","embeddable":true,"href":"https:\/\/insektenliebe.com\/de\/wp-json\/wp\/v2\/product-supplier?post=156522"},{"taxonomy":"product_brand","embeddable":true,"href":"https:\/\/insektenliebe.com\/de\/wp-json\/wp\/v2\/product_brand?post=156522"},{"taxonomy":"product_cat","embeddable":true,"href":"https:\/\/insektenliebe.com\/de\/wp-json\/wp\/v2\/product_cat?post=156522"},{"taxonomy":"product_tag","embeddable":true,"href":"https:\/\/insektenliebe.com\/de\/wp-json\/wp\/v2\/product_tag?post=156522"},{"taxonomy":"lce-checkout-addons","embeddable":true,"href":"https:\/\/insektenliebe.com\/de\/wp-json\/wp\/v2\/lce-checkout-addons?post=156522"}],"curies":[{"name":"wp","href":"https:\/\/api.w.org\/{rel}","templated":true}]}}