{"id":155817,"date":"2025-09-05T16:59:00","date_gmt":"2025-09-05T14:59:00","guid":{"rendered":"https:\/\/insektenliebe.com\/?post_type=product&#038;p=155817"},"modified":"2026-03-21T12:39:55","modified_gmt":"2026-03-21T11:39:55","slug":"syngonium-neon","status":"publish","type":"product","link":"https:\/\/insektenliebe.com\/de\/shop\/produkt\/syngonium-neon\/","title":{"rendered":"Syngonium \"Neon\""},"content":{"rendered":"<h3 class=\"p1\"><span style=\"color: #99cc33\"><strong><span class=\"s1\">Farbkontrast in Rosa \u2013 das Highlight f\u00fcr dein Tropenbiotop<\/span><\/strong><\/span><\/h3>\n<p class=\"p1\"><span class=\"s1\">Das <strong>Syngonium \"<\/strong><\/span><strong><span class=\"s2\">Neon\" <\/span><\/strong><span class=\"s1\">ist ein wahrer Blickfang unter den Blattschmuckpflanzen. Mit seinen zarten, rosa bis altrosafarbenen Bl\u00e4ttern bringt es eine warme und au\u00dfergew\u00f6hnliche Farbnote ins Terrarium. Urspr\u00fcnglich stammt diese Pflanze aus den tropischen Regenw\u00e4ldern Mittel- und S\u00fcdamerikas, wo sie in feuchtwarmen Klimazonen gedeiht. Im Terrarium \u00fcberzeugt sie durch ihr dekoratives Blattwerk und ihre robuste Anpassungsf\u00e4higkeit.<\/span><\/p>\n<p class=\"p1\"><span class=\"s1\">Das Wachstum des <strong>Syngonium \"<\/strong><strong><span class=\"s2\">Neon\"<\/span><\/strong><\/span><span class=\"s1\">\u00a0ist kompakt, und mit einer H\u00f6he von etwa 30 bis 40 cm bleibt es gut kontrollierbar. Seine herz- bis pfeilf\u00f6rmigen Bl\u00e4tter sind das charakteristische Merkmal und sorgen f\u00fcr exotisches Flair. Durch die hellrosa T\u00f6nung eignet sich diese Pflanze perfekt, um Kontraste zu gr\u00fcnen Arten wie Philodendron, Monstera oder Farnen zu setzen.<\/span><\/p>\n<p class=\"p1\"><span class=\"s1\">F\u00fcr eine gesunde Entwicklung ben\u00f6tigt das <strong>Syngonium \"<\/strong><strong><span class=\"s2\">Neon\"<\/span><\/strong><\/span><span class=\"s1\">\u00a0eine hohe Luftfeuchtigkeit von 70\u201390 %, was es zu einer idealen Wahl f\u00fcr tropische Terrarien macht. Das Substrat sollte locker, durchl\u00e4ssig und stets leicht feucht gehalten werden, ohne Staun\u00e4sse zuzulassen. Beim Licht gilt: viel Helligkeit, aber keine direkte Sonne. Unter k\u00fcnstlicher Beleuchtung gedeiht die Pflanze optimal bei 1.000\u20131.500 Lumen.<\/span><\/p>\n<p class=\"p1\"><span class=\"s1\">Neben seinem dekorativen Wert hat das Syngonium auch funktionale Vorteile im Terrarium: Es verbessert das Mikroklima, spendet Schutz und R\u00fcckzugsfl\u00e4chen f\u00fcr kleine Wirbellose und tr\u00e4gt durch die Sauerstoffproduktion zu einem gesunden Biotop bei. Durch seine Anpassungsf\u00e4higkeit l\u00e4sst es sich leicht mit anderen tropischen Pflanzen kombinieren.<\/span><\/p>\n<p class=\"p1\"><span class=\"s1\">Das <strong>Syngonium \"<\/strong><strong><span class=\"s2\">Neon\"<\/span><\/strong><\/span><span class=\"s1\">\u00a0ist somit nicht nur eine farbliche Bereicherung, sondern auch eine unkomplizierte Pflanze f\u00fcr alle, die ihr Terrarium lebendiger gestalten m\u00f6chten.<\/span><\/p>\n","protected":false},"excerpt":{"rendered":"<p>Farbkontrast in Rosa \u2013 das Highlight f\u00fcr dein Tropenbiotop Das Syngonium \"Neon\" ist ein wahrer Blickfang unter den Blattschmuckpflanzen. Mit seinen zarten, rosa bis altrosafarbenen Bl\u00e4ttern bringt es eine warme und au\u00dfergew\u00f6hnliche Farbnote ins Terrarium. Urspr\u00fcnglich stammt diese Pflanze aus den tropischen Regenw\u00e4ldern Mittel- und S\u00fcdamerikas, wo sie in feuchtwarmen Klimazonen gedeiht. Im Terrarium \u00fcberzeugt [&hellip;]<\/p>\n","protected":false},"featured_media":155819,"template":"","meta":{"_acf_changed":false},"product-supplier":[2685],"product_brand":[],"product_cat":[414],"product_tag":[],"lce-checkout-addons":[1202],"class_list":{"0":"post-155817","1":"product","2":"type-product","3":"status-publish","4":"has-post-thumbnail","6":"product_cat-terrarienpflanzen","7":"product_shipping_class-equipment-shipping","8":"pa_herkunft-brasilien","9":"lce-checkout-addons-winterverpackung","11":"first","12":"instock","13":"sale","14":"taxable","15":"shipping-taxable","16":"purchasable","17":"product-type-simple"},"acf":[],"yoast_head":"<!-- This site is optimized with the Yoast SEO plugin v27.3 - https:\/\/yoast.com\/product\/yoast-seo-wordpress\/ -->\n<title>Syngonium &quot;Neon&quot; - Insektenliebe<\/title>\n<meta name=\"description\" content=\"Syngonium Neon mit zartrosa Bl\u00e4ttern \u2013 tropische Sch\u00f6nheit f\u00fcr Terrarien, pflegeleicht und perfekt f\u00fcr feuchtwarme Klimazonen.\" \/>\n<meta name=\"robots\" content=\"index, follow, max-snippet:-1, max-image-preview:large, max-video-preview:-1\" \/>\n<link rel=\"canonical\" href=\"https:\/\/insektenliebe.com\/de\/shop\/produkt\/syngonium-neon\/\" \/>\n<meta property=\"og:locale\" content=\"de_DE\" \/>\n<meta property=\"og:type\" content=\"article\" \/>\n<meta property=\"og:title\" content=\"Syngonium &quot;Neon&quot; - Insektenliebe\" \/>\n<meta property=\"og:description\" content=\"Syngonium Neon mit zartrosa Bl\u00e4ttern \u2013 tropische Sch\u00f6nheit f\u00fcr Terrarien, pflegeleicht und perfekt f\u00fcr feuchtwarme Klimazonen.\" \/>\n<meta property=\"og:url\" content=\"https:\/\/insektenliebe.com\/de\/shop\/produkt\/syngonium-neon\/\" \/>\n<meta property=\"og:site_name\" content=\"Insektenliebe\" \/>\n<meta property=\"article:modified_time\" content=\"2026-03-21T11:39:55+00:00\" \/>\n<meta property=\"og:image\" content=\"https:\/\/insektenliebe.com\/wp-content\/uploads\/2025\/09\/Syngonium-22Neon22.jpg\" \/>\n\t<meta property=\"og:image:width\" content=\"820\" \/>\n\t<meta property=\"og:image:height\" content=\"820\" \/>\n\t<meta property=\"og:image:type\" content=\"image\/jpeg\" \/>\n<meta name=\"twitter:card\" content=\"summary_large_image\" \/>\n<meta name=\"twitter:label1\" content=\"Gesch\u00e4tzte Lesezeit\" \/>\n\t<meta name=\"twitter:data1\" content=\"2\u00a0Minuten\" \/>\n<script type=\"application\/ld+json\" class=\"yoast-schema-graph\">{\"@context\":\"https:\\\/\\\/schema.org\",\"@graph\":[{\"@type\":\"WebPage\",\"@id\":\"https:\\\/\\\/insektenliebe.com\\\/de\\\/shop\\\/produkt\\\/syngonium-neon\\\/\",\"url\":\"https:\\\/\\\/insektenliebe.com\\\/de\\\/shop\\\/produkt\\\/syngonium-neon\\\/\",\"name\":\"Syngonium \\\"Neon\\\" - Insektenliebe\",\"isPartOf\":{\"@id\":\"https:\\\/\\\/insektenliebe.com\\\/de\\\/#website\"},\"primaryImageOfPage\":{\"@id\":\"https:\\\/\\\/insektenliebe.com\\\/de\\\/shop\\\/produkt\\\/syngonium-neon\\\/#primaryimage\"},\"image\":{\"@id\":\"https:\\\/\\\/insektenliebe.com\\\/de\\\/shop\\\/produkt\\\/syngonium-neon\\\/#primaryimage\"},\"thumbnailUrl\":\"https:\\\/\\\/insektenliebe.com\\\/wp-content\\\/uploads\\\/2025\\\/09\\\/Syngonium-22Neon22.jpg\",\"datePublished\":\"2025-09-05T14:59:00+00:00\",\"dateModified\":\"2026-03-21T11:39:55+00:00\",\"description\":\"Syngonium Neon mit zartrosa Bl\u00e4ttern \u2013 tropische Sch\u00f6nheit f\u00fcr Terrarien, pflegeleicht und perfekt f\u00fcr feuchtwarme Klimazonen.\",\"breadcrumb\":{\"@id\":\"https:\\\/\\\/insektenliebe.com\\\/de\\\/shop\\\/produkt\\\/syngonium-neon\\\/#breadcrumb\"},\"inLanguage\":\"de\",\"potentialAction\":[{\"@type\":\"ReadAction\",\"target\":[\"https:\\\/\\\/insektenliebe.com\\\/de\\\/shop\\\/produkt\\\/syngonium-neon\\\/\"]}]},{\"@type\":\"ImageObject\",\"inLanguage\":\"de\",\"@id\":\"https:\\\/\\\/insektenliebe.com\\\/de\\\/shop\\\/produkt\\\/syngonium-neon\\\/#primaryimage\",\"url\":\"https:\\\/\\\/insektenliebe.com\\\/wp-content\\\/uploads\\\/2025\\\/09\\\/Syngonium-22Neon22.jpg\",\"contentUrl\":\"https:\\\/\\\/insektenliebe.com\\\/wp-content\\\/uploads\\\/2025\\\/09\\\/Syngonium-22Neon22.jpg\",\"width\":820,\"height\":820,\"caption\":\"Syngonium \\\"Neon\\\"\"},{\"@type\":\"BreadcrumbList\",\"@id\":\"https:\\\/\\\/insektenliebe.com\\\/de\\\/shop\\\/produkt\\\/syngonium-neon\\\/#breadcrumb\",\"itemListElement\":[{\"@type\":\"ListItem\",\"position\":1,\"name\":\"Startseite\",\"item\":\"https:\\\/\\\/insektenliebe.com\\\/de\\\/\"},{\"@type\":\"ListItem\",\"position\":2,\"name\":\"Shop\",\"item\":\"https:\\\/\\\/insektenliebe.com\\\/de\\\/shop\\\/\"},{\"@type\":\"ListItem\",\"position\":3,\"name\":\"Syngonium \\\"Neon\\\"\"}]},{\"@type\":\"WebSite\",\"@id\":\"https:\\\/\\\/insektenliebe.com\\\/de\\\/#website\",\"url\":\"https:\\\/\\\/insektenliebe.com\\\/de\\\/\",\"name\":\"Insektenliebe\",\"description\":\"Dein Zuhause f\u00fcr die kleinen Lebewesen\",\"publisher\":{\"@id\":\"https:\\\/\\\/insektenliebe.com\\\/de\\\/#organization\"},\"potentialAction\":[{\"@type\":\"SearchAction\",\"target\":{\"@type\":\"EntryPoint\",\"urlTemplate\":\"https:\\\/\\\/insektenliebe.com\\\/de\\\/?s={search_term_string}\"},\"query-input\":{\"@type\":\"PropertyValueSpecification\",\"valueRequired\":true,\"valueName\":\"search_term_string\"}}],\"inLanguage\":\"de\"},{\"@type\":\"Organization\",\"@id\":\"https:\\\/\\\/insektenliebe.com\\\/de\\\/#organization\",\"name\":\"Insektenliebe\",\"url\":\"https:\\\/\\\/insektenliebe.com\\\/de\\\/\",\"logo\":{\"@type\":\"ImageObject\",\"inLanguage\":\"de\",\"@id\":\"https:\\\/\\\/insektenliebe.com\\\/de\\\/#\\\/schema\\\/logo\\\/image\\\/\",\"url\":\"https:\\\/\\\/insektenliebe.com\\\/wp-content\\\/uploads\\\/2025\\\/03\\\/logo-white.png\",\"contentUrl\":\"https:\\\/\\\/insektenliebe.com\\\/wp-content\\\/uploads\\\/2025\\\/03\\\/logo-white.png\",\"width\":288,\"height\":188,\"caption\":\"Insektenliebe\"},\"image\":{\"@id\":\"https:\\\/\\\/insektenliebe.com\\\/de\\\/#\\\/schema\\\/logo\\\/image\\\/\"}}]}<\/script>\n<!-- \/ Yoast SEO plugin. -->","yoast_head_json":{"title":"Syngonium \"Neon\" - Insektenliebe","description":"Syngonium Neon mit zartrosa Bl\u00e4ttern \u2013 tropische Sch\u00f6nheit f\u00fcr Terrarien, pflegeleicht und perfekt f\u00fcr feuchtwarme Klimazonen.","robots":{"index":"index","follow":"follow","max-snippet":"max-snippet:-1","max-image-preview":"max-image-preview:large","max-video-preview":"max-video-preview:-1"},"canonical":"https:\/\/insektenliebe.com\/de\/shop\/produkt\/syngonium-neon\/","og_locale":"de_DE","og_type":"article","og_title":"Syngonium \"Neon\" - Insektenliebe","og_description":"Syngonium Neon mit zartrosa Bl\u00e4ttern \u2013 tropische Sch\u00f6nheit f\u00fcr Terrarien, pflegeleicht und perfekt f\u00fcr feuchtwarme Klimazonen.","og_url":"https:\/\/insektenliebe.com\/de\/shop\/produkt\/syngonium-neon\/","og_site_name":"Insektenliebe","article_modified_time":"2026-03-21T11:39:55+00:00","og_image":[{"width":820,"height":820,"url":"https:\/\/insektenliebe.com\/wp-content\/uploads\/2025\/09\/Syngonium-22Neon22.jpg","type":"image\/jpeg"}],"twitter_card":"summary_large_image","twitter_misc":{"Gesch\u00e4tzte Lesezeit":"2\u00a0Minuten"},"schema":{"@context":"https:\/\/schema.org","@graph":[{"@type":"WebPage","@id":"https:\/\/insektenliebe.com\/de\/shop\/produkt\/syngonium-neon\/","url":"https:\/\/insektenliebe.com\/de\/shop\/produkt\/syngonium-neon\/","name":"Syngonium \"Neon\" - Insektenliebe","isPartOf":{"@id":"https:\/\/insektenliebe.com\/de\/#website"},"primaryImageOfPage":{"@id":"https:\/\/insektenliebe.com\/de\/shop\/produkt\/syngonium-neon\/#primaryimage"},"image":{"@id":"https:\/\/insektenliebe.com\/de\/shop\/produkt\/syngonium-neon\/#primaryimage"},"thumbnailUrl":"https:\/\/insektenliebe.com\/wp-content\/uploads\/2025\/09\/Syngonium-22Neon22.jpg","datePublished":"2025-09-05T14:59:00+00:00","dateModified":"2026-03-21T11:39:55+00:00","description":"Syngonium Neon mit zartrosa Bl\u00e4ttern \u2013 tropische Sch\u00f6nheit f\u00fcr Terrarien, pflegeleicht und perfekt f\u00fcr feuchtwarme Klimazonen.","breadcrumb":{"@id":"https:\/\/insektenliebe.com\/de\/shop\/produkt\/syngonium-neon\/#breadcrumb"},"inLanguage":"de","potentialAction":[{"@type":"ReadAction","target":["https:\/\/insektenliebe.com\/de\/shop\/produkt\/syngonium-neon\/"]}]},{"@type":"ImageObject","inLanguage":"de","@id":"https:\/\/insektenliebe.com\/de\/shop\/produkt\/syngonium-neon\/#primaryimage","url":"https:\/\/insektenliebe.com\/wp-content\/uploads\/2025\/09\/Syngonium-22Neon22.jpg","contentUrl":"https:\/\/insektenliebe.com\/wp-content\/uploads\/2025\/09\/Syngonium-22Neon22.jpg","width":820,"height":820,"caption":"Syngonium \"Neon\""},{"@type":"BreadcrumbList","@id":"https:\/\/insektenliebe.com\/de\/shop\/produkt\/syngonium-neon\/#breadcrumb","itemListElement":[{"@type":"ListItem","position":1,"name":"Startseite","item":"https:\/\/insektenliebe.com\/de\/"},{"@type":"ListItem","position":2,"name":"Shop","item":"https:\/\/insektenliebe.com\/de\/shop\/"},{"@type":"ListItem","position":3,"name":"Syngonium \"Neon\""}]},{"@type":"WebSite","@id":"https:\/\/insektenliebe.com\/de\/#website","url":"https:\/\/insektenliebe.com\/de\/","name":"Insektenliebe","description":"Dein Zuhause f\u00fcr die kleinen Lebewesen","publisher":{"@id":"https:\/\/insektenliebe.com\/de\/#organization"},"potentialAction":[{"@type":"SearchAction","target":{"@type":"EntryPoint","urlTemplate":"https:\/\/insektenliebe.com\/de\/?s={search_term_string}"},"query-input":{"@type":"PropertyValueSpecification","valueRequired":true,"valueName":"search_term_string"}}],"inLanguage":"de"},{"@type":"Organization","@id":"https:\/\/insektenliebe.com\/de\/#organization","name":"Insektenliebe","url":"https:\/\/insektenliebe.com\/de\/","logo":{"@type":"ImageObject","inLanguage":"de","@id":"https:\/\/insektenliebe.com\/de\/#\/schema\/logo\/image\/","url":"https:\/\/insektenliebe.com\/wp-content\/uploads\/2025\/03\/logo-white.png","contentUrl":"https:\/\/insektenliebe.com\/wp-content\/uploads\/2025\/03\/logo-white.png","width":288,"height":188,"caption":"Insektenliebe"},"image":{"@id":"https:\/\/insektenliebe.com\/de\/#\/schema\/logo\/image\/"}}]}},"_links":{"self":[{"href":"https:\/\/insektenliebe.com\/de\/wp-json\/wp\/v2\/product\/155817","targetHints":{"allow":["GET"]}}],"collection":[{"href":"https:\/\/insektenliebe.com\/de\/wp-json\/wp\/v2\/product"}],"about":[{"href":"https:\/\/insektenliebe.com\/de\/wp-json\/wp\/v2\/types\/product"}],"wp:featuredmedia":[{"embeddable":true,"href":"https:\/\/insektenliebe.com\/de\/wp-json\/wp\/v2\/media\/155819"}],"wp:attachment":[{"href":"https:\/\/insektenliebe.com\/de\/wp-json\/wp\/v2\/media?parent=155817"}],"wp:term":[{"taxonomy":"product-supplier","embeddable":true,"href":"https:\/\/insektenliebe.com\/de\/wp-json\/wp\/v2\/product-supplier?post=155817"},{"taxonomy":"product_brand","embeddable":true,"href":"https:\/\/insektenliebe.com\/de\/wp-json\/wp\/v2\/product_brand?post=155817"},{"taxonomy":"product_cat","embeddable":true,"href":"https:\/\/insektenliebe.com\/de\/wp-json\/wp\/v2\/product_cat?post=155817"},{"taxonomy":"product_tag","embeddable":true,"href":"https:\/\/insektenliebe.com\/de\/wp-json\/wp\/v2\/product_tag?post=155817"},{"taxonomy":"lce-checkout-addons","embeddable":true,"href":"https:\/\/insektenliebe.com\/de\/wp-json\/wp\/v2\/lce-checkout-addons?post=155817"}],"curies":[{"name":"wp","href":"https:\/\/api.w.org\/{rel}","templated":true}]}}