{"id":155661,"date":"2025-09-06T09:34:14","date_gmt":"2025-09-06T07:34:14","guid":{"rendered":"https:\/\/insektenliebe.com\/?post_type=product&#038;p=155661"},"modified":"2026-04-05T23:24:10","modified_gmt":"2026-04-05T21:24:10","slug":"repto-terra-clear-zylinder","status":"publish","type":"product","link":"https:\/\/insektenliebe.com\/de\/shop\/produkt\/repto-terra-clear-zylinder\/","title":{"rendered":"Repto Terra Clear Zylinder"},"content":{"rendered":"<h3 class=\"p1\"><span style=\"color: #99cc33\"><strong><span class=\"s1\">Repto Terra Clear Zylinder \u2013 Rundum klare Sache f\u00fcr kleine Tiere<\/span><\/strong><\/span><\/h3>\n<p class=\"p1\"><span class=\"s1\">Der <strong>Repto Terra Clear Zylinder<\/strong> mit Frontklappe ist ein modernes, rundum transparentes Mini-Terrarium f\u00fcr kleine Wirbellose. Er eignet sich ideal f\u00fcr Arten wie Springspinnen, Mantiden oder baumbewohnenden Vogelspinnen \u2013 sei es zur dauerhaften Haltung, zur Quarant\u00e4ne oder zur Pr\u00e4sentation auf B\u00f6rsen. Dank seiner klaren Acrylbauweise hast du freie Sicht von allen Seiten und kannst deine Tiere jederzeit gut beobachten.<\/span><\/p>\n<p class=\"p1\"><span class=\"s1\">Ein weiterer Vorteil des <strong>Repto Terra Clear Zylinders<\/strong> ist seine <\/span><span class=\"s2\">Wasserdichtigkeit bis zur T\u00fcrh\u00f6he<\/span><span class=\"s1\">. Der untere Bereich ist vollst\u00e4ndig geschlossen, sodass sich feuchter Bodengrund oder Wasseransammlungen problemlos halten lassen, ohne dass etwas ausl\u00e4uft. Das macht den Beh\u00e4lter ideal f\u00fcr Arten, die ein feucht-warmes Klima ben\u00f6tigen \u2013 etwa Hyllus, Mantiden oder Amphibienlarven in der Aufzucht. Auch das Gie\u00dfen von Pflanzen oder das Bespr\u00fchen der Einrichtung ist unproblematisch, solange der Wasserstand unterhalb der T\u00fcr bleibt. So bleibt alles sauber, sicher und kontrolliert \u2013 ganz ohne zus\u00e4tzliche Auffangwannen oder Bedenken beim Standort.<\/span><\/p>\n<p class=\"p1\"><span class=\"s1\">Besonders clever gel\u00f6st ist die <\/span><span class=\"s2\">integrierte Frontklappe<\/span><span class=\"s1\"> mit stabilem Scharnier und Drehverschluss. So l\u00e4sst sich der Beh\u00e4lter schnell und sicher \u00f6ffnen \u2013 ohne Stress f\u00fcr Tier oder Halter:in. Das echte Highlight ist jedoch die <\/span><span class=\"s2\">intensive Rundum-Bel\u00fcftung<\/span><span class=\"s1\">: Vertikale Reihen fein gebohrter L\u00f6cher verlaufen gleichm\u00e4\u00dfig an den Seitenw\u00e4nden und auch im oberen Bereich. Dieses durchdachte Bel\u00fcftungskonzept sorgt f\u00fcr eine stabile Luftzirkulation und verhindert zuverl\u00e4ssig eine Stauung von Feuchtigkeit oder verbrauchter Luft \u2013 ideal f\u00fcr Arten, die empfindlich auf schlechte Luftqualit\u00e4t reagieren.<\/span><\/p>\n<p class=\"p1\"><span class=\"s1\">Erh\u00e4ltlich ist der <strong>Repto Terra Clear Zylinder<\/strong> in zwei Varianten: <\/span><span class=\"s2\">15\u00d715\u00d730\u202fcm<\/span><span class=\"s1\">, ideal f\u00fcr kleinere Arten oder zur Einzelhaltung, und <\/span><span class=\"s2\">20\u00d720\u00d735\u202fcm<\/span><span class=\"s1\">, mit mehr Raum f\u00fcr Einrichtung oder aktivere Tiere. Die zylindrische Form spart Platz, bietet aber genug H\u00f6he f\u00fcr Kletter\u00e4ste, Rinde, Moos oder Miniaturpflanzen. Auch optisch macht das Setup im Clear Zylinder einiges her \u2013 perfekt f\u00fcr moderne Terraristik.<\/span><\/p>\n<p class=\"p1\"><span class=\"s1\">Leicht, robust, hygienisch \u2013 dieses Mini-Terrarium erf\u00fcllt sowohl funktionale als auch \u00e4sthetische Anspr\u00fcche. Ideal f\u00fcr Profis, Z\u00fcchter:innen und alle, die besondere Tiere auf engem Raum gut unterbringen m\u00f6chten.<\/span><\/p>\n<p><strong>Info: Die Ma\u00dfeinheiten sind in L\u00e4nge x Breite x H\u00f6he angegeben.<\/strong><\/p>\n","protected":false},"excerpt":{"rendered":"<p>Repto Terra Clear Zylinder \u2013 Rundum klare Sache f\u00fcr kleine Tiere Der Repto Terra Clear Zylinder mit Frontklappe ist ein modernes, rundum transparentes Mini-Terrarium f\u00fcr kleine Wirbellose. Er eignet sich ideal f\u00fcr Arten wie Springspinnen, Mantiden oder baumbewohnenden Vogelspinnen \u2013 sei es zur dauerhaften Haltung, zur Quarant\u00e4ne oder zur Pr\u00e4sentation auf B\u00f6rsen. Dank seiner klaren [&hellip;]<\/p>\n","protected":false},"featured_media":155686,"template":"","meta":{"_acf_changed":false},"product-supplier":[2685],"product_brand":[],"product_cat":[130],"product_tag":[],"lce-checkout-addons":[],"class_list":{"0":"post-155661","1":"product","2":"type-product","3":"status-publish","4":"has-post-thumbnail","6":"product_cat-terrarien-behaelter","7":"product_shipping_class-equipment-shipping","9":"first","10":"instock","11":"sale","12":"taxable","13":"shipping-taxable","14":"purchasable","15":"product-type-variable"},"acf":[],"yoast_head":"<!-- This site is optimized with the Yoast SEO plugin v27.3 - https:\/\/yoast.com\/product\/yoast-seo-wordpress\/ -->\n<title>Repto Terra Clear Zylinder - Insektenliebe<\/title>\n<meta name=\"description\" content=\"Mini-Terrarium mit T\u00fcr &amp; starker Bel\u00fcftung \u2013 in 15\u00d730\u202fcm &amp; 20\u00d735\u202fcm. Ideal f\u00fcr Spinnen, Mantiden &amp; Co. Klar, sicher &amp; rundum einsehbar\" \/>\n<meta name=\"robots\" content=\"index, follow, max-snippet:-1, max-image-preview:large, max-video-preview:-1\" \/>\n<link rel=\"canonical\" href=\"https:\/\/insektenliebe.com\/de\/shop\/produkt\/repto-terra-clear-zylinder\/\" \/>\n<meta property=\"og:locale\" content=\"de_DE\" \/>\n<meta property=\"og:type\" content=\"article\" \/>\n<meta property=\"og:title\" content=\"Repto Terra Clear Zylinder - Insektenliebe\" \/>\n<meta property=\"og:description\" content=\"Mini-Terrarium mit T\u00fcr &amp; starker Bel\u00fcftung \u2013 in 15\u00d730\u202fcm &amp; 20\u00d735\u202fcm. Ideal f\u00fcr Spinnen, Mantiden &amp; Co. Klar, sicher &amp; rundum einsehbar\" \/>\n<meta property=\"og:url\" content=\"https:\/\/insektenliebe.com\/de\/shop\/produkt\/repto-terra-clear-zylinder\/\" \/>\n<meta property=\"og:site_name\" content=\"Insektenliebe\" \/>\n<meta property=\"article:modified_time\" content=\"2026-04-05T21:24:10+00:00\" \/>\n<meta property=\"og:image\" content=\"https:\/\/insektenliebe.com\/wp-content\/uploads\/2025\/09\/Repto-Terra-Clear-Zylinder-eingerichtet.jpg\" \/>\n\t<meta property=\"og:image:width\" content=\"820\" \/>\n\t<meta property=\"og:image:height\" content=\"820\" \/>\n\t<meta property=\"og:image:type\" content=\"image\/jpeg\" \/>\n<meta name=\"twitter:card\" content=\"summary_large_image\" \/>\n<meta name=\"twitter:label1\" content=\"Gesch\u00e4tzte Lesezeit\" \/>\n\t<meta name=\"twitter:data1\" content=\"3\u00a0Minuten\" \/>\n<script type=\"application\/ld+json\" class=\"yoast-schema-graph\">{\"@context\":\"https:\\\/\\\/schema.org\",\"@graph\":[{\"@type\":\"WebPage\",\"@id\":\"https:\\\/\\\/insektenliebe.com\\\/de\\\/shop\\\/produkt\\\/repto-terra-clear-zylinder\\\/\",\"url\":\"https:\\\/\\\/insektenliebe.com\\\/de\\\/shop\\\/produkt\\\/repto-terra-clear-zylinder\\\/\",\"name\":\"Repto Terra Clear Zylinder - Insektenliebe\",\"isPartOf\":{\"@id\":\"https:\\\/\\\/insektenliebe.com\\\/de\\\/#website\"},\"primaryImageOfPage\":{\"@id\":\"https:\\\/\\\/insektenliebe.com\\\/de\\\/shop\\\/produkt\\\/repto-terra-clear-zylinder\\\/#primaryimage\"},\"image\":{\"@id\":\"https:\\\/\\\/insektenliebe.com\\\/de\\\/shop\\\/produkt\\\/repto-terra-clear-zylinder\\\/#primaryimage\"},\"thumbnailUrl\":\"https:\\\/\\\/insektenliebe.com\\\/wp-content\\\/uploads\\\/2025\\\/09\\\/Repto-Terra-Clear-Zylinder-eingerichtet.jpg\",\"datePublished\":\"2025-09-06T07:34:14+00:00\",\"dateModified\":\"2026-04-05T21:24:10+00:00\",\"description\":\"Mini-Terrarium mit T\u00fcr & starker Bel\u00fcftung \u2013 in 15\u00d730\u202fcm & 20\u00d735\u202fcm. Ideal f\u00fcr Spinnen, Mantiden & Co. Klar, sicher & rundum einsehbar\",\"breadcrumb\":{\"@id\":\"https:\\\/\\\/insektenliebe.com\\\/de\\\/shop\\\/produkt\\\/repto-terra-clear-zylinder\\\/#breadcrumb\"},\"inLanguage\":\"de\",\"potentialAction\":[{\"@type\":\"ReadAction\",\"target\":[\"https:\\\/\\\/insektenliebe.com\\\/de\\\/shop\\\/produkt\\\/repto-terra-clear-zylinder\\\/\"]}]},{\"@type\":\"ImageObject\",\"inLanguage\":\"de\",\"@id\":\"https:\\\/\\\/insektenliebe.com\\\/de\\\/shop\\\/produkt\\\/repto-terra-clear-zylinder\\\/#primaryimage\",\"url\":\"https:\\\/\\\/insektenliebe.com\\\/wp-content\\\/uploads\\\/2025\\\/09\\\/Repto-Terra-Clear-Zylinder-eingerichtet.jpg\",\"contentUrl\":\"https:\\\/\\\/insektenliebe.com\\\/wp-content\\\/uploads\\\/2025\\\/09\\\/Repto-Terra-Clear-Zylinder-eingerichtet.jpg\",\"width\":820,\"height\":820,\"caption\":\"Repto Terra Clear Zylinder-eingerichtet\"},{\"@type\":\"BreadcrumbList\",\"@id\":\"https:\\\/\\\/insektenliebe.com\\\/de\\\/shop\\\/produkt\\\/repto-terra-clear-zylinder\\\/#breadcrumb\",\"itemListElement\":[{\"@type\":\"ListItem\",\"position\":1,\"name\":\"Startseite\",\"item\":\"https:\\\/\\\/insektenliebe.com\\\/de\\\/\"},{\"@type\":\"ListItem\",\"position\":2,\"name\":\"Shop\",\"item\":\"https:\\\/\\\/insektenliebe.com\\\/de\\\/shop\\\/\"},{\"@type\":\"ListItem\",\"position\":3,\"name\":\"Repto Terra Clear Zylinder\"}]},{\"@type\":\"WebSite\",\"@id\":\"https:\\\/\\\/insektenliebe.com\\\/de\\\/#website\",\"url\":\"https:\\\/\\\/insektenliebe.com\\\/de\\\/\",\"name\":\"Insektenliebe\",\"description\":\"Dein Zuhause f\u00fcr die kleinen Lebewesen\",\"publisher\":{\"@id\":\"https:\\\/\\\/insektenliebe.com\\\/de\\\/#organization\"},\"potentialAction\":[{\"@type\":\"SearchAction\",\"target\":{\"@type\":\"EntryPoint\",\"urlTemplate\":\"https:\\\/\\\/insektenliebe.com\\\/de\\\/?s={search_term_string}\"},\"query-input\":{\"@type\":\"PropertyValueSpecification\",\"valueRequired\":true,\"valueName\":\"search_term_string\"}}],\"inLanguage\":\"de\"},{\"@type\":\"Organization\",\"@id\":\"https:\\\/\\\/insektenliebe.com\\\/de\\\/#organization\",\"name\":\"Insektenliebe\",\"url\":\"https:\\\/\\\/insektenliebe.com\\\/de\\\/\",\"logo\":{\"@type\":\"ImageObject\",\"inLanguage\":\"de\",\"@id\":\"https:\\\/\\\/insektenliebe.com\\\/de\\\/#\\\/schema\\\/logo\\\/image\\\/\",\"url\":\"https:\\\/\\\/insektenliebe.com\\\/wp-content\\\/uploads\\\/2025\\\/03\\\/logo-white.png\",\"contentUrl\":\"https:\\\/\\\/insektenliebe.com\\\/wp-content\\\/uploads\\\/2025\\\/03\\\/logo-white.png\",\"width\":288,\"height\":188,\"caption\":\"Insektenliebe\"},\"image\":{\"@id\":\"https:\\\/\\\/insektenliebe.com\\\/de\\\/#\\\/schema\\\/logo\\\/image\\\/\"}}]}<\/script>\n<!-- \/ Yoast SEO plugin. -->","yoast_head_json":{"title":"Repto Terra Clear Zylinder - Insektenliebe","description":"Mini-Terrarium mit T\u00fcr & starker Bel\u00fcftung \u2013 in 15\u00d730\u202fcm & 20\u00d735\u202fcm. Ideal f\u00fcr Spinnen, Mantiden & Co. Klar, sicher & rundum einsehbar","robots":{"index":"index","follow":"follow","max-snippet":"max-snippet:-1","max-image-preview":"max-image-preview:large","max-video-preview":"max-video-preview:-1"},"canonical":"https:\/\/insektenliebe.com\/de\/shop\/produkt\/repto-terra-clear-zylinder\/","og_locale":"de_DE","og_type":"article","og_title":"Repto Terra Clear Zylinder - Insektenliebe","og_description":"Mini-Terrarium mit T\u00fcr & starker Bel\u00fcftung \u2013 in 15\u00d730\u202fcm & 20\u00d735\u202fcm. Ideal f\u00fcr Spinnen, Mantiden & Co. Klar, sicher & rundum einsehbar","og_url":"https:\/\/insektenliebe.com\/de\/shop\/produkt\/repto-terra-clear-zylinder\/","og_site_name":"Insektenliebe","article_modified_time":"2026-04-05T21:24:10+00:00","og_image":[{"width":820,"height":820,"url":"https:\/\/insektenliebe.com\/wp-content\/uploads\/2025\/09\/Repto-Terra-Clear-Zylinder-eingerichtet.jpg","type":"image\/jpeg"}],"twitter_card":"summary_large_image","twitter_misc":{"Gesch\u00e4tzte Lesezeit":"3\u00a0Minuten"},"schema":{"@context":"https:\/\/schema.org","@graph":[{"@type":"WebPage","@id":"https:\/\/insektenliebe.com\/de\/shop\/produkt\/repto-terra-clear-zylinder\/","url":"https:\/\/insektenliebe.com\/de\/shop\/produkt\/repto-terra-clear-zylinder\/","name":"Repto Terra Clear Zylinder - Insektenliebe","isPartOf":{"@id":"https:\/\/insektenliebe.com\/de\/#website"},"primaryImageOfPage":{"@id":"https:\/\/insektenliebe.com\/de\/shop\/produkt\/repto-terra-clear-zylinder\/#primaryimage"},"image":{"@id":"https:\/\/insektenliebe.com\/de\/shop\/produkt\/repto-terra-clear-zylinder\/#primaryimage"},"thumbnailUrl":"https:\/\/insektenliebe.com\/wp-content\/uploads\/2025\/09\/Repto-Terra-Clear-Zylinder-eingerichtet.jpg","datePublished":"2025-09-06T07:34:14+00:00","dateModified":"2026-04-05T21:24:10+00:00","description":"Mini-Terrarium mit T\u00fcr & starker Bel\u00fcftung \u2013 in 15\u00d730\u202fcm & 20\u00d735\u202fcm. Ideal f\u00fcr Spinnen, Mantiden & Co. Klar, sicher & rundum einsehbar","breadcrumb":{"@id":"https:\/\/insektenliebe.com\/de\/shop\/produkt\/repto-terra-clear-zylinder\/#breadcrumb"},"inLanguage":"de","potentialAction":[{"@type":"ReadAction","target":["https:\/\/insektenliebe.com\/de\/shop\/produkt\/repto-terra-clear-zylinder\/"]}]},{"@type":"ImageObject","inLanguage":"de","@id":"https:\/\/insektenliebe.com\/de\/shop\/produkt\/repto-terra-clear-zylinder\/#primaryimage","url":"https:\/\/insektenliebe.com\/wp-content\/uploads\/2025\/09\/Repto-Terra-Clear-Zylinder-eingerichtet.jpg","contentUrl":"https:\/\/insektenliebe.com\/wp-content\/uploads\/2025\/09\/Repto-Terra-Clear-Zylinder-eingerichtet.jpg","width":820,"height":820,"caption":"Repto Terra Clear Zylinder-eingerichtet"},{"@type":"BreadcrumbList","@id":"https:\/\/insektenliebe.com\/de\/shop\/produkt\/repto-terra-clear-zylinder\/#breadcrumb","itemListElement":[{"@type":"ListItem","position":1,"name":"Startseite","item":"https:\/\/insektenliebe.com\/de\/"},{"@type":"ListItem","position":2,"name":"Shop","item":"https:\/\/insektenliebe.com\/de\/shop\/"},{"@type":"ListItem","position":3,"name":"Repto Terra Clear Zylinder"}]},{"@type":"WebSite","@id":"https:\/\/insektenliebe.com\/de\/#website","url":"https:\/\/insektenliebe.com\/de\/","name":"Insektenliebe","description":"Dein Zuhause f\u00fcr die kleinen Lebewesen","publisher":{"@id":"https:\/\/insektenliebe.com\/de\/#organization"},"potentialAction":[{"@type":"SearchAction","target":{"@type":"EntryPoint","urlTemplate":"https:\/\/insektenliebe.com\/de\/?s={search_term_string}"},"query-input":{"@type":"PropertyValueSpecification","valueRequired":true,"valueName":"search_term_string"}}],"inLanguage":"de"},{"@type":"Organization","@id":"https:\/\/insektenliebe.com\/de\/#organization","name":"Insektenliebe","url":"https:\/\/insektenliebe.com\/de\/","logo":{"@type":"ImageObject","inLanguage":"de","@id":"https:\/\/insektenliebe.com\/de\/#\/schema\/logo\/image\/","url":"https:\/\/insektenliebe.com\/wp-content\/uploads\/2025\/03\/logo-white.png","contentUrl":"https:\/\/insektenliebe.com\/wp-content\/uploads\/2025\/03\/logo-white.png","width":288,"height":188,"caption":"Insektenliebe"},"image":{"@id":"https:\/\/insektenliebe.com\/de\/#\/schema\/logo\/image\/"}}]}},"_links":{"self":[{"href":"https:\/\/insektenliebe.com\/de\/wp-json\/wp\/v2\/product\/155661","targetHints":{"allow":["GET"]}}],"collection":[{"href":"https:\/\/insektenliebe.com\/de\/wp-json\/wp\/v2\/product"}],"about":[{"href":"https:\/\/insektenliebe.com\/de\/wp-json\/wp\/v2\/types\/product"}],"wp:featuredmedia":[{"embeddable":true,"href":"https:\/\/insektenliebe.com\/de\/wp-json\/wp\/v2\/media\/155686"}],"wp:attachment":[{"href":"https:\/\/insektenliebe.com\/de\/wp-json\/wp\/v2\/media?parent=155661"}],"wp:term":[{"taxonomy":"product-supplier","embeddable":true,"href":"https:\/\/insektenliebe.com\/de\/wp-json\/wp\/v2\/product-supplier?post=155661"},{"taxonomy":"product_brand","embeddable":true,"href":"https:\/\/insektenliebe.com\/de\/wp-json\/wp\/v2\/product_brand?post=155661"},{"taxonomy":"product_cat","embeddable":true,"href":"https:\/\/insektenliebe.com\/de\/wp-json\/wp\/v2\/product_cat?post=155661"},{"taxonomy":"product_tag","embeddable":true,"href":"https:\/\/insektenliebe.com\/de\/wp-json\/wp\/v2\/product_tag?post=155661"},{"taxonomy":"lce-checkout-addons","embeddable":true,"href":"https:\/\/insektenliebe.com\/de\/wp-json\/wp\/v2\/lce-checkout-addons?post=155661"}],"curies":[{"name":"wp","href":"https:\/\/api.w.org\/{rel}","templated":true}]}}