{"id":154839,"date":"2025-08-30T13:23:00","date_gmt":"2025-08-30T11:23:00","guid":{"rendered":"https:\/\/insektenliebe.com\/?post_type=product&#038;p=154839"},"modified":"2026-04-05T18:38:04","modified_gmt":"2026-04-05T16:38:04","slug":"repto-cricket-shaker","status":"publish","type":"product","link":"https:\/\/insektenliebe.com\/de\/shop\/produkt\/repto-cricket-shaker\/","title":{"rendered":"Repto Cricket Shaker"},"content":{"rendered":"<h3 class=\"p1\"><span style=\"color: #99cc33\"><strong><span class=\"s1\">Kein Pulverchaos mehr \u2013 einfach und sauebr mit dem Repto Cricket Shaker<\/span><\/strong><\/span><\/h3>\n<p class=\"p1\"><span class=\"s1\">Der <strong>Repto Cricket Shaker<\/strong> ist ein cleveres kleines Hilfsmittel f\u00fcr alle, die ihre Reptilien, Amphibien oder Wirbellosen mit best\u00e4ubten Futterinsekten versorgen m\u00f6chten \u2013 ohne viel Aufwand oder l\u00e4stiges Pulverchaos. In wenigen Sekunden lassen sich Futterinsekten wie Grillen, Heimchen oder Schaben mit Vitamin- oder Kalziumpr\u00e4paraten umh\u00fcllen. Das sorgt f\u00fcr eine effektive N\u00e4hrstoffaufnahme bei der F\u00fctterung und unterst\u00fctzt langfristig die Gesundheit deiner Tiere.<\/span><\/p>\n<p class=\"p1\"><span class=\"s1\">Die Handhabung ist dabei denkbar einfach: Pulver in den unteren Teil geben, Insekten hinzuf\u00fcgen, Deckel schlie\u00dfen, kurz sch\u00fctteln \u2013 fertig! Die Insekten werden gleichm\u00e4\u00dfig best\u00e4ubt, ohne zu viel Pulver zu verschwenden. Durch das transparente Design beh\u00e4ltst du dabei jederzeit den \u00dcberblick. Der Shaker ist gro\u00df genug f\u00fcr mehrere Futtertiere auf einmal, aber kompakt genug, um ihn \u00fcberall griffbereit zu haben \u2013 auch unterwegs oder auf B\u00f6rsen. Besonders praktisch: Eine kleine Pinzette ist im Lieferumfang enthalten, mit der sich die best\u00e4ubten Insekten stressfrei und hygienisch entnehmen lassen.<\/span><\/p>\n<p class=\"p1\"><span class=\"s1\">Besonders bei der F\u00fctterung von Jungtieren oder Tieren mit erh\u00f6htem N\u00e4hrstoffbedarf ist eine gezielte Supplementierung entscheidend. Der <strong>Repto Cricket Shaker<\/strong> hilft dir dabei, dies kontrolliert, sauber und effizient umzusetzen. Ob Kalzium f\u00fcr den Knochenaufbau oder Vitamine zur Unterst\u00fctzung von Stoffwechsel und Immunsystem \u2013 mit dem Shaker kommen die Zus\u00e4tze genau dort an, wo sie gebraucht werden: direkt auf dem Futtertier.<\/span><\/p>\n<p class=\"p1\"><span class=\"s1\">Ideal ist der Shaker f\u00fcr alle, die regelm\u00e4\u00dfig lebende Insekten verf\u00fcttern und Wert auf eine einfache, hygienische und verlustarme Methode legen. Auch f\u00fcr Anf\u00e4nger in der Reptilienhaltung ist das Tool eine sinnvolle Erg\u00e4nzung. Kein unn\u00f6tiger Pulververlust mehr, keine klebrigen Finger und kein Stress \u2013 einfach sch\u00fctteln und verf\u00fcttern. Der <strong>Repto Cricket Shaker<\/strong> ist ein Must-have f\u00fcr eine gezielte und saubere Futtererg\u00e4nzung.<\/span><\/p>\n","protected":false},"excerpt":{"rendered":"<p>Kein Pulverchaos mehr \u2013 einfach und sauebr mit dem Repto Cricket Shaker Der Repto Cricket Shaker ist ein cleveres kleines Hilfsmittel f\u00fcr alle, die ihre Reptilien, Amphibien oder Wirbellosen mit best\u00e4ubten Futterinsekten versorgen m\u00f6chten \u2013 ohne viel Aufwand oder l\u00e4stiges Pulverchaos. In wenigen Sekunden lassen sich Futterinsekten wie Grillen, Heimchen oder Schaben mit Vitamin- oder [&hellip;]<\/p>\n","protected":false},"featured_media":154847,"template":"","meta":{"_acf_changed":false},"product-supplier":[2685],"product_brand":[],"product_cat":[129],"product_tag":[],"lce-checkout-addons":[],"class_list":{"0":"post-154839","1":"product","2":"type-product","3":"status-publish","4":"has-post-thumbnail","6":"product_cat-futter-kalzium","7":"product_shipping_class-equipment-shipping","9":"first","10":"instock","11":"sale","12":"taxable","13":"shipping-taxable","14":"purchasable","15":"product-type-simple"},"acf":[],"yoast_head":"<!-- This site is optimized with the Yoast SEO plugin v27.3 - https:\/\/yoast.com\/product\/yoast-seo-wordpress\/ -->\n<title>Repto Cricket Shaker - Insektenliebe<\/title>\n<meta name=\"description\" content=\"Grillen best\u00e4uben leicht gemacht: Der Repto Cricket Shaker verteilt Kalzium &amp; Vitamine gleichm\u00e4\u00dfig \u2013 sauber, schnell und ohne Pulververlust.\" \/>\n<meta name=\"robots\" content=\"index, follow, max-snippet:-1, max-image-preview:large, max-video-preview:-1\" \/>\n<link rel=\"canonical\" href=\"https:\/\/insektenliebe.com\/de\/shop\/produkt\/repto-cricket-shaker\/\" \/>\n<meta property=\"og:locale\" content=\"de_DE\" \/>\n<meta property=\"og:type\" content=\"article\" \/>\n<meta property=\"og:title\" content=\"Repto Cricket Shaker - Insektenliebe\" \/>\n<meta property=\"og:description\" content=\"Grillen best\u00e4uben leicht gemacht: Der Repto Cricket Shaker verteilt Kalzium &amp; Vitamine gleichm\u00e4\u00dfig \u2013 sauber, schnell und ohne Pulververlust.\" \/>\n<meta property=\"og:url\" content=\"https:\/\/insektenliebe.com\/de\/shop\/produkt\/repto-cricket-shaker\/\" \/>\n<meta property=\"og:site_name\" content=\"Insektenliebe\" \/>\n<meta property=\"article:modified_time\" content=\"2026-04-05T16:38:04+00:00\" \/>\n<meta property=\"og:image\" content=\"https:\/\/insektenliebe.com\/wp-content\/uploads\/2025\/08\/Repto-Cricket-Shaker.jpg\" \/>\n\t<meta property=\"og:image:width\" content=\"820\" \/>\n\t<meta property=\"og:image:height\" content=\"820\" \/>\n\t<meta property=\"og:image:type\" content=\"image\/jpeg\" \/>\n<meta name=\"twitter:card\" content=\"summary_large_image\" \/>\n<meta name=\"twitter:label1\" content=\"Gesch\u00e4tzte Lesezeit\" \/>\n\t<meta name=\"twitter:data1\" content=\"2\u00a0Minuten\" \/>\n<script type=\"application\/ld+json\" class=\"yoast-schema-graph\">{\"@context\":\"https:\\\/\\\/schema.org\",\"@graph\":[{\"@type\":\"WebPage\",\"@id\":\"https:\\\/\\\/insektenliebe.com\\\/de\\\/shop\\\/produkt\\\/repto-cricket-shaker\\\/\",\"url\":\"https:\\\/\\\/insektenliebe.com\\\/de\\\/shop\\\/produkt\\\/repto-cricket-shaker\\\/\",\"name\":\"Repto Cricket Shaker - Insektenliebe\",\"isPartOf\":{\"@id\":\"https:\\\/\\\/insektenliebe.com\\\/de\\\/#website\"},\"primaryImageOfPage\":{\"@id\":\"https:\\\/\\\/insektenliebe.com\\\/de\\\/shop\\\/produkt\\\/repto-cricket-shaker\\\/#primaryimage\"},\"image\":{\"@id\":\"https:\\\/\\\/insektenliebe.com\\\/de\\\/shop\\\/produkt\\\/repto-cricket-shaker\\\/#primaryimage\"},\"thumbnailUrl\":\"https:\\\/\\\/insektenliebe.com\\\/wp-content\\\/uploads\\\/2025\\\/08\\\/Repto-Cricket-Shaker.jpg\",\"datePublished\":\"2025-08-30T11:23:00+00:00\",\"dateModified\":\"2026-04-05T16:38:04+00:00\",\"description\":\"Grillen best\u00e4uben leicht gemacht: Der Repto Cricket Shaker verteilt Kalzium & Vitamine gleichm\u00e4\u00dfig \u2013 sauber, schnell und ohne Pulververlust.\",\"breadcrumb\":{\"@id\":\"https:\\\/\\\/insektenliebe.com\\\/de\\\/shop\\\/produkt\\\/repto-cricket-shaker\\\/#breadcrumb\"},\"inLanguage\":\"de\",\"potentialAction\":[{\"@type\":\"ReadAction\",\"target\":[\"https:\\\/\\\/insektenliebe.com\\\/de\\\/shop\\\/produkt\\\/repto-cricket-shaker\\\/\"]}]},{\"@type\":\"ImageObject\",\"inLanguage\":\"de\",\"@id\":\"https:\\\/\\\/insektenliebe.com\\\/de\\\/shop\\\/produkt\\\/repto-cricket-shaker\\\/#primaryimage\",\"url\":\"https:\\\/\\\/insektenliebe.com\\\/wp-content\\\/uploads\\\/2025\\\/08\\\/Repto-Cricket-Shaker.jpg\",\"contentUrl\":\"https:\\\/\\\/insektenliebe.com\\\/wp-content\\\/uploads\\\/2025\\\/08\\\/Repto-Cricket-Shaker.jpg\",\"width\":820,\"height\":820,\"caption\":\"Repto Cricket Shaker\"},{\"@type\":\"BreadcrumbList\",\"@id\":\"https:\\\/\\\/insektenliebe.com\\\/de\\\/shop\\\/produkt\\\/repto-cricket-shaker\\\/#breadcrumb\",\"itemListElement\":[{\"@type\":\"ListItem\",\"position\":1,\"name\":\"Startseite\",\"item\":\"https:\\\/\\\/insektenliebe.com\\\/de\\\/\"},{\"@type\":\"ListItem\",\"position\":2,\"name\":\"Shop\",\"item\":\"https:\\\/\\\/insektenliebe.com\\\/de\\\/shop\\\/\"},{\"@type\":\"ListItem\",\"position\":3,\"name\":\"Repto Cricket Shaker\"}]},{\"@type\":\"WebSite\",\"@id\":\"https:\\\/\\\/insektenliebe.com\\\/de\\\/#website\",\"url\":\"https:\\\/\\\/insektenliebe.com\\\/de\\\/\",\"name\":\"Insektenliebe\",\"description\":\"Dein Zuhause f\u00fcr die kleinen Lebewesen\",\"publisher\":{\"@id\":\"https:\\\/\\\/insektenliebe.com\\\/de\\\/#organization\"},\"potentialAction\":[{\"@type\":\"SearchAction\",\"target\":{\"@type\":\"EntryPoint\",\"urlTemplate\":\"https:\\\/\\\/insektenliebe.com\\\/de\\\/?s={search_term_string}\"},\"query-input\":{\"@type\":\"PropertyValueSpecification\",\"valueRequired\":true,\"valueName\":\"search_term_string\"}}],\"inLanguage\":\"de\"},{\"@type\":\"Organization\",\"@id\":\"https:\\\/\\\/insektenliebe.com\\\/de\\\/#organization\",\"name\":\"Insektenliebe\",\"url\":\"https:\\\/\\\/insektenliebe.com\\\/de\\\/\",\"logo\":{\"@type\":\"ImageObject\",\"inLanguage\":\"de\",\"@id\":\"https:\\\/\\\/insektenliebe.com\\\/de\\\/#\\\/schema\\\/logo\\\/image\\\/\",\"url\":\"https:\\\/\\\/insektenliebe.com\\\/wp-content\\\/uploads\\\/2025\\\/03\\\/logo-white.png\",\"contentUrl\":\"https:\\\/\\\/insektenliebe.com\\\/wp-content\\\/uploads\\\/2025\\\/03\\\/logo-white.png\",\"width\":288,\"height\":188,\"caption\":\"Insektenliebe\"},\"image\":{\"@id\":\"https:\\\/\\\/insektenliebe.com\\\/de\\\/#\\\/schema\\\/logo\\\/image\\\/\"}}]}<\/script>\n<!-- \/ Yoast SEO plugin. -->","yoast_head_json":{"title":"Repto Cricket Shaker - Insektenliebe","description":"Grillen best\u00e4uben leicht gemacht: Der Repto Cricket Shaker verteilt Kalzium & Vitamine gleichm\u00e4\u00dfig \u2013 sauber, schnell und ohne Pulververlust.","robots":{"index":"index","follow":"follow","max-snippet":"max-snippet:-1","max-image-preview":"max-image-preview:large","max-video-preview":"max-video-preview:-1"},"canonical":"https:\/\/insektenliebe.com\/de\/shop\/produkt\/repto-cricket-shaker\/","og_locale":"de_DE","og_type":"article","og_title":"Repto Cricket Shaker - Insektenliebe","og_description":"Grillen best\u00e4uben leicht gemacht: Der Repto Cricket Shaker verteilt Kalzium & Vitamine gleichm\u00e4\u00dfig \u2013 sauber, schnell und ohne Pulververlust.","og_url":"https:\/\/insektenliebe.com\/de\/shop\/produkt\/repto-cricket-shaker\/","og_site_name":"Insektenliebe","article_modified_time":"2026-04-05T16:38:04+00:00","og_image":[{"width":820,"height":820,"url":"https:\/\/insektenliebe.com\/wp-content\/uploads\/2025\/08\/Repto-Cricket-Shaker.jpg","type":"image\/jpeg"}],"twitter_card":"summary_large_image","twitter_misc":{"Gesch\u00e4tzte Lesezeit":"2\u00a0Minuten"},"schema":{"@context":"https:\/\/schema.org","@graph":[{"@type":"WebPage","@id":"https:\/\/insektenliebe.com\/de\/shop\/produkt\/repto-cricket-shaker\/","url":"https:\/\/insektenliebe.com\/de\/shop\/produkt\/repto-cricket-shaker\/","name":"Repto Cricket Shaker - Insektenliebe","isPartOf":{"@id":"https:\/\/insektenliebe.com\/de\/#website"},"primaryImageOfPage":{"@id":"https:\/\/insektenliebe.com\/de\/shop\/produkt\/repto-cricket-shaker\/#primaryimage"},"image":{"@id":"https:\/\/insektenliebe.com\/de\/shop\/produkt\/repto-cricket-shaker\/#primaryimage"},"thumbnailUrl":"https:\/\/insektenliebe.com\/wp-content\/uploads\/2025\/08\/Repto-Cricket-Shaker.jpg","datePublished":"2025-08-30T11:23:00+00:00","dateModified":"2026-04-05T16:38:04+00:00","description":"Grillen best\u00e4uben leicht gemacht: Der Repto Cricket Shaker verteilt Kalzium & Vitamine gleichm\u00e4\u00dfig \u2013 sauber, schnell und ohne Pulververlust.","breadcrumb":{"@id":"https:\/\/insektenliebe.com\/de\/shop\/produkt\/repto-cricket-shaker\/#breadcrumb"},"inLanguage":"de","potentialAction":[{"@type":"ReadAction","target":["https:\/\/insektenliebe.com\/de\/shop\/produkt\/repto-cricket-shaker\/"]}]},{"@type":"ImageObject","inLanguage":"de","@id":"https:\/\/insektenliebe.com\/de\/shop\/produkt\/repto-cricket-shaker\/#primaryimage","url":"https:\/\/insektenliebe.com\/wp-content\/uploads\/2025\/08\/Repto-Cricket-Shaker.jpg","contentUrl":"https:\/\/insektenliebe.com\/wp-content\/uploads\/2025\/08\/Repto-Cricket-Shaker.jpg","width":820,"height":820,"caption":"Repto Cricket Shaker"},{"@type":"BreadcrumbList","@id":"https:\/\/insektenliebe.com\/de\/shop\/produkt\/repto-cricket-shaker\/#breadcrumb","itemListElement":[{"@type":"ListItem","position":1,"name":"Startseite","item":"https:\/\/insektenliebe.com\/de\/"},{"@type":"ListItem","position":2,"name":"Shop","item":"https:\/\/insektenliebe.com\/de\/shop\/"},{"@type":"ListItem","position":3,"name":"Repto Cricket Shaker"}]},{"@type":"WebSite","@id":"https:\/\/insektenliebe.com\/de\/#website","url":"https:\/\/insektenliebe.com\/de\/","name":"Insektenliebe","description":"Dein Zuhause f\u00fcr die kleinen Lebewesen","publisher":{"@id":"https:\/\/insektenliebe.com\/de\/#organization"},"potentialAction":[{"@type":"SearchAction","target":{"@type":"EntryPoint","urlTemplate":"https:\/\/insektenliebe.com\/de\/?s={search_term_string}"},"query-input":{"@type":"PropertyValueSpecification","valueRequired":true,"valueName":"search_term_string"}}],"inLanguage":"de"},{"@type":"Organization","@id":"https:\/\/insektenliebe.com\/de\/#organization","name":"Insektenliebe","url":"https:\/\/insektenliebe.com\/de\/","logo":{"@type":"ImageObject","inLanguage":"de","@id":"https:\/\/insektenliebe.com\/de\/#\/schema\/logo\/image\/","url":"https:\/\/insektenliebe.com\/wp-content\/uploads\/2025\/03\/logo-white.png","contentUrl":"https:\/\/insektenliebe.com\/wp-content\/uploads\/2025\/03\/logo-white.png","width":288,"height":188,"caption":"Insektenliebe"},"image":{"@id":"https:\/\/insektenliebe.com\/de\/#\/schema\/logo\/image\/"}}]}},"_links":{"self":[{"href":"https:\/\/insektenliebe.com\/de\/wp-json\/wp\/v2\/product\/154839","targetHints":{"allow":["GET"]}}],"collection":[{"href":"https:\/\/insektenliebe.com\/de\/wp-json\/wp\/v2\/product"}],"about":[{"href":"https:\/\/insektenliebe.com\/de\/wp-json\/wp\/v2\/types\/product"}],"wp:featuredmedia":[{"embeddable":true,"href":"https:\/\/insektenliebe.com\/de\/wp-json\/wp\/v2\/media\/154847"}],"wp:attachment":[{"href":"https:\/\/insektenliebe.com\/de\/wp-json\/wp\/v2\/media?parent=154839"}],"wp:term":[{"taxonomy":"product-supplier","embeddable":true,"href":"https:\/\/insektenliebe.com\/de\/wp-json\/wp\/v2\/product-supplier?post=154839"},{"taxonomy":"product_brand","embeddable":true,"href":"https:\/\/insektenliebe.com\/de\/wp-json\/wp\/v2\/product_brand?post=154839"},{"taxonomy":"product_cat","embeddable":true,"href":"https:\/\/insektenliebe.com\/de\/wp-json\/wp\/v2\/product_cat?post=154839"},{"taxonomy":"product_tag","embeddable":true,"href":"https:\/\/insektenliebe.com\/de\/wp-json\/wp\/v2\/product_tag?post=154839"},{"taxonomy":"lce-checkout-addons","embeddable":true,"href":"https:\/\/insektenliebe.com\/de\/wp-json\/wp\/v2\/lce-checkout-addons?post=154839"}],"curies":[{"name":"wp","href":"https:\/\/api.w.org\/{rel}","templated":true}]}}