{"id":153884,"date":"2024-08-22T16:57:00","date_gmt":"2024-08-22T14:57:00","guid":{"rendered":"https:\/\/insektenliebe.com\/?post_type=product&#038;p=153884"},"modified":"2026-03-03T18:43:04","modified_gmt":"2026-03-03T17:43:04","slug":"hobby-uv-compact-jungle","status":"publish","type":"product","link":"https:\/\/insektenliebe.com\/de\/shop\/produkt\/hobby-uv-compact-jungle\/","title":{"rendered":"Hobby UV Compact Jungle"},"content":{"rendered":"<h3><span style=\"color: #99cc33;\"><strong><span class=\"s1\">Hobby UV Compact Jungle \u2013 optimale UV-B Versorgung f\u00fcr tropische Reptilien<\/span><\/strong><\/span><\/h3>\n<p class=\"p1\"><span class=\"s1\">Die <\/span><strong><span class=\"s2\">Hobby UV Compact Jungle<\/span><\/strong><span class=\"s1\"> wurde speziell f\u00fcr tropische, sonnenliebende Terrarientiere entwickelt. W\u00e4hrend W\u00fcstenarten besonders hohe UV-Werte ben\u00f6tigen, sind tropische Arten an gefiltertes Sonnenlicht angepasst, das durch Bl\u00e4tterd\u00e4cher und hohe Luftfeuchtigkeit abgeschw\u00e4cht wird. Genau deshalb liefert diese Kompaktlampe optimal abgestimmte 4 % UV-B-Strahlung.<\/span><\/p>\n<p class=\"p1\"><span class=\"s1\">Diese gezielte UV-B-Abgabe unterst\u00fctzt die nat\u00fcrliche Vitamin-D3-Synthese. Vitamin D3 ist essenziell f\u00fcr einen funktionierenden Kalziumstoffwechsel. Dadurch st\u00e4rkt die Lampe Knochenstruktur, Muskulatur und Immunsystem deiner Tiere. Gleichzeitig beugst du Mangelerscheinungen aktiv vor.<\/span><\/p>\n<p class=\"p1\"><span class=\"s1\">Mit einer Farbtemperatur von 6.500 Kelvin erzeugt die Lampe ein helles, tageslicht\u00e4hnliches Spektrum. Dieses Licht kommt dem nat\u00fcrlichen Sonnenlicht tropischer Regionen sehr nahe. Dadurch f\u00f6rderst du nicht nur das Wohlbefinden deiner Tiere, sondern regst auch ihr nat\u00fcrliches Verhalten an. Aktivit\u00e4tsphasen, Futteraufnahme und Sozialverhalten profitieren von einer stabilen Lichtumgebung.<\/span><\/p>\n<p class=\"p1\"><span class=\"s1\">Dank eines Farbwiedergabeindexes von 83 Ra erscheinen Farben besonders klar und realistisch. Pflanzen wirken kr\u00e4ftiger, Tiere zeigen intensivere Farbt\u00f6ne und das gesamte Terrarium gewinnt an Lebendigkeit. Mit 540 Lumen sorgt die Lampe zudem f\u00fcr eine gleichm\u00e4\u00dfige Ausleuchtung, ohne dabei zu blenden.<\/span><\/p>\n<p class=\"p1\"><span class=\"s1\">Trotz ihrer Leistung arbeitet die UV Compact Jungle energieeffizient. Mit 23 Watt Verbrauch pro Stunde bleibt sie wirtschaftlich im Betrieb. Auf 1.000 Stunden gerechnet ben\u00f6tigt sie lediglich 23 kWh. Dadurch eignet sie sich ideal f\u00fcr den dauerhaften Einsatz im Tropenterrarium.<\/span><\/p>\n<p class=\"p1\"><span class=\"s1\">Die Installation erfolgt unkompliziert \u00fcber eine handels\u00fcbliche E27-Fassung. Ein zus\u00e4tzliches Vorschaltger\u00e4t ist nicht erforderlich. So integrierst du die Lampe schnell und einfach in bestehende Beleuchtungssysteme.<\/span><\/p>\n<p class=\"p1\"><span class=\"s1\">Besonders geeignet ist die <strong>Hobby UV Compact Jungle<\/strong> f\u00fcr Anolis, Taggeckos, Cham\u00e4leons, kleinere Leguane sowie viele tropische Froscharten. In Kombination mit einer W\u00e4rmelampe entsteht ein artgerechtes Lichtklima, das nat\u00fcrliche Sonnenpl\u00e4tze im Regenwald simuliert.<\/span><\/p>\n<p class=\"p1\"><span class=\"s1\">Mit der <\/span><strong><span class=\"s2\">Hobby UV Compact Jungle<\/span><\/strong><span class=\"s1\"> schaffst du stabile UV-Bedingungen, unterst\u00fctzt langfristig die Gesundheit deiner Tiere und bringst tropisches Tageslicht authentisch in dein Terrarium.<\/span><\/p>\n","protected":false},"excerpt":{"rendered":"<p>Hobby UV Compact Jungle \u2013 optimale UV-B Versorgung f\u00fcr tropische Reptilien Die Hobby UV Compact Jungle wurde speziell f\u00fcr tropische, sonnenliebende Terrarientiere entwickelt. W\u00e4hrend W\u00fcstenarten besonders hohe UV-Werte ben\u00f6tigen, sind tropische Arten an gefiltertes Sonnenlicht angepasst, das durch Bl\u00e4tterd\u00e4cher und hohe Luftfeuchtigkeit abgeschw\u00e4cht wird. Genau deshalb liefert diese Kompaktlampe optimal abgestimmte 4 % UV-B-Strahlung. Diese [&hellip;]<\/p>\n","protected":false},"featured_media":153887,"template":"","meta":{"_acf_changed":false},"product-supplier":[2555],"product_brand":[92],"product_cat":[299],"product_tag":[],"lce-checkout-addons":[],"class_list":{"0":"post-153884","1":"product","2":"type-product","3":"status-publish","4":"has-post-thumbnail","6":"product_brand-hobby-terraristik","7":"product_cat-beleuchtung-klima","8":"product_shipping_class-equipment-shipping","10":"first","11":"instock","12":"sale","13":"taxable","14":"shipping-taxable","15":"purchasable","16":"product-type-simple"},"acf":[],"yoast_head":"<!-- This site is optimized with the Yoast SEO plugin v27.3 - https:\/\/yoast.com\/product\/yoast-seo-wordpress\/ -->\n<title>Hobby UV Compact Jungle - Insektenliebe<\/title>\n<meta name=\"description\" content=\"Hobby UV Compact Jungle \u2013 23W UV-B Lampe f\u00fcr tropische Reptilien. 6.500K, 540 lm, realistische Farbwiedergabe &amp; energieeffizient.\" \/>\n<meta name=\"robots\" content=\"index, follow, max-snippet:-1, max-image-preview:large, max-video-preview:-1\" \/>\n<link rel=\"canonical\" href=\"https:\/\/insektenliebe.com\/de\/shop\/produkt\/hobby-uv-compact-jungle\/\" \/>\n<meta property=\"og:locale\" content=\"de_DE\" \/>\n<meta property=\"og:type\" content=\"article\" \/>\n<meta property=\"og:title\" content=\"Hobby UV Compact Jungle - Insektenliebe\" \/>\n<meta property=\"og:description\" content=\"Hobby UV Compact Jungle \u2013 23W UV-B Lampe f\u00fcr tropische Reptilien. 6.500K, 540 lm, realistische Farbwiedergabe &amp; energieeffizient.\" \/>\n<meta property=\"og:url\" content=\"https:\/\/insektenliebe.com\/de\/shop\/produkt\/hobby-uv-compact-jungle\/\" \/>\n<meta property=\"og:site_name\" content=\"Insektenliebe\" \/>\n<meta property=\"article:modified_time\" content=\"2026-03-03T17:43:04+00:00\" \/>\n<meta property=\"og:image\" content=\"https:\/\/insektenliebe.com\/wp-content\/uploads\/2025\/08\/Hobby-UV-Compact-Jungle.jpg\" \/>\n\t<meta property=\"og:image:width\" content=\"820\" \/>\n\t<meta property=\"og:image:height\" content=\"820\" \/>\n\t<meta property=\"og:image:type\" content=\"image\/jpeg\" \/>\n<meta name=\"twitter:card\" content=\"summary_large_image\" \/>\n<meta name=\"twitter:label1\" content=\"Gesch\u00e4tzte Lesezeit\" \/>\n\t<meta name=\"twitter:data1\" content=\"2\u00a0Minuten\" \/>\n<script type=\"application\/ld+json\" class=\"yoast-schema-graph\">{\"@context\":\"https:\\\/\\\/schema.org\",\"@graph\":[{\"@type\":\"WebPage\",\"@id\":\"https:\\\/\\\/insektenliebe.com\\\/de\\\/shop\\\/produkt\\\/hobby-uv-compact-jungle\\\/\",\"url\":\"https:\\\/\\\/insektenliebe.com\\\/de\\\/shop\\\/produkt\\\/hobby-uv-compact-jungle\\\/\",\"name\":\"Hobby UV Compact Jungle - Insektenliebe\",\"isPartOf\":{\"@id\":\"https:\\\/\\\/insektenliebe.com\\\/de\\\/#website\"},\"primaryImageOfPage\":{\"@id\":\"https:\\\/\\\/insektenliebe.com\\\/de\\\/shop\\\/produkt\\\/hobby-uv-compact-jungle\\\/#primaryimage\"},\"image\":{\"@id\":\"https:\\\/\\\/insektenliebe.com\\\/de\\\/shop\\\/produkt\\\/hobby-uv-compact-jungle\\\/#primaryimage\"},\"thumbnailUrl\":\"https:\\\/\\\/insektenliebe.com\\\/wp-content\\\/uploads\\\/2025\\\/08\\\/Hobby-UV-Compact-Jungle.jpg\",\"datePublished\":\"2024-08-22T14:57:00+00:00\",\"dateModified\":\"2026-03-03T17:43:04+00:00\",\"description\":\"Hobby UV Compact Jungle \u2013 23W UV-B Lampe f\u00fcr tropische Reptilien. 6.500K, 540 lm, realistische Farbwiedergabe & energieeffizient.\",\"breadcrumb\":{\"@id\":\"https:\\\/\\\/insektenliebe.com\\\/de\\\/shop\\\/produkt\\\/hobby-uv-compact-jungle\\\/#breadcrumb\"},\"inLanguage\":\"de\",\"potentialAction\":[{\"@type\":\"ReadAction\",\"target\":[\"https:\\\/\\\/insektenliebe.com\\\/de\\\/shop\\\/produkt\\\/hobby-uv-compact-jungle\\\/\"]}]},{\"@type\":\"ImageObject\",\"inLanguage\":\"de\",\"@id\":\"https:\\\/\\\/insektenliebe.com\\\/de\\\/shop\\\/produkt\\\/hobby-uv-compact-jungle\\\/#primaryimage\",\"url\":\"https:\\\/\\\/insektenliebe.com\\\/wp-content\\\/uploads\\\/2025\\\/08\\\/Hobby-UV-Compact-Jungle.jpg\",\"contentUrl\":\"https:\\\/\\\/insektenliebe.com\\\/wp-content\\\/uploads\\\/2025\\\/08\\\/Hobby-UV-Compact-Jungle.jpg\",\"width\":820,\"height\":820,\"caption\":\"Hobby UV Compact Jungle\"},{\"@type\":\"BreadcrumbList\",\"@id\":\"https:\\\/\\\/insektenliebe.com\\\/de\\\/shop\\\/produkt\\\/hobby-uv-compact-jungle\\\/#breadcrumb\",\"itemListElement\":[{\"@type\":\"ListItem\",\"position\":1,\"name\":\"Startseite\",\"item\":\"https:\\\/\\\/insektenliebe.com\\\/de\\\/\"},{\"@type\":\"ListItem\",\"position\":2,\"name\":\"Shop\",\"item\":\"https:\\\/\\\/insektenliebe.com\\\/de\\\/shop\\\/\"},{\"@type\":\"ListItem\",\"position\":3,\"name\":\"Hobby UV Compact Jungle\"}]},{\"@type\":\"WebSite\",\"@id\":\"https:\\\/\\\/insektenliebe.com\\\/de\\\/#website\",\"url\":\"https:\\\/\\\/insektenliebe.com\\\/de\\\/\",\"name\":\"Insektenliebe\",\"description\":\"Dein Zuhause f\u00fcr die kleinen Lebewesen\",\"publisher\":{\"@id\":\"https:\\\/\\\/insektenliebe.com\\\/de\\\/#organization\"},\"potentialAction\":[{\"@type\":\"SearchAction\",\"target\":{\"@type\":\"EntryPoint\",\"urlTemplate\":\"https:\\\/\\\/insektenliebe.com\\\/de\\\/?s={search_term_string}\"},\"query-input\":{\"@type\":\"PropertyValueSpecification\",\"valueRequired\":true,\"valueName\":\"search_term_string\"}}],\"inLanguage\":\"de\"},{\"@type\":\"Organization\",\"@id\":\"https:\\\/\\\/insektenliebe.com\\\/de\\\/#organization\",\"name\":\"Insektenliebe\",\"url\":\"https:\\\/\\\/insektenliebe.com\\\/de\\\/\",\"logo\":{\"@type\":\"ImageObject\",\"inLanguage\":\"de\",\"@id\":\"https:\\\/\\\/insektenliebe.com\\\/de\\\/#\\\/schema\\\/logo\\\/image\\\/\",\"url\":\"https:\\\/\\\/insektenliebe.com\\\/wp-content\\\/uploads\\\/2025\\\/03\\\/logo-white.png\",\"contentUrl\":\"https:\\\/\\\/insektenliebe.com\\\/wp-content\\\/uploads\\\/2025\\\/03\\\/logo-white.png\",\"width\":288,\"height\":188,\"caption\":\"Insektenliebe\"},\"image\":{\"@id\":\"https:\\\/\\\/insektenliebe.com\\\/de\\\/#\\\/schema\\\/logo\\\/image\\\/\"}}]}<\/script>\n<!-- \/ Yoast SEO plugin. -->","yoast_head_json":{"title":"Hobby UV Compact Jungle - Insektenliebe","description":"Hobby UV Compact Jungle \u2013 23W UV-B Lampe f\u00fcr tropische Reptilien. 6.500K, 540 lm, realistische Farbwiedergabe & energieeffizient.","robots":{"index":"index","follow":"follow","max-snippet":"max-snippet:-1","max-image-preview":"max-image-preview:large","max-video-preview":"max-video-preview:-1"},"canonical":"https:\/\/insektenliebe.com\/de\/shop\/produkt\/hobby-uv-compact-jungle\/","og_locale":"de_DE","og_type":"article","og_title":"Hobby UV Compact Jungle - Insektenliebe","og_description":"Hobby UV Compact Jungle \u2013 23W UV-B Lampe f\u00fcr tropische Reptilien. 6.500K, 540 lm, realistische Farbwiedergabe & energieeffizient.","og_url":"https:\/\/insektenliebe.com\/de\/shop\/produkt\/hobby-uv-compact-jungle\/","og_site_name":"Insektenliebe","article_modified_time":"2026-03-03T17:43:04+00:00","og_image":[{"width":820,"height":820,"url":"https:\/\/insektenliebe.com\/wp-content\/uploads\/2025\/08\/Hobby-UV-Compact-Jungle.jpg","type":"image\/jpeg"}],"twitter_card":"summary_large_image","twitter_misc":{"Gesch\u00e4tzte Lesezeit":"2\u00a0Minuten"},"schema":{"@context":"https:\/\/schema.org","@graph":[{"@type":"WebPage","@id":"https:\/\/insektenliebe.com\/de\/shop\/produkt\/hobby-uv-compact-jungle\/","url":"https:\/\/insektenliebe.com\/de\/shop\/produkt\/hobby-uv-compact-jungle\/","name":"Hobby UV Compact Jungle - Insektenliebe","isPartOf":{"@id":"https:\/\/insektenliebe.com\/de\/#website"},"primaryImageOfPage":{"@id":"https:\/\/insektenliebe.com\/de\/shop\/produkt\/hobby-uv-compact-jungle\/#primaryimage"},"image":{"@id":"https:\/\/insektenliebe.com\/de\/shop\/produkt\/hobby-uv-compact-jungle\/#primaryimage"},"thumbnailUrl":"https:\/\/insektenliebe.com\/wp-content\/uploads\/2025\/08\/Hobby-UV-Compact-Jungle.jpg","datePublished":"2024-08-22T14:57:00+00:00","dateModified":"2026-03-03T17:43:04+00:00","description":"Hobby UV Compact Jungle \u2013 23W UV-B Lampe f\u00fcr tropische Reptilien. 6.500K, 540 lm, realistische Farbwiedergabe & energieeffizient.","breadcrumb":{"@id":"https:\/\/insektenliebe.com\/de\/shop\/produkt\/hobby-uv-compact-jungle\/#breadcrumb"},"inLanguage":"de","potentialAction":[{"@type":"ReadAction","target":["https:\/\/insektenliebe.com\/de\/shop\/produkt\/hobby-uv-compact-jungle\/"]}]},{"@type":"ImageObject","inLanguage":"de","@id":"https:\/\/insektenliebe.com\/de\/shop\/produkt\/hobby-uv-compact-jungle\/#primaryimage","url":"https:\/\/insektenliebe.com\/wp-content\/uploads\/2025\/08\/Hobby-UV-Compact-Jungle.jpg","contentUrl":"https:\/\/insektenliebe.com\/wp-content\/uploads\/2025\/08\/Hobby-UV-Compact-Jungle.jpg","width":820,"height":820,"caption":"Hobby UV Compact Jungle"},{"@type":"BreadcrumbList","@id":"https:\/\/insektenliebe.com\/de\/shop\/produkt\/hobby-uv-compact-jungle\/#breadcrumb","itemListElement":[{"@type":"ListItem","position":1,"name":"Startseite","item":"https:\/\/insektenliebe.com\/de\/"},{"@type":"ListItem","position":2,"name":"Shop","item":"https:\/\/insektenliebe.com\/de\/shop\/"},{"@type":"ListItem","position":3,"name":"Hobby UV Compact Jungle"}]},{"@type":"WebSite","@id":"https:\/\/insektenliebe.com\/de\/#website","url":"https:\/\/insektenliebe.com\/de\/","name":"Insektenliebe","description":"Dein Zuhause f\u00fcr die kleinen Lebewesen","publisher":{"@id":"https:\/\/insektenliebe.com\/de\/#organization"},"potentialAction":[{"@type":"SearchAction","target":{"@type":"EntryPoint","urlTemplate":"https:\/\/insektenliebe.com\/de\/?s={search_term_string}"},"query-input":{"@type":"PropertyValueSpecification","valueRequired":true,"valueName":"search_term_string"}}],"inLanguage":"de"},{"@type":"Organization","@id":"https:\/\/insektenliebe.com\/de\/#organization","name":"Insektenliebe","url":"https:\/\/insektenliebe.com\/de\/","logo":{"@type":"ImageObject","inLanguage":"de","@id":"https:\/\/insektenliebe.com\/de\/#\/schema\/logo\/image\/","url":"https:\/\/insektenliebe.com\/wp-content\/uploads\/2025\/03\/logo-white.png","contentUrl":"https:\/\/insektenliebe.com\/wp-content\/uploads\/2025\/03\/logo-white.png","width":288,"height":188,"caption":"Insektenliebe"},"image":{"@id":"https:\/\/insektenliebe.com\/de\/#\/schema\/logo\/image\/"}}]}},"_links":{"self":[{"href":"https:\/\/insektenliebe.com\/de\/wp-json\/wp\/v2\/product\/153884","targetHints":{"allow":["GET"]}}],"collection":[{"href":"https:\/\/insektenliebe.com\/de\/wp-json\/wp\/v2\/product"}],"about":[{"href":"https:\/\/insektenliebe.com\/de\/wp-json\/wp\/v2\/types\/product"}],"wp:featuredmedia":[{"embeddable":true,"href":"https:\/\/insektenliebe.com\/de\/wp-json\/wp\/v2\/media\/153887"}],"wp:attachment":[{"href":"https:\/\/insektenliebe.com\/de\/wp-json\/wp\/v2\/media?parent=153884"}],"wp:term":[{"taxonomy":"product-supplier","embeddable":true,"href":"https:\/\/insektenliebe.com\/de\/wp-json\/wp\/v2\/product-supplier?post=153884"},{"taxonomy":"product_brand","embeddable":true,"href":"https:\/\/insektenliebe.com\/de\/wp-json\/wp\/v2\/product_brand?post=153884"},{"taxonomy":"product_cat","embeddable":true,"href":"https:\/\/insektenliebe.com\/de\/wp-json\/wp\/v2\/product_cat?post=153884"},{"taxonomy":"product_tag","embeddable":true,"href":"https:\/\/insektenliebe.com\/de\/wp-json\/wp\/v2\/product_tag?post=153884"},{"taxonomy":"lce-checkout-addons","embeddable":true,"href":"https:\/\/insektenliebe.com\/de\/wp-json\/wp\/v2\/lce-checkout-addons?post=153884"}],"curies":[{"name":"wp","href":"https:\/\/api.w.org\/{rel}","templated":true}]}}