{"id":153854,"date":"2024-08-22T15:45:53","date_gmt":"2024-08-22T13:45:53","guid":{"rendered":"https:\/\/insektenliebe.com\/?post_type=product&#038;p=153854"},"modified":"2026-03-04T19:32:30","modified_gmt":"2026-03-04T18:32:30","slug":"bluetenmantiden","status":"publish","type":"product","link":"https:\/\/insektenliebe.com\/de\/shop\/produkt\/bluetenmantiden\/","title":{"rendered":"Blu\u0308tenmantiden"},"content":{"rendered":"<div id=\"hikashop_product_bottom_part\" class=\"hikashop_product_bottom_part\">\n<div id=\"hikashop_product_description_main\" class=\"hikashop_product_description_main\">\n<h3><span style=\"color: #99cc33\">Die Gattungen<em>\u00a0Pseudocreobotra\u00a0<\/em>&amp;<em>\u00a0Creobroter<\/em><\/span><\/h3>\n<h3>Ratgeber zur Haltung und Nachzucht von Bl\u00fctenmantiden<\/h3>\n<p>Gottesanbeterinnen (Mantodeen), gewinnen in der Terraristik immer mehr Anh\u00e4nger. In diesem Band der Reihe \u201eArt f\u00fcr Art\u201c erkl\u00e4rt Autor Stephan Schorn genau, was zu einer artgerechten Haltung erfolgreichen Vermehrung dieser faszinierenden Tiere der Gattungen\u00a0<em>Pseudocreobotra\u00a0<\/em>(Afrikanische Bl\u00fctenmantis) und<em>\u00a0Creobroter\u00a0<\/em>(Asiatische Bl\u00fctenmantis) n\u00f6tig ist.<\/p>\n<p>Vorgestellt werden zum Beispiel\u00a0<em>Pseudocreobotra wahlbergii<\/em>,\u00a0<em>Pseudocreobotra ocellata\u00a0<\/em>&amp; Creobroter elongatus.<\/p>\n<p><span class=\"readonlytext\">Art f\u00fcr Art stellen Ihnen die B\u00fccher dieser Reihe die beliebtesten Terrarientiere vor. Jeder Band bietet Ihnen detaillierte, praxisnahe Pflegeanleitungen und Sie finden alle Informationen, die Sie brauchen, um Ihre Tiere\u00a0erfolgreich zu vermehren. Alle wichtigen Fragen von der erforderlichen Beckengr\u00f6\u00dfe \u00fcber die Terrarieneinrichtung, die technische Ausstattung, die artgerechte Ern\u00e4hrung bis zur Vorbeugung von Krankheiten werden mit zahlreichen Tricks und Kniffen beantwortet. Erfahrene, langj\u00e4hrige Z\u00fcchter verraten, wie Sie die Tiere zur Fortpflanzung bewegen und die Jungtiere gesund aufziehen k\u00f6nnen.<\/span><\/p>\n<p>Das alles durchg\u00e4ngig farbig, gro\u00dfz\u00fcgig bebildert und attraktiv gestaltet nur \u00fcber Ihr Terrarientier \u2013 Art f\u00fcr Art!<\/p>\n<\/div>\n<\/div>\n","protected":false},"excerpt":{"rendered":"<p>Die Gattungen\u00a0Pseudocreobotra\u00a0&amp;\u00a0Creobroter Ratgeber zur Haltung und Nachzucht von Bl\u00fctenmantiden Gottesanbeterinnen (Mantodeen), gewinnen in der Terraristik immer mehr Anh\u00e4nger. In diesem Band der Reihe \u201eArt f\u00fcr Art\u201c erkl\u00e4rt Autor Stephan Schorn genau, was zu einer artgerechten Haltung erfolgreichen Vermehrung dieser faszinierenden Tiere der Gattungen\u00a0Pseudocreobotra\u00a0(Afrikanische Bl\u00fctenmantis) und\u00a0Creobroter\u00a0(Asiatische Bl\u00fctenmantis) n\u00f6tig ist. Vorgestellt werden zum Beispiel\u00a0Pseudocreobotra wahlbergii,\u00a0Pseudocreobotra ocellata\u00a0&amp; Creobroter [&hellip;]<\/p>\n","protected":false},"featured_media":153856,"template":"","meta":{"_acf_changed":false},"product-supplier":[],"product_brand":[],"product_cat":[183],"product_tag":[],"lce-checkout-addons":[],"class_list":{"0":"post-153854","1":"product","2":"type-product","3":"status-publish","4":"has-post-thumbnail","6":"product_cat-merchandising-literatur","7":"product_shipping_class-equipment-shipping","9":"first","10":"instock","11":"taxable","12":"shipping-taxable","13":"purchasable","14":"product-type-simple"},"acf":[],"yoast_head":"<!-- This site is optimized with the Yoast SEO plugin v27.3 - https:\/\/yoast.com\/product\/yoast-seo-wordpress\/ -->\n<title>Blu\u0308tenmantiden - Insektenliebe<\/title>\n<meta name=\"description\" content=\"Dieser Ratgeber der Reihe \u201eArt-f\u00fcr-Art\u201c von Stephan Schorn bietet alle Informationen zur richtigen Haltung und Vermehrung von Bl\u00fctenmantiden im Terrarium.\" \/>\n<meta name=\"robots\" content=\"index, follow, max-snippet:-1, max-image-preview:large, max-video-preview:-1\" \/>\n<link rel=\"canonical\" href=\"https:\/\/insektenliebe.com\/de\/shop\/produkt\/bluetenmantiden\/\" \/>\n<meta property=\"og:locale\" content=\"de_DE\" \/>\n<meta property=\"og:type\" content=\"article\" \/>\n<meta property=\"og:title\" content=\"Blu\u0308tenmantiden - Insektenliebe\" \/>\n<meta property=\"og:description\" content=\"Dieser Ratgeber der Reihe \u201eArt-f\u00fcr-Art\u201c von Stephan Schorn bietet alle Informationen zur richtigen Haltung und Vermehrung von Bl\u00fctenmantiden im Terrarium.\" \/>\n<meta property=\"og:url\" content=\"https:\/\/insektenliebe.com\/de\/shop\/produkt\/bluetenmantiden\/\" \/>\n<meta property=\"og:site_name\" content=\"Insektenliebe\" \/>\n<meta property=\"article:modified_time\" content=\"2026-03-04T18:32:30+00:00\" \/>\n<meta property=\"og:image\" content=\"https:\/\/insektenliebe.com\/wp-content\/uploads\/2025\/08\/Bluetenmantiden.jpg\" \/>\n\t<meta property=\"og:image:width\" content=\"820\" \/>\n\t<meta property=\"og:image:height\" content=\"820\" \/>\n\t<meta property=\"og:image:type\" content=\"image\/jpeg\" \/>\n<meta name=\"twitter:card\" content=\"summary_large_image\" \/>\n<meta name=\"twitter:label1\" content=\"Gesch\u00e4tzte Lesezeit\" \/>\n\t<meta name=\"twitter:data1\" content=\"2\u00a0Minuten\" \/>\n<script type=\"application\/ld+json\" class=\"yoast-schema-graph\">{\"@context\":\"https:\\\/\\\/schema.org\",\"@graph\":[{\"@type\":\"WebPage\",\"@id\":\"https:\\\/\\\/insektenliebe.com\\\/de\\\/shop\\\/produkt\\\/bluetenmantiden\\\/\",\"url\":\"https:\\\/\\\/insektenliebe.com\\\/de\\\/shop\\\/produkt\\\/bluetenmantiden\\\/\",\"name\":\"Blu\u0308tenmantiden - Insektenliebe\",\"isPartOf\":{\"@id\":\"https:\\\/\\\/insektenliebe.com\\\/de\\\/#website\"},\"primaryImageOfPage\":{\"@id\":\"https:\\\/\\\/insektenliebe.com\\\/de\\\/shop\\\/produkt\\\/bluetenmantiden\\\/#primaryimage\"},\"image\":{\"@id\":\"https:\\\/\\\/insektenliebe.com\\\/de\\\/shop\\\/produkt\\\/bluetenmantiden\\\/#primaryimage\"},\"thumbnailUrl\":\"https:\\\/\\\/insektenliebe.com\\\/wp-content\\\/uploads\\\/2025\\\/08\\\/Bluetenmantiden.jpg\",\"datePublished\":\"2024-08-22T13:45:53+00:00\",\"dateModified\":\"2026-03-04T18:32:30+00:00\",\"description\":\"Dieser Ratgeber der Reihe \u201eArt-f\u00fcr-Art\u201c von Stephan Schorn bietet alle Informationen zur richtigen Haltung und Vermehrung von Bl\u00fctenmantiden im Terrarium.\",\"breadcrumb\":{\"@id\":\"https:\\\/\\\/insektenliebe.com\\\/de\\\/shop\\\/produkt\\\/bluetenmantiden\\\/#breadcrumb\"},\"inLanguage\":\"de\",\"potentialAction\":[{\"@type\":\"ReadAction\",\"target\":[\"https:\\\/\\\/insektenliebe.com\\\/de\\\/shop\\\/produkt\\\/bluetenmantiden\\\/\"]}]},{\"@type\":\"ImageObject\",\"inLanguage\":\"de\",\"@id\":\"https:\\\/\\\/insektenliebe.com\\\/de\\\/shop\\\/produkt\\\/bluetenmantiden\\\/#primaryimage\",\"url\":\"https:\\\/\\\/insektenliebe.com\\\/wp-content\\\/uploads\\\/2025\\\/08\\\/Bluetenmantiden.jpg\",\"contentUrl\":\"https:\\\/\\\/insektenliebe.com\\\/wp-content\\\/uploads\\\/2025\\\/08\\\/Bluetenmantiden.jpg\",\"width\":820,\"height\":820,\"caption\":\"Art fu\u0308r Art Blu\u0308tenmantiden\"},{\"@type\":\"BreadcrumbList\",\"@id\":\"https:\\\/\\\/insektenliebe.com\\\/de\\\/shop\\\/produkt\\\/bluetenmantiden\\\/#breadcrumb\",\"itemListElement\":[{\"@type\":\"ListItem\",\"position\":1,\"name\":\"Startseite\",\"item\":\"https:\\\/\\\/insektenliebe.com\\\/de\\\/\"},{\"@type\":\"ListItem\",\"position\":2,\"name\":\"Shop\",\"item\":\"https:\\\/\\\/insektenliebe.com\\\/de\\\/shop\\\/\"},{\"@type\":\"ListItem\",\"position\":3,\"name\":\"Blu\u0308tenmantiden\"}]},{\"@type\":\"WebSite\",\"@id\":\"https:\\\/\\\/insektenliebe.com\\\/de\\\/#website\",\"url\":\"https:\\\/\\\/insektenliebe.com\\\/de\\\/\",\"name\":\"Insektenliebe\",\"description\":\"Dein Zuhause f\u00fcr die kleinen Lebewesen\",\"publisher\":{\"@id\":\"https:\\\/\\\/insektenliebe.com\\\/de\\\/#organization\"},\"potentialAction\":[{\"@type\":\"SearchAction\",\"target\":{\"@type\":\"EntryPoint\",\"urlTemplate\":\"https:\\\/\\\/insektenliebe.com\\\/de\\\/?s={search_term_string}\"},\"query-input\":{\"@type\":\"PropertyValueSpecification\",\"valueRequired\":true,\"valueName\":\"search_term_string\"}}],\"inLanguage\":\"de\"},{\"@type\":\"Organization\",\"@id\":\"https:\\\/\\\/insektenliebe.com\\\/de\\\/#organization\",\"name\":\"Insektenliebe\",\"url\":\"https:\\\/\\\/insektenliebe.com\\\/de\\\/\",\"logo\":{\"@type\":\"ImageObject\",\"inLanguage\":\"de\",\"@id\":\"https:\\\/\\\/insektenliebe.com\\\/de\\\/#\\\/schema\\\/logo\\\/image\\\/\",\"url\":\"https:\\\/\\\/insektenliebe.com\\\/wp-content\\\/uploads\\\/2025\\\/03\\\/logo-white.png\",\"contentUrl\":\"https:\\\/\\\/insektenliebe.com\\\/wp-content\\\/uploads\\\/2025\\\/03\\\/logo-white.png\",\"width\":288,\"height\":188,\"caption\":\"Insektenliebe\"},\"image\":{\"@id\":\"https:\\\/\\\/insektenliebe.com\\\/de\\\/#\\\/schema\\\/logo\\\/image\\\/\"}}]}<\/script>\n<!-- \/ Yoast SEO plugin. -->","yoast_head_json":{"title":"Blu\u0308tenmantiden - Insektenliebe","description":"Dieser Ratgeber der Reihe \u201eArt-f\u00fcr-Art\u201c von Stephan Schorn bietet alle Informationen zur richtigen Haltung und Vermehrung von Bl\u00fctenmantiden im Terrarium.","robots":{"index":"index","follow":"follow","max-snippet":"max-snippet:-1","max-image-preview":"max-image-preview:large","max-video-preview":"max-video-preview:-1"},"canonical":"https:\/\/insektenliebe.com\/de\/shop\/produkt\/bluetenmantiden\/","og_locale":"de_DE","og_type":"article","og_title":"Blu\u0308tenmantiden - Insektenliebe","og_description":"Dieser Ratgeber der Reihe \u201eArt-f\u00fcr-Art\u201c von Stephan Schorn bietet alle Informationen zur richtigen Haltung und Vermehrung von Bl\u00fctenmantiden im Terrarium.","og_url":"https:\/\/insektenliebe.com\/de\/shop\/produkt\/bluetenmantiden\/","og_site_name":"Insektenliebe","article_modified_time":"2026-03-04T18:32:30+00:00","og_image":[{"width":820,"height":820,"url":"https:\/\/insektenliebe.com\/wp-content\/uploads\/2025\/08\/Bluetenmantiden.jpg","type":"image\/jpeg"}],"twitter_card":"summary_large_image","twitter_misc":{"Gesch\u00e4tzte Lesezeit":"2\u00a0Minuten"},"schema":{"@context":"https:\/\/schema.org","@graph":[{"@type":"WebPage","@id":"https:\/\/insektenliebe.com\/de\/shop\/produkt\/bluetenmantiden\/","url":"https:\/\/insektenliebe.com\/de\/shop\/produkt\/bluetenmantiden\/","name":"Blu\u0308tenmantiden - Insektenliebe","isPartOf":{"@id":"https:\/\/insektenliebe.com\/de\/#website"},"primaryImageOfPage":{"@id":"https:\/\/insektenliebe.com\/de\/shop\/produkt\/bluetenmantiden\/#primaryimage"},"image":{"@id":"https:\/\/insektenliebe.com\/de\/shop\/produkt\/bluetenmantiden\/#primaryimage"},"thumbnailUrl":"https:\/\/insektenliebe.com\/wp-content\/uploads\/2025\/08\/Bluetenmantiden.jpg","datePublished":"2024-08-22T13:45:53+00:00","dateModified":"2026-03-04T18:32:30+00:00","description":"Dieser Ratgeber der Reihe \u201eArt-f\u00fcr-Art\u201c von Stephan Schorn bietet alle Informationen zur richtigen Haltung und Vermehrung von Bl\u00fctenmantiden im Terrarium.","breadcrumb":{"@id":"https:\/\/insektenliebe.com\/de\/shop\/produkt\/bluetenmantiden\/#breadcrumb"},"inLanguage":"de","potentialAction":[{"@type":"ReadAction","target":["https:\/\/insektenliebe.com\/de\/shop\/produkt\/bluetenmantiden\/"]}]},{"@type":"ImageObject","inLanguage":"de","@id":"https:\/\/insektenliebe.com\/de\/shop\/produkt\/bluetenmantiden\/#primaryimage","url":"https:\/\/insektenliebe.com\/wp-content\/uploads\/2025\/08\/Bluetenmantiden.jpg","contentUrl":"https:\/\/insektenliebe.com\/wp-content\/uploads\/2025\/08\/Bluetenmantiden.jpg","width":820,"height":820,"caption":"Art fu\u0308r Art Blu\u0308tenmantiden"},{"@type":"BreadcrumbList","@id":"https:\/\/insektenliebe.com\/de\/shop\/produkt\/bluetenmantiden\/#breadcrumb","itemListElement":[{"@type":"ListItem","position":1,"name":"Startseite","item":"https:\/\/insektenliebe.com\/de\/"},{"@type":"ListItem","position":2,"name":"Shop","item":"https:\/\/insektenliebe.com\/de\/shop\/"},{"@type":"ListItem","position":3,"name":"Blu\u0308tenmantiden"}]},{"@type":"WebSite","@id":"https:\/\/insektenliebe.com\/de\/#website","url":"https:\/\/insektenliebe.com\/de\/","name":"Insektenliebe","description":"Dein Zuhause f\u00fcr die kleinen Lebewesen","publisher":{"@id":"https:\/\/insektenliebe.com\/de\/#organization"},"potentialAction":[{"@type":"SearchAction","target":{"@type":"EntryPoint","urlTemplate":"https:\/\/insektenliebe.com\/de\/?s={search_term_string}"},"query-input":{"@type":"PropertyValueSpecification","valueRequired":true,"valueName":"search_term_string"}}],"inLanguage":"de"},{"@type":"Organization","@id":"https:\/\/insektenliebe.com\/de\/#organization","name":"Insektenliebe","url":"https:\/\/insektenliebe.com\/de\/","logo":{"@type":"ImageObject","inLanguage":"de","@id":"https:\/\/insektenliebe.com\/de\/#\/schema\/logo\/image\/","url":"https:\/\/insektenliebe.com\/wp-content\/uploads\/2025\/03\/logo-white.png","contentUrl":"https:\/\/insektenliebe.com\/wp-content\/uploads\/2025\/03\/logo-white.png","width":288,"height":188,"caption":"Insektenliebe"},"image":{"@id":"https:\/\/insektenliebe.com\/de\/#\/schema\/logo\/image\/"}}]}},"_links":{"self":[{"href":"https:\/\/insektenliebe.com\/de\/wp-json\/wp\/v2\/product\/153854","targetHints":{"allow":["GET"]}}],"collection":[{"href":"https:\/\/insektenliebe.com\/de\/wp-json\/wp\/v2\/product"}],"about":[{"href":"https:\/\/insektenliebe.com\/de\/wp-json\/wp\/v2\/types\/product"}],"wp:featuredmedia":[{"embeddable":true,"href":"https:\/\/insektenliebe.com\/de\/wp-json\/wp\/v2\/media\/153856"}],"wp:attachment":[{"href":"https:\/\/insektenliebe.com\/de\/wp-json\/wp\/v2\/media?parent=153854"}],"wp:term":[{"taxonomy":"product-supplier","embeddable":true,"href":"https:\/\/insektenliebe.com\/de\/wp-json\/wp\/v2\/product-supplier?post=153854"},{"taxonomy":"product_brand","embeddable":true,"href":"https:\/\/insektenliebe.com\/de\/wp-json\/wp\/v2\/product_brand?post=153854"},{"taxonomy":"product_cat","embeddable":true,"href":"https:\/\/insektenliebe.com\/de\/wp-json\/wp\/v2\/product_cat?post=153854"},{"taxonomy":"product_tag","embeddable":true,"href":"https:\/\/insektenliebe.com\/de\/wp-json\/wp\/v2\/product_tag?post=153854"},{"taxonomy":"lce-checkout-addons","embeddable":true,"href":"https:\/\/insektenliebe.com\/de\/wp-json\/wp\/v2\/lce-checkout-addons?post=153854"}],"curies":[{"name":"wp","href":"https:\/\/api.w.org\/{rel}","templated":true}]}}