{"id":153131,"date":"2025-08-16T10:23:00","date_gmt":"2025-08-16T08:23:00","guid":{"rendered":"https:\/\/insektenliebe.com\/?post_type=product&#038;p=153131"},"modified":"2026-02-19T18:22:35","modified_gmt":"2026-02-19T17:22:35","slug":"exo-terra-terrasky-uv-spot","status":"publish","type":"product","link":"https:\/\/insektenliebe.com\/de\/shop\/produkt\/exo-terra-terrasky-uv-spot\/","title":{"rendered":"Exo Terra Terrasky UV Spot"},"content":{"rendered":"<h3><span style=\"color: #99cc33;\"><strong><span class=\"s1\">Exo Terra TerraSky UV Spot \u2013 leistungsstarker UV-Spotstrahler f\u00fcr Terrarien<\/span><\/strong><\/span><\/h3>\n<p class=\"p1\"><span class=\"s1\">Der <\/span><strong><span class=\"s2\">Exo Terra TerraSky UV Spot<\/span><\/strong><span class=\"s1\"> ist ein moderner Spotstrahler, der speziell f\u00fcr die Bed\u00fcrfnisse von Reptilien entwickelt wurde. Mit seiner Kombination aus <\/span><span class=\"s2\">starker Lichtleistung und hohem UV-Anteil<\/span><span class=\"s1\"> sorgt er f\u00fcr optimale Bedingungen im Terrarium und unterst\u00fctzt das nat\u00fcrliche Verhalten sowie die Gesundheit deiner Tiere.<\/span><\/p>\n<p class=\"p1\"><span class=\"s1\">Dank des konzentrierten Spot-Lichtkegels erzeugt die Lampe einen <\/span><span class=\"s2\">intensiven Sonnenplatz<\/span><span class=\"s1\">, an dem sich deine Tiere gezielt aufw\u00e4rmen und UV-Strahlung aufnehmen k\u00f6nnen. So wird die <\/span><span class=\"s2\">Vitamin-D3-Synthese<\/span><span class=\"s1\"> effektiv gef\u00f6rdert, was entscheidend f\u00fcr ein starkes Immunsystem, gesunde Knochen und eine stabile Panzer- und Schuppenbildung ist. Gleichzeitig regt der Spot das nat\u00fcrliche Sonnenbadeverhalten deiner Reptilien an, da er eine realistische W\u00e4rmezonenstruktur schafft.<\/span><\/p>\n<p class=\"p1\"><span class=\"s1\">Die <\/span><span class=\"s2\">TerraSky UV Spot<\/span><span class=\"s1\"> \u00fcberzeugt durch hohe Energieeffizienz, eine lange Lebensdauer und ein stabiles Lichtspektrum. Sie eignet sich besonders f\u00fcr Arten, die einen intensiven UVB-Bedarf haben, wie Bartagamen, Leguane oder Schildkr\u00f6ten. Durch die gezielte Strahlung k\u00f6nnen Tiere UV genau dort aufnehmen, wo sie es ben\u00f6tigen, w\u00e4hrend gleichzeitig ein Temperaturgef\u00e4lle im Terrarium erhalten bleibt.<\/span><\/p>\n<p class=\"p1\"><span class=\"s1\">Die Installation ist unkompliziert: Die Lampe passt in jede handels\u00fcbliche E27-Fassung und kann mit Reflektoren kombiniert werden, um die Licht- und W\u00e4rmeleistung zus\u00e4tzlich zu verst\u00e4rken. Durch ihre Bauweise ist sie sowohl f\u00fcr Glas- als auch f\u00fcr Holzterrarien bestens geeignet.<\/span><\/p>\n<p class=\"p1\"><span class=\"s1\">Mit dem <strong><span class=\"s2\">Exo Terra TerraSky UV Spot<\/span><\/strong><\/span><span class=\"s1\">\u00a0entscheidest du dich f\u00fcr eine leistungsstarke, tiergerechte Beleuchtungsl\u00f6sung, die deinen Reptilien die wichtigen Aspekte von W\u00e4rme, Licht und UV-Strahlung in einem Produkt bietet.<\/span><\/p>\n","protected":false},"excerpt":{"rendered":"<p>Exo Terra TerraSky UV Spot \u2013 leistungsstarker UV-Spotstrahler f\u00fcr Terrarien Der Exo Terra TerraSky UV Spot ist ein moderner Spotstrahler, der speziell f\u00fcr die Bed\u00fcrfnisse von Reptilien entwickelt wurde. Mit seiner Kombination aus starker Lichtleistung und hohem UV-Anteil sorgt er f\u00fcr optimale Bedingungen im Terrarium und unterst\u00fctzt das nat\u00fcrliche Verhalten sowie die Gesundheit deiner Tiere. [&hellip;]<\/p>\n","protected":false},"featured_media":153138,"template":"","meta":{"_acf_changed":false},"product-supplier":[2554],"product_brand":[639],"product_cat":[299],"product_tag":[],"lce-checkout-addons":[],"class_list":{"0":"post-153131","1":"product","2":"type-product","3":"status-publish","4":"has-post-thumbnail","6":"product_brand-exo-terra","7":"product_cat-beleuchtung-klima","8":"product_shipping_class-equipment-shipping","10":"first","11":"instock","12":"sale","13":"downloadable","14":"taxable","15":"shipping-taxable","16":"purchasable","17":"product-type-simple"},"acf":[],"yoast_head":"<!-- This site is optimized with the Yoast SEO plugin v27.3 - https:\/\/yoast.com\/product\/yoast-seo-wordpress\/ -->\n<title>Exo Terra Terrasky UV Spot - Insektenliebe<\/title>\n<meta name=\"description\" content=\"Exo Terra TerraSky UV Spot kaufen \u2013 leistungsstarker UV-Spotstrahler f\u00fcr Reptilien. F\u00f6rdert Vitamin-D3-Synthese, Gesundheit &amp; nat\u00fcrliches Sonnenbaden.\" \/>\n<meta name=\"robots\" content=\"index, follow, max-snippet:-1, max-image-preview:large, max-video-preview:-1\" \/>\n<link rel=\"canonical\" href=\"https:\/\/insektenliebe.com\/de\/shop\/produkt\/exo-terra-terrasky-uv-spot\/\" \/>\n<meta property=\"og:locale\" content=\"de_DE\" \/>\n<meta property=\"og:type\" content=\"article\" \/>\n<meta property=\"og:title\" content=\"Exo Terra Terrasky UV Spot - Insektenliebe\" \/>\n<meta property=\"og:description\" content=\"Exo Terra TerraSky UV Spot kaufen \u2013 leistungsstarker UV-Spotstrahler f\u00fcr Reptilien. F\u00f6rdert Vitamin-D3-Synthese, Gesundheit &amp; nat\u00fcrliches Sonnenbaden.\" \/>\n<meta property=\"og:url\" content=\"https:\/\/insektenliebe.com\/de\/shop\/produkt\/exo-terra-terrasky-uv-spot\/\" \/>\n<meta property=\"og:site_name\" content=\"Insektenliebe\" \/>\n<meta property=\"article:modified_time\" content=\"2026-02-19T17:22:35+00:00\" \/>\n<meta property=\"og:image\" content=\"https:\/\/insektenliebe.com\/wp-content\/uploads\/2025\/08\/Exo-Terra-Terrasky-UV-Spot.jpg\" \/>\n\t<meta property=\"og:image:width\" content=\"820\" \/>\n\t<meta property=\"og:image:height\" content=\"820\" \/>\n\t<meta property=\"og:image:type\" content=\"image\/jpeg\" \/>\n<meta name=\"twitter:card\" content=\"summary_large_image\" \/>\n<meta name=\"twitter:label1\" content=\"Gesch\u00e4tzte Lesezeit\" \/>\n\t<meta name=\"twitter:data1\" content=\"2\u00a0Minuten\" \/>\n<script type=\"application\/ld+json\" class=\"yoast-schema-graph\">{\"@context\":\"https:\\\/\\\/schema.org\",\"@graph\":[{\"@type\":\"WebPage\",\"@id\":\"https:\\\/\\\/insektenliebe.com\\\/de\\\/shop\\\/produkt\\\/exo-terra-terrasky-uv-spot\\\/\",\"url\":\"https:\\\/\\\/insektenliebe.com\\\/de\\\/shop\\\/produkt\\\/exo-terra-terrasky-uv-spot\\\/\",\"name\":\"Exo Terra Terrasky UV Spot - Insektenliebe\",\"isPartOf\":{\"@id\":\"https:\\\/\\\/insektenliebe.com\\\/de\\\/#website\"},\"primaryImageOfPage\":{\"@id\":\"https:\\\/\\\/insektenliebe.com\\\/de\\\/shop\\\/produkt\\\/exo-terra-terrasky-uv-spot\\\/#primaryimage\"},\"image\":{\"@id\":\"https:\\\/\\\/insektenliebe.com\\\/de\\\/shop\\\/produkt\\\/exo-terra-terrasky-uv-spot\\\/#primaryimage\"},\"thumbnailUrl\":\"https:\\\/\\\/insektenliebe.com\\\/wp-content\\\/uploads\\\/2025\\\/08\\\/Exo-Terra-Terrasky-UV-Spot.jpg\",\"datePublished\":\"2025-08-16T08:23:00+00:00\",\"dateModified\":\"2026-02-19T17:22:35+00:00\",\"description\":\"Exo Terra TerraSky UV Spot kaufen \u2013 leistungsstarker UV-Spotstrahler f\u00fcr Reptilien. F\u00f6rdert Vitamin-D3-Synthese, Gesundheit & nat\u00fcrliches Sonnenbaden.\",\"breadcrumb\":{\"@id\":\"https:\\\/\\\/insektenliebe.com\\\/de\\\/shop\\\/produkt\\\/exo-terra-terrasky-uv-spot\\\/#breadcrumb\"},\"inLanguage\":\"de\",\"potentialAction\":[{\"@type\":\"ReadAction\",\"target\":[\"https:\\\/\\\/insektenliebe.com\\\/de\\\/shop\\\/produkt\\\/exo-terra-terrasky-uv-spot\\\/\"]}]},{\"@type\":\"ImageObject\",\"inLanguage\":\"de\",\"@id\":\"https:\\\/\\\/insektenliebe.com\\\/de\\\/shop\\\/produkt\\\/exo-terra-terrasky-uv-spot\\\/#primaryimage\",\"url\":\"https:\\\/\\\/insektenliebe.com\\\/wp-content\\\/uploads\\\/2025\\\/08\\\/Exo-Terra-Terrasky-UV-Spot.jpg\",\"contentUrl\":\"https:\\\/\\\/insektenliebe.com\\\/wp-content\\\/uploads\\\/2025\\\/08\\\/Exo-Terra-Terrasky-UV-Spot.jpg\",\"width\":820,\"height\":820,\"caption\":\"Exo Terra Terrasky UV Spot\"},{\"@type\":\"BreadcrumbList\",\"@id\":\"https:\\\/\\\/insektenliebe.com\\\/de\\\/shop\\\/produkt\\\/exo-terra-terrasky-uv-spot\\\/#breadcrumb\",\"itemListElement\":[{\"@type\":\"ListItem\",\"position\":1,\"name\":\"Startseite\",\"item\":\"https:\\\/\\\/insektenliebe.com\\\/de\\\/\"},{\"@type\":\"ListItem\",\"position\":2,\"name\":\"Shop\",\"item\":\"https:\\\/\\\/insektenliebe.com\\\/de\\\/shop\\\/\"},{\"@type\":\"ListItem\",\"position\":3,\"name\":\"Exo Terra Terrasky UV Spot\"}]},{\"@type\":\"WebSite\",\"@id\":\"https:\\\/\\\/insektenliebe.com\\\/de\\\/#website\",\"url\":\"https:\\\/\\\/insektenliebe.com\\\/de\\\/\",\"name\":\"Insektenliebe\",\"description\":\"Dein Zuhause f\u00fcr die kleinen Lebewesen\",\"publisher\":{\"@id\":\"https:\\\/\\\/insektenliebe.com\\\/de\\\/#organization\"},\"potentialAction\":[{\"@type\":\"SearchAction\",\"target\":{\"@type\":\"EntryPoint\",\"urlTemplate\":\"https:\\\/\\\/insektenliebe.com\\\/de\\\/?s={search_term_string}\"},\"query-input\":{\"@type\":\"PropertyValueSpecification\",\"valueRequired\":true,\"valueName\":\"search_term_string\"}}],\"inLanguage\":\"de\"},{\"@type\":\"Organization\",\"@id\":\"https:\\\/\\\/insektenliebe.com\\\/de\\\/#organization\",\"name\":\"Insektenliebe\",\"url\":\"https:\\\/\\\/insektenliebe.com\\\/de\\\/\",\"logo\":{\"@type\":\"ImageObject\",\"inLanguage\":\"de\",\"@id\":\"https:\\\/\\\/insektenliebe.com\\\/de\\\/#\\\/schema\\\/logo\\\/image\\\/\",\"url\":\"https:\\\/\\\/insektenliebe.com\\\/wp-content\\\/uploads\\\/2025\\\/03\\\/logo-white.png\",\"contentUrl\":\"https:\\\/\\\/insektenliebe.com\\\/wp-content\\\/uploads\\\/2025\\\/03\\\/logo-white.png\",\"width\":288,\"height\":188,\"caption\":\"Insektenliebe\"},\"image\":{\"@id\":\"https:\\\/\\\/insektenliebe.com\\\/de\\\/#\\\/schema\\\/logo\\\/image\\\/\"}}]}<\/script>\n<!-- \/ Yoast SEO plugin. -->","yoast_head_json":{"title":"Exo Terra Terrasky UV Spot - Insektenliebe","description":"Exo Terra TerraSky UV Spot kaufen \u2013 leistungsstarker UV-Spotstrahler f\u00fcr Reptilien. F\u00f6rdert Vitamin-D3-Synthese, Gesundheit & nat\u00fcrliches Sonnenbaden.","robots":{"index":"index","follow":"follow","max-snippet":"max-snippet:-1","max-image-preview":"max-image-preview:large","max-video-preview":"max-video-preview:-1"},"canonical":"https:\/\/insektenliebe.com\/de\/shop\/produkt\/exo-terra-terrasky-uv-spot\/","og_locale":"de_DE","og_type":"article","og_title":"Exo Terra Terrasky UV Spot - Insektenliebe","og_description":"Exo Terra TerraSky UV Spot kaufen \u2013 leistungsstarker UV-Spotstrahler f\u00fcr Reptilien. F\u00f6rdert Vitamin-D3-Synthese, Gesundheit & nat\u00fcrliches Sonnenbaden.","og_url":"https:\/\/insektenliebe.com\/de\/shop\/produkt\/exo-terra-terrasky-uv-spot\/","og_site_name":"Insektenliebe","article_modified_time":"2026-02-19T17:22:35+00:00","og_image":[{"width":820,"height":820,"url":"https:\/\/insektenliebe.com\/wp-content\/uploads\/2025\/08\/Exo-Terra-Terrasky-UV-Spot.jpg","type":"image\/jpeg"}],"twitter_card":"summary_large_image","twitter_misc":{"Gesch\u00e4tzte Lesezeit":"2\u00a0Minuten"},"schema":{"@context":"https:\/\/schema.org","@graph":[{"@type":"WebPage","@id":"https:\/\/insektenliebe.com\/de\/shop\/produkt\/exo-terra-terrasky-uv-spot\/","url":"https:\/\/insektenliebe.com\/de\/shop\/produkt\/exo-terra-terrasky-uv-spot\/","name":"Exo Terra Terrasky UV Spot - Insektenliebe","isPartOf":{"@id":"https:\/\/insektenliebe.com\/de\/#website"},"primaryImageOfPage":{"@id":"https:\/\/insektenliebe.com\/de\/shop\/produkt\/exo-terra-terrasky-uv-spot\/#primaryimage"},"image":{"@id":"https:\/\/insektenliebe.com\/de\/shop\/produkt\/exo-terra-terrasky-uv-spot\/#primaryimage"},"thumbnailUrl":"https:\/\/insektenliebe.com\/wp-content\/uploads\/2025\/08\/Exo-Terra-Terrasky-UV-Spot.jpg","datePublished":"2025-08-16T08:23:00+00:00","dateModified":"2026-02-19T17:22:35+00:00","description":"Exo Terra TerraSky UV Spot kaufen \u2013 leistungsstarker UV-Spotstrahler f\u00fcr Reptilien. F\u00f6rdert Vitamin-D3-Synthese, Gesundheit & nat\u00fcrliches Sonnenbaden.","breadcrumb":{"@id":"https:\/\/insektenliebe.com\/de\/shop\/produkt\/exo-terra-terrasky-uv-spot\/#breadcrumb"},"inLanguage":"de","potentialAction":[{"@type":"ReadAction","target":["https:\/\/insektenliebe.com\/de\/shop\/produkt\/exo-terra-terrasky-uv-spot\/"]}]},{"@type":"ImageObject","inLanguage":"de","@id":"https:\/\/insektenliebe.com\/de\/shop\/produkt\/exo-terra-terrasky-uv-spot\/#primaryimage","url":"https:\/\/insektenliebe.com\/wp-content\/uploads\/2025\/08\/Exo-Terra-Terrasky-UV-Spot.jpg","contentUrl":"https:\/\/insektenliebe.com\/wp-content\/uploads\/2025\/08\/Exo-Terra-Terrasky-UV-Spot.jpg","width":820,"height":820,"caption":"Exo Terra Terrasky UV Spot"},{"@type":"BreadcrumbList","@id":"https:\/\/insektenliebe.com\/de\/shop\/produkt\/exo-terra-terrasky-uv-spot\/#breadcrumb","itemListElement":[{"@type":"ListItem","position":1,"name":"Startseite","item":"https:\/\/insektenliebe.com\/de\/"},{"@type":"ListItem","position":2,"name":"Shop","item":"https:\/\/insektenliebe.com\/de\/shop\/"},{"@type":"ListItem","position":3,"name":"Exo Terra Terrasky UV Spot"}]},{"@type":"WebSite","@id":"https:\/\/insektenliebe.com\/de\/#website","url":"https:\/\/insektenliebe.com\/de\/","name":"Insektenliebe","description":"Dein Zuhause f\u00fcr die kleinen Lebewesen","publisher":{"@id":"https:\/\/insektenliebe.com\/de\/#organization"},"potentialAction":[{"@type":"SearchAction","target":{"@type":"EntryPoint","urlTemplate":"https:\/\/insektenliebe.com\/de\/?s={search_term_string}"},"query-input":{"@type":"PropertyValueSpecification","valueRequired":true,"valueName":"search_term_string"}}],"inLanguage":"de"},{"@type":"Organization","@id":"https:\/\/insektenliebe.com\/de\/#organization","name":"Insektenliebe","url":"https:\/\/insektenliebe.com\/de\/","logo":{"@type":"ImageObject","inLanguage":"de","@id":"https:\/\/insektenliebe.com\/de\/#\/schema\/logo\/image\/","url":"https:\/\/insektenliebe.com\/wp-content\/uploads\/2025\/03\/logo-white.png","contentUrl":"https:\/\/insektenliebe.com\/wp-content\/uploads\/2025\/03\/logo-white.png","width":288,"height":188,"caption":"Insektenliebe"},"image":{"@id":"https:\/\/insektenliebe.com\/de\/#\/schema\/logo\/image\/"}}]}},"_links":{"self":[{"href":"https:\/\/insektenliebe.com\/de\/wp-json\/wp\/v2\/product\/153131","targetHints":{"allow":["GET"]}}],"collection":[{"href":"https:\/\/insektenliebe.com\/de\/wp-json\/wp\/v2\/product"}],"about":[{"href":"https:\/\/insektenliebe.com\/de\/wp-json\/wp\/v2\/types\/product"}],"wp:featuredmedia":[{"embeddable":true,"href":"https:\/\/insektenliebe.com\/de\/wp-json\/wp\/v2\/media\/153138"}],"wp:attachment":[{"href":"https:\/\/insektenliebe.com\/de\/wp-json\/wp\/v2\/media?parent=153131"}],"wp:term":[{"taxonomy":"product-supplier","embeddable":true,"href":"https:\/\/insektenliebe.com\/de\/wp-json\/wp\/v2\/product-supplier?post=153131"},{"taxonomy":"product_brand","embeddable":true,"href":"https:\/\/insektenliebe.com\/de\/wp-json\/wp\/v2\/product_brand?post=153131"},{"taxonomy":"product_cat","embeddable":true,"href":"https:\/\/insektenliebe.com\/de\/wp-json\/wp\/v2\/product_cat?post=153131"},{"taxonomy":"product_tag","embeddable":true,"href":"https:\/\/insektenliebe.com\/de\/wp-json\/wp\/v2\/product_tag?post=153131"},{"taxonomy":"lce-checkout-addons","embeddable":true,"href":"https:\/\/insektenliebe.com\/de\/wp-json\/wp\/v2\/lce-checkout-addons?post=153131"}],"curies":[{"name":"wp","href":"https:\/\/api.w.org\/{rel}","templated":true}]}}