{"id":142760,"date":"2025-07-15T22:24:47","date_gmt":"2025-07-15T20:24:47","guid":{"rendered":"https:\/\/insektenliebe.com\/?post_type=product&#038;p=142760"},"modified":"2026-02-10T21:09:28","modified_gmt":"2026-02-10T20:09:28","slug":"insektenliebe-acrylterrarium-12-x-10-x-17-cm-4er-set","status":"publish","type":"product","link":"https:\/\/insektenliebe.com\/de\/shop\/produkt\/insektenliebe-acrylterrarium-12-x-10-x-17-cm-4er-set\/","title":{"rendered":"Insektenliebe Acrylterrarium 12 x 10 x 17 cm 4er Set"},"content":{"rendered":"<p><span style=\"color: #99cc33\"><strong style=\"font-size: 20.16px\">3 gezahlt, 4 gestapelt \u2013 dein Upgrade f\u00fcr die Terrarienwand!<\/strong><\/span><\/p>\n<p data-start=\"169\" data-end=\"638\">Mit dem <strong>Insektenliebe Acrylterrarium 12 x 10 x 17 cm 4er Set\u00a0<\/strong>erh\u00e4ltst du ein durchdachtes Komplettsystem aus vier miteinander verbundenen und gestapelten Insektenliebe Acrylterrarien. Dieses Bundle ist ideal f\u00fcr alle, die mehrere kleine Tiere, Pflanzen oder Insekten \u00fcbersichtlich, platzsparend und stilvoll unterbringen m\u00f6chten. Egal ob Springspinnen, kleine Asselarten oder andere Wirbellose \u2013 durch die flexible Konstruktion kannst du dein eigenes, modulares Haltungssystem aufbauen.<\/p>\n<p data-start=\"640\" data-end=\"1105\">Die Terrarien lassen sich dank des integrierten Lichtkastens sicher und stabil \u00fcbereinanderstapeln. Zus\u00e4tzlich erm\u00f6glichen seitliche Verbindungselemente eine feste Aneinanderreihung nebeneinander. Das schafft nicht nur optisch eine saubere Einheit, sondern sorgt auch f\u00fcr Stabilit\u00e4t und Sicherheit. Im Bundle enthalten sind au\u00dferdem passende Dichtungen, damit auch wirklich kein Tierchen entwischen kann \u2013 selbst kleinste Mitbewohner bleiben zuverl\u00e4ssig im Inneren.<\/p>\n<p data-start=\"1107\" data-end=\"1498\">Ein besonderes Highlight ist die mitgelieferte Auffangschale: Da die Acrylterrarien nicht vollst\u00e4ndig wasserdicht sind, kann hier problemlos eine Pflanze eingepflanzt oder zus\u00e4tzliche Dekoration eingebracht werden, ohne dass Feuchtigkeit Schaden anrichtet oder entweicht. Die Auffangschale sch\u00fctzt zuverl\u00e4ssig deine Einrichtung und sorgt f\u00fcr eine bessere Luftfeuchtigkeit im unteren Bereich.<\/p>\n<p data-start=\"1500\" data-end=\"1724\">Das <strong>Insektenliebe Acrylterrarium 12 x 10 x 17 cm 4er Set<\/strong><strong>\u00a0<\/strong>vereint Funktionalit\u00e4t, Design und Flexibilit\u00e4t. Egal ob du nur vier Terrarien nutzen m\u00f6chtest oder sp\u00e4ter auf sechs oder acht erweitern willst \u2013 das System ist beliebig erweiterbar und bleibt dabei stabil und sicher.<\/p>\n<p data-start=\"1726\" data-end=\"1969\">Ein modernes, transparentes Terrariensystem, das sich perfekt in dein Regal, auf die Fensterbank oder in ein Terrarienregal einf\u00fcgt \u2013 ideal f\u00fcr Tierfreunde, Z\u00fcchter und Pflanzenliebhaber, die Wert auf Struktur, Qualit\u00e4t und Flexibilit\u00e4t legen.<\/p>\n","protected":false},"excerpt":{"rendered":"<p>3 gezahlt, 4 gestapelt \u2013 dein Upgrade f\u00fcr die Terrarienwand! Mit dem Insektenliebe Acrylterrarium 12 x 10 x 17 cm 4er Set\u00a0erh\u00e4ltst du ein durchdachtes Komplettsystem aus vier miteinander verbundenen und gestapelten Insektenliebe Acrylterrarien. Dieses Bundle ist ideal f\u00fcr alle, die mehrere kleine Tiere, Pflanzen oder Insekten \u00fcbersichtlich, platzsparend und stilvoll unterbringen m\u00f6chten. Egal ob [&hellip;]<\/p>\n","protected":false},"featured_media":142739,"template":"","meta":{"_acf_changed":false},"product-supplier":[2686,2691],"product_brand":[1414],"product_cat":[130],"product_tag":[],"lce-checkout-addons":[],"class_list":{"0":"post-142760","1":"product","2":"type-product","3":"status-publish","4":"has-post-thumbnail","6":"product_brand-insektenliebe","7":"product_cat-terrarien-behaelter","8":"product_shipping_class-equipment-shipping","10":"first","11":"instock","12":"taxable","13":"shipping-taxable","14":"purchasable","15":"product-type-bundle"},"acf":[],"yoast_head":"<!-- This site is optimized with the Yoast SEO plugin v27.3 - https:\/\/yoast.com\/product\/yoast-seo-wordpress\/ -->\n<title>Insektenliebe Acrylterrarium 12 x 10 x 17 cm 4er Set - Insektenliebe<\/title>\n<meta name=\"description\" content=\"Das Insektenliebe Acrylterrarium Bundle kombiniert 4 verbundene Terrarien\u2013 perfekt stapelbar und sicher verbunden. Ideal f\u00fcr kleine Terrarientiere.\" \/>\n<meta name=\"robots\" content=\"index, follow, max-snippet:-1, max-image-preview:large, max-video-preview:-1\" \/>\n<link rel=\"canonical\" href=\"https:\/\/insektenliebe.com\/de\/shop\/produkt\/insektenliebe-acrylterrarium-12-x-10-x-17-cm-4er-set\/\" \/>\n<meta property=\"og:locale\" content=\"de_DE\" \/>\n<meta property=\"og:type\" content=\"article\" \/>\n<meta property=\"og:title\" content=\"Insektenliebe Acrylterrarium 12 x 10 x 17 cm 4er Set - Insektenliebe\" \/>\n<meta property=\"og:description\" content=\"Das Insektenliebe Acrylterrarium Bundle kombiniert 4 verbundene Terrarien\u2013 perfekt stapelbar und sicher verbunden. Ideal f\u00fcr kleine Terrarientiere.\" \/>\n<meta property=\"og:url\" content=\"https:\/\/insektenliebe.com\/de\/shop\/produkt\/insektenliebe-acrylterrarium-12-x-10-x-17-cm-4er-set\/\" \/>\n<meta property=\"og:site_name\" content=\"Insektenliebe\" \/>\n<meta property=\"article:modified_time\" content=\"2026-02-10T20:09:28+00:00\" \/>\n<meta property=\"og:image\" content=\"https:\/\/insektenliebe.com\/wp-content\/uploads\/2025\/07\/Acrylterrarien-Bundle.jpg\" \/>\n\t<meta property=\"og:image:width\" content=\"820\" \/>\n\t<meta property=\"og:image:height\" content=\"820\" \/>\n\t<meta property=\"og:image:type\" content=\"image\/jpeg\" \/>\n<meta name=\"twitter:card\" content=\"summary_large_image\" \/>\n<meta name=\"twitter:label1\" content=\"Gesch\u00e4tzte Lesezeit\" \/>\n\t<meta name=\"twitter:data1\" content=\"2\u00a0Minuten\" \/>\n<script type=\"application\/ld+json\" class=\"yoast-schema-graph\">{\"@context\":\"https:\\\/\\\/schema.org\",\"@graph\":[{\"@type\":\"WebPage\",\"@id\":\"https:\\\/\\\/insektenliebe.com\\\/de\\\/shop\\\/produkt\\\/insektenliebe-acrylterrarium-12-x-10-x-17-cm-4er-set\\\/\",\"url\":\"https:\\\/\\\/insektenliebe.com\\\/de\\\/shop\\\/produkt\\\/insektenliebe-acrylterrarium-12-x-10-x-17-cm-4er-set\\\/\",\"name\":\"Insektenliebe Acrylterrarium 12 x 10 x 17 cm 4er Set - Insektenliebe\",\"isPartOf\":{\"@id\":\"https:\\\/\\\/insektenliebe.com\\\/de\\\/#website\"},\"primaryImageOfPage\":{\"@id\":\"https:\\\/\\\/insektenliebe.com\\\/de\\\/shop\\\/produkt\\\/insektenliebe-acrylterrarium-12-x-10-x-17-cm-4er-set\\\/#primaryimage\"},\"image\":{\"@id\":\"https:\\\/\\\/insektenliebe.com\\\/de\\\/shop\\\/produkt\\\/insektenliebe-acrylterrarium-12-x-10-x-17-cm-4er-set\\\/#primaryimage\"},\"thumbnailUrl\":\"https:\\\/\\\/insektenliebe.com\\\/wp-content\\\/uploads\\\/2025\\\/07\\\/Acrylterrarien-Bundle.jpg\",\"datePublished\":\"2025-07-15T20:24:47+00:00\",\"dateModified\":\"2026-02-10T20:09:28+00:00\",\"description\":\"Das Insektenliebe Acrylterrarium Bundle kombiniert 4 verbundene Terrarien\u2013 perfekt stapelbar und sicher verbunden. Ideal f\u00fcr kleine Terrarientiere.\",\"breadcrumb\":{\"@id\":\"https:\\\/\\\/insektenliebe.com\\\/de\\\/shop\\\/produkt\\\/insektenliebe-acrylterrarium-12-x-10-x-17-cm-4er-set\\\/#breadcrumb\"},\"inLanguage\":\"de\",\"potentialAction\":[{\"@type\":\"ReadAction\",\"target\":[\"https:\\\/\\\/insektenliebe.com\\\/de\\\/shop\\\/produkt\\\/insektenliebe-acrylterrarium-12-x-10-x-17-cm-4er-set\\\/\"]}]},{\"@type\":\"ImageObject\",\"inLanguage\":\"de\",\"@id\":\"https:\\\/\\\/insektenliebe.com\\\/de\\\/shop\\\/produkt\\\/insektenliebe-acrylterrarium-12-x-10-x-17-cm-4er-set\\\/#primaryimage\",\"url\":\"https:\\\/\\\/insektenliebe.com\\\/wp-content\\\/uploads\\\/2025\\\/07\\\/Acrylterrarien-Bundle.jpg\",\"contentUrl\":\"https:\\\/\\\/insektenliebe.com\\\/wp-content\\\/uploads\\\/2025\\\/07\\\/Acrylterrarien-Bundle.jpg\",\"width\":820,\"height\":820,\"caption\":\"Insektenliebe Acrylterrarien Bundle\"},{\"@type\":\"BreadcrumbList\",\"@id\":\"https:\\\/\\\/insektenliebe.com\\\/de\\\/shop\\\/produkt\\\/insektenliebe-acrylterrarium-12-x-10-x-17-cm-4er-set\\\/#breadcrumb\",\"itemListElement\":[{\"@type\":\"ListItem\",\"position\":1,\"name\":\"Startseite\",\"item\":\"https:\\\/\\\/insektenliebe.com\\\/de\\\/\"},{\"@type\":\"ListItem\",\"position\":2,\"name\":\"Shop\",\"item\":\"https:\\\/\\\/insektenliebe.com\\\/de\\\/shop\\\/\"},{\"@type\":\"ListItem\",\"position\":3,\"name\":\"Insektenliebe Acrylterrarium 12 x 10 x 17 cm 4er Set\"}]},{\"@type\":\"WebSite\",\"@id\":\"https:\\\/\\\/insektenliebe.com\\\/de\\\/#website\",\"url\":\"https:\\\/\\\/insektenliebe.com\\\/de\\\/\",\"name\":\"Insektenliebe\",\"description\":\"Dein Zuhause f\u00fcr die kleinen Lebewesen\",\"publisher\":{\"@id\":\"https:\\\/\\\/insektenliebe.com\\\/de\\\/#organization\"},\"potentialAction\":[{\"@type\":\"SearchAction\",\"target\":{\"@type\":\"EntryPoint\",\"urlTemplate\":\"https:\\\/\\\/insektenliebe.com\\\/de\\\/?s={search_term_string}\"},\"query-input\":{\"@type\":\"PropertyValueSpecification\",\"valueRequired\":true,\"valueName\":\"search_term_string\"}}],\"inLanguage\":\"de\"},{\"@type\":\"Organization\",\"@id\":\"https:\\\/\\\/insektenliebe.com\\\/de\\\/#organization\",\"name\":\"Insektenliebe\",\"url\":\"https:\\\/\\\/insektenliebe.com\\\/de\\\/\",\"logo\":{\"@type\":\"ImageObject\",\"inLanguage\":\"de\",\"@id\":\"https:\\\/\\\/insektenliebe.com\\\/de\\\/#\\\/schema\\\/logo\\\/image\\\/\",\"url\":\"https:\\\/\\\/insektenliebe.com\\\/wp-content\\\/uploads\\\/2025\\\/03\\\/logo-white.png\",\"contentUrl\":\"https:\\\/\\\/insektenliebe.com\\\/wp-content\\\/uploads\\\/2025\\\/03\\\/logo-white.png\",\"width\":288,\"height\":188,\"caption\":\"Insektenliebe\"},\"image\":{\"@id\":\"https:\\\/\\\/insektenliebe.com\\\/de\\\/#\\\/schema\\\/logo\\\/image\\\/\"}}]}<\/script>\n<!-- \/ Yoast SEO plugin. -->","yoast_head_json":{"title":"Insektenliebe Acrylterrarium 12 x 10 x 17 cm 4er Set - Insektenliebe","description":"Das Insektenliebe Acrylterrarium Bundle kombiniert 4 verbundene Terrarien\u2013 perfekt stapelbar und sicher verbunden. Ideal f\u00fcr kleine Terrarientiere.","robots":{"index":"index","follow":"follow","max-snippet":"max-snippet:-1","max-image-preview":"max-image-preview:large","max-video-preview":"max-video-preview:-1"},"canonical":"https:\/\/insektenliebe.com\/de\/shop\/produkt\/insektenliebe-acrylterrarium-12-x-10-x-17-cm-4er-set\/","og_locale":"de_DE","og_type":"article","og_title":"Insektenliebe Acrylterrarium 12 x 10 x 17 cm 4er Set - Insektenliebe","og_description":"Das Insektenliebe Acrylterrarium Bundle kombiniert 4 verbundene Terrarien\u2013 perfekt stapelbar und sicher verbunden. Ideal f\u00fcr kleine Terrarientiere.","og_url":"https:\/\/insektenliebe.com\/de\/shop\/produkt\/insektenliebe-acrylterrarium-12-x-10-x-17-cm-4er-set\/","og_site_name":"Insektenliebe","article_modified_time":"2026-02-10T20:09:28+00:00","og_image":[{"width":820,"height":820,"url":"https:\/\/insektenliebe.com\/wp-content\/uploads\/2025\/07\/Acrylterrarien-Bundle.jpg","type":"image\/jpeg"}],"twitter_card":"summary_large_image","twitter_misc":{"Gesch\u00e4tzte Lesezeit":"2\u00a0Minuten"},"schema":{"@context":"https:\/\/schema.org","@graph":[{"@type":"WebPage","@id":"https:\/\/insektenliebe.com\/de\/shop\/produkt\/insektenliebe-acrylterrarium-12-x-10-x-17-cm-4er-set\/","url":"https:\/\/insektenliebe.com\/de\/shop\/produkt\/insektenliebe-acrylterrarium-12-x-10-x-17-cm-4er-set\/","name":"Insektenliebe Acrylterrarium 12 x 10 x 17 cm 4er Set - Insektenliebe","isPartOf":{"@id":"https:\/\/insektenliebe.com\/de\/#website"},"primaryImageOfPage":{"@id":"https:\/\/insektenliebe.com\/de\/shop\/produkt\/insektenliebe-acrylterrarium-12-x-10-x-17-cm-4er-set\/#primaryimage"},"image":{"@id":"https:\/\/insektenliebe.com\/de\/shop\/produkt\/insektenliebe-acrylterrarium-12-x-10-x-17-cm-4er-set\/#primaryimage"},"thumbnailUrl":"https:\/\/insektenliebe.com\/wp-content\/uploads\/2025\/07\/Acrylterrarien-Bundle.jpg","datePublished":"2025-07-15T20:24:47+00:00","dateModified":"2026-02-10T20:09:28+00:00","description":"Das Insektenliebe Acrylterrarium Bundle kombiniert 4 verbundene Terrarien\u2013 perfekt stapelbar und sicher verbunden. Ideal f\u00fcr kleine Terrarientiere.","breadcrumb":{"@id":"https:\/\/insektenliebe.com\/de\/shop\/produkt\/insektenliebe-acrylterrarium-12-x-10-x-17-cm-4er-set\/#breadcrumb"},"inLanguage":"de","potentialAction":[{"@type":"ReadAction","target":["https:\/\/insektenliebe.com\/de\/shop\/produkt\/insektenliebe-acrylterrarium-12-x-10-x-17-cm-4er-set\/"]}]},{"@type":"ImageObject","inLanguage":"de","@id":"https:\/\/insektenliebe.com\/de\/shop\/produkt\/insektenliebe-acrylterrarium-12-x-10-x-17-cm-4er-set\/#primaryimage","url":"https:\/\/insektenliebe.com\/wp-content\/uploads\/2025\/07\/Acrylterrarien-Bundle.jpg","contentUrl":"https:\/\/insektenliebe.com\/wp-content\/uploads\/2025\/07\/Acrylterrarien-Bundle.jpg","width":820,"height":820,"caption":"Insektenliebe Acrylterrarien Bundle"},{"@type":"BreadcrumbList","@id":"https:\/\/insektenliebe.com\/de\/shop\/produkt\/insektenliebe-acrylterrarium-12-x-10-x-17-cm-4er-set\/#breadcrumb","itemListElement":[{"@type":"ListItem","position":1,"name":"Startseite","item":"https:\/\/insektenliebe.com\/de\/"},{"@type":"ListItem","position":2,"name":"Shop","item":"https:\/\/insektenliebe.com\/de\/shop\/"},{"@type":"ListItem","position":3,"name":"Insektenliebe Acrylterrarium 12 x 10 x 17 cm 4er Set"}]},{"@type":"WebSite","@id":"https:\/\/insektenliebe.com\/de\/#website","url":"https:\/\/insektenliebe.com\/de\/","name":"Insektenliebe","description":"Dein Zuhause f\u00fcr die kleinen Lebewesen","publisher":{"@id":"https:\/\/insektenliebe.com\/de\/#organization"},"potentialAction":[{"@type":"SearchAction","target":{"@type":"EntryPoint","urlTemplate":"https:\/\/insektenliebe.com\/de\/?s={search_term_string}"},"query-input":{"@type":"PropertyValueSpecification","valueRequired":true,"valueName":"search_term_string"}}],"inLanguage":"de"},{"@type":"Organization","@id":"https:\/\/insektenliebe.com\/de\/#organization","name":"Insektenliebe","url":"https:\/\/insektenliebe.com\/de\/","logo":{"@type":"ImageObject","inLanguage":"de","@id":"https:\/\/insektenliebe.com\/de\/#\/schema\/logo\/image\/","url":"https:\/\/insektenliebe.com\/wp-content\/uploads\/2025\/03\/logo-white.png","contentUrl":"https:\/\/insektenliebe.com\/wp-content\/uploads\/2025\/03\/logo-white.png","width":288,"height":188,"caption":"Insektenliebe"},"image":{"@id":"https:\/\/insektenliebe.com\/de\/#\/schema\/logo\/image\/"}}]}},"_links":{"self":[{"href":"https:\/\/insektenliebe.com\/de\/wp-json\/wp\/v2\/product\/142760","targetHints":{"allow":["GET"]}}],"collection":[{"href":"https:\/\/insektenliebe.com\/de\/wp-json\/wp\/v2\/product"}],"about":[{"href":"https:\/\/insektenliebe.com\/de\/wp-json\/wp\/v2\/types\/product"}],"wp:featuredmedia":[{"embeddable":true,"href":"https:\/\/insektenliebe.com\/de\/wp-json\/wp\/v2\/media\/142739"}],"wp:attachment":[{"href":"https:\/\/insektenliebe.com\/de\/wp-json\/wp\/v2\/media?parent=142760"}],"wp:term":[{"taxonomy":"product-supplier","embeddable":true,"href":"https:\/\/insektenliebe.com\/de\/wp-json\/wp\/v2\/product-supplier?post=142760"},{"taxonomy":"product_brand","embeddable":true,"href":"https:\/\/insektenliebe.com\/de\/wp-json\/wp\/v2\/product_brand?post=142760"},{"taxonomy":"product_cat","embeddable":true,"href":"https:\/\/insektenliebe.com\/de\/wp-json\/wp\/v2\/product_cat?post=142760"},{"taxonomy":"product_tag","embeddable":true,"href":"https:\/\/insektenliebe.com\/de\/wp-json\/wp\/v2\/product_tag?post=142760"},{"taxonomy":"lce-checkout-addons","embeddable":true,"href":"https:\/\/insektenliebe.com\/de\/wp-json\/wp\/v2\/lce-checkout-addons?post=142760"}],"curies":[{"name":"wp","href":"https:\/\/api.w.org\/{rel}","templated":true}]}}