{"id":142220,"date":"2025-07-03T15:13:30","date_gmt":"2025-07-03T13:13:30","guid":{"rendered":"https:\/\/insektenliebe.com\/?post_type=product&#038;p=142220"},"modified":"2026-04-21T09:25:16","modified_gmt":"2026-04-21T07:25:16","slug":"insektenliebe-terrarium-moos","status":"publish","type":"product","link":"https:\/\/insektenliebe.com\/de\/shop\/produkt\/insektenliebe-terrarium-moos\/","title":{"rendered":"Insektenliebe Terrarium Moos"},"content":{"rendered":"<h3><span style=\"color: #99cc33;\"><strong>Insektenliebe Terrarium Moos- Einfach anzuwenden, mehrfach verwendbar, 100\u202f% nat\u00fcrlich<\/strong><\/span><\/h3>\n<div id=\"gap-1132490134\" class=\"gap-element clearfix\"><\/div>\n<p data-start=\"0\" data-end=\"519\">Das\u00a0<strong>Insektenliebe Terrarium Moos<\/strong>\u00a0ist die ideale Erg\u00e4nzung f\u00fcr jedes naturnah gestaltete Terrarium. In getrockneter, gepresster Ziegelform erh\u00e4ltlich \u2013 wahlweise in 100\u202fg, 200\u202fg oder 500\u202fg \u2013 bietet es eine einfache und platzsparende L\u00f6sung f\u00fcr alle, die auf eine nat\u00fcrliche Optik und eine funktionale Unterst\u00fctzung der Luftfeuchtigkeit im Terrarium Wert legen.<\/p>\n<p data-start=\"47\" data-end=\"473\">Um das\u00a0<strong>Insektenliebe Terrarium Moos<\/strong>\u00a0optimal vorzubereiten, den Moosziegel zun\u00e4chst in ein ausreichend gro\u00dfes Gef\u00e4\u00df legen. F\u00fcr einen 100\u202fg Ziegel empfiehlt es sich, etwa 1,5 Liter lauwarmes Wasser zu verwenden. Gie\u00dfe das Wasser gleichm\u00e4\u00dfig \u00fcber den Ziegel und lasse ihn f\u00fcr mindestens 10 bis 15 Minuten einweichen. W\u00e4hrend dieser Zeit beginnt das getrocknete und gepresste Moos, Wasser aufzunehmen und sich langsam auszudehnen. Sobald der Ziegel vollst\u00e4ndig durchfeuchtet ist, l\u00e4sst sich das Moos ganz einfach mit den H\u00e4nden auflockern. Dabei entfaltet es seine urspr\u00fcngliche Struktur und zeigt eine satte, lebendige Gr\u00fcnf\u00e4rbung. Das Ergebnis ist ein angenehm weiches, fluffiges und optisch ansprechendes Terrarienmoos, das sich hervorragend als Bodendecker, R\u00fcckzugsort oder Dekoration eignet.<\/p>\n<p data-start=\"843\" data-end=\"1197\" data-is-last-node=\"\" data-is-only-node=\"\">Ein 100\u202fg Ziegel ergibt etwa 4,5 Liter gebrauchsfertiges Moos \u2013 ideal f\u00fcr die Gestaltung von kleineren bis mittelgro\u00dfen Terrarien. \u00dcbersch\u00fcssiges Wasser kann leicht ausgedr\u00fcckt werden, falls eine trockenere Konsistenz gew\u00fcnscht ist. Das fertige Moos l\u00e4sst sich flexibel einsetzen und kann bei Bedarf auch mehrfach angefeuchtet und wiederverwendet werden.<\/p>\n<p data-start=\"521\" data-end=\"1042\">Gerade in tropischen oder feuchteren Setups wie bei Springspinnen, Asseln, K\u00e4fern, Mantiden oder Amphibien leistet das\u00a0<strong>Insektenliebe Terrarium Moos<\/strong>\u00a0hervorragende Dienste. Es sorgt f\u00fcr ein stabiles Mikroklima, erh\u00f6ht zuverl\u00e4ssig die Luftfeuchtigkeit und bietet gleichzeitig Schutz- und R\u00fcckzugsfl\u00e4chen f\u00fcr viele Tiere. Dar\u00fcber hinaus verhindert es ein zu schnelles Austrocknen des Substrats und kann hervorragend mit Waldhumus, Kokoshumus oder Laub gemischt werden, um ein abwechslungsreiches und funktionales Bodensubstrat zu schaffen.<\/p>\n<p data-start=\"1044\" data-end=\"1331\">Optisch wertet es jedes Terrarium auf: Die tiefgr\u00fcne Farbe und die nat\u00fcrlich wirkende Struktur verleihen deinem Setup eine authentische, wald\u00e4hnliche Atmosph\u00e4re. Das Moos eignet sich nicht nur als Bodenauflage, sondern auch als dekoratives Element auf \u00c4sten, Korkst\u00fccken oder R\u00fcckw\u00e4nden.<\/p>\n<p data-start=\"1333\" data-end=\"1628\">Ein weiterer Pluspunkt: Das Moos stammt aus nachhaltiger Produktion, ist frei von Zusatzstoffen und v\u00f6llig ungef\u00e4hrlich f\u00fcr deine Tiere. Es ist mehrfach verwendbar, l\u00e4sst sich leicht auswaschen und bei Bedarf erneut einsetzen \u2013 ideal f\u00fcr alle, die auf langlebiges und praktisches Zubeh\u00f6r setzen.<\/p>\n<p data-start=\"1630\" data-end=\"1967\" data-is-last-node=\"\" data-is-only-node=\"\">Ob zur Luftfeuchtigkeitsregulierung, als R\u00fcckzugsort oder einfach f\u00fcr eine nat\u00fcrliche Optik \u2013 das\u00a0<strong>Insektenliebe Terrarium Moos<\/strong>\u00a0ist ein vielseitiges Must-have f\u00fcr jedes gut gepflegte Terrarium. In drei verschiedenen Gr\u00f6\u00dfen erh\u00e4ltlich, passt es sich deinem individuellen Bedarf perfekt an. F\u00fcr Einsteiger wie Profis gleicherma\u00dfen geeignet.<\/p>\n","protected":false},"excerpt":{"rendered":"<p>Insektenliebe Terrarium Moos- Einfach anzuwenden, mehrfach verwendbar, 100\u202f% nat\u00fcrlich Das\u00a0Insektenliebe Terrarium Moos\u00a0ist die ideale Erg\u00e4nzung f\u00fcr jedes naturnah gestaltete Terrarium. In getrockneter, gepresster Ziegelform erh\u00e4ltlich \u2013 wahlweise in 100\u202fg, 200\u202fg oder 500\u202fg \u2013 bietet es eine einfache und platzsparende L\u00f6sung f\u00fcr alle, die auf eine nat\u00fcrliche Optik und eine funktionale Unterst\u00fctzung der Luftfeuchtigkeit im Terrarium [&hellip;]<\/p>\n","protected":false},"featured_media":142221,"template":"","meta":{"_acf_changed":false},"product-supplier":[2686],"product_brand":[1414],"product_cat":[127],"product_tag":[],"lce-checkout-addons":[],"class_list":{"0":"post-142220","1":"product","2":"type-product","3":"status-publish","4":"has-post-thumbnail","6":"product_brand-insektenliebe","7":"product_cat-substrate-moose","8":"product_shipping_class-equipment-shipping","10":"first","11":"instock","12":"sale","13":"taxable","14":"shipping-taxable","15":"purchasable","16":"product-type-variable","17":"has-default-attributes"},"acf":[],"yoast_head":"<!-- This site is optimized with the Yoast SEO Premium plugin v26.8 (Yoast SEO v27.3) - https:\/\/yoast.com\/product\/yoast-seo-premium-wordpress\/ -->\n<title>Insektenliebe Terrarium Moos - Insektenliebe<\/title>\n<meta name=\"description\" content=\"Insektenliebe Terrarium Moos \u2013 nat\u00fcrlich, ergiebig, einfach anzuwenden. Ideal zur Luftfeuchtigkeitsregulierung und f\u00fcr naturnahe Terrariengestaltung.\" \/>\n<meta name=\"robots\" content=\"index, follow, max-snippet:-1, max-image-preview:large, max-video-preview:-1\" \/>\n<link rel=\"canonical\" href=\"https:\/\/insektenliebe.com\/de\/shop\/produkt\/insektenliebe-terrarium-moos\/\" \/>\n<meta property=\"og:locale\" content=\"de_DE\" \/>\n<meta property=\"og:type\" content=\"article\" \/>\n<meta property=\"og:title\" content=\"Insektenliebe Terrarium Moos\" \/>\n<meta property=\"og:description\" content=\"Insektenliebe Terrarium Moos \u2013 nat\u00fcrlich, ergiebig, einfach anzuwenden. Ideal zur Luftfeuchtigkeitsregulierung und f\u00fcr naturnahe Terrariengestaltung.\" \/>\n<meta property=\"og:url\" content=\"https:\/\/insektenliebe.com\/de\/shop\/produkt\/insektenliebe-terrarium-moos\/\" \/>\n<meta property=\"og:site_name\" content=\"Insektenliebe\" \/>\n<meta property=\"article:modified_time\" content=\"2026-04-21T07:25:16+00:00\" \/>\n<meta property=\"og:image\" content=\"https:\/\/insektenliebe.com\/wp-content\/uploads\/2025\/07\/Insektenliebe-Terrarium-Moos.jpg\" \/>\n\t<meta property=\"og:image:width\" content=\"820\" \/>\n\t<meta property=\"og:image:height\" content=\"820\" \/>\n\t<meta property=\"og:image:type\" content=\"image\/jpeg\" \/>\n<meta name=\"twitter:card\" content=\"summary_large_image\" \/>\n<meta name=\"twitter:label1\" content=\"Verf\u00fcgbarkeit\" \/>\n\t<meta name=\"twitter:data1\" content=\"Auf Lager\" \/>\n<script type=\"application\/ld+json\" class=\"yoast-schema-graph\">{\"@context\":\"https:\\\/\\\/schema.org\",\"@graph\":[{\"@type\":\"WebPage\",\"@id\":\"https:\\\/\\\/insektenliebe.com\\\/de\\\/shop\\\/produkt\\\/insektenliebe-terrarium-moos\\\/\",\"url\":\"https:\\\/\\\/insektenliebe.com\\\/de\\\/shop\\\/produkt\\\/insektenliebe-terrarium-moos\\\/\",\"name\":\"Insektenliebe Terrarium Moos - Insektenliebe\",\"isPartOf\":{\"@id\":\"https:\\\/\\\/insektenliebe.com\\\/de\\\/#website\"},\"primaryImageOfPage\":{\"@id\":\"https:\\\/\\\/insektenliebe.com\\\/de\\\/shop\\\/produkt\\\/insektenliebe-terrarium-moos\\\/#primaryimage\"},\"image\":{\"@id\":\"https:\\\/\\\/insektenliebe.com\\\/de\\\/shop\\\/produkt\\\/insektenliebe-terrarium-moos\\\/#primaryimage\"},\"thumbnailUrl\":\"https:\\\/\\\/insektenliebe.com\\\/wp-content\\\/uploads\\\/2025\\\/07\\\/Insektenliebe-Terrarium-Moos.jpg\",\"datePublished\":\"2025-07-03T13:13:30+00:00\",\"dateModified\":\"2026-04-21T07:25:16+00:00\",\"description\":\"Insektenliebe Terrarium Moos \u2013 nat\u00fcrlich, ergiebig, einfach anzuwenden. Ideal zur Luftfeuchtigkeitsregulierung und f\u00fcr naturnahe Terrariengestaltung.\",\"breadcrumb\":{\"@id\":\"https:\\\/\\\/insektenliebe.com\\\/de\\\/shop\\\/produkt\\\/insektenliebe-terrarium-moos\\\/#breadcrumb\"},\"inLanguage\":\"de\",\"potentialAction\":[{\"@type\":\"ReadAction\",\"target\":[\"https:\\\/\\\/insektenliebe.com\\\/de\\\/shop\\\/produkt\\\/insektenliebe-terrarium-moos\\\/\"]}]},{\"@type\":\"ImageObject\",\"inLanguage\":\"de\",\"@id\":\"https:\\\/\\\/insektenliebe.com\\\/de\\\/shop\\\/produkt\\\/insektenliebe-terrarium-moos\\\/#primaryimage\",\"url\":\"https:\\\/\\\/insektenliebe.com\\\/wp-content\\\/uploads\\\/2025\\\/07\\\/Insektenliebe-Terrarium-Moos.jpg\",\"contentUrl\":\"https:\\\/\\\/insektenliebe.com\\\/wp-content\\\/uploads\\\/2025\\\/07\\\/Insektenliebe-Terrarium-Moos.jpg\",\"width\":820,\"height\":820,\"caption\":\"Insektenliebe Terrarium Moos\"},{\"@type\":\"BreadcrumbList\",\"@id\":\"https:\\\/\\\/insektenliebe.com\\\/de\\\/shop\\\/produkt\\\/insektenliebe-terrarium-moos\\\/#breadcrumb\",\"itemListElement\":[{\"@type\":\"ListItem\",\"position\":1,\"name\":\"Startseite\",\"item\":\"https:\\\/\\\/insektenliebe.com\\\/de\\\/\"},{\"@type\":\"ListItem\",\"position\":2,\"name\":\"Shop\",\"item\":\"https:\\\/\\\/insektenliebe.com\\\/de\\\/shop\\\/\"},{\"@type\":\"ListItem\",\"position\":3,\"name\":\"Insektenliebe Terrarium Moos\"}]},{\"@type\":\"WebSite\",\"@id\":\"https:\\\/\\\/insektenliebe.com\\\/de\\\/#website\",\"url\":\"https:\\\/\\\/insektenliebe.com\\\/de\\\/\",\"name\":\"Insektenliebe\",\"description\":\"Dein Zuhause f\u00fcr die kleinen Lebewesen\",\"publisher\":{\"@id\":\"https:\\\/\\\/insektenliebe.com\\\/de\\\/#organization\"},\"potentialAction\":[{\"@type\":\"SearchAction\",\"target\":{\"@type\":\"EntryPoint\",\"urlTemplate\":\"https:\\\/\\\/insektenliebe.com\\\/de\\\/?s={search_term_string}\"},\"query-input\":{\"@type\":\"PropertyValueSpecification\",\"valueRequired\":true,\"valueName\":\"search_term_string\"}}],\"inLanguage\":\"de\"},{\"@type\":\"Organization\",\"@id\":\"https:\\\/\\\/insektenliebe.com\\\/de\\\/#organization\",\"name\":\"Insektenliebe\",\"url\":\"https:\\\/\\\/insektenliebe.com\\\/de\\\/\",\"logo\":{\"@type\":\"ImageObject\",\"inLanguage\":\"de\",\"@id\":\"https:\\\/\\\/insektenliebe.com\\\/de\\\/#\\\/schema\\\/logo\\\/image\\\/\",\"url\":\"https:\\\/\\\/insektenliebe.com\\\/wp-content\\\/uploads\\\/2025\\\/03\\\/logo-white.png\",\"contentUrl\":\"https:\\\/\\\/insektenliebe.com\\\/wp-content\\\/uploads\\\/2025\\\/03\\\/logo-white.png\",\"width\":288,\"height\":188,\"caption\":\"Insektenliebe\"},\"image\":{\"@id\":\"https:\\\/\\\/insektenliebe.com\\\/de\\\/#\\\/schema\\\/logo\\\/image\\\/\"}}]}<\/script>\n<meta property=\"og:availability\" content=\"instock\" \/>\n<meta property=\"product:availability\" content=\"instock\" \/>\n<meta property=\"product:retailer_item_id\" content=\"675\" \/>\n<meta property=\"product:condition\" content=\"new\" \/>\n<!-- \/ Yoast SEO Premium plugin. -->","yoast_head_json":{"title":"Insektenliebe Terrarium Moos - Insektenliebe","description":"Insektenliebe Terrarium Moos \u2013 nat\u00fcrlich, ergiebig, einfach anzuwenden. Ideal zur Luftfeuchtigkeitsregulierung und f\u00fcr naturnahe Terrariengestaltung.","robots":{"index":"index","follow":"follow","max-snippet":"max-snippet:-1","max-image-preview":"max-image-preview:large","max-video-preview":"max-video-preview:-1"},"canonical":"https:\/\/insektenliebe.com\/de\/shop\/produkt\/insektenliebe-terrarium-moos\/","og_locale":"de_DE","og_type":"article","og_title":"Insektenliebe Terrarium Moos","og_description":"Insektenliebe Terrarium Moos \u2013 nat\u00fcrlich, ergiebig, einfach anzuwenden. Ideal zur Luftfeuchtigkeitsregulierung und f\u00fcr naturnahe Terrariengestaltung.","og_url":"https:\/\/insektenliebe.com\/de\/shop\/produkt\/insektenliebe-terrarium-moos\/","og_site_name":"Insektenliebe","article_modified_time":"2026-04-21T07:25:16+00:00","og_image":[{"width":820,"height":820,"url":"https:\/\/insektenliebe.com\/wp-content\/uploads\/2025\/07\/Insektenliebe-Terrarium-Moos.jpg","type":"image\/jpeg"}],"twitter_card":"summary_large_image","twitter_misc":{"Verf\u00fcgbarkeit":"Auf Lager"},"schema":{"@context":"https:\/\/schema.org","@graph":[{"@type":"WebPage","@id":"https:\/\/insektenliebe.com\/de\/shop\/produkt\/insektenliebe-terrarium-moos\/","url":"https:\/\/insektenliebe.com\/de\/shop\/produkt\/insektenliebe-terrarium-moos\/","name":"Insektenliebe Terrarium Moos - Insektenliebe","isPartOf":{"@id":"https:\/\/insektenliebe.com\/de\/#website"},"primaryImageOfPage":{"@id":"https:\/\/insektenliebe.com\/de\/shop\/produkt\/insektenliebe-terrarium-moos\/#primaryimage"},"image":{"@id":"https:\/\/insektenliebe.com\/de\/shop\/produkt\/insektenliebe-terrarium-moos\/#primaryimage"},"thumbnailUrl":"https:\/\/insektenliebe.com\/wp-content\/uploads\/2025\/07\/Insektenliebe-Terrarium-Moos.jpg","datePublished":"2025-07-03T13:13:30+00:00","dateModified":"2026-04-21T07:25:16+00:00","description":"Insektenliebe Terrarium Moos \u2013 nat\u00fcrlich, ergiebig, einfach anzuwenden. Ideal zur Luftfeuchtigkeitsregulierung und f\u00fcr naturnahe Terrariengestaltung.","breadcrumb":{"@id":"https:\/\/insektenliebe.com\/de\/shop\/produkt\/insektenliebe-terrarium-moos\/#breadcrumb"},"inLanguage":"de","potentialAction":[{"@type":"ReadAction","target":["https:\/\/insektenliebe.com\/de\/shop\/produkt\/insektenliebe-terrarium-moos\/"]}]},{"@type":"ImageObject","inLanguage":"de","@id":"https:\/\/insektenliebe.com\/de\/shop\/produkt\/insektenliebe-terrarium-moos\/#primaryimage","url":"https:\/\/insektenliebe.com\/wp-content\/uploads\/2025\/07\/Insektenliebe-Terrarium-Moos.jpg","contentUrl":"https:\/\/insektenliebe.com\/wp-content\/uploads\/2025\/07\/Insektenliebe-Terrarium-Moos.jpg","width":820,"height":820,"caption":"Insektenliebe Terrarium Moos"},{"@type":"BreadcrumbList","@id":"https:\/\/insektenliebe.com\/de\/shop\/produkt\/insektenliebe-terrarium-moos\/#breadcrumb","itemListElement":[{"@type":"ListItem","position":1,"name":"Startseite","item":"https:\/\/insektenliebe.com\/de\/"},{"@type":"ListItem","position":2,"name":"Shop","item":"https:\/\/insektenliebe.com\/de\/shop\/"},{"@type":"ListItem","position":3,"name":"Insektenliebe Terrarium Moos"}]},{"@type":"WebSite","@id":"https:\/\/insektenliebe.com\/de\/#website","url":"https:\/\/insektenliebe.com\/de\/","name":"Insektenliebe","description":"Dein Zuhause f\u00fcr die kleinen Lebewesen","publisher":{"@id":"https:\/\/insektenliebe.com\/de\/#organization"},"potentialAction":[{"@type":"SearchAction","target":{"@type":"EntryPoint","urlTemplate":"https:\/\/insektenliebe.com\/de\/?s={search_term_string}"},"query-input":{"@type":"PropertyValueSpecification","valueRequired":true,"valueName":"search_term_string"}}],"inLanguage":"de"},{"@type":"Organization","@id":"https:\/\/insektenliebe.com\/de\/#organization","name":"Insektenliebe","url":"https:\/\/insektenliebe.com\/de\/","logo":{"@type":"ImageObject","inLanguage":"de","@id":"https:\/\/insektenliebe.com\/de\/#\/schema\/logo\/image\/","url":"https:\/\/insektenliebe.com\/wp-content\/uploads\/2025\/03\/logo-white.png","contentUrl":"https:\/\/insektenliebe.com\/wp-content\/uploads\/2025\/03\/logo-white.png","width":288,"height":188,"caption":"Insektenliebe"},"image":{"@id":"https:\/\/insektenliebe.com\/de\/#\/schema\/logo\/image\/"}}]},"og_availability":"instock","product_availability":"instock","product_retailer_item_id":"675","product_condition":"new"},"_links":{"self":[{"href":"https:\/\/insektenliebe.com\/de\/wp-json\/wp\/v2\/product\/142220","targetHints":{"allow":["GET"]}}],"collection":[{"href":"https:\/\/insektenliebe.com\/de\/wp-json\/wp\/v2\/product"}],"about":[{"href":"https:\/\/insektenliebe.com\/de\/wp-json\/wp\/v2\/types\/product"}],"wp:featuredmedia":[{"embeddable":true,"href":"https:\/\/insektenliebe.com\/de\/wp-json\/wp\/v2\/media\/142221"}],"wp:attachment":[{"href":"https:\/\/insektenliebe.com\/de\/wp-json\/wp\/v2\/media?parent=142220"}],"wp:term":[{"taxonomy":"product-supplier","embeddable":true,"href":"https:\/\/insektenliebe.com\/de\/wp-json\/wp\/v2\/product-supplier?post=142220"},{"taxonomy":"product_brand","embeddable":true,"href":"https:\/\/insektenliebe.com\/de\/wp-json\/wp\/v2\/product_brand?post=142220"},{"taxonomy":"product_cat","embeddable":true,"href":"https:\/\/insektenliebe.com\/de\/wp-json\/wp\/v2\/product_cat?post=142220"},{"taxonomy":"product_tag","embeddable":true,"href":"https:\/\/insektenliebe.com\/de\/wp-json\/wp\/v2\/product_tag?post=142220"},{"taxonomy":"lce-checkout-addons","embeddable":true,"href":"https:\/\/insektenliebe.com\/de\/wp-json\/wp\/v2\/lce-checkout-addons?post=142220"}],"curies":[{"name":"wp","href":"https:\/\/api.w.org\/{rel}","templated":true}]}}