{"id":142179,"date":"2025-07-02T18:26:00","date_gmt":"2025-07-02T16:26:00","guid":{"rendered":"https:\/\/insektenliebe.com\/?post_type=product&#038;p=142179"},"modified":"2026-04-02T11:19:44","modified_gmt":"2026-04-02T09:19:44","slug":"springspinnen","status":"publish","type":"product","link":"https:\/\/insektenliebe.com\/de\/shop\/produkt\/springspinnen\/","title":{"rendered":"Springspinnen"},"content":{"rendered":"<div id=\"hikashop_product_bottom_part\" class=\"hikashop_product_bottom_part\">\n<div id=\"hikashop_product_description_main\" class=\"hikashop_product_description_main\">\n<h3><span class=\"s1\" style=\"color: #99cc33;\">Phidippus, Hyllus &amp; Plexippus \u2013 Springspinnen erfolgreich halten<\/span><\/h3>\n<p class=\"p1\"><span class=\"s1\">Wer kann sich dem Charme von <\/span><span class=\"s2\">Springspinnen<\/span><span class=\"s1\"> schon entziehen? Ihr gro\u00dfes Augenpaar und ihr ausdrucksstarkes Gesicht folgen dem typischen <\/span><span class=\"s2\">Kindchenschema<\/span><span class=\"s1\">, das bei vielen Menschen sofort Sympathie ausl\u00f6st. Selbst Personen, die Spinnen normalerweise eher meiden, k\u00f6nnen sich dem besonderen Charme dieser Tiere oft kaum entziehen.<\/span><\/p>\n<p class=\"p1\"><span class=\"s1\">Doch Springspinnen begeistern nicht nur durch ihr Aussehen. Sie zeigen ein <\/span><span class=\"s2\">\u00e4u\u00dferst spannendes Verhalten<\/span><span class=\"s1\">, besitzen eine beeindruckende Sehkraft und bewegen sich mit ihren pr\u00e4zisen Spr\u00fcngen erstaunlich agil durch ihr Terrarium. Viele Arten zeigen au\u00dferdem <\/span><span class=\"s2\">leuchtende Farben und interessante Muster<\/span><span class=\"s1\">, wodurch sie zu echten Blickf\u00e4ngen werden.<\/span><\/p>\n<p class=\"p1\"><span class=\"s1\">Kein Wunder also, dass Springspinnen in der Terraristik immer beliebter werden. Besonders Arten aus den Gattungen <\/span><span class=\"s2\">Phidippus, Hyllus und Plexippus<\/span><span class=\"s1\"> geh\u00f6ren zu den h\u00e4ufigsten und beliebtesten Terrarienbewohnern.<\/span><\/p>\n<p class=\"p1\"><span class=\"s1\">Dieser Band aus der bekannten Reihe <\/span><span class=\"s2\">\u201eArt f\u00fcr Art\u201c<\/span><span class=\"s1\"> widmet sich ausf\u00fchrlich der Haltung dieser faszinierenden Spinnen. Das Buch erkl\u00e4rt Schritt f\u00fcr Schritt, worauf Halter beim <\/span><span class=\"s2\">Erwerb, bei der Pflege und bei der Haltung<\/span><span class=\"s1\"> achten sollten.<\/span><\/p>\n<p class=\"p1\"><span class=\"s1\">Der Ratgeber stellt die <\/span><span class=\"s2\">h\u00e4ufigsten Arten und Farbformen<\/span><span class=\"s1\"> vor und vermittelt gleichzeitig viele praktische Tipps aus der Terraristikpraxis. So erh\u00e4ltst du wertvolle Hinweise zur erfolgreichen Pflege deiner Tiere und kannst gleichzeitig die Grundlage f\u00fcr eine m\u00f6gliche <\/span><span class=\"s2\">Nachzucht<\/span><span class=\"s1\"> schaffen.<\/span><\/p>\n<p class=\"p1\"><span class=\"s1\">Die B\u00fccher der Reihe \u201eArt f\u00fcr Art\u201c richten sich sowohl an <\/span><span class=\"s2\">Einsteiger als auch an erfahrene Terrarianer<\/span><span class=\"s1\">. Jeder Band behandelt ein Terrarientier besonders ausf\u00fchrlich und bietet praxisnahe Informationen zur Haltung.<\/span><\/p>\n<p class=\"p1\"><span class=\"s1\">Du erf\u00e4hrst unter anderem, welche <\/span><span class=\"s2\">Terrariengr\u00f6\u00dfe geeignet ist<\/span><span class=\"s1\">, wie du das Terrarium optimal einrichtest und welche <\/span><span class=\"s2\">technische Ausstattung<\/span><span class=\"s1\"> sinnvoll ist. Auch Themen wie <\/span><span class=\"s2\">artgerechte Ern\u00e4hrung, Gesundheitsvorsorge und Aufzucht von Jungtieren<\/span><span class=\"s1\"> werden verst\u00e4ndlich erkl\u00e4rt.<\/span><\/p>\n<p class=\"p1\"><span class=\"s1\">Erfahrene Z\u00fcchter geben au\u00dferdem wertvolle Tipps, wie du deine Tiere zur <\/span><span class=\"s2\">Fortpflanzung anregen<\/span><span class=\"s1\"> kannst und wie du die Jungtiere anschlie\u00dfend erfolgreich aufziehst.<\/span><\/p>\n<p class=\"p1\"><span class=\"s1\">Der Band ist <\/span><span class=\"s2\">durchgehend farbig gestaltet, reich bebildert und \u00fcbersichtlich aufgebaut<\/span><span class=\"s1\">. Dadurch macht das Lesen nicht nur Spa\u00df, sondern hilft dir auch dabei, die faszinierende Welt der Springspinnen noch besser zu verstehen.<\/span><\/p>\n<p class=\"p1\"><span class=\"s1\">Mit diesem Buch erh\u00e4ltst du einen <\/span><span class=\"s2\">umfassenden und praxisnahen Leitfaden<\/span><span class=\"s1\"> f\u00fcr die Haltung von Springspinnen \u2013 Art f\u00fcr Art.<\/span><\/p>\n<ul>\n<li><b>Autor<\/b> Tanja Matzeck &amp; Tim L. Heller<\/li>\n<li><b>Umfang<\/b>\u00a064 Seiten<\/li>\n<li><b>Format<\/b>\u00a014,8 x 21 cm<\/li>\n<li><b>Einband<\/b>\u00a0Softcover<\/li>\n<li><b>Abbildungen<\/b>\u00a0zahlreiche Abbildungen<\/li>\n<li><b>ISBN<\/b>\u00a0978-3-86659-523-1<\/li>\n<\/ul>\n<\/div>\n<\/div>\n","protected":false},"excerpt":{"rendered":"<p>Phidippus, Hyllus &amp; Plexippus \u2013 Springspinnen erfolgreich halten Wer kann sich dem Charme von Springspinnen schon entziehen? Ihr gro\u00dfes Augenpaar und ihr ausdrucksstarkes Gesicht folgen dem typischen Kindchenschema, das bei vielen Menschen sofort Sympathie ausl\u00f6st. Selbst Personen, die Spinnen normalerweise eher meiden, k\u00f6nnen sich dem besonderen Charme dieser Tiere oft kaum entziehen. Doch Springspinnen begeistern [&hellip;]<\/p>\n","protected":false},"featured_media":142192,"template":"","meta":{"_acf_changed":false},"product-supplier":[2692],"product_brand":[],"product_cat":[183],"product_tag":[],"lce-checkout-addons":[],"class_list":{"0":"post-142179","1":"product","2":"type-product","3":"status-publish","4":"has-post-thumbnail","6":"product_cat-merchandising-literatur","7":"product_shipping_class-equipment-shipping","9":"first","10":"instock","11":"taxable","12":"shipping-taxable","13":"purchasable","14":"product-type-simple"},"acf":[],"yoast_head":"<!-- This site is optimized with the Yoast SEO plugin v27.3 - https:\/\/yoast.com\/product\/yoast-seo-wordpress\/ -->\n<title>Springspinnen - Insektenliebe<\/title>\n<meta name=\"description\" content=\"Springspinnen \u2013 Ratgeber zur Haltung von Phidippus, Hyllus und Plexippus. Praxisnahe Tipps zu Terrarium, Pflege, Ern\u00e4hrung und Zucht.\" \/>\n<meta name=\"robots\" content=\"index, follow, max-snippet:-1, max-image-preview:large, max-video-preview:-1\" \/>\n<link rel=\"canonical\" href=\"https:\/\/insektenliebe.com\/de\/shop\/produkt\/springspinnen\/\" \/>\n<meta property=\"og:locale\" content=\"de_DE\" \/>\n<meta property=\"og:type\" content=\"article\" \/>\n<meta property=\"og:title\" content=\"Springspinnen - Insektenliebe\" \/>\n<meta property=\"og:description\" content=\"Springspinnen \u2013 Ratgeber zur Haltung von Phidippus, Hyllus und Plexippus. Praxisnahe Tipps zu Terrarium, Pflege, Ern\u00e4hrung und Zucht.\" \/>\n<meta property=\"og:url\" content=\"https:\/\/insektenliebe.com\/de\/shop\/produkt\/springspinnen\/\" \/>\n<meta property=\"og:site_name\" content=\"Insektenliebe\" \/>\n<meta property=\"article:modified_time\" content=\"2026-04-02T09:19:44+00:00\" \/>\n<meta property=\"og:image\" content=\"https:\/\/insektenliebe.com\/wp-content\/uploads\/2025\/07\/Art-fuer-Art-Springspinnen.jpg\" \/>\n\t<meta property=\"og:image:width\" content=\"820\" \/>\n\t<meta property=\"og:image:height\" content=\"820\" \/>\n\t<meta property=\"og:image:type\" content=\"image\/jpeg\" \/>\n<meta name=\"twitter:card\" content=\"summary_large_image\" \/>\n<meta name=\"twitter:label1\" content=\"Gesch\u00e4tzte Lesezeit\" \/>\n\t<meta name=\"twitter:data1\" content=\"3\u00a0Minuten\" \/>\n<script type=\"application\/ld+json\" class=\"yoast-schema-graph\">{\"@context\":\"https:\\\/\\\/schema.org\",\"@graph\":[{\"@type\":\"WebPage\",\"@id\":\"https:\\\/\\\/insektenliebe.com\\\/de\\\/shop\\\/produkt\\\/springspinnen\\\/\",\"url\":\"https:\\\/\\\/insektenliebe.com\\\/de\\\/shop\\\/produkt\\\/springspinnen\\\/\",\"name\":\"Springspinnen - Insektenliebe\",\"isPartOf\":{\"@id\":\"https:\\\/\\\/insektenliebe.com\\\/de\\\/#website\"},\"primaryImageOfPage\":{\"@id\":\"https:\\\/\\\/insektenliebe.com\\\/de\\\/shop\\\/produkt\\\/springspinnen\\\/#primaryimage\"},\"image\":{\"@id\":\"https:\\\/\\\/insektenliebe.com\\\/de\\\/shop\\\/produkt\\\/springspinnen\\\/#primaryimage\"},\"thumbnailUrl\":\"https:\\\/\\\/insektenliebe.com\\\/wp-content\\\/uploads\\\/2025\\\/07\\\/Art-fuer-Art-Springspinnen.jpg\",\"datePublished\":\"2025-07-02T16:26:00+00:00\",\"dateModified\":\"2026-04-02T09:19:44+00:00\",\"description\":\"Springspinnen \u2013 Ratgeber zur Haltung von Phidippus, Hyllus und Plexippus. Praxisnahe Tipps zu Terrarium, Pflege, Ern\u00e4hrung und Zucht.\",\"breadcrumb\":{\"@id\":\"https:\\\/\\\/insektenliebe.com\\\/de\\\/shop\\\/produkt\\\/springspinnen\\\/#breadcrumb\"},\"inLanguage\":\"de\",\"potentialAction\":[{\"@type\":\"ReadAction\",\"target\":[\"https:\\\/\\\/insektenliebe.com\\\/de\\\/shop\\\/produkt\\\/springspinnen\\\/\"]}]},{\"@type\":\"ImageObject\",\"inLanguage\":\"de\",\"@id\":\"https:\\\/\\\/insektenliebe.com\\\/de\\\/shop\\\/produkt\\\/springspinnen\\\/#primaryimage\",\"url\":\"https:\\\/\\\/insektenliebe.com\\\/wp-content\\\/uploads\\\/2025\\\/07\\\/Art-fuer-Art-Springspinnen.jpg\",\"contentUrl\":\"https:\\\/\\\/insektenliebe.com\\\/wp-content\\\/uploads\\\/2025\\\/07\\\/Art-fuer-Art-Springspinnen.jpg\",\"width\":820,\"height\":820,\"caption\":\"Art fu\u0308r Art Springspinnen\"},{\"@type\":\"BreadcrumbList\",\"@id\":\"https:\\\/\\\/insektenliebe.com\\\/de\\\/shop\\\/produkt\\\/springspinnen\\\/#breadcrumb\",\"itemListElement\":[{\"@type\":\"ListItem\",\"position\":1,\"name\":\"Startseite\",\"item\":\"https:\\\/\\\/insektenliebe.com\\\/de\\\/\"},{\"@type\":\"ListItem\",\"position\":2,\"name\":\"Shop\",\"item\":\"https:\\\/\\\/insektenliebe.com\\\/de\\\/shop\\\/\"},{\"@type\":\"ListItem\",\"position\":3,\"name\":\"Springspinnen\"}]},{\"@type\":\"WebSite\",\"@id\":\"https:\\\/\\\/insektenliebe.com\\\/de\\\/#website\",\"url\":\"https:\\\/\\\/insektenliebe.com\\\/de\\\/\",\"name\":\"Insektenliebe\",\"description\":\"Dein Zuhause f\u00fcr die kleinen Lebewesen\",\"publisher\":{\"@id\":\"https:\\\/\\\/insektenliebe.com\\\/de\\\/#organization\"},\"potentialAction\":[{\"@type\":\"SearchAction\",\"target\":{\"@type\":\"EntryPoint\",\"urlTemplate\":\"https:\\\/\\\/insektenliebe.com\\\/de\\\/?s={search_term_string}\"},\"query-input\":{\"@type\":\"PropertyValueSpecification\",\"valueRequired\":true,\"valueName\":\"search_term_string\"}}],\"inLanguage\":\"de\"},{\"@type\":\"Organization\",\"@id\":\"https:\\\/\\\/insektenliebe.com\\\/de\\\/#organization\",\"name\":\"Insektenliebe\",\"url\":\"https:\\\/\\\/insektenliebe.com\\\/de\\\/\",\"logo\":{\"@type\":\"ImageObject\",\"inLanguage\":\"de\",\"@id\":\"https:\\\/\\\/insektenliebe.com\\\/de\\\/#\\\/schema\\\/logo\\\/image\\\/\",\"url\":\"https:\\\/\\\/insektenliebe.com\\\/wp-content\\\/uploads\\\/2025\\\/03\\\/logo-white.png\",\"contentUrl\":\"https:\\\/\\\/insektenliebe.com\\\/wp-content\\\/uploads\\\/2025\\\/03\\\/logo-white.png\",\"width\":288,\"height\":188,\"caption\":\"Insektenliebe\"},\"image\":{\"@id\":\"https:\\\/\\\/insektenliebe.com\\\/de\\\/#\\\/schema\\\/logo\\\/image\\\/\"}}]}<\/script>\n<!-- \/ Yoast SEO plugin. -->","yoast_head_json":{"title":"Springspinnen - Insektenliebe","description":"Springspinnen \u2013 Ratgeber zur Haltung von Phidippus, Hyllus und Plexippus. Praxisnahe Tipps zu Terrarium, Pflege, Ern\u00e4hrung und Zucht.","robots":{"index":"index","follow":"follow","max-snippet":"max-snippet:-1","max-image-preview":"max-image-preview:large","max-video-preview":"max-video-preview:-1"},"canonical":"https:\/\/insektenliebe.com\/de\/shop\/produkt\/springspinnen\/","og_locale":"de_DE","og_type":"article","og_title":"Springspinnen - Insektenliebe","og_description":"Springspinnen \u2013 Ratgeber zur Haltung von Phidippus, Hyllus und Plexippus. Praxisnahe Tipps zu Terrarium, Pflege, Ern\u00e4hrung und Zucht.","og_url":"https:\/\/insektenliebe.com\/de\/shop\/produkt\/springspinnen\/","og_site_name":"Insektenliebe","article_modified_time":"2026-04-02T09:19:44+00:00","og_image":[{"width":820,"height":820,"url":"https:\/\/insektenliebe.com\/wp-content\/uploads\/2025\/07\/Art-fuer-Art-Springspinnen.jpg","type":"image\/jpeg"}],"twitter_card":"summary_large_image","twitter_misc":{"Gesch\u00e4tzte Lesezeit":"3\u00a0Minuten"},"schema":{"@context":"https:\/\/schema.org","@graph":[{"@type":"WebPage","@id":"https:\/\/insektenliebe.com\/de\/shop\/produkt\/springspinnen\/","url":"https:\/\/insektenliebe.com\/de\/shop\/produkt\/springspinnen\/","name":"Springspinnen - Insektenliebe","isPartOf":{"@id":"https:\/\/insektenliebe.com\/de\/#website"},"primaryImageOfPage":{"@id":"https:\/\/insektenliebe.com\/de\/shop\/produkt\/springspinnen\/#primaryimage"},"image":{"@id":"https:\/\/insektenliebe.com\/de\/shop\/produkt\/springspinnen\/#primaryimage"},"thumbnailUrl":"https:\/\/insektenliebe.com\/wp-content\/uploads\/2025\/07\/Art-fuer-Art-Springspinnen.jpg","datePublished":"2025-07-02T16:26:00+00:00","dateModified":"2026-04-02T09:19:44+00:00","description":"Springspinnen \u2013 Ratgeber zur Haltung von Phidippus, Hyllus und Plexippus. Praxisnahe Tipps zu Terrarium, Pflege, Ern\u00e4hrung und Zucht.","breadcrumb":{"@id":"https:\/\/insektenliebe.com\/de\/shop\/produkt\/springspinnen\/#breadcrumb"},"inLanguage":"de","potentialAction":[{"@type":"ReadAction","target":["https:\/\/insektenliebe.com\/de\/shop\/produkt\/springspinnen\/"]}]},{"@type":"ImageObject","inLanguage":"de","@id":"https:\/\/insektenliebe.com\/de\/shop\/produkt\/springspinnen\/#primaryimage","url":"https:\/\/insektenliebe.com\/wp-content\/uploads\/2025\/07\/Art-fuer-Art-Springspinnen.jpg","contentUrl":"https:\/\/insektenliebe.com\/wp-content\/uploads\/2025\/07\/Art-fuer-Art-Springspinnen.jpg","width":820,"height":820,"caption":"Art fu\u0308r Art Springspinnen"},{"@type":"BreadcrumbList","@id":"https:\/\/insektenliebe.com\/de\/shop\/produkt\/springspinnen\/#breadcrumb","itemListElement":[{"@type":"ListItem","position":1,"name":"Startseite","item":"https:\/\/insektenliebe.com\/de\/"},{"@type":"ListItem","position":2,"name":"Shop","item":"https:\/\/insektenliebe.com\/de\/shop\/"},{"@type":"ListItem","position":3,"name":"Springspinnen"}]},{"@type":"WebSite","@id":"https:\/\/insektenliebe.com\/de\/#website","url":"https:\/\/insektenliebe.com\/de\/","name":"Insektenliebe","description":"Dein Zuhause f\u00fcr die kleinen Lebewesen","publisher":{"@id":"https:\/\/insektenliebe.com\/de\/#organization"},"potentialAction":[{"@type":"SearchAction","target":{"@type":"EntryPoint","urlTemplate":"https:\/\/insektenliebe.com\/de\/?s={search_term_string}"},"query-input":{"@type":"PropertyValueSpecification","valueRequired":true,"valueName":"search_term_string"}}],"inLanguage":"de"},{"@type":"Organization","@id":"https:\/\/insektenliebe.com\/de\/#organization","name":"Insektenliebe","url":"https:\/\/insektenliebe.com\/de\/","logo":{"@type":"ImageObject","inLanguage":"de","@id":"https:\/\/insektenliebe.com\/de\/#\/schema\/logo\/image\/","url":"https:\/\/insektenliebe.com\/wp-content\/uploads\/2025\/03\/logo-white.png","contentUrl":"https:\/\/insektenliebe.com\/wp-content\/uploads\/2025\/03\/logo-white.png","width":288,"height":188,"caption":"Insektenliebe"},"image":{"@id":"https:\/\/insektenliebe.com\/de\/#\/schema\/logo\/image\/"}}]}},"_links":{"self":[{"href":"https:\/\/insektenliebe.com\/de\/wp-json\/wp\/v2\/product\/142179","targetHints":{"allow":["GET"]}}],"collection":[{"href":"https:\/\/insektenliebe.com\/de\/wp-json\/wp\/v2\/product"}],"about":[{"href":"https:\/\/insektenliebe.com\/de\/wp-json\/wp\/v2\/types\/product"}],"wp:featuredmedia":[{"embeddable":true,"href":"https:\/\/insektenliebe.com\/de\/wp-json\/wp\/v2\/media\/142192"}],"wp:attachment":[{"href":"https:\/\/insektenliebe.com\/de\/wp-json\/wp\/v2\/media?parent=142179"}],"wp:term":[{"taxonomy":"product-supplier","embeddable":true,"href":"https:\/\/insektenliebe.com\/de\/wp-json\/wp\/v2\/product-supplier?post=142179"},{"taxonomy":"product_brand","embeddable":true,"href":"https:\/\/insektenliebe.com\/de\/wp-json\/wp\/v2\/product_brand?post=142179"},{"taxonomy":"product_cat","embeddable":true,"href":"https:\/\/insektenliebe.com\/de\/wp-json\/wp\/v2\/product_cat?post=142179"},{"taxonomy":"product_tag","embeddable":true,"href":"https:\/\/insektenliebe.com\/de\/wp-json\/wp\/v2\/product_tag?post=142179"},{"taxonomy":"lce-checkout-addons","embeddable":true,"href":"https:\/\/insektenliebe.com\/de\/wp-json\/wp\/v2\/lce-checkout-addons?post=142179"}],"curies":[{"name":"wp","href":"https:\/\/api.w.org\/{rel}","templated":true}]}}