{"id":140909,"date":"2025-06-07T11:03:57","date_gmt":"2025-06-07T09:03:57","guid":{"rendered":"https:\/\/insektenliebe.com\/?post_type=product&#038;p=140909"},"modified":"2026-04-14T21:28:18","modified_gmt":"2026-04-14T19:28:18","slug":"phidippus-otiosus-kuba","status":"publish","type":"product","link":"https:\/\/insektenliebe.com\/de\/shop\/produkt\/phidippus-otiosus-kuba\/","title":{"rendered":"Phidippus otiosus \"Kuba\""},"content":{"rendered":"<h3 data-start=\"0\" data-end=\"72\"><span style=\"color: #99cc33\"><strong data-start=\"0\" data-end=\"82\">Phidippus otiosus \u201eKuba\u201c \u2013 temperamentvolle Springspinne mit karibischem Flair<\/strong><\/span><\/h3>\n<p data-start=\"84\" data-end=\"692\">Die\u00a0<strong data-start=\"88\" data-end=\"116\">Phidippus otiosus \u201eKuba\u201c<\/strong>\u00a0ist eine besonders auff\u00e4llige Variante der nordamerikanischen Springspinne und sticht durch ihre charmante Ausstrahlung, gro\u00dfe Augen und flauschige Erscheinung sofort ins Auge. Diese Farbform stammt urspr\u00fcnglich von der Karibikinsel Kuba, was ihr nicht nur den Namen, sondern auch ein einzigartiges Erscheinungsbild verleiht. Typisch ist der beige bis graubraune Grundton, kombiniert mit zarten dunklen Akzenten, die je nach Lichtverh\u00e4ltnissen schimmern. Die Tiere sind kompakt, kr\u00e4ftig gebaut und bewegen sich mit der f\u00fcr Phidippus-Arten typischen Neugier und Lebhaftigkeit.<\/p>\n<p data-start=\"694\" data-end=\"1368\">Wie alle Vertreter ihrer Gattung zeigt sich auch\u00a0<strong>Phidippus otiosus \u201eKuba\u201c<\/strong>\u00a0sehr aufmerksam und aktiv. Sie beobachtet ihre Umgebung mit ihren gro\u00dfen Frontaugen und reagiert auf Bewegungen oft mit \u00fcberraschender Interaktion. Diese Eigenschaft macht sie zu einer der beliebtesten Arten unter Springspinnen-Fans. Die Tiere sind tagaktiv und erkunden neugierig ihr Terrarium. Ein gut strukturiertes Zuhause mit R\u00fcckzugsorten, Kletterm\u00f6glichkeiten und ruhigen Ecken sorgt f\u00fcr das Wohlbefinden deiner Spinne. Besonders geeignet sind Terrarien mit einer Gr\u00f6\u00dfe ab 20 \u00d7 20 \u00d7 30 cm. Ein guter Luftaustausch ist wichtig \u2013 dabei sollte das Klima nicht zu trocken und nicht zu feucht sein.<\/p>\n<p data-start=\"1370\" data-end=\"1912\">In Sachen Pflege ist\u00a0<strong>Phidippus otiosus \u201eKuba\u201c<\/strong>\u00a0recht unkompliziert. Einmal in der Woche f\u00fcttern (z.\u202fB. mit Drosophila, kleinen Heimchen oder Fliegen), gelegentliches Bespr\u00fchen zur Erhaltung der Luftfeuchtigkeit und ein ruhiger Standort gen\u00fcgen, um ihr ein sch\u00f6nes Leben zu erm\u00f6glichen. Schaut f\u00fcr zus\u00e4tzliche Informationen in unserem Magazin vorbei. Beim Nestbau bevorzugen die Tiere h\u00f6here Strukturen oder Deckelbereiche, daher empfehlen wir \u2013 besonders f\u00fcr die Zucht \u2013 ein entsprechendes Setup mit R\u00fcckzugsfl\u00e4chen im oberen Bereich. Perfekt geeignet daf\u00fcr sind unsere Eukalyptus Glocken.\u00a0 Die adulte F\u00e4rbung zeigt sich nach mehreren H\u00e4utungen, meist ab FH6\u2013FH8.<\/p>\n<p data-start=\"1914\" data-end=\"2118\" data-is-last-node=\"\" data-is-only-node=\"\">Mit ihrer neugierigen Art, dem interessanten Verhalten und der markanten Herkunft ist die\u00a0<strong>Phidippus otiosus \u201eKuba\u201c<\/strong>\u00a0eine tolle Erg\u00e4nzung f\u00fcr jede Sammlung und sorgt f\u00fcr viele spannende Beobachtungsmomente.<\/p>\n","protected":false},"excerpt":{"rendered":"<p>Phidippus otiosus \u201eKuba\u201c \u2013 temperamentvolle Springspinne mit karibischem Flair Die\u00a0Phidippus otiosus \u201eKuba\u201c\u00a0ist eine besonders auff\u00e4llige Variante der nordamerikanischen Springspinne und sticht durch ihre charmante Ausstrahlung, gro\u00dfe Augen und flauschige Erscheinung sofort ins Auge. Diese Farbform stammt urspr\u00fcnglich von der Karibikinsel Kuba, was ihr nicht nur den Namen, sondern auch ein einzigartiges Erscheinungsbild verleiht. Typisch ist [&hellip;]<\/p>\n","protected":false},"featured_media":140916,"template":"","meta":{"_acf_changed":false},"product-supplier":[],"product_brand":[],"product_cat":[626,49],"product_tag":[],"lce-checkout-addons":[1202],"class_list":{"0":"post-140909","1":"product","2":"type-product","3":"status-publish","4":"has-post-thumbnail","6":"product_cat-spinnen","7":"product_cat-springspinnen","8":"product_shipping_class-animal-shipping","9":"pa_geschlecht-maennlich","10":"pa_geschlecht-unbestimmt","11":"pa_geschlecht-weiblich","12":"pa_herkunft-kuba","13":"pa_kontinent-nordamerika","14":"lce-checkout-addons-winterverpackung","16":"first","17":"outofstock","18":"taxable","19":"shipping-taxable","20":"purchasable","21":"product-type-variable","22":"has-default-attributes"},"acf":[],"yoast_head":"<!-- This site is optimized with the Yoast SEO plugin v27.3 - https:\/\/yoast.com\/product\/yoast-seo-wordpress\/ -->\n<title>Phidippus otiosus &quot;Kuba&quot; - Insektenliebe<\/title>\n<meta name=\"description\" content=\"Phidippus otiosus \u201eKuba\u201c ist eine neugierige, aktive Springspinne mit karibischem Ursprung und charmantem Aussehen \u2013 ideal f\u00fcr Einsteiger und Fans.\" \/>\n<meta name=\"robots\" content=\"index, follow, max-snippet:-1, max-image-preview:large, max-video-preview:-1\" \/>\n<link rel=\"canonical\" href=\"https:\/\/insektenliebe.com\/de\/shop\/produkt\/phidippus-otiosus-kuba\/\" \/>\n<meta property=\"og:locale\" content=\"de_DE\" \/>\n<meta property=\"og:type\" content=\"article\" \/>\n<meta property=\"og:title\" content=\"Phidippus otiosus &quot;Kuba&quot; - Insektenliebe\" \/>\n<meta property=\"og:description\" content=\"Phidippus otiosus \u201eKuba\u201c ist eine neugierige, aktive Springspinne mit karibischem Ursprung und charmantem Aussehen \u2013 ideal f\u00fcr Einsteiger und Fans.\" \/>\n<meta property=\"og:url\" content=\"https:\/\/insektenliebe.com\/de\/shop\/produkt\/phidippus-otiosus-kuba\/\" \/>\n<meta property=\"og:site_name\" content=\"Insektenliebe\" \/>\n<meta property=\"article:modified_time\" content=\"2026-04-14T19:28:18+00:00\" \/>\n<meta property=\"og:image\" content=\"https:\/\/insektenliebe.com\/wp-content\/uploads\/2025\/06\/Phidippus-otiosus-\u201eKuba.jpg\" \/>\n\t<meta property=\"og:image:width\" content=\"820\" \/>\n\t<meta property=\"og:image:height\" content=\"820\" \/>\n\t<meta property=\"og:image:type\" content=\"image\/jpeg\" \/>\n<meta name=\"twitter:card\" content=\"summary_large_image\" \/>\n<meta name=\"twitter:label1\" content=\"Gesch\u00e4tzte Lesezeit\" \/>\n\t<meta name=\"twitter:data1\" content=\"2\u00a0Minuten\" \/>\n<script type=\"application\/ld+json\" class=\"yoast-schema-graph\">{\"@context\":\"https:\\\/\\\/schema.org\",\"@graph\":[{\"@type\":\"WebPage\",\"@id\":\"https:\\\/\\\/insektenliebe.com\\\/de\\\/shop\\\/produkt\\\/phidippus-otiosus-kuba\\\/\",\"url\":\"https:\\\/\\\/insektenliebe.com\\\/de\\\/shop\\\/produkt\\\/phidippus-otiosus-kuba\\\/\",\"name\":\"Phidippus otiosus \\\"Kuba\\\" - Insektenliebe\",\"isPartOf\":{\"@id\":\"https:\\\/\\\/insektenliebe.com\\\/de\\\/#website\"},\"primaryImageOfPage\":{\"@id\":\"https:\\\/\\\/insektenliebe.com\\\/de\\\/shop\\\/produkt\\\/phidippus-otiosus-kuba\\\/#primaryimage\"},\"image\":{\"@id\":\"https:\\\/\\\/insektenliebe.com\\\/de\\\/shop\\\/produkt\\\/phidippus-otiosus-kuba\\\/#primaryimage\"},\"thumbnailUrl\":\"https:\\\/\\\/insektenliebe.com\\\/wp-content\\\/uploads\\\/2025\\\/06\\\/Phidippus-otiosus-\u201eKuba.jpg\",\"datePublished\":\"2025-06-07T09:03:57+00:00\",\"dateModified\":\"2026-04-14T19:28:18+00:00\",\"description\":\"Phidippus otiosus \u201eKuba\u201c ist eine neugierige, aktive Springspinne mit karibischem Ursprung und charmantem Aussehen \u2013 ideal f\u00fcr Einsteiger und Fans.\",\"breadcrumb\":{\"@id\":\"https:\\\/\\\/insektenliebe.com\\\/de\\\/shop\\\/produkt\\\/phidippus-otiosus-kuba\\\/#breadcrumb\"},\"inLanguage\":\"de\",\"potentialAction\":[{\"@type\":\"ReadAction\",\"target\":[\"https:\\\/\\\/insektenliebe.com\\\/de\\\/shop\\\/produkt\\\/phidippus-otiosus-kuba\\\/\"]}]},{\"@type\":\"ImageObject\",\"inLanguage\":\"de\",\"@id\":\"https:\\\/\\\/insektenliebe.com\\\/de\\\/shop\\\/produkt\\\/phidippus-otiosus-kuba\\\/#primaryimage\",\"url\":\"https:\\\/\\\/insektenliebe.com\\\/wp-content\\\/uploads\\\/2025\\\/06\\\/Phidippus-otiosus-\u201eKuba.jpg\",\"contentUrl\":\"https:\\\/\\\/insektenliebe.com\\\/wp-content\\\/uploads\\\/2025\\\/06\\\/Phidippus-otiosus-\u201eKuba.jpg\",\"width\":820,\"height\":820,\"caption\":\"Phidippus otiosus \u201eKuba\u201c\"},{\"@type\":\"BreadcrumbList\",\"@id\":\"https:\\\/\\\/insektenliebe.com\\\/de\\\/shop\\\/produkt\\\/phidippus-otiosus-kuba\\\/#breadcrumb\",\"itemListElement\":[{\"@type\":\"ListItem\",\"position\":1,\"name\":\"Startseite\",\"item\":\"https:\\\/\\\/insektenliebe.com\\\/de\\\/\"},{\"@type\":\"ListItem\",\"position\":2,\"name\":\"Shop\",\"item\":\"https:\\\/\\\/insektenliebe.com\\\/de\\\/shop\\\/\"},{\"@type\":\"ListItem\",\"position\":3,\"name\":\"Phidippus otiosus &#8222;Kuba&#8220;\"}]},{\"@type\":\"WebSite\",\"@id\":\"https:\\\/\\\/insektenliebe.com\\\/de\\\/#website\",\"url\":\"https:\\\/\\\/insektenliebe.com\\\/de\\\/\",\"name\":\"Insektenliebe\",\"description\":\"Dein Zuhause f\u00fcr die kleinen Lebewesen\",\"publisher\":{\"@id\":\"https:\\\/\\\/insektenliebe.com\\\/de\\\/#organization\"},\"potentialAction\":[{\"@type\":\"SearchAction\",\"target\":{\"@type\":\"EntryPoint\",\"urlTemplate\":\"https:\\\/\\\/insektenliebe.com\\\/de\\\/?s={search_term_string}\"},\"query-input\":{\"@type\":\"PropertyValueSpecification\",\"valueRequired\":true,\"valueName\":\"search_term_string\"}}],\"inLanguage\":\"de\"},{\"@type\":\"Organization\",\"@id\":\"https:\\\/\\\/insektenliebe.com\\\/de\\\/#organization\",\"name\":\"Insektenliebe\",\"url\":\"https:\\\/\\\/insektenliebe.com\\\/de\\\/\",\"logo\":{\"@type\":\"ImageObject\",\"inLanguage\":\"de\",\"@id\":\"https:\\\/\\\/insektenliebe.com\\\/de\\\/#\\\/schema\\\/logo\\\/image\\\/\",\"url\":\"https:\\\/\\\/insektenliebe.com\\\/wp-content\\\/uploads\\\/2025\\\/03\\\/logo-white.png\",\"contentUrl\":\"https:\\\/\\\/insektenliebe.com\\\/wp-content\\\/uploads\\\/2025\\\/03\\\/logo-white.png\",\"width\":288,\"height\":188,\"caption\":\"Insektenliebe\"},\"image\":{\"@id\":\"https:\\\/\\\/insektenliebe.com\\\/de\\\/#\\\/schema\\\/logo\\\/image\\\/\"}}]}<\/script>\n<!-- \/ Yoast SEO plugin. -->","yoast_head_json":{"title":"Phidippus otiosus \"Kuba\" - Insektenliebe","description":"Phidippus otiosus \u201eKuba\u201c ist eine neugierige, aktive Springspinne mit karibischem Ursprung und charmantem Aussehen \u2013 ideal f\u00fcr Einsteiger und Fans.","robots":{"index":"index","follow":"follow","max-snippet":"max-snippet:-1","max-image-preview":"max-image-preview:large","max-video-preview":"max-video-preview:-1"},"canonical":"https:\/\/insektenliebe.com\/de\/shop\/produkt\/phidippus-otiosus-kuba\/","og_locale":"de_DE","og_type":"article","og_title":"Phidippus otiosus \"Kuba\" - Insektenliebe","og_description":"Phidippus otiosus \u201eKuba\u201c ist eine neugierige, aktive Springspinne mit karibischem Ursprung und charmantem Aussehen \u2013 ideal f\u00fcr Einsteiger und Fans.","og_url":"https:\/\/insektenliebe.com\/de\/shop\/produkt\/phidippus-otiosus-kuba\/","og_site_name":"Insektenliebe","article_modified_time":"2026-04-14T19:28:18+00:00","og_image":[{"width":820,"height":820,"url":"https:\/\/insektenliebe.com\/wp-content\/uploads\/2025\/06\/Phidippus-otiosus-\u201eKuba.jpg","type":"image\/jpeg"}],"twitter_card":"summary_large_image","twitter_misc":{"Gesch\u00e4tzte Lesezeit":"2\u00a0Minuten"},"schema":{"@context":"https:\/\/schema.org","@graph":[{"@type":"WebPage","@id":"https:\/\/insektenliebe.com\/de\/shop\/produkt\/phidippus-otiosus-kuba\/","url":"https:\/\/insektenliebe.com\/de\/shop\/produkt\/phidippus-otiosus-kuba\/","name":"Phidippus otiosus \"Kuba\" - Insektenliebe","isPartOf":{"@id":"https:\/\/insektenliebe.com\/de\/#website"},"primaryImageOfPage":{"@id":"https:\/\/insektenliebe.com\/de\/shop\/produkt\/phidippus-otiosus-kuba\/#primaryimage"},"image":{"@id":"https:\/\/insektenliebe.com\/de\/shop\/produkt\/phidippus-otiosus-kuba\/#primaryimage"},"thumbnailUrl":"https:\/\/insektenliebe.com\/wp-content\/uploads\/2025\/06\/Phidippus-otiosus-\u201eKuba.jpg","datePublished":"2025-06-07T09:03:57+00:00","dateModified":"2026-04-14T19:28:18+00:00","description":"Phidippus otiosus \u201eKuba\u201c ist eine neugierige, aktive Springspinne mit karibischem Ursprung und charmantem Aussehen \u2013 ideal f\u00fcr Einsteiger und Fans.","breadcrumb":{"@id":"https:\/\/insektenliebe.com\/de\/shop\/produkt\/phidippus-otiosus-kuba\/#breadcrumb"},"inLanguage":"de","potentialAction":[{"@type":"ReadAction","target":["https:\/\/insektenliebe.com\/de\/shop\/produkt\/phidippus-otiosus-kuba\/"]}]},{"@type":"ImageObject","inLanguage":"de","@id":"https:\/\/insektenliebe.com\/de\/shop\/produkt\/phidippus-otiosus-kuba\/#primaryimage","url":"https:\/\/insektenliebe.com\/wp-content\/uploads\/2025\/06\/Phidippus-otiosus-\u201eKuba.jpg","contentUrl":"https:\/\/insektenliebe.com\/wp-content\/uploads\/2025\/06\/Phidippus-otiosus-\u201eKuba.jpg","width":820,"height":820,"caption":"Phidippus otiosus \u201eKuba\u201c"},{"@type":"BreadcrumbList","@id":"https:\/\/insektenliebe.com\/de\/shop\/produkt\/phidippus-otiosus-kuba\/#breadcrumb","itemListElement":[{"@type":"ListItem","position":1,"name":"Startseite","item":"https:\/\/insektenliebe.com\/de\/"},{"@type":"ListItem","position":2,"name":"Shop","item":"https:\/\/insektenliebe.com\/de\/shop\/"},{"@type":"ListItem","position":3,"name":"Phidippus otiosus &#8222;Kuba&#8220;"}]},{"@type":"WebSite","@id":"https:\/\/insektenliebe.com\/de\/#website","url":"https:\/\/insektenliebe.com\/de\/","name":"Insektenliebe","description":"Dein Zuhause f\u00fcr die kleinen Lebewesen","publisher":{"@id":"https:\/\/insektenliebe.com\/de\/#organization"},"potentialAction":[{"@type":"SearchAction","target":{"@type":"EntryPoint","urlTemplate":"https:\/\/insektenliebe.com\/de\/?s={search_term_string}"},"query-input":{"@type":"PropertyValueSpecification","valueRequired":true,"valueName":"search_term_string"}}],"inLanguage":"de"},{"@type":"Organization","@id":"https:\/\/insektenliebe.com\/de\/#organization","name":"Insektenliebe","url":"https:\/\/insektenliebe.com\/de\/","logo":{"@type":"ImageObject","inLanguage":"de","@id":"https:\/\/insektenliebe.com\/de\/#\/schema\/logo\/image\/","url":"https:\/\/insektenliebe.com\/wp-content\/uploads\/2025\/03\/logo-white.png","contentUrl":"https:\/\/insektenliebe.com\/wp-content\/uploads\/2025\/03\/logo-white.png","width":288,"height":188,"caption":"Insektenliebe"},"image":{"@id":"https:\/\/insektenliebe.com\/de\/#\/schema\/logo\/image\/"}}]}},"_links":{"self":[{"href":"https:\/\/insektenliebe.com\/de\/wp-json\/wp\/v2\/product\/140909","targetHints":{"allow":["GET"]}}],"collection":[{"href":"https:\/\/insektenliebe.com\/de\/wp-json\/wp\/v2\/product"}],"about":[{"href":"https:\/\/insektenliebe.com\/de\/wp-json\/wp\/v2\/types\/product"}],"wp:featuredmedia":[{"embeddable":true,"href":"https:\/\/insektenliebe.com\/de\/wp-json\/wp\/v2\/media\/140916"}],"wp:attachment":[{"href":"https:\/\/insektenliebe.com\/de\/wp-json\/wp\/v2\/media?parent=140909"}],"wp:term":[{"taxonomy":"product-supplier","embeddable":true,"href":"https:\/\/insektenliebe.com\/de\/wp-json\/wp\/v2\/product-supplier?post=140909"},{"taxonomy":"product_brand","embeddable":true,"href":"https:\/\/insektenliebe.com\/de\/wp-json\/wp\/v2\/product_brand?post=140909"},{"taxonomy":"product_cat","embeddable":true,"href":"https:\/\/insektenliebe.com\/de\/wp-json\/wp\/v2\/product_cat?post=140909"},{"taxonomy":"product_tag","embeddable":true,"href":"https:\/\/insektenliebe.com\/de\/wp-json\/wp\/v2\/product_tag?post=140909"},{"taxonomy":"lce-checkout-addons","embeddable":true,"href":"https:\/\/insektenliebe.com\/de\/wp-json\/wp\/v2\/lce-checkout-addons?post=140909"}],"curies":[{"name":"wp","href":"https:\/\/api.w.org\/{rel}","templated":true}]}}