{"id":136550,"date":"2025-05-14T14:07:47","date_gmt":"2025-05-14T12:07:47","guid":{"rendered":"https:\/\/insektenliebe.com\/?post_type=product&#038;p=136550"},"modified":"2026-02-26T17:06:18","modified_gmt":"2026-02-26T16:06:18","slug":"hobby-terra-fix-easy-rueckwaende","status":"publish","type":"product","link":"https:\/\/insektenliebe.com\/de\/shop\/produkt\/hobby-terra-fix-easy-rueckwaende\/","title":{"rendered":"Hobby Terra Fix &amp; Easy R\u00fcckw\u00e4nde"},"content":{"rendered":"<h3><span style=\"color: #99cc33;\">Naturgetreues Habitat: W\u00e4hlen zwischen Wald und W\u00fcste<\/span><\/h3>\n<p><span style=\"color: #555555;\">Entdecke die perfekte M\u00f6glichkeit, dein Terrarium individuell und nat\u00fcrlich zu gestalten mit unseren <\/span><strong style=\"color: #555555;\">Hobby Terra Fix &amp; Easy R\u00fcckw\u00e4nden<\/strong><span style=\"color: #555555;\">. Diese 3D-Strukturr\u00fcckw\u00e4nde sind in sechs verschiedenen Gr\u00f6\u00dfen erh\u00e4ltlich und bieten dir die Auswahl zwischen zwei ansprechenden Designs: der lebhaften Wald-Version f\u00fcr eine frische, gr\u00fcne Optik und der warmen W\u00fcsten-Variante, die eine trockene, sandige Umgebung nachahmt. Jedes Detail der R\u00fcckw\u00e4nde ist darauf ausgelegt, nat\u00fcrliche Lebensr\u00e4ume f\u00fcr Reptilien und Amphibien realistisch nachzubilden, was deinem Terrarium eine au\u00dfergew\u00f6hnliche Tiefe und Authentizit\u00e4t verleiht.<\/span><\/p>\n<div class=\"group\/conversation-turn relative flex w-full min-w-0 flex-col agent-turn\">\n<div class=\"flex-col gap-1 md:gap-3\">\n<div class=\"flex flex-grow flex-col max-w-full\">\n<div class=\"min-h-[20px] text-message flex flex-col items-start whitespace-pre-wrap break-words [.text-message+&amp;]:mt-5 juice:w-full juice:items-end overflow-x-auto gap-2\" dir=\"auto\" data-message-author-role=\"assistant\" data-message-id=\"601e1899-5df6-439b-a333-b32da1a03b4c\">\n<div class=\"flex w-full flex-col gap-1 juice:empty:hidden juice:first:pt-[3px]\">\n<div class=\"markdown prose w-full break-words dark:prose-invert light\">\n<p>F\u00fcr eine sichere und dauerhafte Installation empfehlen wir die Verwendung von Aquarien-Silikon (nicht im Lieferumfang enthalten), um die R\u00fcckw\u00e4nde fest an ihrem Platz zu fixieren. Dies verhindert nicht nur, dass kletternde Tiere die Wand herunterziehen, sondern schlie\u00dft auch L\u00fccken, in denen sich Futtertiere verstecken oder einnisten k\u00f6nnten. Mit den <strong>Hobby Terra Fix &amp; Easy R\u00fcckw\u00e4nden<\/strong> bietest du deinen Reptilien und Amphibien ein artgerechtes und visuell ansprechendes Zuhause, das die nat\u00fcrliche Umgebung ihrer wilden Artgenossen imitiert und gleichzeitig das Terrarium in ein dekoratives Element deines Raumes verwandelt.<\/p>\n<p>&nbsp;<\/p>\n<\/div>\n<\/div>\n<\/div>\n<\/div>\n<\/div>\n<\/div>\n<p><span style=\"color: #99cc33;\"><strong>F\u00fcr eine unkomplizierte Auswahl haben wir bei der Ausf\u00fchrung die Terrariengr\u00f6\u00dfe angegeben. Die Hobby Terra Fix &amp; Easy R\u00fcckw\u00e4nde haben folgende Gr\u00f6\u00dfe:<\/strong><\/span><\/p>\n<table width=\"100%\">\n<tbody>\n<tr>\n<td><em>30 x 30 x 32 cm:<\/em><\/td>\n<td><em>30 x 30 x 45 cm:<\/em><\/td>\n<td><em>45 x 45 x 32 cm:<\/em><\/td>\n<td><em>45 x 45 x 60 cm:<\/em><\/td>\n<td><em>60 x 45 x 45 cm:<\/em><\/td>\n<td><em>91,4 x 45,7 x 45,7 cm:<\/em><\/td>\n<\/tr>\n<tr>\n<td>24,7 x 19,3 x 4,5 cm<\/td>\n<td>24,7 x 24,7 x 4,5 cm<\/td>\n<td>40,2 x 19,3 x 4,5 cm<\/td>\n<td>39,7 x 39,7 x 4,5 cm<\/td>\n<td>55,2 x 32,2 x 4,5 cm<\/td>\n<td>86,3 x 33,3 x 4,5 cm<\/td>\n<\/tr>\n<\/tbody>\n<\/table>\n","protected":false},"excerpt":{"rendered":"<p>Naturgetreues Habitat: W\u00e4hlen zwischen Wald und W\u00fcste Entdecke die perfekte M\u00f6glichkeit, dein Terrarium individuell und nat\u00fcrlich zu gestalten mit unseren Hobby Terra Fix &amp; Easy R\u00fcckw\u00e4nden. Diese 3D-Strukturr\u00fcckw\u00e4nde sind in sechs verschiedenen Gr\u00f6\u00dfen erh\u00e4ltlich und bieten dir die Auswahl zwischen zwei ansprechenden Designs: der lebhaften Wald-Version f\u00fcr eine frische, gr\u00fcne Optik und der warmen W\u00fcsten-Variante, [&hellip;]<\/p>\n","protected":false},"featured_media":136563,"template":"","meta":{"_acf_changed":false},"product-supplier":[2555],"product_brand":[92],"product_cat":[253],"product_tag":[],"lce-checkout-addons":[],"class_list":{"0":"post-136550","1":"product","2":"type-product","3":"status-publish","4":"has-post-thumbnail","6":"product_brand-hobby-terraristik","7":"product_cat-einrichtung-dekoration","8":"product_shipping_class-equipment-shipping","10":"first","11":"instock","12":"taxable","13":"shipping-taxable","14":"purchasable","15":"product-type-variable","16":"has-default-attributes"},"acf":[],"yoast_head":"<!-- This site is optimized with the Yoast SEO plugin v27.3 - https:\/\/yoast.com\/product\/yoast-seo-wordpress\/ -->\n<title>Hobby Terra Fix &amp; Easy R\u00fcckw\u00e4nde - Insektenliebe<\/title>\n<meta name=\"description\" content=\"G\u00fcnstige Hobby Terra Fix &amp; Easy R\u00fcckw\u00e4nde direkt online kaufen. Die perfekte R\u00fcckwand f\u00fcr dein Hobby Terra Fix &amp; Easy Terrarium.\" \/>\n<meta name=\"robots\" content=\"index, follow, max-snippet:-1, max-image-preview:large, max-video-preview:-1\" \/>\n<link rel=\"canonical\" href=\"https:\/\/insektenliebe.com\/de\/shop\/produkt\/hobby-terra-fix-easy-rueckwaende\/\" \/>\n<meta property=\"og:locale\" content=\"de_DE\" \/>\n<meta property=\"og:type\" content=\"article\" \/>\n<meta property=\"og:title\" content=\"Hobby Terra Fix &amp; Easy R\u00fcckw\u00e4nde - Insektenliebe\" \/>\n<meta property=\"og:description\" content=\"G\u00fcnstige Hobby Terra Fix &amp; Easy R\u00fcckw\u00e4nde direkt online kaufen. Die perfekte R\u00fcckwand f\u00fcr dein Hobby Terra Fix &amp; Easy Terrarium.\" \/>\n<meta property=\"og:url\" content=\"https:\/\/insektenliebe.com\/de\/shop\/produkt\/hobby-terra-fix-easy-rueckwaende\/\" \/>\n<meta property=\"og:site_name\" content=\"Insektenliebe\" \/>\n<meta property=\"article:modified_time\" content=\"2026-02-26T16:06:18+00:00\" \/>\n<meta property=\"og:image\" content=\"https:\/\/insektenliebe.com\/wp-content\/uploads\/2025\/05\/Hobby-Terra-Fix-Easy-Rueckwaende.jpg\" \/>\n\t<meta property=\"og:image:width\" content=\"820\" \/>\n\t<meta property=\"og:image:height\" content=\"820\" \/>\n\t<meta property=\"og:image:type\" content=\"image\/jpeg\" \/>\n<meta name=\"twitter:card\" content=\"summary_large_image\" \/>\n<meta name=\"twitter:label1\" content=\"Gesch\u00e4tzte Lesezeit\" \/>\n\t<meta name=\"twitter:data1\" content=\"2\u00a0Minuten\" \/>\n<script type=\"application\/ld+json\" class=\"yoast-schema-graph\">{\"@context\":\"https:\\\/\\\/schema.org\",\"@graph\":[{\"@type\":\"WebPage\",\"@id\":\"https:\\\/\\\/insektenliebe.com\\\/de\\\/shop\\\/produkt\\\/hobby-terra-fix-easy-rueckwaende\\\/\",\"url\":\"https:\\\/\\\/insektenliebe.com\\\/de\\\/shop\\\/produkt\\\/hobby-terra-fix-easy-rueckwaende\\\/\",\"name\":\"Hobby Terra Fix &amp; Easy R\u00fcckw\u00e4nde - Insektenliebe\",\"isPartOf\":{\"@id\":\"https:\\\/\\\/insektenliebe.com\\\/de\\\/#website\"},\"primaryImageOfPage\":{\"@id\":\"https:\\\/\\\/insektenliebe.com\\\/de\\\/shop\\\/produkt\\\/hobby-terra-fix-easy-rueckwaende\\\/#primaryimage\"},\"image\":{\"@id\":\"https:\\\/\\\/insektenliebe.com\\\/de\\\/shop\\\/produkt\\\/hobby-terra-fix-easy-rueckwaende\\\/#primaryimage\"},\"thumbnailUrl\":\"https:\\\/\\\/insektenliebe.com\\\/wp-content\\\/uploads\\\/2025\\\/05\\\/Hobby-Terra-Fix-Easy-Rueckwaende.jpg\",\"datePublished\":\"2025-05-14T12:07:47+00:00\",\"dateModified\":\"2026-02-26T16:06:18+00:00\",\"description\":\"G\u00fcnstige Hobby Terra Fix & Easy R\u00fcckw\u00e4nde direkt online kaufen. Die perfekte R\u00fcckwand f\u00fcr dein Hobby Terra Fix & Easy Terrarium.\",\"breadcrumb\":{\"@id\":\"https:\\\/\\\/insektenliebe.com\\\/de\\\/shop\\\/produkt\\\/hobby-terra-fix-easy-rueckwaende\\\/#breadcrumb\"},\"inLanguage\":\"de\",\"potentialAction\":[{\"@type\":\"ReadAction\",\"target\":[\"https:\\\/\\\/insektenliebe.com\\\/de\\\/shop\\\/produkt\\\/hobby-terra-fix-easy-rueckwaende\\\/\"]}]},{\"@type\":\"ImageObject\",\"inLanguage\":\"de\",\"@id\":\"https:\\\/\\\/insektenliebe.com\\\/de\\\/shop\\\/produkt\\\/hobby-terra-fix-easy-rueckwaende\\\/#primaryimage\",\"url\":\"https:\\\/\\\/insektenliebe.com\\\/wp-content\\\/uploads\\\/2025\\\/05\\\/Hobby-Terra-Fix-Easy-Rueckwaende.jpg\",\"contentUrl\":\"https:\\\/\\\/insektenliebe.com\\\/wp-content\\\/uploads\\\/2025\\\/05\\\/Hobby-Terra-Fix-Easy-Rueckwaende.jpg\",\"width\":820,\"height\":820,\"caption\":\"Hobby-Terra-Fix-Easy-Rueckwaende.jpg\"},{\"@type\":\"BreadcrumbList\",\"@id\":\"https:\\\/\\\/insektenliebe.com\\\/de\\\/shop\\\/produkt\\\/hobby-terra-fix-easy-rueckwaende\\\/#breadcrumb\",\"itemListElement\":[{\"@type\":\"ListItem\",\"position\":1,\"name\":\"Startseite\",\"item\":\"https:\\\/\\\/insektenliebe.com\\\/de\\\/\"},{\"@type\":\"ListItem\",\"position\":2,\"name\":\"Shop\",\"item\":\"https:\\\/\\\/insektenliebe.com\\\/de\\\/shop\\\/\"},{\"@type\":\"ListItem\",\"position\":3,\"name\":\"Hobby Terra Fix &amp; Easy R\u00fcckw\u00e4nde\"}]},{\"@type\":\"WebSite\",\"@id\":\"https:\\\/\\\/insektenliebe.com\\\/de\\\/#website\",\"url\":\"https:\\\/\\\/insektenliebe.com\\\/de\\\/\",\"name\":\"Insektenliebe\",\"description\":\"Dein Zuhause f\u00fcr die kleinen Lebewesen\",\"publisher\":{\"@id\":\"https:\\\/\\\/insektenliebe.com\\\/de\\\/#organization\"},\"potentialAction\":[{\"@type\":\"SearchAction\",\"target\":{\"@type\":\"EntryPoint\",\"urlTemplate\":\"https:\\\/\\\/insektenliebe.com\\\/de\\\/?s={search_term_string}\"},\"query-input\":{\"@type\":\"PropertyValueSpecification\",\"valueRequired\":true,\"valueName\":\"search_term_string\"}}],\"inLanguage\":\"de\"},{\"@type\":\"Organization\",\"@id\":\"https:\\\/\\\/insektenliebe.com\\\/de\\\/#organization\",\"name\":\"Insektenliebe\",\"url\":\"https:\\\/\\\/insektenliebe.com\\\/de\\\/\",\"logo\":{\"@type\":\"ImageObject\",\"inLanguage\":\"de\",\"@id\":\"https:\\\/\\\/insektenliebe.com\\\/de\\\/#\\\/schema\\\/logo\\\/image\\\/\",\"url\":\"https:\\\/\\\/insektenliebe.com\\\/wp-content\\\/uploads\\\/2025\\\/03\\\/logo-white.png\",\"contentUrl\":\"https:\\\/\\\/insektenliebe.com\\\/wp-content\\\/uploads\\\/2025\\\/03\\\/logo-white.png\",\"width\":288,\"height\":188,\"caption\":\"Insektenliebe\"},\"image\":{\"@id\":\"https:\\\/\\\/insektenliebe.com\\\/de\\\/#\\\/schema\\\/logo\\\/image\\\/\"}}]}<\/script>\n<!-- \/ Yoast SEO plugin. -->","yoast_head_json":{"title":"Hobby Terra Fix &amp; Easy R\u00fcckw\u00e4nde - Insektenliebe","description":"G\u00fcnstige Hobby Terra Fix & Easy R\u00fcckw\u00e4nde direkt online kaufen. Die perfekte R\u00fcckwand f\u00fcr dein Hobby Terra Fix & Easy Terrarium.","robots":{"index":"index","follow":"follow","max-snippet":"max-snippet:-1","max-image-preview":"max-image-preview:large","max-video-preview":"max-video-preview:-1"},"canonical":"https:\/\/insektenliebe.com\/de\/shop\/produkt\/hobby-terra-fix-easy-rueckwaende\/","og_locale":"de_DE","og_type":"article","og_title":"Hobby Terra Fix &amp; Easy R\u00fcckw\u00e4nde - Insektenliebe","og_description":"G\u00fcnstige Hobby Terra Fix & Easy R\u00fcckw\u00e4nde direkt online kaufen. Die perfekte R\u00fcckwand f\u00fcr dein Hobby Terra Fix & Easy Terrarium.","og_url":"https:\/\/insektenliebe.com\/de\/shop\/produkt\/hobby-terra-fix-easy-rueckwaende\/","og_site_name":"Insektenliebe","article_modified_time":"2026-02-26T16:06:18+00:00","og_image":[{"width":820,"height":820,"url":"https:\/\/insektenliebe.com\/wp-content\/uploads\/2025\/05\/Hobby-Terra-Fix-Easy-Rueckwaende.jpg","type":"image\/jpeg"}],"twitter_card":"summary_large_image","twitter_misc":{"Gesch\u00e4tzte Lesezeit":"2\u00a0Minuten"},"schema":{"@context":"https:\/\/schema.org","@graph":[{"@type":"WebPage","@id":"https:\/\/insektenliebe.com\/de\/shop\/produkt\/hobby-terra-fix-easy-rueckwaende\/","url":"https:\/\/insektenliebe.com\/de\/shop\/produkt\/hobby-terra-fix-easy-rueckwaende\/","name":"Hobby Terra Fix &amp; Easy R\u00fcckw\u00e4nde - Insektenliebe","isPartOf":{"@id":"https:\/\/insektenliebe.com\/de\/#website"},"primaryImageOfPage":{"@id":"https:\/\/insektenliebe.com\/de\/shop\/produkt\/hobby-terra-fix-easy-rueckwaende\/#primaryimage"},"image":{"@id":"https:\/\/insektenliebe.com\/de\/shop\/produkt\/hobby-terra-fix-easy-rueckwaende\/#primaryimage"},"thumbnailUrl":"https:\/\/insektenliebe.com\/wp-content\/uploads\/2025\/05\/Hobby-Terra-Fix-Easy-Rueckwaende.jpg","datePublished":"2025-05-14T12:07:47+00:00","dateModified":"2026-02-26T16:06:18+00:00","description":"G\u00fcnstige Hobby Terra Fix & Easy R\u00fcckw\u00e4nde direkt online kaufen. Die perfekte R\u00fcckwand f\u00fcr dein Hobby Terra Fix & Easy Terrarium.","breadcrumb":{"@id":"https:\/\/insektenliebe.com\/de\/shop\/produkt\/hobby-terra-fix-easy-rueckwaende\/#breadcrumb"},"inLanguage":"de","potentialAction":[{"@type":"ReadAction","target":["https:\/\/insektenliebe.com\/de\/shop\/produkt\/hobby-terra-fix-easy-rueckwaende\/"]}]},{"@type":"ImageObject","inLanguage":"de","@id":"https:\/\/insektenliebe.com\/de\/shop\/produkt\/hobby-terra-fix-easy-rueckwaende\/#primaryimage","url":"https:\/\/insektenliebe.com\/wp-content\/uploads\/2025\/05\/Hobby-Terra-Fix-Easy-Rueckwaende.jpg","contentUrl":"https:\/\/insektenliebe.com\/wp-content\/uploads\/2025\/05\/Hobby-Terra-Fix-Easy-Rueckwaende.jpg","width":820,"height":820,"caption":"Hobby-Terra-Fix-Easy-Rueckwaende.jpg"},{"@type":"BreadcrumbList","@id":"https:\/\/insektenliebe.com\/de\/shop\/produkt\/hobby-terra-fix-easy-rueckwaende\/#breadcrumb","itemListElement":[{"@type":"ListItem","position":1,"name":"Startseite","item":"https:\/\/insektenliebe.com\/de\/"},{"@type":"ListItem","position":2,"name":"Shop","item":"https:\/\/insektenliebe.com\/de\/shop\/"},{"@type":"ListItem","position":3,"name":"Hobby Terra Fix &amp; Easy R\u00fcckw\u00e4nde"}]},{"@type":"WebSite","@id":"https:\/\/insektenliebe.com\/de\/#website","url":"https:\/\/insektenliebe.com\/de\/","name":"Insektenliebe","description":"Dein Zuhause f\u00fcr die kleinen Lebewesen","publisher":{"@id":"https:\/\/insektenliebe.com\/de\/#organization"},"potentialAction":[{"@type":"SearchAction","target":{"@type":"EntryPoint","urlTemplate":"https:\/\/insektenliebe.com\/de\/?s={search_term_string}"},"query-input":{"@type":"PropertyValueSpecification","valueRequired":true,"valueName":"search_term_string"}}],"inLanguage":"de"},{"@type":"Organization","@id":"https:\/\/insektenliebe.com\/de\/#organization","name":"Insektenliebe","url":"https:\/\/insektenliebe.com\/de\/","logo":{"@type":"ImageObject","inLanguage":"de","@id":"https:\/\/insektenliebe.com\/de\/#\/schema\/logo\/image\/","url":"https:\/\/insektenliebe.com\/wp-content\/uploads\/2025\/03\/logo-white.png","contentUrl":"https:\/\/insektenliebe.com\/wp-content\/uploads\/2025\/03\/logo-white.png","width":288,"height":188,"caption":"Insektenliebe"},"image":{"@id":"https:\/\/insektenliebe.com\/de\/#\/schema\/logo\/image\/"}}]}},"_links":{"self":[{"href":"https:\/\/insektenliebe.com\/de\/wp-json\/wp\/v2\/product\/136550","targetHints":{"allow":["GET"]}}],"collection":[{"href":"https:\/\/insektenliebe.com\/de\/wp-json\/wp\/v2\/product"}],"about":[{"href":"https:\/\/insektenliebe.com\/de\/wp-json\/wp\/v2\/types\/product"}],"wp:featuredmedia":[{"embeddable":true,"href":"https:\/\/insektenliebe.com\/de\/wp-json\/wp\/v2\/media\/136563"}],"wp:attachment":[{"href":"https:\/\/insektenliebe.com\/de\/wp-json\/wp\/v2\/media?parent=136550"}],"wp:term":[{"taxonomy":"product-supplier","embeddable":true,"href":"https:\/\/insektenliebe.com\/de\/wp-json\/wp\/v2\/product-supplier?post=136550"},{"taxonomy":"product_brand","embeddable":true,"href":"https:\/\/insektenliebe.com\/de\/wp-json\/wp\/v2\/product_brand?post=136550"},{"taxonomy":"product_cat","embeddable":true,"href":"https:\/\/insektenliebe.com\/de\/wp-json\/wp\/v2\/product_cat?post=136550"},{"taxonomy":"product_tag","embeddable":true,"href":"https:\/\/insektenliebe.com\/de\/wp-json\/wp\/v2\/product_tag?post=136550"},{"taxonomy":"lce-checkout-addons","embeddable":true,"href":"https:\/\/insektenliebe.com\/de\/wp-json\/wp\/v2\/lce-checkout-addons?post=136550"}],"curies":[{"name":"wp","href":"https:\/\/api.w.org\/{rel}","templated":true}]}}