{"id":136548,"date":"2025-05-14T14:07:47","date_gmt":"2025-05-14T12:07:47","guid":{"rendered":"https:\/\/insektenliebe.com\/?post_type=product&#038;p=136548"},"modified":"2026-01-29T08:44:05","modified_gmt":"2026-01-29T07:44:05","slug":"onychiuridae-spec-snowflake","status":"publish","type":"product","link":"https:\/\/insektenliebe.com\/de\/shop\/produkt\/onychiuridae-spec-snowflake\/","title":{"rendered":"Onychiuridae spec. \"Snowflake\""},"content":{"rendered":"<h3><span style=\"color: #99cc33\"><strong>Onychiurinae spec. \"Snowflakes\"<span style=\"font-size: 20.16px\">: Entdecke die faszinierenden \"Schneeflocken\" Springschw\u00e4nze<\/span><\/strong><\/span><\/h3>\n<p><strong>Onychiurinae spec. \"Snowflakes\"<\/strong> ist eine kosmopolitische Springschwanzart. Diese relativ kleinen, aber bemerkenswerten Bewohner bringen mit einer Gr\u00f6\u00dfe von etwa 1-2 mm eine ganze Menge Leben in dein Terrariumsubstrat.<\/p>\n<p>Die <strong>Onychiurinae spec. \"Snowflakes\"<\/strong> zeichnen sich durch ihre Robustheit und ihre einfache Haltung aus, was sie zu einem idealen Einstiegspunkt f\u00fcr Terrarienneulinge macht. Ihre Inkubationszeit betr\u00e4gt bei optimalen Bedingungen etwa 7-10 Tage.<\/p>\n<p>Gro\u00dfe, gut sichtbare Eierkluster werden nach ungef\u00e4hr 2-3 Wochen geschlechtsreif, sodass du nicht lange warten musst, um die Ergebnisse deiner Zuchtbem\u00fchungen zu sehen.<\/p>\n<p>Die Temperaturen in deinem Terrarium sollten zwischen 10\u00b0C und 26\u00b0C liegen, um ideale Bedingungen f\u00fcr die <strong>Onychiurinae spec. \"Snowflakes\"<\/strong> zu schaffen. Eine hohe Luftfeuchtigkeit ist ebenso wichtig; optimal ist es, das Terrarium von leicht feucht bis hin zu st\u00e4rker angefeuchtet zu halten.<\/p>\n<p>Keine, oder eine minimale L\u00fcftung ist ausreichend \u2013 \u00f6ffne das Terrarium etwa einmal pro Woche, um frische Luft zu erm\u00f6glichen, ohne die Feuchtigkeit zu stark zu beeintr\u00e4chtigen. Beachte, dass die <strong>Onychiurinae spec. \"Snowflakes\"<\/strong> nicht springf\u00e4hig sind, was die Handhabung und Pflege erleichtert.<\/p>\n<p>Mit ihrer einzigartigen Erscheinung und einfachen Pflege sind die <strong>Onychiurinae spec. \"Snowflakes\"<\/strong> eine tolle Bereicherung f\u00fcr jedes Terrarium. Sie helfen nicht nur bei der Zersetzung von organischem Material, sondern sind auch tolle Haustiere f\u00fcr dein Terrarium. Hol dir diese au\u00dfergew\u00f6hnlichen Springschw\u00e4nze und genie\u00dfe ihre akribische Bodenpflege t\u00e4glich.<\/p>\n","protected":false},"excerpt":{"rendered":"<p>Onychiurinae spec. \"Snowflakes\": Entdecke die faszinierenden \"Schneeflocken\" Springschw\u00e4nze Onychiurinae spec. \"Snowflakes\" ist eine kosmopolitische Springschwanzart. Diese relativ kleinen, aber bemerkenswerten Bewohner bringen mit einer Gr\u00f6\u00dfe von etwa 1-2 mm eine ganze Menge Leben in dein Terrariumsubstrat. Die Onychiurinae spec. \"Snowflakes\" zeichnen sich durch ihre Robustheit und ihre einfache Haltung aus, was sie zu einem idealen [&hellip;]<\/p>\n","protected":false},"featured_media":136561,"template":"","meta":{"_acf_changed":false},"product-supplier":[],"product_brand":[],"product_cat":[143],"product_tag":[],"lce-checkout-addons":[1202],"class_list":{"0":"post-136548","1":"product","2":"type-product","3":"status-publish","4":"has-post-thumbnail","6":"product_cat-sonstige-wirbellose","7":"product_shipping_class-animal-shipping","8":"pa_herkunft-kosmopolitisch","9":"lce-checkout-addons-winterverpackung","11":"first","12":"instock","13":"taxable","14":"shipping-taxable","15":"purchasable","16":"product-type-simple"},"acf":[],"yoast_head":"<!-- This site is optimized with the Yoast SEO Premium plugin v26.8 (Yoast SEO v27.3) - https:\/\/yoast.com\/product\/yoast-seo-premium-wordpress\/ -->\n<title>Onychiuridae spec. &quot;Snowflake&quot; - Insektenliebe<\/title>\n<meta name=\"description\" content=\"Kaufe Onychiuridae spec. &quot;Snowflake&quot; g\u00fcnstig online: Entdecke diese robuste Springschwanzart, die zur nat\u00fcrlichen Zersetzung beitr\u00e4gt.\" \/>\n<meta name=\"robots\" content=\"index, follow, max-snippet:-1, max-image-preview:large, max-video-preview:-1\" \/>\n<link rel=\"canonical\" href=\"https:\/\/insektenliebe.com\/de\/shop\/produkt\/onychiuridae-spec-snowflake\/\" \/>\n<meta property=\"og:locale\" content=\"de_DE\" \/>\n<meta property=\"og:type\" content=\"article\" \/>\n<meta property=\"og:title\" content=\"Onychiuridae spec. &quot;Snowflake&quot;\" \/>\n<meta property=\"og:description\" content=\"Kaufe Onychiuridae spec. &quot;Snowflake&quot; g\u00fcnstig online: Entdecke diese robuste Springschwanzart, die zur nat\u00fcrlichen Zersetzung beitr\u00e4gt.\" \/>\n<meta property=\"og:url\" content=\"https:\/\/insektenliebe.com\/de\/shop\/produkt\/onychiuridae-spec-snowflake\/\" \/>\n<meta property=\"og:site_name\" content=\"Insektenliebe\" \/>\n<meta property=\"article:modified_time\" content=\"2026-01-29T07:44:05+00:00\" \/>\n<meta property=\"og:image\" content=\"https:\/\/insektenliebe.com\/wp-content\/uploads\/2025\/05\/Onychiuridae-spec.-22Snowflake22-1.jpg\" \/>\n\t<meta property=\"og:image:width\" content=\"820\" \/>\n\t<meta property=\"og:image:height\" content=\"820\" \/>\n\t<meta property=\"og:image:type\" content=\"image\/jpeg\" \/>\n<meta name=\"twitter:card\" content=\"summary_large_image\" \/>\n<meta name=\"twitter:label1\" content=\"Preis\" \/>\n\t<meta name=\"twitter:data1\" content=\"12,00&nbsp;&euro; inkl. MwSt. zzgl. Versand\" \/>\n\t<meta name=\"twitter:label2\" content=\"Verf\u00fcgbarkeit\" \/>\n\t<meta name=\"twitter:data2\" content=\"Auf Lager\" \/>\n<script type=\"application\/ld+json\" class=\"yoast-schema-graph\">{\"@context\":\"https:\\\/\\\/schema.org\",\"@graph\":[{\"@type\":\"WebPage\",\"@id\":\"https:\\\/\\\/insektenliebe.com\\\/de\\\/shop\\\/produkt\\\/onychiuridae-spec-snowflake\\\/\",\"url\":\"https:\\\/\\\/insektenliebe.com\\\/de\\\/shop\\\/produkt\\\/onychiuridae-spec-snowflake\\\/\",\"name\":\"Onychiuridae spec. \\\"Snowflake\\\" - Insektenliebe\",\"isPartOf\":{\"@id\":\"https:\\\/\\\/insektenliebe.com\\\/de\\\/#website\"},\"primaryImageOfPage\":{\"@id\":\"https:\\\/\\\/insektenliebe.com\\\/de\\\/shop\\\/produkt\\\/onychiuridae-spec-snowflake\\\/#primaryimage\"},\"image\":{\"@id\":\"https:\\\/\\\/insektenliebe.com\\\/de\\\/shop\\\/produkt\\\/onychiuridae-spec-snowflake\\\/#primaryimage\"},\"thumbnailUrl\":\"https:\\\/\\\/insektenliebe.com\\\/wp-content\\\/uploads\\\/2025\\\/05\\\/Onychiuridae-spec.-22Snowflake22-1.jpg\",\"datePublished\":\"2025-05-14T12:07:47+00:00\",\"dateModified\":\"2026-01-29T07:44:05+00:00\",\"description\":\"Kaufe Onychiuridae spec. \\\"Snowflake\\\" g\u00fcnstig online: Entdecke diese robuste Springschwanzart, die zur nat\u00fcrlichen Zersetzung beitr\u00e4gt.\",\"breadcrumb\":{\"@id\":\"https:\\\/\\\/insektenliebe.com\\\/de\\\/shop\\\/produkt\\\/onychiuridae-spec-snowflake\\\/#breadcrumb\"},\"inLanguage\":\"de\",\"potentialAction\":[{\"@type\":\"ReadAction\",\"target\":[\"https:\\\/\\\/insektenliebe.com\\\/de\\\/shop\\\/produkt\\\/onychiuridae-spec-snowflake\\\/\"]}]},{\"@type\":\"ImageObject\",\"inLanguage\":\"de\",\"@id\":\"https:\\\/\\\/insektenliebe.com\\\/de\\\/shop\\\/produkt\\\/onychiuridae-spec-snowflake\\\/#primaryimage\",\"url\":\"https:\\\/\\\/insektenliebe.com\\\/wp-content\\\/uploads\\\/2025\\\/05\\\/Onychiuridae-spec.-22Snowflake22-1.jpg\",\"contentUrl\":\"https:\\\/\\\/insektenliebe.com\\\/wp-content\\\/uploads\\\/2025\\\/05\\\/Onychiuridae-spec.-22Snowflake22-1.jpg\",\"width\":820,\"height\":820,\"caption\":\"Onychiuridae-spec.-22Snowflake22-1.jpg\"},{\"@type\":\"BreadcrumbList\",\"@id\":\"https:\\\/\\\/insektenliebe.com\\\/de\\\/shop\\\/produkt\\\/onychiuridae-spec-snowflake\\\/#breadcrumb\",\"itemListElement\":[{\"@type\":\"ListItem\",\"position\":1,\"name\":\"Startseite\",\"item\":\"https:\\\/\\\/insektenliebe.com\\\/de\\\/\"},{\"@type\":\"ListItem\",\"position\":2,\"name\":\"Shop\",\"item\":\"https:\\\/\\\/insektenliebe.com\\\/de\\\/shop\\\/\"},{\"@type\":\"ListItem\",\"position\":3,\"name\":\"Onychiuridae spec. &#8222;Snowflake&#8220;\"}]},{\"@type\":\"WebSite\",\"@id\":\"https:\\\/\\\/insektenliebe.com\\\/de\\\/#website\",\"url\":\"https:\\\/\\\/insektenliebe.com\\\/de\\\/\",\"name\":\"Insektenliebe\",\"description\":\"Dein Zuhause f\u00fcr die kleinen Lebewesen\",\"publisher\":{\"@id\":\"https:\\\/\\\/insektenliebe.com\\\/de\\\/#organization\"},\"potentialAction\":[{\"@type\":\"SearchAction\",\"target\":{\"@type\":\"EntryPoint\",\"urlTemplate\":\"https:\\\/\\\/insektenliebe.com\\\/de\\\/?s={search_term_string}\"},\"query-input\":{\"@type\":\"PropertyValueSpecification\",\"valueRequired\":true,\"valueName\":\"search_term_string\"}}],\"inLanguage\":\"de\"},{\"@type\":\"Organization\",\"@id\":\"https:\\\/\\\/insektenliebe.com\\\/de\\\/#organization\",\"name\":\"Insektenliebe\",\"url\":\"https:\\\/\\\/insektenliebe.com\\\/de\\\/\",\"logo\":{\"@type\":\"ImageObject\",\"inLanguage\":\"de\",\"@id\":\"https:\\\/\\\/insektenliebe.com\\\/de\\\/#\\\/schema\\\/logo\\\/image\\\/\",\"url\":\"https:\\\/\\\/insektenliebe.com\\\/wp-content\\\/uploads\\\/2025\\\/03\\\/logo-white.png\",\"contentUrl\":\"https:\\\/\\\/insektenliebe.com\\\/wp-content\\\/uploads\\\/2025\\\/03\\\/logo-white.png\",\"width\":288,\"height\":188,\"caption\":\"Insektenliebe\"},\"image\":{\"@id\":\"https:\\\/\\\/insektenliebe.com\\\/de\\\/#\\\/schema\\\/logo\\\/image\\\/\"}}]}<\/script>\n<meta property=\"product:price:amount\" content=\"12.00\" \/>\n<meta property=\"product:price:currency\" content=\"EUR\" \/>\n<meta property=\"og:availability\" content=\"instock\" \/>\n<meta property=\"product:availability\" content=\"instock\" \/>\n<meta property=\"product:retailer_item_id\" content=\"641-1\" \/>\n<meta property=\"product:condition\" content=\"new\" \/>\n<!-- \/ Yoast SEO Premium plugin. -->","yoast_head_json":{"title":"Onychiuridae spec. \"Snowflake\" - Insektenliebe","description":"Kaufe Onychiuridae spec. \"Snowflake\" g\u00fcnstig online: Entdecke diese robuste Springschwanzart, die zur nat\u00fcrlichen Zersetzung beitr\u00e4gt.","robots":{"index":"index","follow":"follow","max-snippet":"max-snippet:-1","max-image-preview":"max-image-preview:large","max-video-preview":"max-video-preview:-1"},"canonical":"https:\/\/insektenliebe.com\/de\/shop\/produkt\/onychiuridae-spec-snowflake\/","og_locale":"de_DE","og_type":"article","og_title":"Onychiuridae spec. \"Snowflake\"","og_description":"Kaufe Onychiuridae spec. \"Snowflake\" g\u00fcnstig online: Entdecke diese robuste Springschwanzart, die zur nat\u00fcrlichen Zersetzung beitr\u00e4gt.","og_url":"https:\/\/insektenliebe.com\/de\/shop\/produkt\/onychiuridae-spec-snowflake\/","og_site_name":"Insektenliebe","article_modified_time":"2026-01-29T07:44:05+00:00","og_image":[{"width":820,"height":820,"url":"https:\/\/insektenliebe.com\/wp-content\/uploads\/2025\/05\/Onychiuridae-spec.-22Snowflake22-1.jpg","type":"image\/jpeg"}],"twitter_card":"summary_large_image","twitter_misc":{"Preis":"12,00&nbsp;&euro; inkl. MwSt. zzgl. Versand","Verf\u00fcgbarkeit":"Auf Lager"},"schema":{"@context":"https:\/\/schema.org","@graph":[{"@type":"WebPage","@id":"https:\/\/insektenliebe.com\/de\/shop\/produkt\/onychiuridae-spec-snowflake\/","url":"https:\/\/insektenliebe.com\/de\/shop\/produkt\/onychiuridae-spec-snowflake\/","name":"Onychiuridae spec. \"Snowflake\" - Insektenliebe","isPartOf":{"@id":"https:\/\/insektenliebe.com\/de\/#website"},"primaryImageOfPage":{"@id":"https:\/\/insektenliebe.com\/de\/shop\/produkt\/onychiuridae-spec-snowflake\/#primaryimage"},"image":{"@id":"https:\/\/insektenliebe.com\/de\/shop\/produkt\/onychiuridae-spec-snowflake\/#primaryimage"},"thumbnailUrl":"https:\/\/insektenliebe.com\/wp-content\/uploads\/2025\/05\/Onychiuridae-spec.-22Snowflake22-1.jpg","datePublished":"2025-05-14T12:07:47+00:00","dateModified":"2026-01-29T07:44:05+00:00","description":"Kaufe Onychiuridae spec. \"Snowflake\" g\u00fcnstig online: Entdecke diese robuste Springschwanzart, die zur nat\u00fcrlichen Zersetzung beitr\u00e4gt.","breadcrumb":{"@id":"https:\/\/insektenliebe.com\/de\/shop\/produkt\/onychiuridae-spec-snowflake\/#breadcrumb"},"inLanguage":"de","potentialAction":[{"@type":"ReadAction","target":["https:\/\/insektenliebe.com\/de\/shop\/produkt\/onychiuridae-spec-snowflake\/"]}]},{"@type":"ImageObject","inLanguage":"de","@id":"https:\/\/insektenliebe.com\/de\/shop\/produkt\/onychiuridae-spec-snowflake\/#primaryimage","url":"https:\/\/insektenliebe.com\/wp-content\/uploads\/2025\/05\/Onychiuridae-spec.-22Snowflake22-1.jpg","contentUrl":"https:\/\/insektenliebe.com\/wp-content\/uploads\/2025\/05\/Onychiuridae-spec.-22Snowflake22-1.jpg","width":820,"height":820,"caption":"Onychiuridae-spec.-22Snowflake22-1.jpg"},{"@type":"BreadcrumbList","@id":"https:\/\/insektenliebe.com\/de\/shop\/produkt\/onychiuridae-spec-snowflake\/#breadcrumb","itemListElement":[{"@type":"ListItem","position":1,"name":"Startseite","item":"https:\/\/insektenliebe.com\/de\/"},{"@type":"ListItem","position":2,"name":"Shop","item":"https:\/\/insektenliebe.com\/de\/shop\/"},{"@type":"ListItem","position":3,"name":"Onychiuridae spec. &#8222;Snowflake&#8220;"}]},{"@type":"WebSite","@id":"https:\/\/insektenliebe.com\/de\/#website","url":"https:\/\/insektenliebe.com\/de\/","name":"Insektenliebe","description":"Dein Zuhause f\u00fcr die kleinen Lebewesen","publisher":{"@id":"https:\/\/insektenliebe.com\/de\/#organization"},"potentialAction":[{"@type":"SearchAction","target":{"@type":"EntryPoint","urlTemplate":"https:\/\/insektenliebe.com\/de\/?s={search_term_string}"},"query-input":{"@type":"PropertyValueSpecification","valueRequired":true,"valueName":"search_term_string"}}],"inLanguage":"de"},{"@type":"Organization","@id":"https:\/\/insektenliebe.com\/de\/#organization","name":"Insektenliebe","url":"https:\/\/insektenliebe.com\/de\/","logo":{"@type":"ImageObject","inLanguage":"de","@id":"https:\/\/insektenliebe.com\/de\/#\/schema\/logo\/image\/","url":"https:\/\/insektenliebe.com\/wp-content\/uploads\/2025\/03\/logo-white.png","contentUrl":"https:\/\/insektenliebe.com\/wp-content\/uploads\/2025\/03\/logo-white.png","width":288,"height":188,"caption":"Insektenliebe"},"image":{"@id":"https:\/\/insektenliebe.com\/de\/#\/schema\/logo\/image\/"}}]},"product_price_amount":"12.00","product_price_currency":"EUR","og_availability":"instock","product_availability":"instock","product_retailer_item_id":"641-1","product_condition":"new"},"_links":{"self":[{"href":"https:\/\/insektenliebe.com\/de\/wp-json\/wp\/v2\/product\/136548","targetHints":{"allow":["GET"]}}],"collection":[{"href":"https:\/\/insektenliebe.com\/de\/wp-json\/wp\/v2\/product"}],"about":[{"href":"https:\/\/insektenliebe.com\/de\/wp-json\/wp\/v2\/types\/product"}],"wp:featuredmedia":[{"embeddable":true,"href":"https:\/\/insektenliebe.com\/de\/wp-json\/wp\/v2\/media\/136561"}],"wp:attachment":[{"href":"https:\/\/insektenliebe.com\/de\/wp-json\/wp\/v2\/media?parent=136548"}],"wp:term":[{"taxonomy":"product-supplier","embeddable":true,"href":"https:\/\/insektenliebe.com\/de\/wp-json\/wp\/v2\/product-supplier?post=136548"},{"taxonomy":"product_brand","embeddable":true,"href":"https:\/\/insektenliebe.com\/de\/wp-json\/wp\/v2\/product_brand?post=136548"},{"taxonomy":"product_cat","embeddable":true,"href":"https:\/\/insektenliebe.com\/de\/wp-json\/wp\/v2\/product_cat?post=136548"},{"taxonomy":"product_tag","embeddable":true,"href":"https:\/\/insektenliebe.com\/de\/wp-json\/wp\/v2\/product_tag?post=136548"},{"taxonomy":"lce-checkout-addons","embeddable":true,"href":"https:\/\/insektenliebe.com\/de\/wp-json\/wp\/v2\/lce-checkout-addons?post=136548"}],"curies":[{"name":"wp","href":"https:\/\/api.w.org\/{rel}","templated":true}]}}