{"id":136547,"date":"2025-05-14T14:07:00","date_gmt":"2025-05-14T12:07:00","guid":{"rendered":"https:\/\/insektenliebe.com\/?post_type=product&#038;p=136547"},"modified":"2026-01-24T21:48:16","modified_gmt":"2026-01-24T20:48:16","slug":"laureola-spec-ivory-spiky","status":"publish","type":"product","link":"https:\/\/insektenliebe.com\/de\/shop\/produkt\/laureola-spec-ivory-spiky\/","title":{"rendered":"Laureola spec. \"Ivory Spiky\""},"content":{"rendered":"<h3 data-start=\"0\" data-end=\"61\"><span style=\"color: #99cc33\"><strong>Laureola spec. &#8218;\"Ivory Spiky\": Exklusives Terrariumhighlight<\/strong><\/span><\/h3>\n<p data-start=\"0\" data-end=\"427\"><strong>Laureola spec. \"Ivory Spiky\"<\/strong>, einer au\u00dfergew\u00f6hnlichen Asselart, die mit ihren spektakul\u00e4ren, stacheligen Strukturen auf dem R\u00fccken beeindruckt. Diese Variante zeichnet sich durch ihre elfenbeinfarbene F\u00e4rbung aus, die ihr ein exquisites und elegantes Erscheinungsbild verleiht. Ideal f\u00fcr Terrarium-Liebhaber, die eine einzigartige und optisch ansprechende Spezies in ihrer Sammlung w\u00fcnschen.<\/p>\n<p data-start=\"429\" data-end=\"789\">Die \"Ivory Spiky\" Asseln stammen urspr\u00fcnglich aus den feuchten Regionen Vietnams. Sie gedeihen am besten in einem Terrarium, das mit einer Mischung aus Waldhumus und Futterlaub ausgestattet ist, erg\u00e4nzt durch Korkgranulat, welches eine nat\u00fcrliche und fluffige Beschaffenheit des Bodens gew\u00e4hrleistet.<\/p>\n<p data-start=\"791\" data-end=\"1133\">F\u00fcr die optimale Feuchtigkeitsregulierung sollten Sie das Moos im Terrarium stets feucht halten und die Erde sollte immer eine tabakfeuchte Konsistenz aufweisen. Eine regelm\u00e4\u00dfige, aber m\u00e4\u00dfige Befeuchtung, etwa zweimal pro Woche, hilft, das Mikroklima im Terrarium stabil zu halten und f\u00f6rdert das Wohlbefinden dieser faszinierenden Kreaturen.<\/p>\n<p data-start=\"1135\" data-end=\"1570\"><strong>Laureola spec. \"Ivory Spiky\"<\/strong> sind nicht nur eine optische Bereicherung f\u00fcr jedes Terrarium, sondern spielen auch eine wichtige Rolle als Zersetzer von organischem Material. Sie helfen, das Terrarium sauber zu halten, indem sie abgestorbene Pflanzenreste und andere organische Abf\u00e4lle verwerten. Zus\u00e4tzlich bietet ihre exotische Erscheinung spannende Beobachtungsm\u00f6glichkeiten und tr\u00e4gt zur \u00e4sthetischen Aufwertung Ihres Terrariums bei.<\/p>\n<p data-start=\"1572\" data-end=\"1865\">Die F\u00fctterung der \"Ivory Spiky\" Asseln sollte abwechslungsreich gestaltet werden. Empfehlenswert sind Futtermittel wie Gammarus, Pastinake, Karotte und Chinakohl, die nicht nur zur gesunden Ern\u00e4hrung beitragen, sondern auch das nat\u00fcrliche Verhalten und die Farbintensit\u00e4t der Asseln f\u00f6rdern<\/p>\n","protected":false},"excerpt":{"rendered":"<p>Laureola spec. &#8218;\"Ivory Spiky\": Exklusives Terrariumhighlight Laureola spec. \"Ivory Spiky\", einer au\u00dfergew\u00f6hnlichen Asselart, die mit ihren spektakul\u00e4ren, stacheligen Strukturen auf dem R\u00fccken beeindruckt. Diese Variante zeichnet sich durch ihre elfenbeinfarbene F\u00e4rbung aus, die ihr ein exquisites und elegantes Erscheinungsbild verleiht. Ideal f\u00fcr Terrarium-Liebhaber, die eine einzigartige und optisch ansprechende Spezies in ihrer Sammlung w\u00fcnschen. Die [&hellip;]<\/p>\n","protected":false},"featured_media":136560,"template":"","meta":{"_acf_changed":false},"product-supplier":[],"product_brand":[],"product_cat":[627,125],"product_tag":[],"lce-checkout-addons":[1202],"class_list":{"0":"post-136547","1":"product","2":"type-product","3":"status-publish","4":"has-post-thumbnail","6":"product_cat-asseln","7":"product_cat-sonstige-asseln-merulanella-uvm","8":"product_shipping_class-animal-shipping","9":"pa_herkunft-vietnam","10":"pa_kontinent-asien","11":"lce-checkout-addons-winterverpackung","13":"first","14":"outofstock","15":"taxable","16":"shipping-taxable","17":"product-type-variable"},"acf":[],"yoast_head":"<!-- This site is optimized with the Yoast SEO plugin v27.3 - https:\/\/yoast.com\/product\/yoast-seo-wordpress\/ -->\n<title>Laureola spec. &quot;Ivory Spiky&quot; - Insektenliebe<\/title>\n<meta name=\"description\" content=\"Kaufe direkt online die exotische Asselart Laureola spec. &#039;Ivory Spiky&#039; \u2013 ideal f\u00fcr bepflanzte und bioaktive Terrarien. Mehr Informationen findest du hier.\" \/>\n<meta name=\"robots\" content=\"index, follow, max-snippet:-1, max-image-preview:large, max-video-preview:-1\" \/>\n<link rel=\"canonical\" href=\"https:\/\/insektenliebe.com\/de\/shop\/produkt\/laureola-spec-ivory-spiky\/\" \/>\n<meta property=\"og:locale\" content=\"de_DE\" \/>\n<meta property=\"og:type\" content=\"article\" \/>\n<meta property=\"og:title\" content=\"Laureola spec. &quot;Ivory Spiky&quot; - Insektenliebe\" \/>\n<meta property=\"og:description\" content=\"Kaufe direkt online die exotische Asselart Laureola spec. &#039;Ivory Spiky&#039; \u2013 ideal f\u00fcr bepflanzte und bioaktive Terrarien. Mehr Informationen findest du hier.\" \/>\n<meta property=\"og:url\" content=\"https:\/\/insektenliebe.com\/de\/shop\/produkt\/laureola-spec-ivory-spiky\/\" \/>\n<meta property=\"og:site_name\" content=\"Insektenliebe\" \/>\n<meta property=\"article:modified_time\" content=\"2026-01-24T20:48:16+00:00\" \/>\n<meta property=\"og:image\" content=\"https:\/\/insektenliebe.com\/wp-content\/uploads\/2025\/05\/Laureola-spec.-22Ivory-Spiky22.jpg\" \/>\n\t<meta property=\"og:image:width\" content=\"820\" \/>\n\t<meta property=\"og:image:height\" content=\"820\" \/>\n\t<meta property=\"og:image:type\" content=\"image\/jpeg\" \/>\n<meta name=\"twitter:card\" content=\"summary_large_image\" \/>\n<meta name=\"twitter:label1\" content=\"Gesch\u00e4tzte Lesezeit\" \/>\n\t<meta name=\"twitter:data1\" content=\"2\u00a0Minuten\" \/>\n<script type=\"application\/ld+json\" class=\"yoast-schema-graph\">{\"@context\":\"https:\\\/\\\/schema.org\",\"@graph\":[{\"@type\":\"WebPage\",\"@id\":\"https:\\\/\\\/insektenliebe.com\\\/de\\\/shop\\\/produkt\\\/laureola-spec-ivory-spiky\\\/\",\"url\":\"https:\\\/\\\/insektenliebe.com\\\/de\\\/shop\\\/produkt\\\/laureola-spec-ivory-spiky\\\/\",\"name\":\"Laureola spec. \\\"Ivory Spiky\\\" - Insektenliebe\",\"isPartOf\":{\"@id\":\"https:\\\/\\\/insektenliebe.com\\\/de\\\/#website\"},\"primaryImageOfPage\":{\"@id\":\"https:\\\/\\\/insektenliebe.com\\\/de\\\/shop\\\/produkt\\\/laureola-spec-ivory-spiky\\\/#primaryimage\"},\"image\":{\"@id\":\"https:\\\/\\\/insektenliebe.com\\\/de\\\/shop\\\/produkt\\\/laureola-spec-ivory-spiky\\\/#primaryimage\"},\"thumbnailUrl\":\"https:\\\/\\\/insektenliebe.com\\\/wp-content\\\/uploads\\\/2025\\\/05\\\/Laureola-spec.-22Ivory-Spiky22.jpg\",\"datePublished\":\"2025-05-14T12:07:00+00:00\",\"dateModified\":\"2026-01-24T20:48:16+00:00\",\"description\":\"Kaufe direkt online die exotische Asselart Laureola spec. 'Ivory Spiky' \u2013 ideal f\u00fcr bepflanzte und bioaktive Terrarien. Mehr Informationen findest du hier.\",\"breadcrumb\":{\"@id\":\"https:\\\/\\\/insektenliebe.com\\\/de\\\/shop\\\/produkt\\\/laureola-spec-ivory-spiky\\\/#breadcrumb\"},\"inLanguage\":\"de\",\"potentialAction\":[{\"@type\":\"ReadAction\",\"target\":[\"https:\\\/\\\/insektenliebe.com\\\/de\\\/shop\\\/produkt\\\/laureola-spec-ivory-spiky\\\/\"]}]},{\"@type\":\"ImageObject\",\"inLanguage\":\"de\",\"@id\":\"https:\\\/\\\/insektenliebe.com\\\/de\\\/shop\\\/produkt\\\/laureola-spec-ivory-spiky\\\/#primaryimage\",\"url\":\"https:\\\/\\\/insektenliebe.com\\\/wp-content\\\/uploads\\\/2025\\\/05\\\/Laureola-spec.-22Ivory-Spiky22.jpg\",\"contentUrl\":\"https:\\\/\\\/insektenliebe.com\\\/wp-content\\\/uploads\\\/2025\\\/05\\\/Laureola-spec.-22Ivory-Spiky22.jpg\",\"width\":820,\"height\":820,\"caption\":\"Laureola-spec.-22Ivory-Spiky22.jpg\"},{\"@type\":\"BreadcrumbList\",\"@id\":\"https:\\\/\\\/insektenliebe.com\\\/de\\\/shop\\\/produkt\\\/laureola-spec-ivory-spiky\\\/#breadcrumb\",\"itemListElement\":[{\"@type\":\"ListItem\",\"position\":1,\"name\":\"Startseite\",\"item\":\"https:\\\/\\\/insektenliebe.com\\\/de\\\/\"},{\"@type\":\"ListItem\",\"position\":2,\"name\":\"Shop\",\"item\":\"https:\\\/\\\/insektenliebe.com\\\/de\\\/shop\\\/\"},{\"@type\":\"ListItem\",\"position\":3,\"name\":\"Laureola spec. &#8222;Ivory Spiky&#8220;\"}]},{\"@type\":\"WebSite\",\"@id\":\"https:\\\/\\\/insektenliebe.com\\\/de\\\/#website\",\"url\":\"https:\\\/\\\/insektenliebe.com\\\/de\\\/\",\"name\":\"Insektenliebe\",\"description\":\"Dein Zuhause f\u00fcr die kleinen Lebewesen\",\"publisher\":{\"@id\":\"https:\\\/\\\/insektenliebe.com\\\/de\\\/#organization\"},\"potentialAction\":[{\"@type\":\"SearchAction\",\"target\":{\"@type\":\"EntryPoint\",\"urlTemplate\":\"https:\\\/\\\/insektenliebe.com\\\/de\\\/?s={search_term_string}\"},\"query-input\":{\"@type\":\"PropertyValueSpecification\",\"valueRequired\":true,\"valueName\":\"search_term_string\"}}],\"inLanguage\":\"de\"},{\"@type\":\"Organization\",\"@id\":\"https:\\\/\\\/insektenliebe.com\\\/de\\\/#organization\",\"name\":\"Insektenliebe\",\"url\":\"https:\\\/\\\/insektenliebe.com\\\/de\\\/\",\"logo\":{\"@type\":\"ImageObject\",\"inLanguage\":\"de\",\"@id\":\"https:\\\/\\\/insektenliebe.com\\\/de\\\/#\\\/schema\\\/logo\\\/image\\\/\",\"url\":\"https:\\\/\\\/insektenliebe.com\\\/wp-content\\\/uploads\\\/2025\\\/03\\\/logo-white.png\",\"contentUrl\":\"https:\\\/\\\/insektenliebe.com\\\/wp-content\\\/uploads\\\/2025\\\/03\\\/logo-white.png\",\"width\":288,\"height\":188,\"caption\":\"Insektenliebe\"},\"image\":{\"@id\":\"https:\\\/\\\/insektenliebe.com\\\/de\\\/#\\\/schema\\\/logo\\\/image\\\/\"}}]}<\/script>\n<!-- \/ Yoast SEO plugin. -->","yoast_head_json":{"title":"Laureola spec. \"Ivory Spiky\" - Insektenliebe","description":"Kaufe direkt online die exotische Asselart Laureola spec. 'Ivory Spiky' \u2013 ideal f\u00fcr bepflanzte und bioaktive Terrarien. Mehr Informationen findest du hier.","robots":{"index":"index","follow":"follow","max-snippet":"max-snippet:-1","max-image-preview":"max-image-preview:large","max-video-preview":"max-video-preview:-1"},"canonical":"https:\/\/insektenliebe.com\/de\/shop\/produkt\/laureola-spec-ivory-spiky\/","og_locale":"de_DE","og_type":"article","og_title":"Laureola spec. \"Ivory Spiky\" - Insektenliebe","og_description":"Kaufe direkt online die exotische Asselart Laureola spec. 'Ivory Spiky' \u2013 ideal f\u00fcr bepflanzte und bioaktive Terrarien. Mehr Informationen findest du hier.","og_url":"https:\/\/insektenliebe.com\/de\/shop\/produkt\/laureola-spec-ivory-spiky\/","og_site_name":"Insektenliebe","article_modified_time":"2026-01-24T20:48:16+00:00","og_image":[{"width":820,"height":820,"url":"https:\/\/insektenliebe.com\/wp-content\/uploads\/2025\/05\/Laureola-spec.-22Ivory-Spiky22.jpg","type":"image\/jpeg"}],"twitter_card":"summary_large_image","twitter_misc":{"Gesch\u00e4tzte Lesezeit":"2\u00a0Minuten"},"schema":{"@context":"https:\/\/schema.org","@graph":[{"@type":"WebPage","@id":"https:\/\/insektenliebe.com\/de\/shop\/produkt\/laureola-spec-ivory-spiky\/","url":"https:\/\/insektenliebe.com\/de\/shop\/produkt\/laureola-spec-ivory-spiky\/","name":"Laureola spec. \"Ivory Spiky\" - Insektenliebe","isPartOf":{"@id":"https:\/\/insektenliebe.com\/de\/#website"},"primaryImageOfPage":{"@id":"https:\/\/insektenliebe.com\/de\/shop\/produkt\/laureola-spec-ivory-spiky\/#primaryimage"},"image":{"@id":"https:\/\/insektenliebe.com\/de\/shop\/produkt\/laureola-spec-ivory-spiky\/#primaryimage"},"thumbnailUrl":"https:\/\/insektenliebe.com\/wp-content\/uploads\/2025\/05\/Laureola-spec.-22Ivory-Spiky22.jpg","datePublished":"2025-05-14T12:07:00+00:00","dateModified":"2026-01-24T20:48:16+00:00","description":"Kaufe direkt online die exotische Asselart Laureola spec. 'Ivory Spiky' \u2013 ideal f\u00fcr bepflanzte und bioaktive Terrarien. Mehr Informationen findest du hier.","breadcrumb":{"@id":"https:\/\/insektenliebe.com\/de\/shop\/produkt\/laureola-spec-ivory-spiky\/#breadcrumb"},"inLanguage":"de","potentialAction":[{"@type":"ReadAction","target":["https:\/\/insektenliebe.com\/de\/shop\/produkt\/laureola-spec-ivory-spiky\/"]}]},{"@type":"ImageObject","inLanguage":"de","@id":"https:\/\/insektenliebe.com\/de\/shop\/produkt\/laureola-spec-ivory-spiky\/#primaryimage","url":"https:\/\/insektenliebe.com\/wp-content\/uploads\/2025\/05\/Laureola-spec.-22Ivory-Spiky22.jpg","contentUrl":"https:\/\/insektenliebe.com\/wp-content\/uploads\/2025\/05\/Laureola-spec.-22Ivory-Spiky22.jpg","width":820,"height":820,"caption":"Laureola-spec.-22Ivory-Spiky22.jpg"},{"@type":"BreadcrumbList","@id":"https:\/\/insektenliebe.com\/de\/shop\/produkt\/laureola-spec-ivory-spiky\/#breadcrumb","itemListElement":[{"@type":"ListItem","position":1,"name":"Startseite","item":"https:\/\/insektenliebe.com\/de\/"},{"@type":"ListItem","position":2,"name":"Shop","item":"https:\/\/insektenliebe.com\/de\/shop\/"},{"@type":"ListItem","position":3,"name":"Laureola spec. &#8222;Ivory Spiky&#8220;"}]},{"@type":"WebSite","@id":"https:\/\/insektenliebe.com\/de\/#website","url":"https:\/\/insektenliebe.com\/de\/","name":"Insektenliebe","description":"Dein Zuhause f\u00fcr die kleinen Lebewesen","publisher":{"@id":"https:\/\/insektenliebe.com\/de\/#organization"},"potentialAction":[{"@type":"SearchAction","target":{"@type":"EntryPoint","urlTemplate":"https:\/\/insektenliebe.com\/de\/?s={search_term_string}"},"query-input":{"@type":"PropertyValueSpecification","valueRequired":true,"valueName":"search_term_string"}}],"inLanguage":"de"},{"@type":"Organization","@id":"https:\/\/insektenliebe.com\/de\/#organization","name":"Insektenliebe","url":"https:\/\/insektenliebe.com\/de\/","logo":{"@type":"ImageObject","inLanguage":"de","@id":"https:\/\/insektenliebe.com\/de\/#\/schema\/logo\/image\/","url":"https:\/\/insektenliebe.com\/wp-content\/uploads\/2025\/03\/logo-white.png","contentUrl":"https:\/\/insektenliebe.com\/wp-content\/uploads\/2025\/03\/logo-white.png","width":288,"height":188,"caption":"Insektenliebe"},"image":{"@id":"https:\/\/insektenliebe.com\/de\/#\/schema\/logo\/image\/"}}]}},"_links":{"self":[{"href":"https:\/\/insektenliebe.com\/de\/wp-json\/wp\/v2\/product\/136547","targetHints":{"allow":["GET"]}}],"collection":[{"href":"https:\/\/insektenliebe.com\/de\/wp-json\/wp\/v2\/product"}],"about":[{"href":"https:\/\/insektenliebe.com\/de\/wp-json\/wp\/v2\/types\/product"}],"wp:featuredmedia":[{"embeddable":true,"href":"https:\/\/insektenliebe.com\/de\/wp-json\/wp\/v2\/media\/136560"}],"wp:attachment":[{"href":"https:\/\/insektenliebe.com\/de\/wp-json\/wp\/v2\/media?parent=136547"}],"wp:term":[{"taxonomy":"product-supplier","embeddable":true,"href":"https:\/\/insektenliebe.com\/de\/wp-json\/wp\/v2\/product-supplier?post=136547"},{"taxonomy":"product_brand","embeddable":true,"href":"https:\/\/insektenliebe.com\/de\/wp-json\/wp\/v2\/product_brand?post=136547"},{"taxonomy":"product_cat","embeddable":true,"href":"https:\/\/insektenliebe.com\/de\/wp-json\/wp\/v2\/product_cat?post=136547"},{"taxonomy":"product_tag","embeddable":true,"href":"https:\/\/insektenliebe.com\/de\/wp-json\/wp\/v2\/product_tag?post=136547"},{"taxonomy":"lce-checkout-addons","embeddable":true,"href":"https:\/\/insektenliebe.com\/de\/wp-json\/wp\/v2\/lce-checkout-addons?post=136547"}],"curies":[{"name":"wp","href":"https:\/\/api.w.org\/{rel}","templated":true}]}}