{"id":3965,"date":"2025-04-29T13:11:23","date_gmt":"2025-04-29T11:11:23","guid":{"rendered":"https:\/\/insektenliebe.com\/?page_id=3965"},"modified":"2025-07-29T12:07:30","modified_gmt":"2025-07-29T10:07:30","slug":"newsletter","status":"publish","type":"page","link":"https:\/\/insektenliebe.com\/de\/newsletter\/","title":{"rendered":"Immer informiert bleiben! Mit unserem Newsletter"},"content":{"rendered":"\n<h2 class=\"wp-block-heading\">Melde dich an und erhalte spannende News und Angebote rund um Terrarientiere.<\/h2>\n\n\n\n<h3 class=\"wp-block-heading\">Bleib auf dem Laufenden mit Insektenliebe!<\/h3>\n\n\n\n<p>M\u00f6chtest du die neuesten Infos zu faszinierenden Insekten, pfiffigen Haltungs-Tipps und exklusiven Angeboten direkt in deinem Postfach? Dann melde dich jetzt f\u00fcr unseren Newsletter an und werde Teil unserer wachsenden Insekten-Familie!<\/p>\n\n\n\n<h3 class=\"wp-block-heading\">Warum du dich anmelden solltest:<\/h3>\n\n\n\n<ul class=\"wp-block-list\">\n<li><strong>Exklusive Einblicke<\/strong>: Erfahre spannende Fakten \u00fcber Asseln, Springspinnen, Skorpione und mehr!<\/li>\n\n\n\n<li><strong>Haltungs-Tipps und Pflegeanleitungen<\/strong>: F\u00fcr ein gl\u00fcckliches und gesundes Leben deiner Terrarientiere.<\/li>\n\n\n\n<li><strong>Rabatte und Angebote<\/strong>: Verpasse keine unserer Aktionen und exklusiven Deals.<\/li>\n\n\n\n<li><strong>News und Trends<\/strong>: Bleib up-to-date \u00fcber neue Arten und Produkte in unserem Shop.<\/li>\n<\/ul>\n\n\n\n<h3 class=\"wp-block-heading\">Melde dich f\u00fcr unser Magazin an und tauche in die Welt der Terrarientiere ein!<\/h3>\n\n\n\n<div style=\"height:60px\" aria-hidden=\"true\" class=\"wp-block-spacer\"><\/div>\n\n\n\n<p>Mit unserer Anmeldung erh\u00e4ltst du regelm\u00e4\u00dfig spannende Artikel, wertvolle Tipps zur Haltung und Pflege sowie interessante Fakten rund um Asseln, Springspinnen, Skorpione und viele weitere faszinierende Arten. Verpasse keine Ausgabe und werde Teil einer Community, die deine Leidenschaft f\u00fcr Terraristik teilt. Einfach E-Mail-Adresse eingeben, Themen ausw\u00e4hlen und loslegen!<\/p>\n\n\n\n<div class=\"wp-block-group has-custom-hellgruen-background-color has-background has-global-padding is-layout-constrained wp-container-core-group-is-layout-80fb368b wp-block-group-is-layout-constrained\" style=\"border-radius:5px;padding-top:var(--wp--preset--spacing--30);padding-right:var(--wp--preset--spacing--30);padding-bottom:var(--wp--preset--spacing--30);padding-left:var(--wp--preset--spacing--30)\">                    <script type=\"text\/javascript\">\n                        var onloadSibCallback = function () {\n                            jQuery('.g-recaptcha').each(function (index, el) {\n                                grecaptcha.render(el, {\n                                    'sitekey': jQuery(el).attr('data-sitekey')\n                                });\n                            });\n                        };\n                    <\/script>\n\t\t\t\t\t                <script src=\"https:\/\/www.google.com\/recaptcha\/api.js?onload=onloadSibCallback&render=explicit\" async defer><\/script>\n\t\t\t\t\n\t\t\t<form id=\"sib_signup_form_15\" method=\"post\" class=\"sib_signup_form\">\n\t\t\t\t<div class=\"sib_loader\" style=\"display:none;\"><img\n\t\t\t\t\t\t\tsrc=\"https:\/\/insektenliebe.com\/wp-includes\/images\/spinner.gif\" alt=\"loader\"><\/div>\n\t\t\t\t<input type=\"hidden\" name=\"sib_form_action\" value=\"subscribe_form_submit\">\n\t\t\t\t<input type=\"hidden\" name=\"sib_form_id\" value=\"15\">\n                <input type=\"hidden\" name=\"sib_form_alert_notice\" value=\"Bitte dieses Feld ausf\u00fcllen.\">\n                <input type=\"hidden\" name=\"sib_form_invalid_email_notice\" value=\"Die angegebene E-Mail ist nicht korrekt.\">\n                <input type=\"hidden\" name=\"sib_security\" value=\"aedc71fde1\">\n\t\t\t\t<div class=\"sib_signup_box_inside_15\">\n\t\t\t\t\t<div style=\"\/*display:none*\/\" class=\"sib_msg_disp\">\n\t\t\t\t\t<\/div>\n                    \t\t\t\t\t<!-- Newsletter Header -->\r\n<h3 class=\"sib-header-area\">Bleib auf dem Laufenden \u2013 W\u00e4hle deine Interessen!<\/h3>\r\n<!-- Newsletter Header Text -->\r\n<p class=\"sib-header-info-area\">\r\nErhalte nur die Informationen, die dich wirklich interessieren! W\u00e4hle einfach die Themen aus unserem Magazin, \u00fcber die du regelm\u00e4\u00dfig per E-Mail informiert werden m\u00f6chtest:\r\n<\/p>\r\n\r\n<p class=\"sib-multi-lists-area\">\r\n<div class=\"sib-multi-lists row small-columns-2 row-small\" data-require=\"\">\r\n\r\n<!-- Assel-Magazin-->\r\n<div class=\"newsletter-box\">\r\n<div class=\"newsletter-type\"><input type=\"checkbox\" class=\"sib-interesting-lists\" value=\"32\" name=\"listIDs[]\">Assel-Magazin<\/div>\r\n<div class=\"newsletter-info\">Alles \u00fcber unsere kleinen, faszinierenden Krabbler<\/div>\r\n<\/div>\r\n<!-- Ende Assel-Magazin-->\r\n\r\n<!-- Farbzucht-Magazin-->\r\n<div class=\"newsletter-box\">\r\n<div class=\"newsletter-type\"><input type=\"checkbox\" class=\"sib-interesting-lists\" value=\"33\" name=\"listIDs[]\">Farbzucht-Magazin<\/div>\r\n<div class=\"newsletter-info\">Entdecke die bunte Welt der Farbvarianten<\/div>\r\n<\/div>\r\n<!-- Ende Farbzucht-Magazin-->\r\n\r\n<!-- Mantiden-Magazin-->\r\n<div class=\"newsletter-box\">\r\n<div class=\"newsletter-type\"><input type=\"checkbox\" class=\"sib-interesting-lists\" value=\"34\" name=\"listIDs[]\">Mantiden-Magazin<\/div>\r\n<div class=\"newsletter-info\">Neuigkeiten und Infos rund um Gottesanbeterinnen<\/div>\r\n<\/div>\r\n<!-- Ende Mantiden-Magazin-->\r\n\r\n<!-- Skorpion-Magazin -->\r\n<div class=\"newsletter-box\">\r\n<div class=\"newsletter-type\"><input type=\"checkbox\" class=\"sib-interesting-lists\" value=\"35\" name=\"listIDs[]\">Skorpione-Magazin<\/div>\r\n<div class=\"newsletter-info\">Spannende Infos und Tipps zu Skorpionen und ihrer Haltung<\/div>\r\n<\/div>\r\n<!-- Ende Skorpion-Magazin-->\r\n\r\n<!-- Tausendf\u00fc\u00dfer-Magazin -->\r\n<div class=\"newsletter-box\">\r\n<div class=\"newsletter-type\"><input type=\"checkbox\" class=\"sib-interesting-lists\" value=\"40\" name=\"listIDs[]\">Tausendf\u00fc\u00dfer-Magazin<\/div>\r\n<div class=\"newsletter-info\">Erkunde die faszinierende Welt der Tausendf\u00fc\u00dfer<\/div>\r\n<\/div>\r\n<!-- Ende Tausendf\u00fc\u00dfer-Magazin -->\r\n\r\n<!-- Springspinnen-Magazin -->\r\n<div class=\"newsletter-box\">\r\n<div class=\"newsletter-type\"><input type=\"checkbox\" class=\"sib-interesting-lists\" value=\"36\" name=\"listIDs[]\">Springspinnen-Magazin<\/div>\r\n<div class=\"newsletter-info\">Alles \u00fcber die quirligsten Bewohner deines Terrariums<\/div>\r\n<\/div>\r\n<!-- Ende Springspinnen-Magazin -->\r\n\r\n<!-- Spinnen-Magazin-->\r\n<div class=\"newsletter-box\">\r\n<div class=\"newsletter-type\"><input type=\"checkbox\" class=\"sib-interesting-lists\" value=\"37\" name=\"listIDs[]\">Spinnen-Magazin<\/div>\r\n<div class=\"newsletter-info\">Wissenswertes und Tipps zu Spinnen und ihrer Haltung<\/div>\r\n<\/div>\r\n<!-- Ende Spinnen-Magazin-->\r\n\r\n<!-- News-Magazin-->\r\n<div class=\"newsletter-box\">\r\n<div class=\"newsletter-type\"><input type=\"checkbox\" class=\"sib-interesting-lists\" value=\"38\" name=\"listIDs[]\">News-Magazin<\/div>\r\n<div class=\"newsletter-info\">Aktuelle Neuigkeiten und Trends aus der Terraristik<\/div>\r\n<\/div>\r\n<!-- Ende News-Magazin-->\r\n\r\n<!-- Lesespa\u00df f\u00fcr kleine Helden -->\r\n<div class=\"newsletter-box\">\r\n<div class=\"newsletter-type\"><input type=\"checkbox\" class=\"sib-interesting-lists\" value=\"39\" name=\"listIDs[]\">Lesespa\u00df f\u00fcr kleine Helden<\/div>\r\n<div class=\"newsletter-info\">Spannende Geschichten f\u00fcr die Kleinsten<\/div>\r\n<\/div>\r\n<!-- Ende Lesespa\u00df f\u00fcr kleine Helden -->\r\n\r\n<\/div>\r\n<\/p>\r\n\r\n<!-- Newsletter Email -->\r\n<p class=\"sib-email-area\"> \r\n    <label class=\"sib-email-area\">E-Mail eingeben, um dich anzumelden*<\/label> \r\n    <input type=\"email\" class=\"sib-email-area form-input\" name=\"email\" placeholder=\"Gib bitte deine E-Mail-Adresse f\u00fcr die Anmeldung an, z. B. Max@Mustermann.de\" value=\"\" required=\"required\"> \r\n\r\n\r\n<div id=\"sib_captcha\" class=\"g-recaptcha\" data-sitekey=\"6LdGV_QUAAAAADhveia51z_qyF6nez2aUwZNwCyg\"><\/div>\r\n<!-- Submit-Button -->\r\n<p> \r\n    <input type=\"submit\" class=\"sib-default-btn\" name=\"submit\" value=\"Anmelden\"> \r\n<\/p>\t\t\t\t<\/div>\n\t\t\t<\/form>\n\t\t\t<style>\n\t\t\t\tform#sib_signup_form_15 p.sib-alert-message {\n    padding: 6px 12px;\n    margin-bottom: 20px;\n    border: 1px solid transparent;\n    border-radius: 4px;\n    -webkit-box-sizing: border-box;\n    -moz-box-sizing: border-box;\n    box-sizing: border-box;\n}\nform#sib_signup_form_15 p.sib-alert-message-error {\n    background-color: #f2dede;\n    border-color: #ebccd1;\n    color: #a94442;\n}\nform#sib_signup_form_15 p.sib-alert-message-success {\n    background-color: #dff0d8;\n    border-color: #d6e9c6;\n    color: #3c763d;\n}\nform#sib_signup_form_15 p.sib-alert-message-warning {\n    background-color: #fcf8e3;\n    border-color: #faebcc;\n    color: #8a6d3b;\n}\n\t\t\t<\/style>\n\t\t\t\n<\/div>\n\n\n\n<div style=\"height:60px\" aria-hidden=\"true\" class=\"wp-block-spacer\"><\/div>\n\n\n\n<h3 class=\"wp-block-heading\">Bleib auf dem Laufenden \u00fcber neue Produkte!<\/h3>\n\n\n\n<p>Melde dich f\u00fcr unseren Produkt-Newsletter an und erfahre als Erster von neuen Terrarientieren, Zubeh\u00f6r und exklusiven Angeboten. So verpasst du keine Neuheit mehr und bist immer bestens informiert, wenn es um die Ausstattung und Pflege deines Terrariums geht. Einfach E-Mail-Adresse eingeben und regelm\u00e4\u00dfig spannende Updates erhalten!<\/p>\n\n\n\n<div class=\"wp-block-group has-custom-hellgruen-background-color has-background has-global-padding is-layout-constrained wp-container-core-group-is-layout-80fb368b wp-block-group-is-layout-constrained\" style=\"border-radius:5px;padding-top:var(--wp--preset--spacing--30);padding-right:var(--wp--preset--spacing--30);padding-bottom:var(--wp--preset--spacing--30);padding-left:var(--wp--preset--spacing--30)\">                    <script type=\"text\/javascript\">\n                        var onloadSibCallback = function () {\n                            jQuery('.g-recaptcha').each(function (index, el) {\n                                grecaptcha.render(el, {\n                                    'sitekey': jQuery(el).attr('data-sitekey')\n                                });\n                            });\n                        };\n                    <\/script>\n\t\t\t\t\t                <script src=\"https:\/\/www.google.com\/recaptcha\/api.js?onload=onloadSibCallback&render=explicit\" async defer><\/script>\n\t\t\t\t\n\t\t\t<form id=\"sib_signup_form_12\" method=\"post\" class=\"sib_signup_form\">\n\t\t\t\t<div class=\"sib_loader\" style=\"display:none;\"><img\n\t\t\t\t\t\t\tsrc=\"https:\/\/insektenliebe.com\/wp-includes\/images\/spinner.gif\" alt=\"loader\"><\/div>\n\t\t\t\t<input type=\"hidden\" name=\"sib_form_action\" value=\"subscribe_form_submit\">\n\t\t\t\t<input type=\"hidden\" name=\"sib_form_id\" value=\"12\">\n                <input type=\"hidden\" name=\"sib_form_alert_notice\" value=\"Bitte dieses Feld ausf\u00fcllen.\">\n                <input type=\"hidden\" name=\"sib_form_invalid_email_notice\" value=\"Die angegebene E-Mail ist nicht korrekt.\">\n                <input type=\"hidden\" name=\"sib_security\" value=\"aedc71fde1\">\n\t\t\t\t<div class=\"sib_signup_box_inside_12\">\n\t\t\t\t\t<div style=\"\/*display:none*\/\" class=\"sib_msg_disp\">\n\t\t\t\t\t<\/div>\n                    \t\t\t\t\t<!-- Newsletter Header -->\r\n<h3 class=\"sib-header-area\">Bleib informiert \u2013 Verpasse keine Neuheiten!<\/h3>\r\n<!-- Newsletter Header Text -->\r\n<p class=\"sib-header-info-area\">\r\nErhalte nur die Updates, die dich interessieren! W\u00e4hle einfach die Produktkategorien, \u00fcber die du per E-Mail informiert werden m\u00f6chtest, sobald neue Produkte in unseren Shop kommen:\r\n<\/p>\r\n\r\n<p class=\"sib-multi-lists-area\">\r\n<div data-require=\"\">\r\n\r\n<!-- Spinnen -->\r\n<div class=\"newsletter-box\"><div class=\"newsletter-type\"><input type=\"checkbox\" class=\"sib-interesting-lists\" value=\"15\" name=\"listIDs[]\">Spinnen<\/div>\r\n<div class=\"newsletter-info\">Spannende Neuheiten rund um Springspinnen und andere Arten<\/div>\r\n<\/div>\r\n<!-- Ende Spinnen -->\r\n\r\n<!-- Asseln-->\r\n<div class=\"newsletter-box\"><div class=\"newsletter-type\"><input type=\"checkbox\" class=\"sib-interesting-lists\" value=\"12\" name=\"listIDs[]\">Asseln<\/div>\r\n<div class=\"newsletter-info\">Entdecke neue Arten und Varianten f\u00fcr dein Terrarium<\/div>\r\n<\/div>\r\n<!-- Ende Asseln-->\r\n\r\n<!-- Tausendf\u00fc\u00dfer -->\r\n<div class=\"newsletter-box\"><div class=\"newsletter-type\"><input type=\"checkbox\" class=\"sib-interesting-lists\" value=\"16\" name=\"listIDs[]\">Tausendf\u00fc\u00dfer<\/div>\r\n<div class=\"newsletter-info\">Neue faszinierende Krabbler f\u00fcr dein Zuhause<\/div>\r\n<\/div>\r\n<!-- Ende Tausendf\u00fc\u00dfer -->\r\n\r\n<!-- Schaben -->\r\n<div class=\"newsletter-box\"><div class=\"newsletter-type\"><input type=\"checkbox\" class=\"sib-interesting-lists\" value=\"13\" name=\"listIDs[]\">Schaben<\/div>\r\n<div class=\"newsletter-info\">Die neuesten Arten und Futtertiere im Sortiment<\/div>\r\n<\/div>\r\n<!-- Ende Schaben -->\r\n\r\n<!-- Springschw\u00e4nze -->\r\n<div class=\"newsletter-box\"><div class=\"newsletter-type\"><input type=\"checkbox\" class=\"sib-interesting-lists\" value=\"14\" name=\"listIDs[]\">Springschw\u00e4nze<\/div>\r\n<div class=\"newsletter-info\">Seltene und interessante Arten f\u00fcr dein Terrarium<\/div>\r\n<\/div>\r\n<!-- Ende Springschw\u00e4nze -->\r\n\r\n<!-- Mantiden -->\r\n<div class=\"newsletter-box\"><div class=\"newsletter-type\"><input type=\"checkbox\" class=\"sib-interesting-lists\" value=\"17\" name=\"listIDs[]\">Mantiden<\/div>\r\n<div class=\"newsletter-info\">Neue Gottesanbeterinnen und Infos zur Haltung<\/div>\r\n<\/div>\r\n<!-- Ende Mantiden -->\r\n\r\n<!-- Schnecken -->\r\n<div class=\"newsletter-box\"><div class=\"newsletter-type\"><input type=\"checkbox\" class=\"sib-interesting-lists\" value=\"18\" name=\"listIDs[]\">Schnecken<\/div>\r\n<div class=\"newsletter-info\">Neu im Shop: au\u00dfergew\u00f6hnliche Schneckenarten<\/div>\r\n<\/div>\r\n<!-- Ende Schnecken -->\r\n\r\n<!-- Skorpione -->\r\n<div class=\"newsletter-box\"><div class=\"newsletter-type\"><input type=\"checkbox\" class=\"sib-interesting-lists\" value=\"19\" name=\"listIDs[]\">Skorpione<\/div>\r\n<div class=\"newsletter-info\">Finde neue und seltene Skorpionarten bei uns<\/div>\r\n<\/div>\r\n<!-- Ende Skorpione -->\r\n\r\n<!-- Sonstige Wirbellose -->\r\n<div class=\"newsletter-box\"><div class=\"newsletter-type\"><input type=\"checkbox\" class=\"sib-interesting-lists\" value=\"20\" name=\"listIDs[]\">Sonstige Wirbellose<\/div>\r\n<div class=\"newsletter-info\">Ungew\u00f6hnliche und besondere Wirbellose<\/div>\r\n<\/div>\r\n<!-- Ende Sonstige Wirbellose -->\r\n\r\n<\/div>\r\n<\/p>\r\n\r\n<!-- Newsletter Email -->\r\n<p class=\"sib-email-area\"> \r\n    <label class=\"sib-email-area\">E-Mail eingeben, um dich anzumelden*<\/label> \r\n    <input type=\"email\" class=\"form-input sib-email-area\" name=\"email\" placeholder=\"Gib bitte deine E-Mail-Adresse f\u00fcr die Anmeldung an, z. B. Max@Mustermann.de\" value=\"\" required=\"required\"> \r\n<div id=\"sib_captcha\" class=\"g-recaptcha\" data-sitekey=\"6LdGV_QUAAAAADhveia51z_qyF6nez2aUwZNwCyg\"><\/div>\r\n<!-- Submit-Button -->\r\n<p> \r\n    <input type=\"submit\" class=\"sib-default-btn\" name=\"submit\" value=\"Anmelden\"> \r\n<\/p>\t\t\t\t<\/div>\n\t\t\t<\/form>\n\t\t\t<style>\n\t\t\t\tform#sib_signup_form_12 p.sib-alert-message {\n    padding: 6px 12px;\n    margin-bottom: 20px;\n    border: 1px solid transparent;\n    border-radius: 4px;\n    -webkit-box-sizing: border-box;\n    -moz-box-sizing: border-box;\n    box-sizing: border-box;\n}\nform#sib_signup_form_12 p.sib-alert-message-error {\n    background-color: #f2dede;\n    border-color: #ebccd1;\n    color: #a94442;\n}\nform#sib_signup_form_12 p.sib-alert-message-success {\n    background-color: #dff0d8;\n    border-color: #d6e9c6;\n    color: #3c763d;\n}\nform#sib_signup_form_12 p.sib-alert-message-warning {\n    background-color: #fcf8e3;\n    border-color: #faebcc;\n    color: #8a6d3b;\n}\n\t\t\t<\/style>\n\t\t\t\n<\/div>\n\n\n\n<div style=\"height:100px\" aria-hidden=\"true\" class=\"wp-block-spacer\"><\/div>\n","protected":false},"excerpt":{"rendered":"<p>Melde dich an und erhalte spannende News und Angebote rund um Terrarientiere. Bleib auf dem Laufenden mit Insektenliebe! M\u00f6chtest du die neuesten Infos zu faszinierenden Insekten, pfiffigen Haltungs-Tipps und exklusiven Angeboten direkt in deinem Postfach? Dann melde dich jetzt f\u00fcr unseren Newsletter an und werde Teil unserer wachsenden Insekten-Familie! Warum du dich anmelden solltest: Melde [&hellip;]<\/p>\n","protected":false},"author":1,"featured_media":2195,"parent":0,"menu_order":0,"comment_status":"closed","ping_status":"closed","template":"","meta":{"_acf_changed":false,"footnotes":""},"tags":[638,2277],"class_list":["post-3965","page","type-page","status-publish","has-post-thumbnail","hentry","tag-info","tag-liebe"],"acf":[],"yoast_head":"<!-- This site is optimized with the Yoast SEO plugin v27.3 - https:\/\/yoast.com\/product\/yoast-seo-wordpress\/ -->\n<title>Immer informiert bleiben! Mit unserem Newsletter - Insektenliebe<\/title>\n<meta name=\"robots\" content=\"index, follow, max-snippet:-1, max-image-preview:large, max-video-preview:-1\" \/>\n<link rel=\"canonical\" href=\"https:\/\/insektenliebe.com\/de\/newsletter\/\" \/>\n<meta property=\"og:locale\" content=\"de_DE\" \/>\n<meta property=\"og:type\" content=\"article\" \/>\n<meta property=\"og:title\" content=\"Immer informiert bleiben! Mit unserem Newsletter - Insektenliebe\" \/>\n<meta property=\"og:description\" content=\"Melde dich an und erhalte spannende News und Angebote rund um Terrarientiere. Bleib auf dem Laufenden mit Insektenliebe! M\u00f6chtest du die neuesten Infos zu faszinierenden Insekten, pfiffigen Haltungs-Tipps und exklusiven Angeboten direkt in deinem Postfach? Dann melde dich jetzt f\u00fcr unseren Newsletter an und werde Teil unserer wachsenden Insekten-Familie! Warum du dich anmelden solltest: Melde [&hellip;]\" \/>\n<meta property=\"og:url\" content=\"https:\/\/insektenliebe.com\/de\/newsletter\/\" \/>\n<meta property=\"og:site_name\" content=\"Insektenliebe\" \/>\n<meta property=\"article:modified_time\" content=\"2025-07-29T10:07:30+00:00\" \/>\n<meta property=\"og:image\" content=\"https:\/\/insektenliebe.com\/wp-content\/uploads\/2025\/03\/nachzucht.jpg\" \/>\n\t<meta property=\"og:image:width\" content=\"957\" \/>\n\t<meta property=\"og:image:height\" content=\"613\" \/>\n\t<meta property=\"og:image:type\" content=\"image\/jpeg\" \/>\n<meta name=\"twitter:card\" content=\"summary_large_image\" \/>\n<meta name=\"twitter:label1\" content=\"Gesch\u00e4tzte Lesezeit\" \/>\n\t<meta name=\"twitter:data1\" content=\"2\u00a0Minuten\" \/>\n<script type=\"application\/ld+json\" class=\"yoast-schema-graph\">{\"@context\":\"https:\\\/\\\/schema.org\",\"@graph\":[{\"@type\":\"WebPage\",\"@id\":\"https:\\\/\\\/insektenliebe.com\\\/de\\\/newsletter\\\/\",\"url\":\"https:\\\/\\\/insektenliebe.com\\\/de\\\/newsletter\\\/\",\"name\":\"Immer informiert bleiben! Mit unserem Newsletter - Insektenliebe\",\"isPartOf\":{\"@id\":\"https:\\\/\\\/insektenliebe.com\\\/de\\\/#website\"},\"primaryImageOfPage\":{\"@id\":\"https:\\\/\\\/insektenliebe.com\\\/de\\\/newsletter\\\/#primaryimage\"},\"image\":{\"@id\":\"https:\\\/\\\/insektenliebe.com\\\/de\\\/newsletter\\\/#primaryimage\"},\"thumbnailUrl\":\"https:\\\/\\\/insektenliebe.com\\\/wp-content\\\/uploads\\\/2025\\\/03\\\/nachzucht.jpg\",\"datePublished\":\"2025-04-29T11:11:23+00:00\",\"dateModified\":\"2025-07-29T10:07:30+00:00\",\"breadcrumb\":{\"@id\":\"https:\\\/\\\/insektenliebe.com\\\/de\\\/newsletter\\\/#breadcrumb\"},\"inLanguage\":\"de\",\"potentialAction\":[{\"@type\":\"ReadAction\",\"target\":[\"https:\\\/\\\/insektenliebe.com\\\/de\\\/newsletter\\\/\"]}]},{\"@type\":\"ImageObject\",\"inLanguage\":\"de\",\"@id\":\"https:\\\/\\\/insektenliebe.com\\\/de\\\/newsletter\\\/#primaryimage\",\"url\":\"https:\\\/\\\/insektenliebe.com\\\/wp-content\\\/uploads\\\/2025\\\/03\\\/nachzucht.jpg\",\"contentUrl\":\"https:\\\/\\\/insektenliebe.com\\\/wp-content\\\/uploads\\\/2025\\\/03\\\/nachzucht.jpg\",\"width\":957,\"height\":613,\"caption\":\"nachzucht\"},{\"@type\":\"BreadcrumbList\",\"@id\":\"https:\\\/\\\/insektenliebe.com\\\/de\\\/newsletter\\\/#breadcrumb\",\"itemListElement\":[{\"@type\":\"ListItem\",\"position\":1,\"name\":\"Startseite\",\"item\":\"https:\\\/\\\/insektenliebe.com\\\/de\\\/\"},{\"@type\":\"ListItem\",\"position\":2,\"name\":\"Immer informiert bleiben! Mit unserem Newsletter\"}]},{\"@type\":\"WebSite\",\"@id\":\"https:\\\/\\\/insektenliebe.com\\\/de\\\/#website\",\"url\":\"https:\\\/\\\/insektenliebe.com\\\/de\\\/\",\"name\":\"Insektenliebe\",\"description\":\"Dein Zuhause f\u00fcr die kleinen Lebewesen\",\"publisher\":{\"@id\":\"https:\\\/\\\/insektenliebe.com\\\/de\\\/#organization\"},\"potentialAction\":[{\"@type\":\"SearchAction\",\"target\":{\"@type\":\"EntryPoint\",\"urlTemplate\":\"https:\\\/\\\/insektenliebe.com\\\/de\\\/?s={search_term_string}\"},\"query-input\":{\"@type\":\"PropertyValueSpecification\",\"valueRequired\":true,\"valueName\":\"search_term_string\"}}],\"inLanguage\":\"de\"},{\"@type\":\"Organization\",\"@id\":\"https:\\\/\\\/insektenliebe.com\\\/de\\\/#organization\",\"name\":\"Insektenliebe\",\"url\":\"https:\\\/\\\/insektenliebe.com\\\/de\\\/\",\"logo\":{\"@type\":\"ImageObject\",\"inLanguage\":\"de\",\"@id\":\"https:\\\/\\\/insektenliebe.com\\\/de\\\/#\\\/schema\\\/logo\\\/image\\\/\",\"url\":\"https:\\\/\\\/insektenliebe.com\\\/wp-content\\\/uploads\\\/2025\\\/03\\\/logo-white.png\",\"contentUrl\":\"https:\\\/\\\/insektenliebe.com\\\/wp-content\\\/uploads\\\/2025\\\/03\\\/logo-white.png\",\"width\":288,\"height\":188,\"caption\":\"Insektenliebe\"},\"image\":{\"@id\":\"https:\\\/\\\/insektenliebe.com\\\/de\\\/#\\\/schema\\\/logo\\\/image\\\/\"}}]}<\/script>\n<!-- \/ Yoast SEO plugin. -->","yoast_head_json":{"title":"Immer informiert bleiben! Mit unserem Newsletter - Insektenliebe","robots":{"index":"index","follow":"follow","max-snippet":"max-snippet:-1","max-image-preview":"max-image-preview:large","max-video-preview":"max-video-preview:-1"},"canonical":"https:\/\/insektenliebe.com\/de\/newsletter\/","og_locale":"de_DE","og_type":"article","og_title":"Immer informiert bleiben! Mit unserem Newsletter - Insektenliebe","og_description":"Melde dich an und erhalte spannende News und Angebote rund um Terrarientiere. Bleib auf dem Laufenden mit Insektenliebe! M\u00f6chtest du die neuesten Infos zu faszinierenden Insekten, pfiffigen Haltungs-Tipps und exklusiven Angeboten direkt in deinem Postfach? Dann melde dich jetzt f\u00fcr unseren Newsletter an und werde Teil unserer wachsenden Insekten-Familie! Warum du dich anmelden solltest: Melde [&hellip;]","og_url":"https:\/\/insektenliebe.com\/de\/newsletter\/","og_site_name":"Insektenliebe","article_modified_time":"2025-07-29T10:07:30+00:00","og_image":[{"width":957,"height":613,"url":"https:\/\/insektenliebe.com\/wp-content\/uploads\/2025\/03\/nachzucht.jpg","type":"image\/jpeg"}],"twitter_card":"summary_large_image","twitter_misc":{"Gesch\u00e4tzte Lesezeit":"2\u00a0Minuten"},"schema":{"@context":"https:\/\/schema.org","@graph":[{"@type":"WebPage","@id":"https:\/\/insektenliebe.com\/de\/newsletter\/","url":"https:\/\/insektenliebe.com\/de\/newsletter\/","name":"Immer informiert bleiben! Mit unserem Newsletter - Insektenliebe","isPartOf":{"@id":"https:\/\/insektenliebe.com\/de\/#website"},"primaryImageOfPage":{"@id":"https:\/\/insektenliebe.com\/de\/newsletter\/#primaryimage"},"image":{"@id":"https:\/\/insektenliebe.com\/de\/newsletter\/#primaryimage"},"thumbnailUrl":"https:\/\/insektenliebe.com\/wp-content\/uploads\/2025\/03\/nachzucht.jpg","datePublished":"2025-04-29T11:11:23+00:00","dateModified":"2025-07-29T10:07:30+00:00","breadcrumb":{"@id":"https:\/\/insektenliebe.com\/de\/newsletter\/#breadcrumb"},"inLanguage":"de","potentialAction":[{"@type":"ReadAction","target":["https:\/\/insektenliebe.com\/de\/newsletter\/"]}]},{"@type":"ImageObject","inLanguage":"de","@id":"https:\/\/insektenliebe.com\/de\/newsletter\/#primaryimage","url":"https:\/\/insektenliebe.com\/wp-content\/uploads\/2025\/03\/nachzucht.jpg","contentUrl":"https:\/\/insektenliebe.com\/wp-content\/uploads\/2025\/03\/nachzucht.jpg","width":957,"height":613,"caption":"nachzucht"},{"@type":"BreadcrumbList","@id":"https:\/\/insektenliebe.com\/de\/newsletter\/#breadcrumb","itemListElement":[{"@type":"ListItem","position":1,"name":"Startseite","item":"https:\/\/insektenliebe.com\/de\/"},{"@type":"ListItem","position":2,"name":"Immer informiert bleiben! Mit unserem Newsletter"}]},{"@type":"WebSite","@id":"https:\/\/insektenliebe.com\/de\/#website","url":"https:\/\/insektenliebe.com\/de\/","name":"Insektenliebe","description":"Dein Zuhause f\u00fcr die kleinen Lebewesen","publisher":{"@id":"https:\/\/insektenliebe.com\/de\/#organization"},"potentialAction":[{"@type":"SearchAction","target":{"@type":"EntryPoint","urlTemplate":"https:\/\/insektenliebe.com\/de\/?s={search_term_string}"},"query-input":{"@type":"PropertyValueSpecification","valueRequired":true,"valueName":"search_term_string"}}],"inLanguage":"de"},{"@type":"Organization","@id":"https:\/\/insektenliebe.com\/de\/#organization","name":"Insektenliebe","url":"https:\/\/insektenliebe.com\/de\/","logo":{"@type":"ImageObject","inLanguage":"de","@id":"https:\/\/insektenliebe.com\/de\/#\/schema\/logo\/image\/","url":"https:\/\/insektenliebe.com\/wp-content\/uploads\/2025\/03\/logo-white.png","contentUrl":"https:\/\/insektenliebe.com\/wp-content\/uploads\/2025\/03\/logo-white.png","width":288,"height":188,"caption":"Insektenliebe"},"image":{"@id":"https:\/\/insektenliebe.com\/de\/#\/schema\/logo\/image\/"}}]}},"_links":{"self":[{"href":"https:\/\/insektenliebe.com\/de\/wp-json\/wp\/v2\/pages\/3965","targetHints":{"allow":["GET"]}}],"collection":[{"href":"https:\/\/insektenliebe.com\/de\/wp-json\/wp\/v2\/pages"}],"about":[{"href":"https:\/\/insektenliebe.com\/de\/wp-json\/wp\/v2\/types\/page"}],"author":[{"embeddable":true,"href":"https:\/\/insektenliebe.com\/de\/wp-json\/wp\/v2\/users\/1"}],"replies":[{"embeddable":true,"href":"https:\/\/insektenliebe.com\/de\/wp-json\/wp\/v2\/comments?post=3965"}],"version-history":[{"count":10,"href":"https:\/\/insektenliebe.com\/de\/wp-json\/wp\/v2\/pages\/3965\/revisions"}],"predecessor-version":[{"id":151561,"href":"https:\/\/insektenliebe.com\/de\/wp-json\/wp\/v2\/pages\/3965\/revisions\/151561"}],"wp:featuredmedia":[{"embeddable":true,"href":"https:\/\/insektenliebe.com\/de\/wp-json\/wp\/v2\/media\/2195"}],"wp:attachment":[{"href":"https:\/\/insektenliebe.com\/de\/wp-json\/wp\/v2\/media?parent=3965"}],"wp:term":[{"taxonomy":"post_tag","embeddable":true,"href":"https:\/\/insektenliebe.com\/de\/wp-json\/wp\/v2\/tags?post=3965"}],"curies":[{"name":"wp","href":"https:\/\/api.w.org\/{rel}","templated":true}]}}