{"id":3949,"date":"2025-04-29T12:45:16","date_gmt":"2025-04-29T10:45:16","guid":{"rendered":"https:\/\/insektenliebe.com\/?page_id=3949"},"modified":"2026-02-05T12:44:54","modified_gmt":"2026-02-05T11:44:54","slug":"versand","status":"publish","type":"page","link":"https:\/\/insektenliebe.com\/de\/shop\/versand\/","title":{"rendered":"Versand"},"content":{"rendered":"\n<h2 class=\"wp-block-heading\">Versandtage<\/h2>\n\n\n\n<p>Um sicherzustellen, dass die Zustellung von&nbsp;<strong>lebenden Tieren<\/strong>&nbsp;vor dem Wochenende erfolgt, versenden wir diese nur&nbsp;<strong>zwischen Montag und Donnerstag.<\/strong><\/p>\n\n\n\n<p>Sobald der Zahlungseingang best\u00e4tigt ist, erfolgt der Versand \u00fcber DHL, DHL Express oder UPS. Am Tag des Versands erh\u00e4ltst du automatisch eine E-Mail mit der Sendungsnummer. Bei einer Sendung \u00fcber DHL Express schicken wir dir zus\u00e4tzlich eine SMS. Mit dieser Nachricht hast du die M\u00f6glichkeit, dein DHL Express Paket anzupassen, beispielsweise die Lieferadresse zu \u00e4ndern oder eine Zustellung bei einem Nachbarn zu organisieren.<\/p>\n\n\n\n<h2 class=\"wp-block-heading\">Versandpartner<\/h2>\n\n\n\n<div class=\"wp-block-group is-content-justification-space-between is-layout-flex wp-container-core-group-is-layout-9366075c wp-block-group-is-layout-flex\">\n<figure class=\"wp-block-image size-large is-resized\"><img loading=\"lazy\" decoding=\"async\" width=\"1024\" height=\"668\" src=\"https:\/\/insektenliebe.com\/wp-content\/uploads\/2025\/06\/a2f835108c3b5b99_org-1024x668.png\" alt=\"\" class=\"wp-image-141337\" style=\"width:254px;height:auto\" srcset=\"https:\/\/insektenliebe.com\/wp-content\/uploads\/2025\/06\/a2f835108c3b5b99_org-1024x668.png 1024w, https:\/\/insektenliebe.com\/wp-content\/uploads\/2025\/06\/a2f835108c3b5b99_org-300x196.png 300w, https:\/\/insektenliebe.com\/wp-content\/uploads\/2025\/06\/a2f835108c3b5b99_org-768x501.png 768w, https:\/\/insektenliebe.com\/wp-content\/uploads\/2025\/06\/a2f835108c3b5b99_org-1536x1002.png 1536w, https:\/\/insektenliebe.com\/wp-content\/uploads\/2025\/06\/a2f835108c3b5b99_org-600x392.png 600w, https:\/\/insektenliebe.com\/wp-content\/uploads\/2025\/06\/a2f835108c3b5b99_org.png 2000w\" sizes=\"auto, (max-width: 1024px) 100vw, 1024px\" \/><figcaption class=\"wp-element-caption\"><mark style=\"background-color:rgba(0, 0, 0, 0);color:#98cc3d\" class=\"has-inline-color\">+00492284333112<\/mark><\/figcaption><\/figure>\n\n\n\n<div style=\"height:100px;width:31px\" aria-hidden=\"true\" class=\"wp-block-spacer wp-container-content-38cd910e\"><\/div>\n\n\n\n<figure class=\"wp-block-image size-large is-resized\"><img loading=\"lazy\" decoding=\"async\" width=\"1024\" height=\"668\" src=\"https:\/\/insektenliebe.com\/wp-content\/uploads\/2025\/06\/a2f835108c3b5b99_org-1-1024x668.png\" alt=\"\" class=\"wp-image-141340\" style=\"width:256px;height:auto\" srcset=\"https:\/\/insektenliebe.com\/wp-content\/uploads\/2025\/06\/a2f835108c3b5b99_org-1-1024x668.png 1024w, https:\/\/insektenliebe.com\/wp-content\/uploads\/2025\/06\/a2f835108c3b5b99_org-1-300x196.png 300w, https:\/\/insektenliebe.com\/wp-content\/uploads\/2025\/06\/a2f835108c3b5b99_org-1-768x501.png 768w, https:\/\/insektenliebe.com\/wp-content\/uploads\/2025\/06\/a2f835108c3b5b99_org-1-1536x1002.png 1536w, https:\/\/insektenliebe.com\/wp-content\/uploads\/2025\/06\/a2f835108c3b5b99_org-1-600x392.png 600w, https:\/\/insektenliebe.com\/wp-content\/uploads\/2025\/06\/a2f835108c3b5b99_org-1.png 2000w\" sizes=\"auto, (max-width: 1024px) 100vw, 1024px\" \/><figcaption class=\"wp-element-caption\"><mark style=\"background-color:rgba(0, 0, 0, 0);color:#98cc3d\" class=\"has-inline-color\">+004922890243511<\/mark><\/figcaption><\/figure>\n\n\n\n<div style=\"height:100px;width:36px\" aria-hidden=\"true\" class=\"wp-block-spacer wp-container-content-1b8dd66d\"><\/div>\n\n\n\n<figure class=\"wp-block-image size-full is-resized\"><img loading=\"lazy\" decoding=\"async\" width=\"168\" height=\"168\" src=\"https:\/\/insektenliebe.com\/wp-content\/uploads\/2025\/06\/images-edited.png\" alt=\"\" class=\"wp-image-141353\" style=\"width:178px;height:auto\" srcset=\"https:\/\/insektenliebe.com\/wp-content\/uploads\/2025\/06\/images-edited.png 168w, https:\/\/insektenliebe.com\/wp-content\/uploads\/2025\/06\/images-edited-150x150.png 150w, https:\/\/insektenliebe.com\/wp-content\/uploads\/2025\/06\/images-edited-100x100.png 100w\" sizes=\"auto, (max-width: 168px) 100vw, 168px\" \/><figcaption class=\"wp-element-caption\"><mark style=\"background-color:rgba(0, 0, 0, 0);color:#98cc3d\" class=\"has-inline-color\">+00496021150415<\/mark><\/figcaption><\/figure>\n\n\n\n<div style=\"height:100px;width:65px\" aria-hidden=\"true\" class=\"wp-block-spacer wp-container-content-630beb45\"><\/div>\n\n\n\n<figure class=\"wp-block-image size-full is-resized\"><img loading=\"lazy\" decoding=\"async\" width=\"640\" height=\"760\" src=\"https:\/\/insektenliebe.com\/wp-content\/uploads\/2025\/06\/United_Parcel_Service_logo_2014.svg.png\" alt=\"\" class=\"wp-image-141345\" style=\"width:141px;height:auto\" srcset=\"https:\/\/insektenliebe.com\/wp-content\/uploads\/2025\/06\/United_Parcel_Service_logo_2014.svg.png 640w, https:\/\/insektenliebe.com\/wp-content\/uploads\/2025\/06\/United_Parcel_Service_logo_2014.svg-253x300.png 253w, https:\/\/insektenliebe.com\/wp-content\/uploads\/2025\/06\/United_Parcel_Service_logo_2014.svg-600x713.png 600w\" sizes=\"auto, (max-width: 640px) 100vw, 640px\" \/><figcaption class=\"wp-element-caption\"><mark style=\"background-color:rgba(0, 0, 0, 0);color:#98cc3d\" class=\"has-inline-color\">+00496966308037<\/mark><\/figcaption><\/figure>\n<\/div>\n\n\n\n<div class=\"wp-block-columns are-vertically-aligned-center is-layout-flex wp-container-core-columns-is-layout-28f84493 wp-block-columns-is-layout-flex\">\n<div class=\"wp-block-column is-vertically-aligned-center is-layout-flow wp-block-column-is-layout-flow\">\n<h2 class=\"wp-block-heading\">Versandkosten<\/h2>\n\n\n\n<h3 class=\"wp-block-heading\"><strong>DHL (Zubeh\u00f6r-Versand)<\/strong><\/h3>\n\n\n\n<p>DHL Paket ab 0 kg \u2013 100 kg | 7,90 EUR<\/p>\n\n\n\n<h3 class=\"wp-block-heading\">DHL Express (Tier-Versand)<\/h3>\n\n\n\n<p>DHL Express 0 kg \u2013 50 kg | 17,99 EUR<\/p>\n<\/div>\n\n\n\n<div class=\"wp-block-column is-vertically-aligned-center is-layout-flow wp-block-column-is-layout-flow\">\n<figure class=\"wp-block-image alignright size-large is-resized\"><img loading=\"lazy\" decoding=\"async\" width=\"1024\" height=\"916\" src=\"https:\/\/insektenliebe.com\/wp-content\/uploads\/2025\/10\/insektenliebe-kostenloser-versand-ab-150-euro-1024x916.png\" alt=\"\" class=\"wp-image-159984\" style=\"width:365px;height:auto\" srcset=\"https:\/\/insektenliebe.com\/wp-content\/uploads\/2025\/10\/insektenliebe-kostenloser-versand-ab-150-euro-1024x916.png 1024w, https:\/\/insektenliebe.com\/wp-content\/uploads\/2025\/10\/insektenliebe-kostenloser-versand-ab-150-euro-300x268.png 300w, https:\/\/insektenliebe.com\/wp-content\/uploads\/2025\/10\/insektenliebe-kostenloser-versand-ab-150-euro-768x687.png 768w, https:\/\/insektenliebe.com\/wp-content\/uploads\/2025\/10\/insektenliebe-kostenloser-versand-ab-150-euro-600x537.png 600w, https:\/\/insektenliebe.com\/wp-content\/uploads\/2025\/10\/insektenliebe-kostenloser-versand-ab-150-euro.png 1072w\" sizes=\"auto, (max-width: 1024px) 100vw, 1024px\" \/><\/figure>\n<\/div>\n<\/div>\n\n\n\n<h2 class=\"wp-block-heading\">Versandablauf<\/h2>\n\n\n\n<p><br>Damit alles gerecht bleibt, bearbeiten wir die Bestellungen chronologisch \u2013 wer zuerst bestellt, bekommt zuerst sein Paket. Danach nutzen wir DHL Express und UPS Express Saver f\u00fcr den Tiertransport, da diese eine Zustellung am folgenden Tag garantieren \u2013 eine ideale Option f\u00fcr den Tierkauf!<\/p>\n\n\n\n<p>Beide Dienstleister sind dar\u00fcber informiert, dass wir Lebewesen versenden und behandeln deine Pakete daher mit besonderer Sorgfalt. Eine Lebendankunft ist dir bei uns sicher und diese Garantie ist bereits in den Versandkosten inkludiert. Solltest du das Paket einmal nicht entgegennehmen k\u00f6nnen, erfolgt am darauffolgenden Werktag ein weiterer Zustellversuch. Nach insgesamt zwei erfolglosen Zustellungsversuchen wird das Paket an uns zur\u00fcckgesendet. Es ist wichtig, dass du das Paket annimmst, um einen problemfreien Versand zu gew\u00e4hrleisten. Bei einer notwendigen erneuten Versendung fallen zus\u00e4tzliche Versandkosten an, die zu deinen Lasten gehen.<\/p>\n\n\n\n<p><br>Im Winter verpacken wir unsere Tiere bewusst etwas trockener. So bleibt die Verpackung besser temperiert \u2013 und deine kleinen Lieblinge kommen sicher und gut gesch\u00fctzt bei dir an.\u00a0<\/p>\n\n\n\n<p>F\u00fcr unseren Zubeh\u00f6r-Versand bieten wir den DHL Paketversand an. Dieser nimmt in der Regel 1-3 Werktage in Anspruch, kann in Ausnahmef\u00e4llen jedoch bis zu zwei Wochen dauern. Diese Option ist besonders kosteneffizient f\u00fcr den Versand von Zubeh\u00f6r.<\/p>\n\n\n\n<p>Die Versandkosten variieren je nach Gr\u00f6\u00dfe und Gewicht der bestellten Produkte und werden dynamisch kalkuliert. Auch wenn wir unsere Preise gewissenhaft \u00fcberpr\u00fcfen, kann es zu Abweichungen bei den Versandkosten kommen. Ist der tats\u00e4chliche Versandpreis niedriger als angegeben, berechnen wir dir selbstverst\u00e4ndlich nur den g\u00fcnstigeren Betrag und versenden deine Bestellung ohne R\u00fcckfrage. Sollten die tats\u00e4chlichen Versandkosten jedoch h\u00f6her sein, nehmen wir Kontakt zu dir auf und kl\u00e4ren, ob die Bestellung so bestehen bleibt.<\/p>\n\n\n\n<h2 class=\"wp-block-heading\">Paketlieferung an eine Packstation<\/h2>\n\n\n\n<p>Um eine Bestellung an eine Packstation liefern zu lassen, beginnst du zun\u00e4chst mit der Registrierung bei der Packstation deines Paketdienstleisters, wie beispielsweise DHL. Diese Registrierung erfolgt online \u00fcber die Webseite des Anbieters, wo du eine Kundennummer und eine PIN erh\u00e4ltst, die f\u00fcr die Nutzung der Packstation notwendig sind.<\/p>\n\n\n\n<p>Sobald du bei uns etwas bestellst, gibst du anstelle deiner Hausadresse die Adresse der gew\u00fcnschten Packstation an. Diese findest du auf der Webseite des Paketdienstleisters. Es ist wichtig, neben der Adresse der Packstation auch deine pers\u00f6nliche Postnummer anzugeben, die du bei der Registrierung erhalten hast.<\/p>\n\n\n\n<p>Nachdem die Bestellung aufgegeben wurde, kannst du die Lieferung online verfolgen. Sobald dein Paket in der Packstation eingetroffen ist, wirst du per SMS oder E-Mail dar\u00fcber informiert. Mit dieser Benachrichtigung begibst du dich zur angegebenen Packstation und folgst den Anweisungen auf dem Bildschirm. Dort musst du deine Kundennummer und deine PIN eingeben oder einen QR-Code scannen, den du in der Benachrichtigung erhalten hast.<\/p>\n\n\n\n<p>Bitte beachte, dass sich die genauen Abl\u00e4ufe und Anforderungen je nach Paketdienstleister unterscheiden k\u00f6nnen, daher ist es ratsam, sich auf der jeweiligen Webseite zu informieren.<\/p>\n\n\n\n<figure class=\"wp-block-image size-large\"><img loading=\"lazy\" decoding=\"async\" width=\"771\" height=\"1024\" src=\"https:\/\/insektenliebe.com\/wp-content\/uploads\/2024\/01\/Lieferun-an-eine-Packstation-771x1024.png\" alt=\"Lieferun-an-eine-Packstation\" class=\"wp-image-138710\" srcset=\"https:\/\/insektenliebe.com\/wp-content\/uploads\/2024\/01\/Lieferun-an-eine-Packstation-771x1024.png 771w, https:\/\/insektenliebe.com\/wp-content\/uploads\/2024\/01\/Lieferun-an-eine-Packstation-226x300.png 226w, https:\/\/insektenliebe.com\/wp-content\/uploads\/2024\/01\/Lieferun-an-eine-Packstation-768x1020.png 768w, https:\/\/insektenliebe.com\/wp-content\/uploads\/2024\/01\/Lieferun-an-eine-Packstation-1157x1536.png 1157w, https:\/\/insektenliebe.com\/wp-content\/uploads\/2024\/01\/Lieferun-an-eine-Packstation-600x797.png 600w, https:\/\/insektenliebe.com\/wp-content\/uploads\/2024\/01\/Lieferun-an-eine-Packstation.png 1262w\" sizes=\"auto, (max-width: 771px) 100vw, 771px\" \/><\/figure>\n\n\n\n<h2 class=\"wp-block-heading\">Transportsch\u00e4den<\/h2>\n\n\n\n<p>In seltenen F\u00e4llen kommt es zu einer Besch\u00e4digung der Lieferung durch den Transport. Keine Angst, die Pakete sind bei uns versichert und du bekommst ein neues von uns zugesendet. Allerdings hilft es leider nichts, wenn ihr an Insektenliebe eine E-Mail schreibt, da wir als Versender keine Reklamation an DHL weiterleiten k\u00f6nnen, auch nicht mit Fotos die ihr uns schickt.<\/p>\n\n\n\n<p>Damit die Paket-Versicherung das besch\u00e4digte Paket vollst\u00e4ndig bezahlt m\u00fcsst ihr wie folgt vorgehen:<\/p>\n\n\n\n<ul class=\"wp-block-list\">\n<li>Erkennen Sie den Transportschaden bereits bei der Anlieferung, so sollten Sie die Annahme verweigern. Wichtig ist, dass Sie zu Protokoll geben, dass Sie das Paket wegen einer \u00e4u\u00dferen Besch\u00e4digung nicht angenommen haben.<\/li>\n\n\n\n<li>Oft ist von au\u00dfen alles in Ordnung, aber der Inhalt des Pakets ist durch schlechte Handhabe kaputtgegangen. In diesem Fall sollten Sie innerhalb von sieben Tagen eine Schadensanzeige, die man auf der Website von UPS oder DHL&nbsp;<a href=\"https:\/\/www.dhl.de\/content\/dam\/dhlde\/downloads\/express\/produkte-und-anleitungen\/dhl-schadensanzeige-0715.pdf\">herunterladen<\/a>&nbsp;kann, ausf\u00fcllen. Daraufhin geben Sie das Formular, s\u00e4mtliche Verpackungsinhalte wie Polsterfolie sowie das besch\u00e4digte Paket in einer Postfiliale ab, das anschlie\u00dfend an die Verpackungspr\u00fcfungsstelle gesendet wird.<\/li>\n<\/ul>\n\n\n\n<div style=\"height:100px\" aria-hidden=\"true\" class=\"wp-block-spacer\"><\/div>\n","protected":false},"excerpt":{"rendered":"<p>Versandtage Um sicherzustellen, dass die Zustellung von&nbsp;lebenden Tieren&nbsp;vor dem Wochenende erfolgt, versenden wir diese nur&nbsp;zwischen Montag und Donnerstag. Sobald der Zahlungseingang best\u00e4tigt ist, erfolgt der Versand \u00fcber DHL, DHL Express oder UPS. Am Tag des Versands erh\u00e4ltst du automatisch eine E-Mail mit der Sendungsnummer. Bei einer Sendung \u00fcber DHL Express schicken wir dir zus\u00e4tzlich eine [&hellip;]<\/p>\n","protected":false},"author":1,"featured_media":159986,"parent":9,"menu_order":0,"comment_status":"closed","ping_status":"closed","template":"","meta":{"_acf_changed":false,"footnotes":""},"tags":[],"class_list":["post-3949","page","type-page","status-publish","has-post-thumbnail","hentry"],"acf":[],"yoast_head":"<!-- This site is optimized with the Yoast SEO plugin v27.3 - https:\/\/yoast.com\/product\/yoast-seo-wordpress\/ -->\n<title>Versand - Insektenliebe<\/title>\n<meta name=\"robots\" content=\"index, follow, max-snippet:-1, max-image-preview:large, max-video-preview:-1\" \/>\n<link rel=\"canonical\" href=\"https:\/\/insektenliebe.com\/de\/shop\/versand\/\" \/>\n<meta property=\"og:locale\" content=\"de_DE\" \/>\n<meta property=\"og:type\" content=\"article\" \/>\n<meta property=\"og:title\" content=\"Versand - Insektenliebe\" \/>\n<meta property=\"og:description\" content=\"Versandtage Um sicherzustellen, dass die Zustellung von&nbsp;lebenden Tieren&nbsp;vor dem Wochenende erfolgt, versenden wir diese nur&nbsp;zwischen Montag und Donnerstag. Sobald der Zahlungseingang best\u00e4tigt ist, erfolgt der Versand \u00fcber DHL, DHL Express oder UPS. Am Tag des Versands erh\u00e4ltst du automatisch eine E-Mail mit der Sendungsnummer. Bei einer Sendung \u00fcber DHL Express schicken wir dir zus\u00e4tzlich eine [&hellip;]\" \/>\n<meta property=\"og:url\" content=\"https:\/\/insektenliebe.com\/de\/shop\/versand\/\" \/>\n<meta property=\"og:site_name\" content=\"Insektenliebe\" \/>\n<meta property=\"article:modified_time\" content=\"2026-02-05T11:44:54+00:00\" \/>\n<meta property=\"og:image\" content=\"https:\/\/insektenliebe.com\/wp-content\/uploads\/2025\/10\/insektenliebe-kostenloser-versand-ab-150-euro.jpg\" \/>\n\t<meta property=\"og:image:width\" content=\"1200\" \/>\n\t<meta property=\"og:image:height\" content=\"800\" \/>\n\t<meta property=\"og:image:type\" content=\"image\/jpeg\" \/>\n<meta name=\"twitter:card\" content=\"summary_large_image\" \/>\n<meta name=\"twitter:label1\" content=\"Gesch\u00e4tzte Lesezeit\" \/>\n\t<meta name=\"twitter:data1\" content=\"6\u00a0Minuten\" \/>\n<script type=\"application\/ld+json\" class=\"yoast-schema-graph\">{\"@context\":\"https:\\\/\\\/schema.org\",\"@graph\":[{\"@type\":\"WebPage\",\"@id\":\"https:\\\/\\\/insektenliebe.com\\\/de\\\/shop\\\/versand\\\/\",\"url\":\"https:\\\/\\\/insektenliebe.com\\\/de\\\/shop\\\/versand\\\/\",\"name\":\"Versand - Insektenliebe\",\"isPartOf\":{\"@id\":\"https:\\\/\\\/insektenliebe.com\\\/de\\\/#website\"},\"primaryImageOfPage\":{\"@id\":\"https:\\\/\\\/insektenliebe.com\\\/de\\\/shop\\\/versand\\\/#primaryimage\"},\"image\":{\"@id\":\"https:\\\/\\\/insektenliebe.com\\\/de\\\/shop\\\/versand\\\/#primaryimage\"},\"thumbnailUrl\":\"https:\\\/\\\/insektenliebe.com\\\/wp-content\\\/uploads\\\/2025\\\/10\\\/insektenliebe-kostenloser-versand-ab-150-euro.jpg\",\"datePublished\":\"2025-04-29T10:45:16+00:00\",\"dateModified\":\"2026-02-05T11:44:54+00:00\",\"breadcrumb\":{\"@id\":\"https:\\\/\\\/insektenliebe.com\\\/de\\\/shop\\\/versand\\\/#breadcrumb\"},\"inLanguage\":\"de\",\"potentialAction\":[{\"@type\":\"ReadAction\",\"target\":[\"https:\\\/\\\/insektenliebe.com\\\/de\\\/shop\\\/versand\\\/\"]}]},{\"@type\":\"ImageObject\",\"inLanguage\":\"de\",\"@id\":\"https:\\\/\\\/insektenliebe.com\\\/de\\\/shop\\\/versand\\\/#primaryimage\",\"url\":\"https:\\\/\\\/insektenliebe.com\\\/wp-content\\\/uploads\\\/2025\\\/10\\\/insektenliebe-kostenloser-versand-ab-150-euro.jpg\",\"contentUrl\":\"https:\\\/\\\/insektenliebe.com\\\/wp-content\\\/uploads\\\/2025\\\/10\\\/insektenliebe-kostenloser-versand-ab-150-euro.jpg\",\"width\":1200,\"height\":800},{\"@type\":\"BreadcrumbList\",\"@id\":\"https:\\\/\\\/insektenliebe.com\\\/de\\\/shop\\\/versand\\\/#breadcrumb\",\"itemListElement\":[{\"@type\":\"ListItem\",\"position\":1,\"name\":\"Startseite\",\"item\":\"https:\\\/\\\/insektenliebe.com\\\/de\\\/\"},{\"@type\":\"ListItem\",\"position\":2,\"name\":\"Shop\",\"item\":\"https:\\\/\\\/insektenliebe.com\\\/de\\\/shop\\\/\"},{\"@type\":\"ListItem\",\"position\":3,\"name\":\"Versand\"}]},{\"@type\":\"WebSite\",\"@id\":\"https:\\\/\\\/insektenliebe.com\\\/de\\\/#website\",\"url\":\"https:\\\/\\\/insektenliebe.com\\\/de\\\/\",\"name\":\"Insektenliebe\",\"description\":\"Dein Zuhause f\u00fcr die kleinen Lebewesen\",\"publisher\":{\"@id\":\"https:\\\/\\\/insektenliebe.com\\\/de\\\/#organization\"},\"potentialAction\":[{\"@type\":\"SearchAction\",\"target\":{\"@type\":\"EntryPoint\",\"urlTemplate\":\"https:\\\/\\\/insektenliebe.com\\\/de\\\/?s={search_term_string}\"},\"query-input\":{\"@type\":\"PropertyValueSpecification\",\"valueRequired\":true,\"valueName\":\"search_term_string\"}}],\"inLanguage\":\"de\"},{\"@type\":\"Organization\",\"@id\":\"https:\\\/\\\/insektenliebe.com\\\/de\\\/#organization\",\"name\":\"Insektenliebe\",\"url\":\"https:\\\/\\\/insektenliebe.com\\\/de\\\/\",\"logo\":{\"@type\":\"ImageObject\",\"inLanguage\":\"de\",\"@id\":\"https:\\\/\\\/insektenliebe.com\\\/de\\\/#\\\/schema\\\/logo\\\/image\\\/\",\"url\":\"https:\\\/\\\/insektenliebe.com\\\/wp-content\\\/uploads\\\/2025\\\/03\\\/logo-white.png\",\"contentUrl\":\"https:\\\/\\\/insektenliebe.com\\\/wp-content\\\/uploads\\\/2025\\\/03\\\/logo-white.png\",\"width\":288,\"height\":188,\"caption\":\"Insektenliebe\"},\"image\":{\"@id\":\"https:\\\/\\\/insektenliebe.com\\\/de\\\/#\\\/schema\\\/logo\\\/image\\\/\"}}]}<\/script>\n<!-- \/ Yoast SEO plugin. -->","yoast_head_json":{"title":"Versand - Insektenliebe","robots":{"index":"index","follow":"follow","max-snippet":"max-snippet:-1","max-image-preview":"max-image-preview:large","max-video-preview":"max-video-preview:-1"},"canonical":"https:\/\/insektenliebe.com\/de\/shop\/versand\/","og_locale":"de_DE","og_type":"article","og_title":"Versand - Insektenliebe","og_description":"Versandtage Um sicherzustellen, dass die Zustellung von&nbsp;lebenden Tieren&nbsp;vor dem Wochenende erfolgt, versenden wir diese nur&nbsp;zwischen Montag und Donnerstag. Sobald der Zahlungseingang best\u00e4tigt ist, erfolgt der Versand \u00fcber DHL, DHL Express oder UPS. Am Tag des Versands erh\u00e4ltst du automatisch eine E-Mail mit der Sendungsnummer. Bei einer Sendung \u00fcber DHL Express schicken wir dir zus\u00e4tzlich eine [&hellip;]","og_url":"https:\/\/insektenliebe.com\/de\/shop\/versand\/","og_site_name":"Insektenliebe","article_modified_time":"2026-02-05T11:44:54+00:00","og_image":[{"width":1200,"height":800,"url":"https:\/\/insektenliebe.com\/wp-content\/uploads\/2025\/10\/insektenliebe-kostenloser-versand-ab-150-euro.jpg","type":"image\/jpeg"}],"twitter_card":"summary_large_image","twitter_misc":{"Gesch\u00e4tzte Lesezeit":"6\u00a0Minuten"},"schema":{"@context":"https:\/\/schema.org","@graph":[{"@type":"WebPage","@id":"https:\/\/insektenliebe.com\/de\/shop\/versand\/","url":"https:\/\/insektenliebe.com\/de\/shop\/versand\/","name":"Versand - Insektenliebe","isPartOf":{"@id":"https:\/\/insektenliebe.com\/de\/#website"},"primaryImageOfPage":{"@id":"https:\/\/insektenliebe.com\/de\/shop\/versand\/#primaryimage"},"image":{"@id":"https:\/\/insektenliebe.com\/de\/shop\/versand\/#primaryimage"},"thumbnailUrl":"https:\/\/insektenliebe.com\/wp-content\/uploads\/2025\/10\/insektenliebe-kostenloser-versand-ab-150-euro.jpg","datePublished":"2025-04-29T10:45:16+00:00","dateModified":"2026-02-05T11:44:54+00:00","breadcrumb":{"@id":"https:\/\/insektenliebe.com\/de\/shop\/versand\/#breadcrumb"},"inLanguage":"de","potentialAction":[{"@type":"ReadAction","target":["https:\/\/insektenliebe.com\/de\/shop\/versand\/"]}]},{"@type":"ImageObject","inLanguage":"de","@id":"https:\/\/insektenliebe.com\/de\/shop\/versand\/#primaryimage","url":"https:\/\/insektenliebe.com\/wp-content\/uploads\/2025\/10\/insektenliebe-kostenloser-versand-ab-150-euro.jpg","contentUrl":"https:\/\/insektenliebe.com\/wp-content\/uploads\/2025\/10\/insektenliebe-kostenloser-versand-ab-150-euro.jpg","width":1200,"height":800},{"@type":"BreadcrumbList","@id":"https:\/\/insektenliebe.com\/de\/shop\/versand\/#breadcrumb","itemListElement":[{"@type":"ListItem","position":1,"name":"Startseite","item":"https:\/\/insektenliebe.com\/de\/"},{"@type":"ListItem","position":2,"name":"Shop","item":"https:\/\/insektenliebe.com\/de\/shop\/"},{"@type":"ListItem","position":3,"name":"Versand"}]},{"@type":"WebSite","@id":"https:\/\/insektenliebe.com\/de\/#website","url":"https:\/\/insektenliebe.com\/de\/","name":"Insektenliebe","description":"Dein Zuhause f\u00fcr die kleinen Lebewesen","publisher":{"@id":"https:\/\/insektenliebe.com\/de\/#organization"},"potentialAction":[{"@type":"SearchAction","target":{"@type":"EntryPoint","urlTemplate":"https:\/\/insektenliebe.com\/de\/?s={search_term_string}"},"query-input":{"@type":"PropertyValueSpecification","valueRequired":true,"valueName":"search_term_string"}}],"inLanguage":"de"},{"@type":"Organization","@id":"https:\/\/insektenliebe.com\/de\/#organization","name":"Insektenliebe","url":"https:\/\/insektenliebe.com\/de\/","logo":{"@type":"ImageObject","inLanguage":"de","@id":"https:\/\/insektenliebe.com\/de\/#\/schema\/logo\/image\/","url":"https:\/\/insektenliebe.com\/wp-content\/uploads\/2025\/03\/logo-white.png","contentUrl":"https:\/\/insektenliebe.com\/wp-content\/uploads\/2025\/03\/logo-white.png","width":288,"height":188,"caption":"Insektenliebe"},"image":{"@id":"https:\/\/insektenliebe.com\/de\/#\/schema\/logo\/image\/"}}]}},"_links":{"self":[{"href":"https:\/\/insektenliebe.com\/de\/wp-json\/wp\/v2\/pages\/3949","targetHints":{"allow":["GET"]}}],"collection":[{"href":"https:\/\/insektenliebe.com\/de\/wp-json\/wp\/v2\/pages"}],"about":[{"href":"https:\/\/insektenliebe.com\/de\/wp-json\/wp\/v2\/types\/page"}],"author":[{"embeddable":true,"href":"https:\/\/insektenliebe.com\/de\/wp-json\/wp\/v2\/users\/1"}],"replies":[{"embeddable":true,"href":"https:\/\/insektenliebe.com\/de\/wp-json\/wp\/v2\/comments?post=3949"}],"version-history":[{"count":15,"href":"https:\/\/insektenliebe.com\/de\/wp-json\/wp\/v2\/pages\/3949\/revisions"}],"predecessor-version":[{"id":178472,"href":"https:\/\/insektenliebe.com\/de\/wp-json\/wp\/v2\/pages\/3949\/revisions\/178472"}],"up":[{"embeddable":true,"href":"https:\/\/insektenliebe.com\/de\/wp-json\/wp\/v2\/pages\/9"}],"wp:featuredmedia":[{"embeddable":true,"href":"https:\/\/insektenliebe.com\/de\/wp-json\/wp\/v2\/media\/159986"}],"wp:attachment":[{"href":"https:\/\/insektenliebe.com\/de\/wp-json\/wp\/v2\/media?parent=3949"}],"wp:term":[{"taxonomy":"post_tag","embeddable":true,"href":"https:\/\/insektenliebe.com\/de\/wp-json\/wp\/v2\/tags?post=3949"}],"curies":[{"name":"wp","href":"https:\/\/api.w.org\/{rel}","templated":true}]}}