{"id":3878,"date":"2025-04-28T18:30:49","date_gmt":"2025-04-28T16:30:49","guid":{"rendered":"https:\/\/insektenliebe.com\/?page_id=3878"},"modified":"2025-07-17T15:43:45","modified_gmt":"2025-07-17T13:43:45","slug":"assel-o-mat","status":"publish","type":"page","link":"https:\/\/insektenliebe.com\/de\/shop\/assel-o-mat\/","title":{"rendered":"Assel-O-Mat"},"content":{"rendered":"\n<div class=\"wp-block-columns is-layout-flex wp-container-core-columns-is-layout-28f84493 wp-block-columns-is-layout-flex\">\n<div class=\"wp-block-column is-layout-flow wp-block-column-is-layout-flow\">\n<figure class=\"wp-block-image size-full wp-duotone-98cc3d-ffffff-1\"><img loading=\"lazy\" decoding=\"async\" width=\"2560\" height=\"1707\" src=\"https:\/\/insektenliebe.com\/wp-content\/uploads\/2020\/02\/Kubanische-Assel_1-scaled.jpg\" alt=\"\" class=\"wp-image-136621\" style=\"aspect-ratio:16\/9;object-fit:cover\" srcset=\"https:\/\/insektenliebe.com\/wp-content\/uploads\/2020\/02\/Kubanische-Assel_1-scaled.jpg 2560w, https:\/\/insektenliebe.com\/wp-content\/uploads\/2020\/02\/Kubanische-Assel_1-300x200.jpg 300w, https:\/\/insektenliebe.com\/wp-content\/uploads\/2020\/02\/Kubanische-Assel_1-1024x683.jpg 1024w, https:\/\/insektenliebe.com\/wp-content\/uploads\/2020\/02\/Kubanische-Assel_1-768x512.jpg 768w, https:\/\/insektenliebe.com\/wp-content\/uploads\/2020\/02\/Kubanische-Assel_1-1536x1024.jpg 1536w, https:\/\/insektenliebe.com\/wp-content\/uploads\/2020\/02\/Kubanische-Assel_1-2048x1365.jpg 2048w, https:\/\/insektenliebe.com\/wp-content\/uploads\/2020\/02\/Kubanische-Assel_1-600x400.jpg 600w\" sizes=\"auto, (max-width: 2560px) 100vw, 2560px\" \/><\/figure>\n<\/div>\n\n\n\n<div class=\"wp-block-column is-layout-flow wp-block-column-is-layout-flow\">\n<h2 class=\"wp-block-heading has-large-font-size\" style=\"line-height:1.7\">Unser Assel-O-Mat hilft dabei, die perfekte Assel-Art f\u00fcr individuelle Bed\u00fcrfnisse zu finden. Durch das Beantworten einiger Fragen wird eine passende Auswahl an Assel-Arten pr\u00e4sentiert.<\/h2>\n\n\n\n<p>Hier gehen wir auf Deine pers\u00f6nlichen Bed\u00fcrfnisse und Gegebenheiten ein. Im Assel-O-Mat erlebst du eine pers\u00f6nliche Beratung, die Dir am Ende die Assel-Arten pr\u00e4sentiert, die f\u00fcr Dein Einsatzgebiet und Deinen Wissensstand geeignet sind.&nbsp;Die zum Schluss angezeigten Arten kannst du mit einem Klick auf das Herz in Deiner Wunschliste speichern.<\/p>\n<\/div>\n<\/div>\n\n\n\n<p>So kannst du Dir dann in Ruhe einen \u00dcberblick verschaffen. Du kannst nat\u00fcrlich jeder Zeit wieder von vorne beginnen und schauen was passiert, wenn du Deine Antworten ver\u00e4nderst.<\/p>\n\n\n\n<p>Wir w\u00fcnschen Dir viel Spa\u00df bei Deiner pers\u00f6nlichen Beratung und beim Aussuchen der vorgestellten Arten.<\/p>\n\n\n\n<h3 class=\"wp-block-heading has-large-font-size\">M\u00f6chtest du die Asseln alleine oder mit anderen Tieren zusammen halten?<\/h3>\n\n\n\n<div class=\"wp-block-group has-global-padding is-layout-constrained wp-block-group-is-layout-constrained\">\n<div class=\"wp-block-buttons is-layout-flex wp-block-buttons-is-layout-flex\">\n<div class=\"wp-block-button\"><a class=\"wp-block-button__link wp-element-button\" href=\"https:\/\/insektenliebe.com\/shop\/haltung\/single\/\" style=\"border-radius:5px;padding-top:var(--wp--preset--spacing--40);padding-right:var(--wp--preset--spacing--70);padding-bottom:var(--wp--preset--spacing--40);padding-left:var(--wp--preset--spacing--70);text-transform:capitalize\">Einzelhaltung<\/a><\/div>\n\n\n\n<div class=\"wp-block-button\"><a class=\"wp-block-button__link wp-element-button\" href=\"https:\/\/insektenliebe.com\/shop\/haltung\/group\/\" style=\"border-radius:5px;padding-top:var(--wp--preset--spacing--40);padding-right:var(--wp--preset--spacing--70);padding-bottom:var(--wp--preset--spacing--40);padding-left:var(--wp--preset--spacing--70);text-transform:capitalize\">Gruppenterrarium<\/a><\/div>\n<\/div>\n<\/div>\n\n\n\n<div style=\"height:90px\" aria-hidden=\"true\" class=\"wp-block-spacer\"><\/div>\n\n\n\n<p><\/p>\n","protected":false},"excerpt":{"rendered":"<p>Unser Assel-O-Mat hilft dabei, die perfekte Assel-Art f\u00fcr individuelle Bed\u00fcrfnisse zu finden. Durch das Beantworten einiger Fragen wird eine passende Auswahl an Assel-Arten pr\u00e4sentiert. Hier gehen wir auf Deine pers\u00f6nlichen Bed\u00fcrfnisse und Gegebenheiten ein. Im Assel-O-Mat erlebst du eine pers\u00f6nliche Beratung, die Dir am Ende die Assel-Arten pr\u00e4sentiert, die f\u00fcr Dein Einsatzgebiet und Deinen Wissensstand [&hellip;]<\/p>\n","protected":false},"author":1,"featured_media":137147,"parent":9,"menu_order":0,"comment_status":"closed","ping_status":"closed","template":"","meta":{"_acf_changed":false,"footnotes":""},"tags":[],"class_list":["post-3878","page","type-page","status-publish","has-post-thumbnail","hentry"],"acf":[],"yoast_head":"<!-- This site is optimized with the Yoast SEO plugin v27.3 - https:\/\/yoast.com\/product\/yoast-seo-wordpress\/ -->\n<title>Assel-O-Mat - Insektenliebe<\/title>\n<meta name=\"robots\" content=\"index, follow, max-snippet:-1, max-image-preview:large, max-video-preview:-1\" \/>\n<link rel=\"canonical\" href=\"https:\/\/insektenliebe.com\/de\/shop\/assel-o-mat\/\" \/>\n<meta property=\"og:locale\" content=\"de_DE\" \/>\n<meta property=\"og:type\" content=\"article\" \/>\n<meta property=\"og:title\" content=\"Assel-O-Mat - Insektenliebe\" \/>\n<meta property=\"og:description\" content=\"Unser Assel-O-Mat hilft dabei, die perfekte Assel-Art f\u00fcr individuelle Bed\u00fcrfnisse zu finden. Durch das Beantworten einiger Fragen wird eine passende Auswahl an Assel-Arten pr\u00e4sentiert. Hier gehen wir auf Deine pers\u00f6nlichen Bed\u00fcrfnisse und Gegebenheiten ein. Im Assel-O-Mat erlebst du eine pers\u00f6nliche Beratung, die Dir am Ende die Assel-Arten pr\u00e4sentiert, die f\u00fcr Dein Einsatzgebiet und Deinen Wissensstand [&hellip;]\" \/>\n<meta property=\"og:url\" content=\"https:\/\/insektenliebe.com\/de\/shop\/assel-o-mat\/\" \/>\n<meta property=\"og:site_name\" content=\"Insektenliebe\" \/>\n<meta property=\"article:modified_time\" content=\"2025-07-17T13:43:45+00:00\" \/>\n<meta property=\"og:image\" content=\"https:\/\/insektenliebe.com\/wp-content\/uploads\/2022\/01\/Asseln-scaled.jpg\" \/>\n\t<meta property=\"og:image:width\" content=\"2560\" \/>\n\t<meta property=\"og:image:height\" content=\"1707\" \/>\n\t<meta property=\"og:image:type\" content=\"image\/jpeg\" \/>\n<meta name=\"twitter:card\" content=\"summary_large_image\" \/>\n<meta name=\"twitter:label1\" content=\"Gesch\u00e4tzte Lesezeit\" \/>\n\t<meta name=\"twitter:data1\" content=\"2\u00a0Minuten\" \/>\n<script type=\"application\/ld+json\" class=\"yoast-schema-graph\">{\"@context\":\"https:\\\/\\\/schema.org\",\"@graph\":[{\"@type\":\"WebPage\",\"@id\":\"https:\\\/\\\/insektenliebe.com\\\/de\\\/shop\\\/assel-o-mat\\\/\",\"url\":\"https:\\\/\\\/insektenliebe.com\\\/de\\\/shop\\\/assel-o-mat\\\/\",\"name\":\"Assel-O-Mat - Insektenliebe\",\"isPartOf\":{\"@id\":\"https:\\\/\\\/insektenliebe.com\\\/de\\\/#website\"},\"primaryImageOfPage\":{\"@id\":\"https:\\\/\\\/insektenliebe.com\\\/de\\\/shop\\\/assel-o-mat\\\/#primaryimage\"},\"image\":{\"@id\":\"https:\\\/\\\/insektenliebe.com\\\/de\\\/shop\\\/assel-o-mat\\\/#primaryimage\"},\"thumbnailUrl\":\"https:\\\/\\\/insektenliebe.com\\\/wp-content\\\/uploads\\\/2022\\\/01\\\/Asseln-scaled.jpg\",\"datePublished\":\"2025-04-28T16:30:49+00:00\",\"dateModified\":\"2025-07-17T13:43:45+00:00\",\"breadcrumb\":{\"@id\":\"https:\\\/\\\/insektenliebe.com\\\/de\\\/shop\\\/assel-o-mat\\\/#breadcrumb\"},\"inLanguage\":\"de\",\"potentialAction\":[{\"@type\":\"ReadAction\",\"target\":[\"https:\\\/\\\/insektenliebe.com\\\/de\\\/shop\\\/assel-o-mat\\\/\"]}]},{\"@type\":\"ImageObject\",\"inLanguage\":\"de\",\"@id\":\"https:\\\/\\\/insektenliebe.com\\\/de\\\/shop\\\/assel-o-mat\\\/#primaryimage\",\"url\":\"https:\\\/\\\/insektenliebe.com\\\/wp-content\\\/uploads\\\/2022\\\/01\\\/Asseln-scaled.jpg\",\"contentUrl\":\"https:\\\/\\\/insektenliebe.com\\\/wp-content\\\/uploads\\\/2022\\\/01\\\/Asseln-scaled.jpg\",\"width\":2560,\"height\":1707,\"caption\":\"Asseln\"},{\"@type\":\"BreadcrumbList\",\"@id\":\"https:\\\/\\\/insektenliebe.com\\\/de\\\/shop\\\/assel-o-mat\\\/#breadcrumb\",\"itemListElement\":[{\"@type\":\"ListItem\",\"position\":1,\"name\":\"Startseite\",\"item\":\"https:\\\/\\\/insektenliebe.com\\\/de\\\/\"},{\"@type\":\"ListItem\",\"position\":2,\"name\":\"Shop\",\"item\":\"https:\\\/\\\/insektenliebe.com\\\/de\\\/shop\\\/\"},{\"@type\":\"ListItem\",\"position\":3,\"name\":\"Assel-O-Mat\"}]},{\"@type\":\"WebSite\",\"@id\":\"https:\\\/\\\/insektenliebe.com\\\/de\\\/#website\",\"url\":\"https:\\\/\\\/insektenliebe.com\\\/de\\\/\",\"name\":\"Insektenliebe\",\"description\":\"Dein Zuhause f\u00fcr die kleinen Lebewesen\",\"publisher\":{\"@id\":\"https:\\\/\\\/insektenliebe.com\\\/de\\\/#organization\"},\"potentialAction\":[{\"@type\":\"SearchAction\",\"target\":{\"@type\":\"EntryPoint\",\"urlTemplate\":\"https:\\\/\\\/insektenliebe.com\\\/de\\\/?s={search_term_string}\"},\"query-input\":{\"@type\":\"PropertyValueSpecification\",\"valueRequired\":true,\"valueName\":\"search_term_string\"}}],\"inLanguage\":\"de\"},{\"@type\":\"Organization\",\"@id\":\"https:\\\/\\\/insektenliebe.com\\\/de\\\/#organization\",\"name\":\"Insektenliebe\",\"url\":\"https:\\\/\\\/insektenliebe.com\\\/de\\\/\",\"logo\":{\"@type\":\"ImageObject\",\"inLanguage\":\"de\",\"@id\":\"https:\\\/\\\/insektenliebe.com\\\/de\\\/#\\\/schema\\\/logo\\\/image\\\/\",\"url\":\"https:\\\/\\\/insektenliebe.com\\\/wp-content\\\/uploads\\\/2025\\\/03\\\/logo-white.png\",\"contentUrl\":\"https:\\\/\\\/insektenliebe.com\\\/wp-content\\\/uploads\\\/2025\\\/03\\\/logo-white.png\",\"width\":288,\"height\":188,\"caption\":\"Insektenliebe\"},\"image\":{\"@id\":\"https:\\\/\\\/insektenliebe.com\\\/de\\\/#\\\/schema\\\/logo\\\/image\\\/\"}}]}<\/script>\n<!-- \/ Yoast SEO plugin. -->","yoast_head_json":{"title":"Assel-O-Mat - Insektenliebe","robots":{"index":"index","follow":"follow","max-snippet":"max-snippet:-1","max-image-preview":"max-image-preview:large","max-video-preview":"max-video-preview:-1"},"canonical":"https:\/\/insektenliebe.com\/de\/shop\/assel-o-mat\/","og_locale":"de_DE","og_type":"article","og_title":"Assel-O-Mat - Insektenliebe","og_description":"Unser Assel-O-Mat hilft dabei, die perfekte Assel-Art f\u00fcr individuelle Bed\u00fcrfnisse zu finden. Durch das Beantworten einiger Fragen wird eine passende Auswahl an Assel-Arten pr\u00e4sentiert. Hier gehen wir auf Deine pers\u00f6nlichen Bed\u00fcrfnisse und Gegebenheiten ein. Im Assel-O-Mat erlebst du eine pers\u00f6nliche Beratung, die Dir am Ende die Assel-Arten pr\u00e4sentiert, die f\u00fcr Dein Einsatzgebiet und Deinen Wissensstand [&hellip;]","og_url":"https:\/\/insektenliebe.com\/de\/shop\/assel-o-mat\/","og_site_name":"Insektenliebe","article_modified_time":"2025-07-17T13:43:45+00:00","og_image":[{"width":2560,"height":1707,"url":"https:\/\/insektenliebe.com\/wp-content\/uploads\/2022\/01\/Asseln-scaled.jpg","type":"image\/jpeg"}],"twitter_card":"summary_large_image","twitter_misc":{"Gesch\u00e4tzte Lesezeit":"2\u00a0Minuten"},"schema":{"@context":"https:\/\/schema.org","@graph":[{"@type":"WebPage","@id":"https:\/\/insektenliebe.com\/de\/shop\/assel-o-mat\/","url":"https:\/\/insektenliebe.com\/de\/shop\/assel-o-mat\/","name":"Assel-O-Mat - Insektenliebe","isPartOf":{"@id":"https:\/\/insektenliebe.com\/de\/#website"},"primaryImageOfPage":{"@id":"https:\/\/insektenliebe.com\/de\/shop\/assel-o-mat\/#primaryimage"},"image":{"@id":"https:\/\/insektenliebe.com\/de\/shop\/assel-o-mat\/#primaryimage"},"thumbnailUrl":"https:\/\/insektenliebe.com\/wp-content\/uploads\/2022\/01\/Asseln-scaled.jpg","datePublished":"2025-04-28T16:30:49+00:00","dateModified":"2025-07-17T13:43:45+00:00","breadcrumb":{"@id":"https:\/\/insektenliebe.com\/de\/shop\/assel-o-mat\/#breadcrumb"},"inLanguage":"de","potentialAction":[{"@type":"ReadAction","target":["https:\/\/insektenliebe.com\/de\/shop\/assel-o-mat\/"]}]},{"@type":"ImageObject","inLanguage":"de","@id":"https:\/\/insektenliebe.com\/de\/shop\/assel-o-mat\/#primaryimage","url":"https:\/\/insektenliebe.com\/wp-content\/uploads\/2022\/01\/Asseln-scaled.jpg","contentUrl":"https:\/\/insektenliebe.com\/wp-content\/uploads\/2022\/01\/Asseln-scaled.jpg","width":2560,"height":1707,"caption":"Asseln"},{"@type":"BreadcrumbList","@id":"https:\/\/insektenliebe.com\/de\/shop\/assel-o-mat\/#breadcrumb","itemListElement":[{"@type":"ListItem","position":1,"name":"Startseite","item":"https:\/\/insektenliebe.com\/de\/"},{"@type":"ListItem","position":2,"name":"Shop","item":"https:\/\/insektenliebe.com\/de\/shop\/"},{"@type":"ListItem","position":3,"name":"Assel-O-Mat"}]},{"@type":"WebSite","@id":"https:\/\/insektenliebe.com\/de\/#website","url":"https:\/\/insektenliebe.com\/de\/","name":"Insektenliebe","description":"Dein Zuhause f\u00fcr die kleinen Lebewesen","publisher":{"@id":"https:\/\/insektenliebe.com\/de\/#organization"},"potentialAction":[{"@type":"SearchAction","target":{"@type":"EntryPoint","urlTemplate":"https:\/\/insektenliebe.com\/de\/?s={search_term_string}"},"query-input":{"@type":"PropertyValueSpecification","valueRequired":true,"valueName":"search_term_string"}}],"inLanguage":"de"},{"@type":"Organization","@id":"https:\/\/insektenliebe.com\/de\/#organization","name":"Insektenliebe","url":"https:\/\/insektenliebe.com\/de\/","logo":{"@type":"ImageObject","inLanguage":"de","@id":"https:\/\/insektenliebe.com\/de\/#\/schema\/logo\/image\/","url":"https:\/\/insektenliebe.com\/wp-content\/uploads\/2025\/03\/logo-white.png","contentUrl":"https:\/\/insektenliebe.com\/wp-content\/uploads\/2025\/03\/logo-white.png","width":288,"height":188,"caption":"Insektenliebe"},"image":{"@id":"https:\/\/insektenliebe.com\/de\/#\/schema\/logo\/image\/"}}]}},"_links":{"self":[{"href":"https:\/\/insektenliebe.com\/de\/wp-json\/wp\/v2\/pages\/3878","targetHints":{"allow":["GET"]}}],"collection":[{"href":"https:\/\/insektenliebe.com\/de\/wp-json\/wp\/v2\/pages"}],"about":[{"href":"https:\/\/insektenliebe.com\/de\/wp-json\/wp\/v2\/types\/page"}],"author":[{"embeddable":true,"href":"https:\/\/insektenliebe.com\/de\/wp-json\/wp\/v2\/users\/1"}],"replies":[{"embeddable":true,"href":"https:\/\/insektenliebe.com\/de\/wp-json\/wp\/v2\/comments?post=3878"}],"version-history":[{"count":10,"href":"https:\/\/insektenliebe.com\/de\/wp-json\/wp\/v2\/pages\/3878\/revisions"}],"predecessor-version":[{"id":141300,"href":"https:\/\/insektenliebe.com\/de\/wp-json\/wp\/v2\/pages\/3878\/revisions\/141300"}],"up":[{"embeddable":true,"href":"https:\/\/insektenliebe.com\/de\/wp-json\/wp\/v2\/pages\/9"}],"wp:featuredmedia":[{"embeddable":true,"href":"https:\/\/insektenliebe.com\/de\/wp-json\/wp\/v2\/media\/137147"}],"wp:attachment":[{"href":"https:\/\/insektenliebe.com\/de\/wp-json\/wp\/v2\/media?parent=3878"}],"wp:term":[{"taxonomy":"post_tag","embeddable":true,"href":"https:\/\/insektenliebe.com\/de\/wp-json\/wp\/v2\/tags?post=3878"}],"curies":[{"name":"wp","href":"https:\/\/api.w.org\/{rel}","templated":true}]}}