{"id":2664,"date":"2018-04-09T14:24:07","date_gmt":"2018-04-09T14:24:07","guid":{"rendered":"https:\/\/insektenliebe.com\/?page_id=2664"},"modified":"2025-07-17T15:43:48","modified_gmt":"2025-07-17T13:43:48","slug":"zahlungen","status":"publish","type":"page","link":"https:\/\/insektenliebe.com\/de\/shop\/zahlungen\/","title":{"rendered":"Zahlungen"},"content":{"rendered":"\n<div class=\"wp-block-columns is-layout-flex wp-container-core-columns-is-layout-678597d8 wp-block-columns-is-layout-flex\" style=\"border-bottom-color:var(--wp--preset--color--custom-lichtgrau);border-bottom-width:1px;padding-bottom:var(--wp--preset--spacing--30)\">\n<div class=\"wp-block-column is-vertically-aligned-center is-layout-flow wp-block-column-is-layout-flow\" style=\"flex-basis:25%\">\n<figure class=\"wp-block-image aligncenter size-full is-resized hover-grau\"><img loading=\"lazy\" decoding=\"async\" width=\"593\" height=\"585\" src=\"https:\/\/insektenliebe.com\/wp-content\/uploads\/2025\/06\/Paypal_2014_logo.png\" alt=\"\" class=\"wp-image-141377\" style=\"width:150px\" srcset=\"https:\/\/insektenliebe.com\/wp-content\/uploads\/2025\/06\/Paypal_2014_logo.png 593w, https:\/\/insektenliebe.com\/wp-content\/uploads\/2025\/06\/Paypal_2014_logo-300x296.png 300w, https:\/\/insektenliebe.com\/wp-content\/uploads\/2025\/06\/Paypal_2014_logo-100x100.png 100w\" sizes=\"auto, (max-width: 593px) 100vw, 593px\" \/><\/figure>\n<\/div>\n\n\n\n<div class=\"wp-block-column is-layout-flow wp-block-column-is-layout-flow\" style=\"flex-basis:66.66%\">\n<h2 class=\"wp-block-heading has-large-font-size\" style=\"text-transform:uppercase\">BEZAHLUNG MIT PAYPAL<\/h2>\n\n\n\n<p>Nach Eingabe deiner Versand- und Rechnungsinformationen kannst du PayPal als Zahlungsmethode ausw\u00e4hlen. <\/p>\n\n\n\n<p>Nachdem du den Kauf best\u00e4tigt hast, wirst du auf die Login-Seite von PayPal weitergeleitet, wo du deine Login-Daten eingibst und die Zahlung abschlie\u00dfen kannst.<\/p>\n\n\n\n<p>Wenn du kein PayPal-Konto hast, kannst du \u00fcber die Login-Seite von PayPal schnell und sicher ein neues Konto einrichten.<\/p>\n<\/div>\n<\/div>\n\n\n\n<div class=\"wp-block-columns is-layout-flex wp-container-core-columns-is-layout-9d134d96 wp-block-columns-is-layout-flex\" style=\"border-bottom-color:var(--wp--preset--color--custom-lichtgrau);border-bottom-width:1px;margin-top:var(--wp--preset--spacing--30);padding-bottom:var(--wp--preset--spacing--30)\">\n<div class=\"wp-block-column is-vertically-aligned-center is-layout-flow wp-block-column-is-layout-flow\" style=\"flex-basis:25%\">\n<figure class=\"wp-block-image aligncenter size-large is-resized hover-color\"><img loading=\"lazy\" decoding=\"async\" width=\"1024\" height=\"570\" src=\"https:\/\/insektenliebe.com\/wp-content\/uploads\/2025\/06\/Klarna_Payment_Badge.svg-1-1024x570.webp\" alt=\"\" class=\"wp-image-141378\" style=\"width:150px\" srcset=\"https:\/\/insektenliebe.com\/wp-content\/uploads\/2025\/06\/Klarna_Payment_Badge.svg-1-1024x570.webp 1024w, https:\/\/insektenliebe.com\/wp-content\/uploads\/2025\/06\/Klarna_Payment_Badge.svg-1-300x167.webp 300w, https:\/\/insektenliebe.com\/wp-content\/uploads\/2025\/06\/Klarna_Payment_Badge.svg-1-768x427.webp 768w, https:\/\/insektenliebe.com\/wp-content\/uploads\/2025\/06\/Klarna_Payment_Badge.svg-1-1536x854.webp 1536w, https:\/\/insektenliebe.com\/wp-content\/uploads\/2025\/06\/Klarna_Payment_Badge.svg-1-2048x1139.webp 2048w, https:\/\/insektenliebe.com\/wp-content\/uploads\/2025\/06\/Klarna_Payment_Badge.svg-1-600x334.webp 600w\" sizes=\"auto, (max-width: 1024px) 100vw, 1024px\" \/><\/figure>\n<\/div>\n\n\n\n<div class=\"wp-block-column is-layout-flow wp-block-column-is-layout-flow\" style=\"flex-basis:66.66%\">\n<h2 class=\"wp-block-heading has-large-font-size\" style=\"text-transform:uppercase\">BEZAHLUNG MIT Klarna<\/h2>\n\n\n\n<p>Einfache und unkomplizierte Bezahlung mit Klarna:<\/p>\n\n\n\n<p>Du meldest dich mit deinem Klarna-Konto an und kannst dann \u00fcber die Zahlungsarten verf\u00fcgen, die du bereits bei Klarna ausgew\u00e4hlt und eingestellt hast. So musst du nicht deine Daten erneut eingeben und kannst ganz bequem und einfach \u00fcber dein Konto bei Klarna deine Rechnung begleichen.<\/p>\n<\/div>\n<\/div>\n\n\n\n<div class=\"wp-block-columns is-layout-flex wp-container-core-columns-is-layout-9d134d96 wp-block-columns-is-layout-flex\" style=\"border-bottom-color:var(--wp--preset--color--custom-lichtgrau);border-bottom-width:1px;margin-top:var(--wp--preset--spacing--30);padding-bottom:var(--wp--preset--spacing--30)\">\n<div class=\"wp-block-column is-vertically-aligned-center is-layout-flow wp-block-column-is-layout-flow\" style=\"flex-basis:25%\">\n<figure class=\"wp-block-image aligncenter size-full is-resized hover-color\"><img loading=\"lazy\" decoding=\"async\" width=\"989\" height=\"458\" src=\"https:\/\/insektenliebe.com\/wp-content\/uploads\/2025\/06\/vorkasse1-1.jpg\" alt=\"\" class=\"wp-image-141379\" style=\"width:150px\" srcset=\"https:\/\/insektenliebe.com\/wp-content\/uploads\/2025\/06\/vorkasse1-1.jpg 989w, https:\/\/insektenliebe.com\/wp-content\/uploads\/2025\/06\/vorkasse1-1-300x139.jpg 300w, https:\/\/insektenliebe.com\/wp-content\/uploads\/2025\/06\/vorkasse1-1-768x356.jpg 768w, https:\/\/insektenliebe.com\/wp-content\/uploads\/2025\/06\/vorkasse1-1-600x278.jpg 600w\" sizes=\"auto, (max-width: 989px) 100vw, 989px\" \/><\/figure>\n<\/div>\n\n\n\n<div class=\"wp-block-column is-layout-flow wp-block-column-is-layout-flow\" style=\"flex-basis:66.66%\">\n<h2 class=\"wp-block-heading has-large-font-size\" style=\"text-transform:uppercase\">BEZAHLUNG MIT VORKASSE<\/h2>\n\n\n\n<p>Bei Bezahlung per Vorkasse bekommst du in deiner Bestellbest\u00e4tigung unsere Bankverbindung mitgeteilt. Sobald der f\u00e4llige Betrag bei uns eingegangen ist, werden wir die Ware an dich versenden.<\/p>\n\n\n\n<p>Wenn wir innerhalb von 20 Tagen keinen Zahlungseingang registrieren k\u00f6nnen, m\u00fcssen wir deine Reservierung der Ware leider aufheben. Sollte nach 30 Tagen kein Eingang der Vorkasse verzeichnet werden k\u00f6nnen, wird deine Bestellung automatisch storniert und gel\u00f6scht.<\/p>\n<\/div>\n<\/div>\n\n\n\n<div class=\"wp-block-columns is-layout-flex wp-container-core-columns-is-layout-9d134d96 wp-block-columns-is-layout-flex\" style=\"border-bottom-color:var(--wp--preset--color--custom-lichtgrau);border-bottom-width:1px;margin-top:var(--wp--preset--spacing--30);padding-bottom:var(--wp--preset--spacing--30)\">\n<div class=\"wp-block-column is-vertically-aligned-center is-layout-flow wp-block-column-is-layout-flow\" style=\"flex-basis:25%\">\n<figure class=\"wp-block-image aligncenter size-large is-resized hover-color\"><img loading=\"lazy\" decoding=\"async\" width=\"1024\" height=\"421\" src=\"https:\/\/insektenliebe.com\/wp-content\/uploads\/2025\/06\/Apple_Pay_logo.svg-1024x421.png\" alt=\"\" class=\"wp-image-141380\" style=\"width:150px\" srcset=\"https:\/\/insektenliebe.com\/wp-content\/uploads\/2025\/06\/Apple_Pay_logo.svg-1024x421.png 1024w, https:\/\/insektenliebe.com\/wp-content\/uploads\/2025\/06\/Apple_Pay_logo.svg-300x123.png 300w, https:\/\/insektenliebe.com\/wp-content\/uploads\/2025\/06\/Apple_Pay_logo.svg-768x316.png 768w, https:\/\/insektenliebe.com\/wp-content\/uploads\/2025\/06\/Apple_Pay_logo.svg-600x247.png 600w, https:\/\/insektenliebe.com\/wp-content\/uploads\/2025\/06\/Apple_Pay_logo.svg.png 1200w\" sizes=\"auto, (max-width: 1024px) 100vw, 1024px\" \/><\/figure>\n<\/div>\n\n\n\n<div class=\"wp-block-column is-layout-flow wp-block-column-is-layout-flow\" style=\"flex-basis:66.66%\">\n<h2 class=\"wp-block-heading has-large-font-size\" style=\"text-transform:uppercase\">BEZAHLUNG MIT Apple Pay<\/h2>\n\n\n\n<p>Mit Apple Pay kannst du schnell und sicher bezahlen. W\u00e4hle Apple Pay als Zahlungsmethode aus und best\u00e4tige die Zahlung mit Face ID, Touch ID oder deinem Ger\u00e4tecode. Deine Kreditkarteninformationen werden dabei nicht an uns \u00fcbermittelt, was zus\u00e4tzliche Sicherheit bietet.<\/p>\n\n\n\n<p>Nach erfolgreicher Best\u00e4tigung der Zahlung wird deine Bestellung umgehend bearbeitet und die Ware so schnell wie m\u00f6glich an dich versendet.<\/p>\n<\/div>\n<\/div>\n\n\n\n<div class=\"wp-block-columns is-layout-flex wp-container-core-columns-is-layout-9d134d96 wp-block-columns-is-layout-flex\" style=\"border-bottom-color:var(--wp--preset--color--custom-lichtgrau);border-bottom-width:1px;margin-top:var(--wp--preset--spacing--30);padding-bottom:var(--wp--preset--spacing--30)\">\n<div class=\"wp-block-column is-vertically-aligned-center is-layout-flow wp-block-column-is-layout-flow\" style=\"flex-basis:25%\">\n<figure class=\"wp-block-image aligncenter size-large is-resized hover-color\"><img loading=\"lazy\" decoding=\"async\" width=\"1024\" height=\"488\" src=\"https:\/\/insektenliebe.com\/wp-content\/uploads\/2025\/06\/Google_Pay_Logo.svg-1024x488.png\" alt=\"\" class=\"wp-image-141381\" style=\"width:150px\" srcset=\"https:\/\/insektenliebe.com\/wp-content\/uploads\/2025\/06\/Google_Pay_Logo.svg-1024x488.png 1024w, https:\/\/insektenliebe.com\/wp-content\/uploads\/2025\/06\/Google_Pay_Logo.svg-300x143.png 300w, https:\/\/insektenliebe.com\/wp-content\/uploads\/2025\/06\/Google_Pay_Logo.svg-768x366.png 768w, https:\/\/insektenliebe.com\/wp-content\/uploads\/2025\/06\/Google_Pay_Logo.svg-600x286.png 600w, https:\/\/insektenliebe.com\/wp-content\/uploads\/2025\/06\/Google_Pay_Logo.svg.png 1200w\" sizes=\"auto, (max-width: 1024px) 100vw, 1024px\" \/><\/figure>\n<\/div>\n\n\n\n<div class=\"wp-block-column is-layout-flow wp-block-column-is-layout-flow\" style=\"flex-basis:66.66%\">\n<h2 class=\"wp-block-heading has-large-font-size\" style=\"text-transform:uppercase\">BEZAHLUNG MIT Google Pay<\/h2>\n\n\n\n<p>Mit Google Pay kannst du deine Eink\u00e4ufe einfach und sicher \u00fcber dein Smartphone abwickeln. W\u00e4hle im Bezahlvorgang Google Pay als Zahlungsoption. Die Zahlung erfolgt dann \u00fcber die verkn\u00fcpfte Karte in deiner Google Pay App, wobei keine sensiblen Kreditkartendaten an uns \u00fcbermittelt werden. Das sorgt f\u00fcr ein hohes Ma\u00df an Sicherheit.<\/p>\n\n\n\n<p>Sobald die Zahlung best\u00e4tigt ist, setzen wir alles in Bewegung, um deine Bestellung so schnell wie m\u00f6glich zu versenden.<\/p>\n<\/div>\n<\/div>\n\n\n\n<div class=\"wp-block-columns is-layout-flex wp-container-core-columns-is-layout-9d134d96 wp-block-columns-is-layout-flex\" style=\"border-bottom-color:var(--wp--preset--color--custom-lichtgrau);border-bottom-width:1px;margin-top:var(--wp--preset--spacing--30);padding-bottom:var(--wp--preset--spacing--30)\">\n<div class=\"wp-block-column is-vertically-aligned-center is-layout-flow wp-block-column-is-layout-flow\" style=\"flex-basis:25%\">\n<figure class=\"wp-block-image aligncenter size-full is-resized hover-color\"><img decoding=\"async\" src=\"https:\/\/insektenliebe.com\/wp-content\/uploads\/2025\/06\/IDEAL_Bezahlsystem_logo.svg\" alt=\"\" class=\"wp-image-141382\" style=\"width:150px\"\/><\/figure>\n<\/div>\n\n\n\n<div class=\"wp-block-column is-layout-flow wp-block-column-is-layout-flow\" style=\"flex-basis:66.66%\">\n<h2 class=\"wp-block-heading has-large-font-size\" style=\"text-transform:uppercase\">BEZAHLUNG MIT iDEAL<\/h2>\n\n\n\n<p>Mit iDEAL kannst du deine Online-K\u00e4ufe bequem und sicher \u00fcber dein eigenes Bankkonto abwickeln. W\u00e4hle iDEAL als Zahlungsmethode im Kassenbereich und folge den Anweisungen, um die Zahlung \u00fcber das Online-Banking deiner Bank zu autorisieren. Deine Bankdaten bleiben dabei gesch\u00fctzt und werden nicht an uns \u00fcbermittelt, was maximale Sicherheit gew\u00e4hrleistet.<\/p>\n\n\n\n<p>Nach der Best\u00e4tigung deiner Zahlung wird deine Bestellung verarbeitet und die Ware schnellstm\u00f6glich an dich versendet.<\/p>\n<\/div>\n<\/div>\n\n\n\n<div class=\"wp-block-columns is-layout-flex wp-container-core-columns-is-layout-9d134d96 wp-block-columns-is-layout-flex\" style=\"border-bottom-color:var(--wp--preset--color--custom-lichtgrau);border-bottom-width:1px;margin-top:var(--wp--preset--spacing--30);padding-bottom:var(--wp--preset--spacing--30)\">\n<div class=\"wp-block-column is-vertically-aligned-center is-layout-flow wp-block-column-is-layout-flow\" style=\"flex-basis:25%\">\n<figure class=\"wp-block-image aligncenter size-full is-resized hover-color\"><img loading=\"lazy\" decoding=\"async\" width=\"394\" height=\"334\" src=\"https:\/\/insektenliebe.com\/wp-content\/uploads\/2025\/06\/logos-secure_394x0.png\" alt=\"\" class=\"wp-image-141383\" style=\"width:150px\" srcset=\"https:\/\/insektenliebe.com\/wp-content\/uploads\/2025\/06\/logos-secure_394x0.png 394w, https:\/\/insektenliebe.com\/wp-content\/uploads\/2025\/06\/logos-secure_394x0-300x254.png 300w\" sizes=\"auto, (max-width: 394px) 100vw, 394px\" \/><\/figure>\n<\/div>\n\n\n\n<div class=\"wp-block-column is-layout-flow wp-block-column-is-layout-flow\" style=\"flex-basis:66.66%\">\n<h2 class=\"wp-block-heading has-large-font-size\" style=\"text-transform:uppercase\">BEZAHLUNG MIT Kredit- und Debitkarten<\/h2>\n\n\n\n<p>Nutze deine Kredit- oder Debitkarte f\u00fcr schnelle und sichere Zahlungen. W\u00e4hle an der Kasse die Option \"Kredit-\/Debitkarte\" und gib die erforderlichen Kartendetails ein. Wir verwenden fortschrittliche Verschl\u00fcsselungstechnologien, um sicherzustellen, dass deine Kartendaten gesch\u00fctzt \u00fcbermittelt und verarbeitet werden.<\/p>\n\n\n\n<p>Sobald deine Zahlung genehmigt ist, wird die Bestellung sofort bearbeitet und die Ware so schnell wie m\u00f6glich an dich versendet<\/p>\n<\/div>\n<\/div>\n\n\n\n<h2 class=\"wp-block-heading\">ZAHLUNGSVERKEHR:<\/h2>\n\n\n\n<div class=\"wp-block-columns is-layout-flex wp-container-core-columns-is-layout-28f84493 wp-block-columns-is-layout-flex\">\n<div class=\"wp-block-column is-layout-flow wp-block-column-is-layout-flow\">\n<div class=\"wp-block-columns are-vertically-aligned-center is-layout-flex wp-container-core-columns-is-layout-28f84493 wp-block-columns-is-layout-flex\">\n<div class=\"wp-block-column is-vertically-aligned-center is-layout-flow wp-block-column-is-layout-flow\" style=\"flex-basis:33.33%\">\n<figure class=\"wp-block-image\"><img decoding=\"async\" src=\"https:\/\/insektenliebe.com\/wp-content\/uploads\/2022\/07\/banktransfer-1.jpg\" alt=\"banktransfer\"\/><\/figure>\n<\/div>\n\n\n\n<div class=\"wp-block-column is-vertically-aligned-center is-layout-flow wp-block-column-is-layout-flow\" style=\"flex-basis:66.66%\">\n<p><strong>Bankverbindung:<\/strong><br>Name der Bank: Volksbank Ermstal-Alb eG<br>Kontoinhaber: Insektenliebe GmbH<br>IBAN: DE68 6409 1200 0228 8230 05<br>BIC \/ Swift: GENODES1MTZ<\/p>\n<\/div>\n<\/div>\n\n\n\n<figure class=\"wp-block-image alignleft is-resized\"><img decoding=\"async\" src=\"https:\/\/insektenliebe.com\/wp-content\/uploads\/2024\/11\/QR-Code-Bank-1.jpg\" alt=\"QR-Code Bank\" style=\"width:400px\"\/><\/figure>\n<\/div>\n\n\n\n<div class=\"wp-block-column is-layout-flow wp-block-column-is-layout-flow\">\n<div class=\"wp-block-columns are-vertically-aligned-center is-layout-flex wp-container-core-columns-is-layout-28f84493 wp-block-columns-is-layout-flex\">\n<div class=\"wp-block-column is-vertically-aligned-center is-layout-flow wp-block-column-is-layout-flow\" style=\"flex-basis:33.33%\">\n<figure class=\"wp-block-image\"><img decoding=\"async\" src=\"https:\/\/insektenliebe.com\/wp-content\/uploads\/2022\/07\/PayPal-Verkehr.jpg\" alt=\"PayPal-Verkehr\"\/><\/figure>\n<\/div>\n\n\n\n<div class=\"wp-block-column is-vertically-aligned-center is-layout-flow wp-block-column-is-layout-flow\" style=\"flex-basis:66.66%\">\n<p><strong>PayPal:<\/strong><br>service@insektenliebe.com<\/p>\n<\/div>\n<\/div>\n\n\n\n<figure class=\"wp-block-image alignleft is-resized\"><img decoding=\"async\" src=\"https:\/\/insektenliebe.com\/wp-content\/uploads\/2024\/11\/QR-Code-PayPal-1.jpg\" alt=\"QR-Code PayPal\" style=\"width:400px\"\/><\/figure>\n<\/div>\n<\/div>\n\n\n\n<div style=\"height:100px\" aria-hidden=\"true\" class=\"wp-block-spacer\"><\/div>\n","protected":false},"excerpt":{"rendered":"<p>BEZAHLUNG MIT PAYPAL Nach Eingabe deiner Versand- und Rechnungsinformationen kannst du PayPal als Zahlungsmethode ausw\u00e4hlen. Nachdem du den Kauf best\u00e4tigt hast, wirst du auf die Login-Seite von PayPal weitergeleitet, wo du deine Login-Daten eingibst und die Zahlung abschlie\u00dfen kannst. Wenn du kein PayPal-Konto hast, kannst du \u00fcber die Login-Seite von PayPal schnell und sicher ein [&hellip;]<\/p>\n","protected":false},"author":1,"featured_media":138333,"parent":9,"menu_order":0,"comment_status":"closed","ping_status":"closed","template":"","meta":{"_acf_changed":false,"footnotes":""},"tags":[],"class_list":["post-2664","page","type-page","status-publish","has-post-thumbnail","hentry"],"acf":[],"yoast_head":"<!-- This site is optimized with the Yoast SEO plugin v27.3 - https:\/\/yoast.com\/product\/yoast-seo-wordpress\/ -->\n<title>Zahlungen - Insektenliebe<\/title>\n<meta name=\"robots\" content=\"index, follow, max-snippet:-1, max-image-preview:large, max-video-preview:-1\" \/>\n<link rel=\"canonical\" href=\"https:\/\/insektenliebe.com\/de\/shop\/zahlungen\/\" \/>\n<meta property=\"og:locale\" content=\"de_DE\" \/>\n<meta property=\"og:type\" content=\"article\" \/>\n<meta property=\"og:title\" content=\"Zahlungen - Insektenliebe\" \/>\n<meta property=\"og:description\" content=\"BEZAHLUNG MIT PAYPAL Nach Eingabe deiner Versand- und Rechnungsinformationen kannst du PayPal als Zahlungsmethode ausw\u00e4hlen. Nachdem du den Kauf best\u00e4tigt hast, wirst du auf die Login-Seite von PayPal weitergeleitet, wo du deine Login-Daten eingibst und die Zahlung abschlie\u00dfen kannst. Wenn du kein PayPal-Konto hast, kannst du \u00fcber die Login-Seite von PayPal schnell und sicher ein [&hellip;]\" \/>\n<meta property=\"og:url\" content=\"https:\/\/insektenliebe.com\/de\/shop\/zahlungen\/\" \/>\n<meta property=\"og:site_name\" content=\"Insektenliebe\" \/>\n<meta property=\"article:modified_time\" content=\"2025-07-17T13:43:48+00:00\" \/>\n<meta property=\"og:image\" content=\"https:\/\/insektenliebe.com\/wp-content\/uploads\/2023\/06\/Terrarium-Farn.jpg\" \/>\n\t<meta property=\"og:image:width\" content=\"1280\" \/>\n\t<meta property=\"og:image:height\" content=\"853\" \/>\n\t<meta property=\"og:image:type\" content=\"image\/jpeg\" \/>\n<meta name=\"twitter:card\" content=\"summary_large_image\" \/>\n<meta name=\"twitter:label1\" content=\"Gesch\u00e4tzte Lesezeit\" \/>\n\t<meta name=\"twitter:data1\" content=\"5\u00a0Minuten\" \/>\n<script type=\"application\/ld+json\" class=\"yoast-schema-graph\">{\"@context\":\"https:\\\/\\\/schema.org\",\"@graph\":[{\"@type\":\"WebPage\",\"@id\":\"https:\\\/\\\/insektenliebe.com\\\/de\\\/shop\\\/zahlungen\\\/\",\"url\":\"https:\\\/\\\/insektenliebe.com\\\/de\\\/shop\\\/zahlungen\\\/\",\"name\":\"Zahlungen - Insektenliebe\",\"isPartOf\":{\"@id\":\"https:\\\/\\\/insektenliebe.com\\\/de\\\/#website\"},\"primaryImageOfPage\":{\"@id\":\"https:\\\/\\\/insektenliebe.com\\\/de\\\/shop\\\/zahlungen\\\/#primaryimage\"},\"image\":{\"@id\":\"https:\\\/\\\/insektenliebe.com\\\/de\\\/shop\\\/zahlungen\\\/#primaryimage\"},\"thumbnailUrl\":\"https:\\\/\\\/insektenliebe.com\\\/wp-content\\\/uploads\\\/2023\\\/06\\\/Terrarium-Farn.jpg\",\"datePublished\":\"2018-04-09T14:24:07+00:00\",\"dateModified\":\"2025-07-17T13:43:48+00:00\",\"breadcrumb\":{\"@id\":\"https:\\\/\\\/insektenliebe.com\\\/de\\\/shop\\\/zahlungen\\\/#breadcrumb\"},\"inLanguage\":\"de\",\"potentialAction\":[{\"@type\":\"ReadAction\",\"target\":[\"https:\\\/\\\/insektenliebe.com\\\/de\\\/shop\\\/zahlungen\\\/\"]}]},{\"@type\":\"ImageObject\",\"inLanguage\":\"de\",\"@id\":\"https:\\\/\\\/insektenliebe.com\\\/de\\\/shop\\\/zahlungen\\\/#primaryimage\",\"url\":\"https:\\\/\\\/insektenliebe.com\\\/wp-content\\\/uploads\\\/2023\\\/06\\\/Terrarium-Farn.jpg\",\"contentUrl\":\"https:\\\/\\\/insektenliebe.com\\\/wp-content\\\/uploads\\\/2023\\\/06\\\/Terrarium-Farn.jpg\",\"width\":1280,\"height\":853,\"caption\":\"Terrarium-Farn\"},{\"@type\":\"BreadcrumbList\",\"@id\":\"https:\\\/\\\/insektenliebe.com\\\/de\\\/shop\\\/zahlungen\\\/#breadcrumb\",\"itemListElement\":[{\"@type\":\"ListItem\",\"position\":1,\"name\":\"Startseite\",\"item\":\"https:\\\/\\\/insektenliebe.com\\\/de\\\/\"},{\"@type\":\"ListItem\",\"position\":2,\"name\":\"Shop\",\"item\":\"https:\\\/\\\/insektenliebe.com\\\/de\\\/shop\\\/\"},{\"@type\":\"ListItem\",\"position\":3,\"name\":\"Zahlungen\"}]},{\"@type\":\"WebSite\",\"@id\":\"https:\\\/\\\/insektenliebe.com\\\/de\\\/#website\",\"url\":\"https:\\\/\\\/insektenliebe.com\\\/de\\\/\",\"name\":\"Insektenliebe\",\"description\":\"Dein Zuhause f\u00fcr die kleinen Lebewesen\",\"publisher\":{\"@id\":\"https:\\\/\\\/insektenliebe.com\\\/de\\\/#organization\"},\"potentialAction\":[{\"@type\":\"SearchAction\",\"target\":{\"@type\":\"EntryPoint\",\"urlTemplate\":\"https:\\\/\\\/insektenliebe.com\\\/de\\\/?s={search_term_string}\"},\"query-input\":{\"@type\":\"PropertyValueSpecification\",\"valueRequired\":true,\"valueName\":\"search_term_string\"}}],\"inLanguage\":\"de\"},{\"@type\":\"Organization\",\"@id\":\"https:\\\/\\\/insektenliebe.com\\\/de\\\/#organization\",\"name\":\"Insektenliebe\",\"url\":\"https:\\\/\\\/insektenliebe.com\\\/de\\\/\",\"logo\":{\"@type\":\"ImageObject\",\"inLanguage\":\"de\",\"@id\":\"https:\\\/\\\/insektenliebe.com\\\/de\\\/#\\\/schema\\\/logo\\\/image\\\/\",\"url\":\"https:\\\/\\\/insektenliebe.com\\\/wp-content\\\/uploads\\\/2025\\\/03\\\/logo-white.png\",\"contentUrl\":\"https:\\\/\\\/insektenliebe.com\\\/wp-content\\\/uploads\\\/2025\\\/03\\\/logo-white.png\",\"width\":288,\"height\":188,\"caption\":\"Insektenliebe\"},\"image\":{\"@id\":\"https:\\\/\\\/insektenliebe.com\\\/de\\\/#\\\/schema\\\/logo\\\/image\\\/\"}}]}<\/script>\n<!-- \/ Yoast SEO plugin. -->","yoast_head_json":{"title":"Zahlungen - Insektenliebe","robots":{"index":"index","follow":"follow","max-snippet":"max-snippet:-1","max-image-preview":"max-image-preview:large","max-video-preview":"max-video-preview:-1"},"canonical":"https:\/\/insektenliebe.com\/de\/shop\/zahlungen\/","og_locale":"de_DE","og_type":"article","og_title":"Zahlungen - Insektenliebe","og_description":"BEZAHLUNG MIT PAYPAL Nach Eingabe deiner Versand- und Rechnungsinformationen kannst du PayPal als Zahlungsmethode ausw\u00e4hlen. Nachdem du den Kauf best\u00e4tigt hast, wirst du auf die Login-Seite von PayPal weitergeleitet, wo du deine Login-Daten eingibst und die Zahlung abschlie\u00dfen kannst. Wenn du kein PayPal-Konto hast, kannst du \u00fcber die Login-Seite von PayPal schnell und sicher ein [&hellip;]","og_url":"https:\/\/insektenliebe.com\/de\/shop\/zahlungen\/","og_site_name":"Insektenliebe","article_modified_time":"2025-07-17T13:43:48+00:00","og_image":[{"width":1280,"height":853,"url":"https:\/\/insektenliebe.com\/wp-content\/uploads\/2023\/06\/Terrarium-Farn.jpg","type":"image\/jpeg"}],"twitter_card":"summary_large_image","twitter_misc":{"Gesch\u00e4tzte Lesezeit":"5\u00a0Minuten"},"schema":{"@context":"https:\/\/schema.org","@graph":[{"@type":"WebPage","@id":"https:\/\/insektenliebe.com\/de\/shop\/zahlungen\/","url":"https:\/\/insektenliebe.com\/de\/shop\/zahlungen\/","name":"Zahlungen - Insektenliebe","isPartOf":{"@id":"https:\/\/insektenliebe.com\/de\/#website"},"primaryImageOfPage":{"@id":"https:\/\/insektenliebe.com\/de\/shop\/zahlungen\/#primaryimage"},"image":{"@id":"https:\/\/insektenliebe.com\/de\/shop\/zahlungen\/#primaryimage"},"thumbnailUrl":"https:\/\/insektenliebe.com\/wp-content\/uploads\/2023\/06\/Terrarium-Farn.jpg","datePublished":"2018-04-09T14:24:07+00:00","dateModified":"2025-07-17T13:43:48+00:00","breadcrumb":{"@id":"https:\/\/insektenliebe.com\/de\/shop\/zahlungen\/#breadcrumb"},"inLanguage":"de","potentialAction":[{"@type":"ReadAction","target":["https:\/\/insektenliebe.com\/de\/shop\/zahlungen\/"]}]},{"@type":"ImageObject","inLanguage":"de","@id":"https:\/\/insektenliebe.com\/de\/shop\/zahlungen\/#primaryimage","url":"https:\/\/insektenliebe.com\/wp-content\/uploads\/2023\/06\/Terrarium-Farn.jpg","contentUrl":"https:\/\/insektenliebe.com\/wp-content\/uploads\/2023\/06\/Terrarium-Farn.jpg","width":1280,"height":853,"caption":"Terrarium-Farn"},{"@type":"BreadcrumbList","@id":"https:\/\/insektenliebe.com\/de\/shop\/zahlungen\/#breadcrumb","itemListElement":[{"@type":"ListItem","position":1,"name":"Startseite","item":"https:\/\/insektenliebe.com\/de\/"},{"@type":"ListItem","position":2,"name":"Shop","item":"https:\/\/insektenliebe.com\/de\/shop\/"},{"@type":"ListItem","position":3,"name":"Zahlungen"}]},{"@type":"WebSite","@id":"https:\/\/insektenliebe.com\/de\/#website","url":"https:\/\/insektenliebe.com\/de\/","name":"Insektenliebe","description":"Dein Zuhause f\u00fcr die kleinen Lebewesen","publisher":{"@id":"https:\/\/insektenliebe.com\/de\/#organization"},"potentialAction":[{"@type":"SearchAction","target":{"@type":"EntryPoint","urlTemplate":"https:\/\/insektenliebe.com\/de\/?s={search_term_string}"},"query-input":{"@type":"PropertyValueSpecification","valueRequired":true,"valueName":"search_term_string"}}],"inLanguage":"de"},{"@type":"Organization","@id":"https:\/\/insektenliebe.com\/de\/#organization","name":"Insektenliebe","url":"https:\/\/insektenliebe.com\/de\/","logo":{"@type":"ImageObject","inLanguage":"de","@id":"https:\/\/insektenliebe.com\/de\/#\/schema\/logo\/image\/","url":"https:\/\/insektenliebe.com\/wp-content\/uploads\/2025\/03\/logo-white.png","contentUrl":"https:\/\/insektenliebe.com\/wp-content\/uploads\/2025\/03\/logo-white.png","width":288,"height":188,"caption":"Insektenliebe"},"image":{"@id":"https:\/\/insektenliebe.com\/de\/#\/schema\/logo\/image\/"}}]}},"_links":{"self":[{"href":"https:\/\/insektenliebe.com\/de\/wp-json\/wp\/v2\/pages\/2664","targetHints":{"allow":["GET"]}}],"collection":[{"href":"https:\/\/insektenliebe.com\/de\/wp-json\/wp\/v2\/pages"}],"about":[{"href":"https:\/\/insektenliebe.com\/de\/wp-json\/wp\/v2\/types\/page"}],"author":[{"embeddable":true,"href":"https:\/\/insektenliebe.com\/de\/wp-json\/wp\/v2\/users\/1"}],"replies":[{"embeddable":true,"href":"https:\/\/insektenliebe.com\/de\/wp-json\/wp\/v2\/comments?post=2664"}],"version-history":[{"count":10,"href":"https:\/\/insektenliebe.com\/de\/wp-json\/wp\/v2\/pages\/2664\/revisions"}],"predecessor-version":[{"id":142657,"href":"https:\/\/insektenliebe.com\/de\/wp-json\/wp\/v2\/pages\/2664\/revisions\/142657"}],"up":[{"embeddable":true,"href":"https:\/\/insektenliebe.com\/de\/wp-json\/wp\/v2\/pages\/9"}],"wp:featuredmedia":[{"embeddable":true,"href":"https:\/\/insektenliebe.com\/de\/wp-json\/wp\/v2\/media\/138333"}],"wp:attachment":[{"href":"https:\/\/insektenliebe.com\/de\/wp-json\/wp\/v2\/media?parent=2664"}],"wp:term":[{"taxonomy":"post_tag","embeddable":true,"href":"https:\/\/insektenliebe.com\/de\/wp-json\/wp\/v2\/tags?post=2664"}],"curies":[{"name":"wp","href":"https:\/\/api.w.org\/{rel}","templated":true}]}}