{"id":2262,"date":"2025-03-19T12:38:45","date_gmt":"2025-03-19T11:38:45","guid":{"rendered":"https:\/\/insektenliebe.com\/?page_id=2262"},"modified":"2025-07-28T16:24:45","modified_gmt":"2025-07-28T14:24:45","slug":"mein-leben-sind-die-lebewesen-die-viele-nicht-sehen-oder-sehen-wollen","status":"publish","type":"page","link":"https:\/\/insektenliebe.com\/de\/liebe\/mein-leben-sind-die-lebewesen-die-viele-nicht-sehen-oder-sehen-wollen\/","title":{"rendered":"Mein Leben sind die Lebewesen, die viele nicht sehen oder sehen wollen."},"content":{"rendered":"\n<p>Da ich auf einem Bauernhof aufgewachsen bin, gab es f\u00fcr mich jeden Tag, an jeder Stelle ein kleines Wunder das auf mich wartete. Die Welt war ein riesiges, f\u00fcr mich unbegreifliches Spektakel und es schien alles im Zusammenhang zu stehen, ich wusste nur nicht wo der Anfang und das Ende war.<\/p>\n\n\n\n<p>Tagelang sa\u00df ich neben einem Ameisenhaufen und versuchte herauszufinden, woher jede einzelne wu\u00dfte wie und was sie in genau diesem Moment zu tun hatte. Beim Pfl\u00fcgen waren ans Licht gebrachte Maulwurfsgrillen und Maik\u00e4ferlarven meine neuen Mitbewohner. Ich richtete liebevoll ein altes Marmeladenglas ein und versuchte ihnen einen neuen Lebensraum in meiner N\u00e4he zu bieten. Die Liste der Tiere die ich erfolgreich zu Tode pflegte reichten von aus dem Nest gefallene Jungv\u00f6gel, Ameisenarbeiterinnen die jede Ritze in meinem f\u00fcr sie selbstgebauten Legohaus fanden, bis aus dem Teich gefangende Molchquappen, Kaulquappen und Fliegenlarven.<br>Ich wei\u00df noch ganz genau, dass ich Abends im Bett lag und versuchte zu rekonstruieren, wieso die Tiere lieber wegliefen oder starben anstatt mit mir zusammen ein sch\u00f6nes Leben zu f\u00fchren.<br>Zu dieser Zeit hatte meine Mutter eine geniale Idee. Sie schenkte mir einen Naturf\u00fchrer. Darin befand sich alles was ich im&nbsp;Haus und Garten, bei Spazierg\u00e4ngen, Wanderungen und im Urlaub entdeckt habe. Von diesem Moment an sah man mich nie mehr alleine sondern immer mit einem dicken Buch in den H\u00e4nden. Er war meine Bibel, mein Leitfaden der Natur. Er erkl\u00e4rte mir die Lebensweise vieler Tierarten und gab sogar praktische Tipps. Einer davon war, wie man aus einer toten Ratte ein Knochenpr\u00e4parat bauen konnte. Da ich nat\u00fcrlich keinen Gedanken daran verschwand, wie sowas auf andere Menschen wirkte kam es zum besagten Ratatouille in der K\u00fcche meiner Eltern.<br>Je mehr ich darin la\u00df, desto klarer wurde mir wie ich erfolgreich Insekten halten kann. Nicht sie passen sich meinen Gegebenheiten an sondern ich muss mein k\u00fcnstliches Habitat an sie anpassen.<\/p>\n\n\n\n<p>Jede Art hat sich an die unterschiedlichsten Gegebenheiten angepasst und es reichte nicht aus zu wissen ob sie an der Oberfl\u00e4che oder im Erdreich lebten oder im stehenden oder fliessendem Gew\u00e4sser.<br>Leider finde ich heute noch Haltungsberichte \u00fcber Tiere in denen man als Herkunft einen L\u00e4ndernamen hat. Was n\u00fctzt einem diese Auskunft? Ich wei\u00df immer noch nichts \u00fcber den Lebensraum des Tieres.<\/p>\n\n\n\n<p>Mit der Zeit wuchsen meine Kenntnisse und auch die Arten der von mir gehaltenen Tieren. Als ich das erste mal Kontakt zu exotischen Bewohnern bekam, hatte ich eine neue Messlatte die es zu erklimmen gab.<br>Mein erster Exote war eine&nbsp;Grammostola rosea, die Rote Chile-Vogelspinne.<\/p>\n\n\n\n<figure class=\"wp-block-image\"><img decoding=\"async\" src=\"https:\/\/img.webme.com\/pic\/i\/insektenliebe\/spider-1170337_1920.jpg\" alt=\"\"\/><\/figure>\n\n\n\n<p>Da ich sehr gute Erfahrungen mit meinem Naturf\u00fchrer machte, la\u00df ich mir im Vorfeld s\u00e4mtliche Fachb\u00fccher durch, bevor ich mich an den Kauf des Tieres wagte. Damals war es etwas besonderes und alle aus meinem Umfeld kamen um sich das Tier anzuschauen. Ich durfte immer die gleichen Fragen nach der Giftigkeit und nach ihrem Futter beantworten. Dabei bemerkte ich, dass meine Bekannten genauso wenig \u00fcber weit entfernte Vogelspinnen wu\u00dften wie \u00fcber die Zitterspinne die sich in ihrem eigenen Zuhause befand.<\/p>\n\n\n\n<p>Eine erfolgreiche Pflege war f\u00fcr mich nur das erste Etappenziel in der neuen Welt der Exoten. Ich wollte sie auch noch erfolgreich z\u00fcchten, denn das war f\u00fcr mich die gr\u00f6\u00dfte Ehrung der erfolgreichen Haltung.<br>Sehr schnell fand ich mich beim w\u00f6chentlichem \u00f6ffnen der schier unendlichen Anzahl der Filmd\u00f6schen wieder. Dort zog ich s\u00e4mtliche Spiderlinge einzeln auf. Deckel auf, einmal reingespr\u00fcht, Drosophila rein und den Deckel wieder zu. Wenn man bedenkt, dass in einem Kokon ca. 200-800 Spiderlinge schl\u00fcpfen k\u00f6nnen, erkennt man die Ausmasse. So zog es sich durch s\u00e4mtliche Arten und Gattungen. Ich habe mich eine lange Zeit auf Chameleons, Dendrobaten und Schlangen spezialisiert und f\u00fchrte \u00fcber 10 Jahre lang ein Terraristikfachgesch\u00e4ft.<br>Die Liebe zu den Insekten riss dabei niemals ab.<\/p>\n","protected":false},"excerpt":{"rendered":"<p>Da ich auf einem Bauernhof aufgewachsen bin, gab es f\u00fcr mich jeden Tag, an jeder Stelle ein kleines Wunder das auf mich wartete. Die Welt war ein riesiges, f\u00fcr mich unbegreifliches Spektakel und es schien alles im Zusammenhang zu stehen, ich wusste nur nicht wo der Anfang und das Ende war. Tagelang sa\u00df ich neben [&hellip;]<\/p>\n","protected":false},"author":1,"featured_media":2264,"parent":220,"menu_order":0,"comment_status":"closed","ping_status":"closed","template":"wp-custom-template-large-title","meta":{"_acf_changed":false,"footnotes":""},"tags":[2277],"class_list":["post-2262","page","type-page","status-publish","has-post-thumbnail","hentry","tag-liebe"],"acf":[],"yoast_head":"<!-- This site is optimized with the Yoast SEO plugin v27.3 - https:\/\/yoast.com\/product\/yoast-seo-wordpress\/ -->\n<title>Mein Leben sind die Lebewesen, die viele nicht sehen oder sehen wollen. - Insektenliebe<\/title>\n<meta name=\"robots\" content=\"index, follow, max-snippet:-1, max-image-preview:large, max-video-preview:-1\" \/>\n<link rel=\"canonical\" href=\"https:\/\/insektenliebe.com\/de\/liebe\/mein-leben-sind-die-lebewesen-die-viele-nicht-sehen-oder-sehen-wollen\/\" \/>\n<meta property=\"og:locale\" content=\"de_DE\" \/>\n<meta property=\"og:type\" content=\"article\" \/>\n<meta property=\"og:title\" content=\"Mein Leben sind die Lebewesen, die viele nicht sehen oder sehen wollen. - Insektenliebe\" \/>\n<meta property=\"og:description\" content=\"Da ich auf einem Bauernhof aufgewachsen bin, gab es f\u00fcr mich jeden Tag, an jeder Stelle ein kleines Wunder das auf mich wartete. Die Welt war ein riesiges, f\u00fcr mich unbegreifliches Spektakel und es schien alles im Zusammenhang zu stehen, ich wusste nur nicht wo der Anfang und das Ende war. Tagelang sa\u00df ich neben [&hellip;]\" \/>\n<meta property=\"og:url\" content=\"https:\/\/insektenliebe.com\/de\/liebe\/mein-leben-sind-die-lebewesen-die-viele-nicht-sehen-oder-sehen-wollen\/\" \/>\n<meta property=\"og:site_name\" content=\"Insektenliebe\" \/>\n<meta property=\"article:modified_time\" content=\"2025-07-28T14:24:45+00:00\" \/>\n<meta property=\"og:image\" content=\"https:\/\/insektenliebe.com\/wp-content\/uploads\/2025\/03\/Screenshot-2025-03-18-193110.jpg\" \/>\n\t<meta property=\"og:image:width\" content=\"1258\" \/>\n\t<meta property=\"og:image:height\" content=\"739\" \/>\n\t<meta property=\"og:image:type\" content=\"image\/jpeg\" \/>\n<meta name=\"twitter:card\" content=\"summary_large_image\" \/>\n<meta name=\"twitter:label1\" content=\"Gesch\u00e4tzte Lesezeit\" \/>\n\t<meta name=\"twitter:data1\" content=\"3\u00a0Minuten\" \/>\n<script type=\"application\/ld+json\" class=\"yoast-schema-graph\">{\"@context\":\"https:\\\/\\\/schema.org\",\"@graph\":[{\"@type\":\"WebPage\",\"@id\":\"https:\\\/\\\/insektenliebe.com\\\/de\\\/liebe\\\/mein-leben-sind-die-lebewesen-die-viele-nicht-sehen-oder-sehen-wollen\\\/\",\"url\":\"https:\\\/\\\/insektenliebe.com\\\/de\\\/liebe\\\/mein-leben-sind-die-lebewesen-die-viele-nicht-sehen-oder-sehen-wollen\\\/\",\"name\":\"Mein Leben sind die Lebewesen, die viele nicht sehen oder sehen wollen. - Insektenliebe\",\"isPartOf\":{\"@id\":\"https:\\\/\\\/insektenliebe.com\\\/de\\\/#website\"},\"primaryImageOfPage\":{\"@id\":\"https:\\\/\\\/insektenliebe.com\\\/de\\\/liebe\\\/mein-leben-sind-die-lebewesen-die-viele-nicht-sehen-oder-sehen-wollen\\\/#primaryimage\"},\"image\":{\"@id\":\"https:\\\/\\\/insektenliebe.com\\\/de\\\/liebe\\\/mein-leben-sind-die-lebewesen-die-viele-nicht-sehen-oder-sehen-wollen\\\/#primaryimage\"},\"thumbnailUrl\":\"https:\\\/\\\/insektenliebe.com\\\/wp-content\\\/uploads\\\/2025\\\/03\\\/Screenshot-2025-03-18-193110.jpg\",\"datePublished\":\"2025-03-19T11:38:45+00:00\",\"dateModified\":\"2025-07-28T14:24:45+00:00\",\"breadcrumb\":{\"@id\":\"https:\\\/\\\/insektenliebe.com\\\/de\\\/liebe\\\/mein-leben-sind-die-lebewesen-die-viele-nicht-sehen-oder-sehen-wollen\\\/#breadcrumb\"},\"inLanguage\":\"de\",\"potentialAction\":[{\"@type\":\"ReadAction\",\"target\":[\"https:\\\/\\\/insektenliebe.com\\\/de\\\/liebe\\\/mein-leben-sind-die-lebewesen-die-viele-nicht-sehen-oder-sehen-wollen\\\/\"]}]},{\"@type\":\"ImageObject\",\"inLanguage\":\"de\",\"@id\":\"https:\\\/\\\/insektenliebe.com\\\/de\\\/liebe\\\/mein-leben-sind-die-lebewesen-die-viele-nicht-sehen-oder-sehen-wollen\\\/#primaryimage\",\"url\":\"https:\\\/\\\/insektenliebe.com\\\/wp-content\\\/uploads\\\/2025\\\/03\\\/Screenshot-2025-03-18-193110.jpg\",\"contentUrl\":\"https:\\\/\\\/insektenliebe.com\\\/wp-content\\\/uploads\\\/2025\\\/03\\\/Screenshot-2025-03-18-193110.jpg\",\"width\":1258,\"height\":739,\"caption\":\"Screenshot 2025-03-18 193110\"},{\"@type\":\"BreadcrumbList\",\"@id\":\"https:\\\/\\\/insektenliebe.com\\\/de\\\/liebe\\\/mein-leben-sind-die-lebewesen-die-viele-nicht-sehen-oder-sehen-wollen\\\/#breadcrumb\",\"itemListElement\":[{\"@type\":\"ListItem\",\"position\":1,\"name\":\"Startseite\",\"item\":\"https:\\\/\\\/insektenliebe.com\\\/de\\\/\"},{\"@type\":\"ListItem\",\"position\":2,\"name\":\"Liebe\",\"item\":\"https:\\\/\\\/insektenliebe.com\\\/de\\\/liebe\\\/\"},{\"@type\":\"ListItem\",\"position\":3,\"name\":\"Mein Leben sind die Lebewesen, die viele nicht sehen oder sehen wollen.\"}]},{\"@type\":\"WebSite\",\"@id\":\"https:\\\/\\\/insektenliebe.com\\\/de\\\/#website\",\"url\":\"https:\\\/\\\/insektenliebe.com\\\/de\\\/\",\"name\":\"Insektenliebe\",\"description\":\"Dein Zuhause f\u00fcr die kleinen Lebewesen\",\"publisher\":{\"@id\":\"https:\\\/\\\/insektenliebe.com\\\/de\\\/#organization\"},\"potentialAction\":[{\"@type\":\"SearchAction\",\"target\":{\"@type\":\"EntryPoint\",\"urlTemplate\":\"https:\\\/\\\/insektenliebe.com\\\/de\\\/?s={search_term_string}\"},\"query-input\":{\"@type\":\"PropertyValueSpecification\",\"valueRequired\":true,\"valueName\":\"search_term_string\"}}],\"inLanguage\":\"de\"},{\"@type\":\"Organization\",\"@id\":\"https:\\\/\\\/insektenliebe.com\\\/de\\\/#organization\",\"name\":\"Insektenliebe\",\"url\":\"https:\\\/\\\/insektenliebe.com\\\/de\\\/\",\"logo\":{\"@type\":\"ImageObject\",\"inLanguage\":\"de\",\"@id\":\"https:\\\/\\\/insektenliebe.com\\\/de\\\/#\\\/schema\\\/logo\\\/image\\\/\",\"url\":\"https:\\\/\\\/insektenliebe.com\\\/wp-content\\\/uploads\\\/2025\\\/03\\\/logo-white.png\",\"contentUrl\":\"https:\\\/\\\/insektenliebe.com\\\/wp-content\\\/uploads\\\/2025\\\/03\\\/logo-white.png\",\"width\":288,\"height\":188,\"caption\":\"Insektenliebe\"},\"image\":{\"@id\":\"https:\\\/\\\/insektenliebe.com\\\/de\\\/#\\\/schema\\\/logo\\\/image\\\/\"}}]}<\/script>\n<!-- \/ Yoast SEO plugin. -->","yoast_head_json":{"title":"Mein Leben sind die Lebewesen, die viele nicht sehen oder sehen wollen. - Insektenliebe","robots":{"index":"index","follow":"follow","max-snippet":"max-snippet:-1","max-image-preview":"max-image-preview:large","max-video-preview":"max-video-preview:-1"},"canonical":"https:\/\/insektenliebe.com\/de\/liebe\/mein-leben-sind-die-lebewesen-die-viele-nicht-sehen-oder-sehen-wollen\/","og_locale":"de_DE","og_type":"article","og_title":"Mein Leben sind die Lebewesen, die viele nicht sehen oder sehen wollen. - Insektenliebe","og_description":"Da ich auf einem Bauernhof aufgewachsen bin, gab es f\u00fcr mich jeden Tag, an jeder Stelle ein kleines Wunder das auf mich wartete. Die Welt war ein riesiges, f\u00fcr mich unbegreifliches Spektakel und es schien alles im Zusammenhang zu stehen, ich wusste nur nicht wo der Anfang und das Ende war. Tagelang sa\u00df ich neben [&hellip;]","og_url":"https:\/\/insektenliebe.com\/de\/liebe\/mein-leben-sind-die-lebewesen-die-viele-nicht-sehen-oder-sehen-wollen\/","og_site_name":"Insektenliebe","article_modified_time":"2025-07-28T14:24:45+00:00","og_image":[{"width":1258,"height":739,"url":"https:\/\/insektenliebe.com\/wp-content\/uploads\/2025\/03\/Screenshot-2025-03-18-193110.jpg","type":"image\/jpeg"}],"twitter_card":"summary_large_image","twitter_misc":{"Gesch\u00e4tzte Lesezeit":"3\u00a0Minuten"},"schema":{"@context":"https:\/\/schema.org","@graph":[{"@type":"WebPage","@id":"https:\/\/insektenliebe.com\/de\/liebe\/mein-leben-sind-die-lebewesen-die-viele-nicht-sehen-oder-sehen-wollen\/","url":"https:\/\/insektenliebe.com\/de\/liebe\/mein-leben-sind-die-lebewesen-die-viele-nicht-sehen-oder-sehen-wollen\/","name":"Mein Leben sind die Lebewesen, die viele nicht sehen oder sehen wollen. - Insektenliebe","isPartOf":{"@id":"https:\/\/insektenliebe.com\/de\/#website"},"primaryImageOfPage":{"@id":"https:\/\/insektenliebe.com\/de\/liebe\/mein-leben-sind-die-lebewesen-die-viele-nicht-sehen-oder-sehen-wollen\/#primaryimage"},"image":{"@id":"https:\/\/insektenliebe.com\/de\/liebe\/mein-leben-sind-die-lebewesen-die-viele-nicht-sehen-oder-sehen-wollen\/#primaryimage"},"thumbnailUrl":"https:\/\/insektenliebe.com\/wp-content\/uploads\/2025\/03\/Screenshot-2025-03-18-193110.jpg","datePublished":"2025-03-19T11:38:45+00:00","dateModified":"2025-07-28T14:24:45+00:00","breadcrumb":{"@id":"https:\/\/insektenliebe.com\/de\/liebe\/mein-leben-sind-die-lebewesen-die-viele-nicht-sehen-oder-sehen-wollen\/#breadcrumb"},"inLanguage":"de","potentialAction":[{"@type":"ReadAction","target":["https:\/\/insektenliebe.com\/de\/liebe\/mein-leben-sind-die-lebewesen-die-viele-nicht-sehen-oder-sehen-wollen\/"]}]},{"@type":"ImageObject","inLanguage":"de","@id":"https:\/\/insektenliebe.com\/de\/liebe\/mein-leben-sind-die-lebewesen-die-viele-nicht-sehen-oder-sehen-wollen\/#primaryimage","url":"https:\/\/insektenliebe.com\/wp-content\/uploads\/2025\/03\/Screenshot-2025-03-18-193110.jpg","contentUrl":"https:\/\/insektenliebe.com\/wp-content\/uploads\/2025\/03\/Screenshot-2025-03-18-193110.jpg","width":1258,"height":739,"caption":"Screenshot 2025-03-18 193110"},{"@type":"BreadcrumbList","@id":"https:\/\/insektenliebe.com\/de\/liebe\/mein-leben-sind-die-lebewesen-die-viele-nicht-sehen-oder-sehen-wollen\/#breadcrumb","itemListElement":[{"@type":"ListItem","position":1,"name":"Startseite","item":"https:\/\/insektenliebe.com\/de\/"},{"@type":"ListItem","position":2,"name":"Liebe","item":"https:\/\/insektenliebe.com\/de\/liebe\/"},{"@type":"ListItem","position":3,"name":"Mein Leben sind die Lebewesen, die viele nicht sehen oder sehen wollen."}]},{"@type":"WebSite","@id":"https:\/\/insektenliebe.com\/de\/#website","url":"https:\/\/insektenliebe.com\/de\/","name":"Insektenliebe","description":"Dein Zuhause f\u00fcr die kleinen Lebewesen","publisher":{"@id":"https:\/\/insektenliebe.com\/de\/#organization"},"potentialAction":[{"@type":"SearchAction","target":{"@type":"EntryPoint","urlTemplate":"https:\/\/insektenliebe.com\/de\/?s={search_term_string}"},"query-input":{"@type":"PropertyValueSpecification","valueRequired":true,"valueName":"search_term_string"}}],"inLanguage":"de"},{"@type":"Organization","@id":"https:\/\/insektenliebe.com\/de\/#organization","name":"Insektenliebe","url":"https:\/\/insektenliebe.com\/de\/","logo":{"@type":"ImageObject","inLanguage":"de","@id":"https:\/\/insektenliebe.com\/de\/#\/schema\/logo\/image\/","url":"https:\/\/insektenliebe.com\/wp-content\/uploads\/2025\/03\/logo-white.png","contentUrl":"https:\/\/insektenliebe.com\/wp-content\/uploads\/2025\/03\/logo-white.png","width":288,"height":188,"caption":"Insektenliebe"},"image":{"@id":"https:\/\/insektenliebe.com\/de\/#\/schema\/logo\/image\/"}}]}},"_links":{"self":[{"href":"https:\/\/insektenliebe.com\/de\/wp-json\/wp\/v2\/pages\/2262","targetHints":{"allow":["GET"]}}],"collection":[{"href":"https:\/\/insektenliebe.com\/de\/wp-json\/wp\/v2\/pages"}],"about":[{"href":"https:\/\/insektenliebe.com\/de\/wp-json\/wp\/v2\/types\/page"}],"author":[{"embeddable":true,"href":"https:\/\/insektenliebe.com\/de\/wp-json\/wp\/v2\/users\/1"}],"replies":[{"embeddable":true,"href":"https:\/\/insektenliebe.com\/de\/wp-json\/wp\/v2\/comments?post=2262"}],"version-history":[{"count":2,"href":"https:\/\/insektenliebe.com\/de\/wp-json\/wp\/v2\/pages\/2262\/revisions"}],"predecessor-version":[{"id":2400,"href":"https:\/\/insektenliebe.com\/de\/wp-json\/wp\/v2\/pages\/2262\/revisions\/2400"}],"up":[{"embeddable":true,"href":"https:\/\/insektenliebe.com\/de\/wp-json\/wp\/v2\/pages\/220"}],"wp:featuredmedia":[{"embeddable":true,"href":"https:\/\/insektenliebe.com\/de\/wp-json\/wp\/v2\/media\/2264"}],"wp:attachment":[{"href":"https:\/\/insektenliebe.com\/de\/wp-json\/wp\/v2\/media?parent=2262"}],"wp:term":[{"taxonomy":"post_tag","embeddable":true,"href":"https:\/\/insektenliebe.com\/de\/wp-json\/wp\/v2\/tags?post=2262"}],"curies":[{"name":"wp","href":"https:\/\/api.w.org\/{rel}","templated":true}]}}