{"id":2150,"date":"2025-03-16T19:19:37","date_gmt":"2025-03-16T18:19:37","guid":{"rendered":"https:\/\/insektenliebe.com\/?page_id=2150"},"modified":"2025-07-28T16:22:23","modified_gmt":"2025-07-28T14:22:23","slug":"neu-bei-insektenliebe-hier-ein-paar-wegpfeiler-fuer-dich","status":"publish","type":"page","link":"https:\/\/insektenliebe.com\/de\/liebe\/neu-bei-insektenliebe-hier-ein-paar-wegpfeiler-fuer-dich\/","title":{"rendered":"Neu bei Insektenliebe? Hier ein paar Wegpfeiler f\u00fcr dich."},"content":{"rendered":"\n<h2 class=\"wp-block-heading is-style-text-display has-x-large-font-size is-style-text-display--1\">Wenn du neu auf Insektenliebe bist, dann hier ein paar Wegpfeiler f\u00fcr dich.<\/h2>\n\n\n\n<p>Schau dir zuerst die Systematik des Tieres an das dich interessiert, dadurch lernst du sehr viel \u00fcber den K\u00f6rperaufbau des Insekts.<\/p>\n\n\n\n<ul class=\"wp-block-list is-style-default\">\n<li>Assel Basiswissen<\/li>\n\n\n\n<li>Futtertiere Basiswissen<\/li>\n\n\n\n<li>Gottesanbeterinnen Basiswissen<\/li>\n\n\n\n<li>Springspinnen Basiswissen<\/li>\n<\/ul>\n\n\n\n<h2 class=\"wp-block-heading is-style-text-display has-x-large-font-size is-style-text-display--2\">Um was geht es auf Insektenliebe?<\/h2>\n\n\n\n<p>Ich helfe dir, tieferes Wissen, dein Hobby intensiver zu leben und dir eine engere Verbundenheit zu deinen Tieren zu geben.<br>Meine Hauptthemen:<\/p>\n\n\n\n<ul class=\"wp-block-list\">\n<li>Asseln<\/li>\n\n\n\n<li>Futterinsekten<\/li>\n\n\n\n<li>Mantiden<\/li>\n\n\n\n<li>Phasmiden<\/li>\n<\/ul>\n\n\n\n<p>Ich zeige dir, dass die Haltung und das Beobachten von Insekten fucking sexy ist.<\/p>\n\n\n\n<p>Insektenliebe bedeutet weg von den Scheuklappen gegen\u00fcber der Natur, hin zur genauen Betrachtung jedes einzelnen Details.<\/p>\n\n\n\n<p>Wenn du mehr Inhalte und Unterhaltung suchst bist du bei unserem Magazin genau richtig.<\/p>\n\n\n\n<h2 class=\"wp-block-heading is-style-text-display has-x-large-font-size is-style-text-display--3\">F\u00fcr wen ist Insektenliebe?<\/h2>\n\n\n\n<p>Alleine die Tatsache, dass du diese Seite gefunden hast spricht f\u00fcr deine Befugnis.<br>Du bist hier an der richtigen Stelle!<\/p>\n","protected":false},"excerpt":{"rendered":"<p>Wenn du neu auf Insektenliebe bist, dann hier ein paar Wegpfeiler f\u00fcr dich. Schau dir zuerst die Systematik des Tieres an das dich interessiert, dadurch lernst du sehr viel \u00fcber den K\u00f6rperaufbau des Insekts. Um was geht es auf Insektenliebe? Ich helfe dir, tieferes Wissen, dein Hobby intensiver zu leben und dir eine engere Verbundenheit [&hellip;]<\/p>\n","protected":false},"author":1,"featured_media":2196,"parent":220,"menu_order":0,"comment_status":"closed","ping_status":"closed","template":"wp-custom-template-large-title","meta":{"_acf_changed":false,"footnotes":""},"tags":[638,2277],"class_list":["post-2150","page","type-page","status-publish","has-post-thumbnail","hentry","tag-info","tag-liebe"],"acf":[],"yoast_head":"<!-- This site is optimized with the Yoast SEO plugin v27.3 - https:\/\/yoast.com\/product\/yoast-seo-wordpress\/ -->\n<title>Neu bei Insektenliebe? Hier ein paar Wegpfeiler f\u00fcr dich. - Insektenliebe<\/title>\n<meta name=\"robots\" content=\"index, follow, max-snippet:-1, max-image-preview:large, max-video-preview:-1\" \/>\n<link rel=\"canonical\" href=\"https:\/\/insektenliebe.com\/de\/liebe\/neu-bei-insektenliebe-hier-ein-paar-wegpfeiler-fuer-dich\/\" \/>\n<meta property=\"og:locale\" content=\"de_DE\" \/>\n<meta property=\"og:type\" content=\"article\" \/>\n<meta property=\"og:title\" content=\"Neu bei Insektenliebe? Hier ein paar Wegpfeiler f\u00fcr dich. - Insektenliebe\" \/>\n<meta property=\"og:description\" content=\"Wenn du neu auf Insektenliebe bist, dann hier ein paar Wegpfeiler f\u00fcr dich. Schau dir zuerst die Systematik des Tieres an das dich interessiert, dadurch lernst du sehr viel \u00fcber den K\u00f6rperaufbau des Insekts. Um was geht es auf Insektenliebe? Ich helfe dir, tieferes Wissen, dein Hobby intensiver zu leben und dir eine engere Verbundenheit [&hellip;]\" \/>\n<meta property=\"og:url\" content=\"https:\/\/insektenliebe.com\/de\/liebe\/neu-bei-insektenliebe-hier-ein-paar-wegpfeiler-fuer-dich\/\" \/>\n<meta property=\"og:site_name\" content=\"Insektenliebe\" \/>\n<meta property=\"article:modified_time\" content=\"2025-07-28T14:22:23+00:00\" \/>\n<meta property=\"og:image\" content=\"https:\/\/insektenliebe.com\/wp-content\/uploads\/2025\/03\/neu-hier.jpg\" \/>\n\t<meta property=\"og:image:width\" content=\"1258\" \/>\n\t<meta property=\"og:image:height\" content=\"552\" \/>\n\t<meta property=\"og:image:type\" content=\"image\/jpeg\" \/>\n<meta name=\"twitter:card\" content=\"summary_large_image\" \/>\n<meta name=\"twitter:label1\" content=\"Gesch\u00e4tzte Lesezeit\" \/>\n\t<meta name=\"twitter:data1\" content=\"1\u00a0Minute\" \/>\n<script type=\"application\/ld+json\" class=\"yoast-schema-graph\">{\"@context\":\"https:\\\/\\\/schema.org\",\"@graph\":[{\"@type\":\"WebPage\",\"@id\":\"https:\\\/\\\/insektenliebe.com\\\/de\\\/liebe\\\/neu-bei-insektenliebe-hier-ein-paar-wegpfeiler-fuer-dich\\\/\",\"url\":\"https:\\\/\\\/insektenliebe.com\\\/de\\\/liebe\\\/neu-bei-insektenliebe-hier-ein-paar-wegpfeiler-fuer-dich\\\/\",\"name\":\"Neu bei Insektenliebe? Hier ein paar Wegpfeiler f\u00fcr dich. - Insektenliebe\",\"isPartOf\":{\"@id\":\"https:\\\/\\\/insektenliebe.com\\\/de\\\/#website\"},\"primaryImageOfPage\":{\"@id\":\"https:\\\/\\\/insektenliebe.com\\\/de\\\/liebe\\\/neu-bei-insektenliebe-hier-ein-paar-wegpfeiler-fuer-dich\\\/#primaryimage\"},\"image\":{\"@id\":\"https:\\\/\\\/insektenliebe.com\\\/de\\\/liebe\\\/neu-bei-insektenliebe-hier-ein-paar-wegpfeiler-fuer-dich\\\/#primaryimage\"},\"thumbnailUrl\":\"https:\\\/\\\/insektenliebe.com\\\/wp-content\\\/uploads\\\/2025\\\/03\\\/neu-hier.jpg\",\"datePublished\":\"2025-03-16T18:19:37+00:00\",\"dateModified\":\"2025-07-28T14:22:23+00:00\",\"breadcrumb\":{\"@id\":\"https:\\\/\\\/insektenliebe.com\\\/de\\\/liebe\\\/neu-bei-insektenliebe-hier-ein-paar-wegpfeiler-fuer-dich\\\/#breadcrumb\"},\"inLanguage\":\"de\",\"potentialAction\":[{\"@type\":\"ReadAction\",\"target\":[\"https:\\\/\\\/insektenliebe.com\\\/de\\\/liebe\\\/neu-bei-insektenliebe-hier-ein-paar-wegpfeiler-fuer-dich\\\/\"]}]},{\"@type\":\"ImageObject\",\"inLanguage\":\"de\",\"@id\":\"https:\\\/\\\/insektenliebe.com\\\/de\\\/liebe\\\/neu-bei-insektenliebe-hier-ein-paar-wegpfeiler-fuer-dich\\\/#primaryimage\",\"url\":\"https:\\\/\\\/insektenliebe.com\\\/wp-content\\\/uploads\\\/2025\\\/03\\\/neu-hier.jpg\",\"contentUrl\":\"https:\\\/\\\/insektenliebe.com\\\/wp-content\\\/uploads\\\/2025\\\/03\\\/neu-hier.jpg\",\"width\":1258,\"height\":552,\"caption\":\"neu-hier\"},{\"@type\":\"BreadcrumbList\",\"@id\":\"https:\\\/\\\/insektenliebe.com\\\/de\\\/liebe\\\/neu-bei-insektenliebe-hier-ein-paar-wegpfeiler-fuer-dich\\\/#breadcrumb\",\"itemListElement\":[{\"@type\":\"ListItem\",\"position\":1,\"name\":\"Startseite\",\"item\":\"https:\\\/\\\/insektenliebe.com\\\/de\\\/\"},{\"@type\":\"ListItem\",\"position\":2,\"name\":\"Liebe\",\"item\":\"https:\\\/\\\/insektenliebe.com\\\/de\\\/liebe\\\/\"},{\"@type\":\"ListItem\",\"position\":3,\"name\":\"Neu bei Insektenliebe? Hier ein paar Wegpfeiler f\u00fcr dich.\"}]},{\"@type\":\"WebSite\",\"@id\":\"https:\\\/\\\/insektenliebe.com\\\/de\\\/#website\",\"url\":\"https:\\\/\\\/insektenliebe.com\\\/de\\\/\",\"name\":\"Insektenliebe\",\"description\":\"Dein Zuhause f\u00fcr die kleinen Lebewesen\",\"publisher\":{\"@id\":\"https:\\\/\\\/insektenliebe.com\\\/de\\\/#organization\"},\"potentialAction\":[{\"@type\":\"SearchAction\",\"target\":{\"@type\":\"EntryPoint\",\"urlTemplate\":\"https:\\\/\\\/insektenliebe.com\\\/de\\\/?s={search_term_string}\"},\"query-input\":{\"@type\":\"PropertyValueSpecification\",\"valueRequired\":true,\"valueName\":\"search_term_string\"}}],\"inLanguage\":\"de\"},{\"@type\":\"Organization\",\"@id\":\"https:\\\/\\\/insektenliebe.com\\\/de\\\/#organization\",\"name\":\"Insektenliebe\",\"url\":\"https:\\\/\\\/insektenliebe.com\\\/de\\\/\",\"logo\":{\"@type\":\"ImageObject\",\"inLanguage\":\"de\",\"@id\":\"https:\\\/\\\/insektenliebe.com\\\/de\\\/#\\\/schema\\\/logo\\\/image\\\/\",\"url\":\"https:\\\/\\\/insektenliebe.com\\\/wp-content\\\/uploads\\\/2025\\\/03\\\/logo-white.png\",\"contentUrl\":\"https:\\\/\\\/insektenliebe.com\\\/wp-content\\\/uploads\\\/2025\\\/03\\\/logo-white.png\",\"width\":288,\"height\":188,\"caption\":\"Insektenliebe\"},\"image\":{\"@id\":\"https:\\\/\\\/insektenliebe.com\\\/de\\\/#\\\/schema\\\/logo\\\/image\\\/\"}}]}<\/script>\n<!-- \/ Yoast SEO plugin. -->","yoast_head_json":{"title":"Neu bei Insektenliebe? Hier ein paar Wegpfeiler f\u00fcr dich. - Insektenliebe","robots":{"index":"index","follow":"follow","max-snippet":"max-snippet:-1","max-image-preview":"max-image-preview:large","max-video-preview":"max-video-preview:-1"},"canonical":"https:\/\/insektenliebe.com\/de\/liebe\/neu-bei-insektenliebe-hier-ein-paar-wegpfeiler-fuer-dich\/","og_locale":"de_DE","og_type":"article","og_title":"Neu bei Insektenliebe? Hier ein paar Wegpfeiler f\u00fcr dich. - Insektenliebe","og_description":"Wenn du neu auf Insektenliebe bist, dann hier ein paar Wegpfeiler f\u00fcr dich. Schau dir zuerst die Systematik des Tieres an das dich interessiert, dadurch lernst du sehr viel \u00fcber den K\u00f6rperaufbau des Insekts. Um was geht es auf Insektenliebe? Ich helfe dir, tieferes Wissen, dein Hobby intensiver zu leben und dir eine engere Verbundenheit [&hellip;]","og_url":"https:\/\/insektenliebe.com\/de\/liebe\/neu-bei-insektenliebe-hier-ein-paar-wegpfeiler-fuer-dich\/","og_site_name":"Insektenliebe","article_modified_time":"2025-07-28T14:22:23+00:00","og_image":[{"width":1258,"height":552,"url":"https:\/\/insektenliebe.com\/wp-content\/uploads\/2025\/03\/neu-hier.jpg","type":"image\/jpeg"}],"twitter_card":"summary_large_image","twitter_misc":{"Gesch\u00e4tzte Lesezeit":"1\u00a0Minute"},"schema":{"@context":"https:\/\/schema.org","@graph":[{"@type":"WebPage","@id":"https:\/\/insektenliebe.com\/de\/liebe\/neu-bei-insektenliebe-hier-ein-paar-wegpfeiler-fuer-dich\/","url":"https:\/\/insektenliebe.com\/de\/liebe\/neu-bei-insektenliebe-hier-ein-paar-wegpfeiler-fuer-dich\/","name":"Neu bei Insektenliebe? Hier ein paar Wegpfeiler f\u00fcr dich. - Insektenliebe","isPartOf":{"@id":"https:\/\/insektenliebe.com\/de\/#website"},"primaryImageOfPage":{"@id":"https:\/\/insektenliebe.com\/de\/liebe\/neu-bei-insektenliebe-hier-ein-paar-wegpfeiler-fuer-dich\/#primaryimage"},"image":{"@id":"https:\/\/insektenliebe.com\/de\/liebe\/neu-bei-insektenliebe-hier-ein-paar-wegpfeiler-fuer-dich\/#primaryimage"},"thumbnailUrl":"https:\/\/insektenliebe.com\/wp-content\/uploads\/2025\/03\/neu-hier.jpg","datePublished":"2025-03-16T18:19:37+00:00","dateModified":"2025-07-28T14:22:23+00:00","breadcrumb":{"@id":"https:\/\/insektenliebe.com\/de\/liebe\/neu-bei-insektenliebe-hier-ein-paar-wegpfeiler-fuer-dich\/#breadcrumb"},"inLanguage":"de","potentialAction":[{"@type":"ReadAction","target":["https:\/\/insektenliebe.com\/de\/liebe\/neu-bei-insektenliebe-hier-ein-paar-wegpfeiler-fuer-dich\/"]}]},{"@type":"ImageObject","inLanguage":"de","@id":"https:\/\/insektenliebe.com\/de\/liebe\/neu-bei-insektenliebe-hier-ein-paar-wegpfeiler-fuer-dich\/#primaryimage","url":"https:\/\/insektenliebe.com\/wp-content\/uploads\/2025\/03\/neu-hier.jpg","contentUrl":"https:\/\/insektenliebe.com\/wp-content\/uploads\/2025\/03\/neu-hier.jpg","width":1258,"height":552,"caption":"neu-hier"},{"@type":"BreadcrumbList","@id":"https:\/\/insektenliebe.com\/de\/liebe\/neu-bei-insektenliebe-hier-ein-paar-wegpfeiler-fuer-dich\/#breadcrumb","itemListElement":[{"@type":"ListItem","position":1,"name":"Startseite","item":"https:\/\/insektenliebe.com\/de\/"},{"@type":"ListItem","position":2,"name":"Liebe","item":"https:\/\/insektenliebe.com\/de\/liebe\/"},{"@type":"ListItem","position":3,"name":"Neu bei Insektenliebe? Hier ein paar Wegpfeiler f\u00fcr dich."}]},{"@type":"WebSite","@id":"https:\/\/insektenliebe.com\/de\/#website","url":"https:\/\/insektenliebe.com\/de\/","name":"Insektenliebe","description":"Dein Zuhause f\u00fcr die kleinen Lebewesen","publisher":{"@id":"https:\/\/insektenliebe.com\/de\/#organization"},"potentialAction":[{"@type":"SearchAction","target":{"@type":"EntryPoint","urlTemplate":"https:\/\/insektenliebe.com\/de\/?s={search_term_string}"},"query-input":{"@type":"PropertyValueSpecification","valueRequired":true,"valueName":"search_term_string"}}],"inLanguage":"de"},{"@type":"Organization","@id":"https:\/\/insektenliebe.com\/de\/#organization","name":"Insektenliebe","url":"https:\/\/insektenliebe.com\/de\/","logo":{"@type":"ImageObject","inLanguage":"de","@id":"https:\/\/insektenliebe.com\/de\/#\/schema\/logo\/image\/","url":"https:\/\/insektenliebe.com\/wp-content\/uploads\/2025\/03\/logo-white.png","contentUrl":"https:\/\/insektenliebe.com\/wp-content\/uploads\/2025\/03\/logo-white.png","width":288,"height":188,"caption":"Insektenliebe"},"image":{"@id":"https:\/\/insektenliebe.com\/de\/#\/schema\/logo\/image\/"}}]}},"_links":{"self":[{"href":"https:\/\/insektenliebe.com\/de\/wp-json\/wp\/v2\/pages\/2150","targetHints":{"allow":["GET"]}}],"collection":[{"href":"https:\/\/insektenliebe.com\/de\/wp-json\/wp\/v2\/pages"}],"about":[{"href":"https:\/\/insektenliebe.com\/de\/wp-json\/wp\/v2\/types\/page"}],"author":[{"embeddable":true,"href":"https:\/\/insektenliebe.com\/de\/wp-json\/wp\/v2\/users\/1"}],"replies":[{"embeddable":true,"href":"https:\/\/insektenliebe.com\/de\/wp-json\/wp\/v2\/comments?post=2150"}],"version-history":[{"count":7,"href":"https:\/\/insektenliebe.com\/de\/wp-json\/wp\/v2\/pages\/2150\/revisions"}],"predecessor-version":[{"id":2399,"href":"https:\/\/insektenliebe.com\/de\/wp-json\/wp\/v2\/pages\/2150\/revisions\/2399"}],"up":[{"embeddable":true,"href":"https:\/\/insektenliebe.com\/de\/wp-json\/wp\/v2\/pages\/220"}],"wp:featuredmedia":[{"embeddable":true,"href":"https:\/\/insektenliebe.com\/de\/wp-json\/wp\/v2\/media\/2196"}],"wp:attachment":[{"href":"https:\/\/insektenliebe.com\/de\/wp-json\/wp\/v2\/media?parent=2150"}],"wp:term":[{"taxonomy":"post_tag","embeddable":true,"href":"https:\/\/insektenliebe.com\/de\/wp-json\/wp\/v2\/tags?post=2150"}],"curies":[{"name":"wp","href":"https:\/\/api.w.org\/{rel}","templated":true}]}}