{"id":159852,"date":"2025-10-09T18:54:08","date_gmt":"2025-10-09T16:54:08","guid":{"rendered":"https:\/\/insektenliebe.com\/?page_id=159852"},"modified":"2025-10-10T14:07:27","modified_gmt":"2025-10-10T12:07:27","slug":"insektenliebe-auffangstation-gemeinsam-finden-wir-ein-neues-zuhause","status":"publish","type":"page","link":"https:\/\/insektenliebe.com\/de\/liebe\/insektenliebe-auffangstation-gemeinsam-finden-wir-ein-neues-zuhause\/","title":{"rendered":"Insektenliebe Auffangstation \u2013 Gemeinsam finden wir ein neues Zuhause"},"content":{"rendered":"\n<p>Manchmal l\u00e4uft es einfach anders als geplant.<\/p>\n\n\n\n<p>Ein Tier vermehrt sich schneller als gedacht, pl\u00f6tzlich sind aus zehn Stabschrecken zweihundert geworden \u2013 und man merkt, dass man der kleinen Truppe kaum noch gerecht werden kann. Genau daf\u00fcr gibt es unsere Insektenliebe Auffangstation.<\/p>\n\n\n\n<p>Wir m\u00f6chten dir zeigen: <strong>Es ist v\u00f6llig in Ordnung, Hilfe zu suchen.<\/strong><\/p>\n\n\n\n<p>Niemand muss sich sch\u00e4men, wenn er feststellt, dass es zu viele Tiere geworden sind. Im Gegenteil \u2013 wer seine Tiere verantwortungsvoll abgeben m\u00f6chte, handelt richtig und mit Herz.<\/p>\n\n\n\n<p>Unsere Auffangstation ist kein Entsorgungsort, sondern ein Zuhause auf Zeit.<\/p>\n\n\n\n<p>Hier bekommen Wirbellose, die du nicht mehr halten kannst, ein sicheres Pl\u00e4tzchen: gut gepflegt, fachgerecht untergebracht und bei Bedarf weitervermittelt an erfahrene Halter:innen oder Bildungseinrichtungen<\/p>\n\n\n\n<div style=\"height:60px\" aria-hidden=\"true\" class=\"wp-block-spacer\"><\/div>\n\n\n\n<h2 class=\"wp-block-heading\">So funktioniert\u2019s: schnell, einfach &amp; anonym beim R\u00fcckversand<br><\/h2>\n\n\n\n<p>Du kannst deine Tiere ohne vorherige Kontaktaufnahme an unsere Auffangstation schicken.<\/p>\n\n\n\n<p>Viele Halter:innen w\u00fcnschen sich eine einfache, anonyme L\u00f6sung \u2013 deshalb haben wir den Ablauf so gestaltet, dass du keine E-Mail schreiben und keine pers\u00f6nlichen Daten angeben musst, wenn du die Tiere abschickst.<\/p>\n\n\n\n<p><br>Damit alles sicher und stressfrei abl\u00e4uft, hast du zwei M\u00f6glichkeiten:<\/p>\n\n\n\n<h3 class=\"wp-block-heading\">Option 1: Auffangpaket bestellen<\/h3>\n\n\n\n<p>Du erh\u00e4ltst per Post ein komplettes Versandset mit Karton, Styroporbox, Verpackungsdosen, Heatpack und einem bereits beschrifteten Retour-Label.<\/p>\n\n\n\n<p>Du musst nichts weiter vorbereiten \u2013 nur die Tiere sicher verpacken, Label aufkleben und abschicken.<\/p>\n\n\n\n<p>Das Paket gibt es bei uns zum Selbstkostenpreis im Shop unter dem Namen \u201eAuffangpaket \u2013 Sichere R\u00fccksendung f\u00fcr Wirbellose\u201c.<\/p>\n\n\n\n<div class=\"wp-block-group inline-product-small has-global-padding is-layout-constrained wp-block-group-is-layout-constrained\" style=\"padding-top:var(--wp--preset--spacing--40);padding-bottom:0\">\n<div data-block-name=\"woocommerce\/single-product\" data-product-id=\"159875\" data-wp-context=\"{&quot;productId&quot;:159875,&quot;variationId&quot;:null}\" data-wp-interactive=\"woocommerce\/single-product\" class=\"wp-block-woocommerce-single-product woocommerce\">\n<div class=\"wp-block-columns is-layout-flex wp-container-core-columns-is-layout-28f84493 wp-block-columns-is-layout-flex\">\n<div class=\"wp-block-column is-layout-flow wp-block-column-is-layout-flow\">\n<div class=\"wp-block-group is-nowrap is-layout-flex wp-container-core-group-is-layout-f66f9956 wp-block-group-is-layout-flex\"><div data-block-name=\"woocommerce\/product-image\" data-height=\"100px\" data-image-sizing=\"thumbnail\" data-is-descendent-of-single-product-block=\"true\" data-show-sale-badge=\"false\" data-width=\"100px\" class=\"wc-block-components-product-image wc-block-grid__product-image wc-block-components-product-image--aspect-ratio-auto wp-block-woocommerce-product-image\"><a href=\"https:\/\/insektenliebe.com\/de\/shop\/produkt\/auffangpaket\/\" style=\"\" data-wp-on--click=\"woocommerce\/product-collection::actions.viewProduct\"><img decoding=\"async\" width=\"300\" height=\"300\" src=\"https:\/\/insektenliebe.com\/wp-content\/uploads\/2025\/10\/Auffangpaket-300x300.jpg\" class=\"attachment-woocommerce_thumbnail size-woocommerce_thumbnail\" alt=\"Auffangpaket\" data-testid=\"product-image\" data-image-id=\"159877\" style=\"height:100px;width:100px;object-fit:cover;\" loading=\"lazy\" srcset=\"https:\/\/insektenliebe.com\/wp-content\/uploads\/2025\/10\/Auffangpaket-300x300.jpg 300w, https:\/\/insektenliebe.com\/wp-content\/uploads\/2025\/10\/Auffangpaket-150x150.jpg 150w, https:\/\/insektenliebe.com\/wp-content\/uploads\/2025\/10\/Auffangpaket-768x768.jpg 768w, https:\/\/insektenliebe.com\/wp-content\/uploads\/2025\/10\/Auffangpaket-600x600.jpg 600w, https:\/\/insektenliebe.com\/wp-content\/uploads\/2025\/10\/Auffangpaket-100x100.jpg 100w, https:\/\/insektenliebe.com\/wp-content\/uploads\/2025\/10\/Auffangpaket.jpg 820w\" sizes=\"auto, (max-width: 300px) 100vw, 300px\" \/><div class=\"wc-block-components-product-image__inner-container\"><\/div><\/a><\/div>\n\n\n<div class=\"wp-block-group is-vertical is-layout-flex wp-container-core-group-is-layout-98bb686d wp-block-group-is-layout-flex\"><h4 style=\"font-style:normal;font-weight:700;\" class=\"wp-block-post-title has-large-font-size\"><a href=\"https:\/\/insektenliebe.com\/de\/shop\/produkt\/auffangpaket\/\" target=\"_self\" >Auffangpaket<\/a><\/h4>\n\n\n<div class=\"wp-block-group is-layout-flex wp-container-core-group-is-layout-8af81c07 wp-block-group-is-layout-flex\"><div data-block-name=\"woocommerce\/product-price\" data-is-descendent-of-single-product-block=\"true\" data-style=\"{&quot;typography&quot;:{&quot;fontStyle&quot;:&quot;normal&quot;,&quot;fontWeight&quot;:&quot;700&quot;}}\" style=\"font-style: normal; font-weight: 700; font-style:normal;font-weight:700;\" class=\"wp-block-woocommerce-product-price\" ><div class=\"wc-block-components-product-price wc-block-grid__product-price\" >\n\t\t\t\t\t<span class=\"woocommerce-Price-amount amount\"><bdi>13,98&nbsp;<span class=\"woocommerce-Price-currencySymbol\">&euro;<\/span><\/bdi><\/span> <small class=\"woocommerce-price-suffix\">inkl. MwSt. zzgl. Versand<\/small>\n\t\t\t\t<\/div><\/div>\n\n<div data-block-name=\"woocommerce\/product-button\" data-font-size=\"medium\" class=\"wp-block-button wc-block-components-product-button   align- wp-block-woocommerce-product-button has-medium-font-size\"\n\t\t\t\t\t\n\t\t\tdata-wp-interactive=\"woocommerce\/product-button\"\n\t\t\tdata-wp-init=\"actions.refreshCartItems\"\n\t\t\n\t\t\t\t\tdata-wp-context='{\"quantityToAdd\":1,\"productId\":159875,\"productType\":\"simple\",\"addToCartText\":\"In den Warenkorb\",\"tempQuantity\":0,\"animationStatus\":\"IDLE\",\"inTheCartText\":\"### im Warenkorb\",\"noticeId\":\"\",\"hasPressedButton\":false}'\n\t\t\t\t>\n\t\t\t\t\t<button\n\t\t\t\t\t\tclass=\"wp-block-button__link wp-element-button wc-block-components-product-button__button add_to_cart_button ajax_add_to_cart product_type_simple has-font-size has-medium-font-size wc-interactive\"\n\t\t\t\t\t\tstyle=\"\"\n\t\t\t\t\t\ttype=\"button\" data-product_id=\"159875\" data-product_sku=\"736\" aria-label=\"In den Warenkorb legen: \u201eAuffangpaket\u201c\"\n\t\t\t\t\t\tdata-wp-on--click=\"actions.addCartItem\"\n\t\t\t\t\t>\n\t\t\t\t\t<span \n\t\t\tdata-wp-text=\"state.addToCartText\"\n\t\t\tdata-wp-class--wc-block-slide-in=\"state.slideInAnimation\"\n\t\t\tdata-wp-class--wc-block-slide-out=\"state.slideOutAnimation\"\n\t\t\tdata-wp-on--animationend=\"actions.handleAnimationEnd\"\n\t\t\tdata-wp-watch=\"callbacks.startAnimation\"\n\t\t\tdata-wp-run=\"callbacks.syncTempQuantityOnLoad\"\n\t\t>In den Warenkorb<\/span>\n\t\t\t\t\t<\/button>\n\t\t\t\t\t<span\n\t\t\t\thidden\n\t\t\t\tdata-wp-bind--hidden=\"!state.displayViewCart\"\n\t\t\t>\n\t\t\t\t<a\n\t\t\t\t\thref=\"https:\/\/insektenliebe.com\/de\/shop\/warenkorb\/\"\n\t\t\t\t\tclass=\"added_to_cart wc_forward\"\n\t\t\t\t\ttitle=\"Warenkorb anzeigen\"\n\t\t\t\t>\n\t\t\t\t\tWarenkorb anzeigen\n\t\t\t\t<\/a>\n\t\t\t<\/span>\n\t\t\t\t<\/div><\/div>\n<\/div>\n<\/div>\n<\/div>\n<\/div>\n<\/div>\n<\/div>\n\n\n\n<h3 class=\"wp-block-heading\">Option 2: Eigenes Paket verwenden<\/h3>\n\n\n\n<p>Wenn du bereits passende Materialien zu Hause hast, kannst du nat\u00fcrlich auch einen eigenen Karton verwenden.<\/p>\n\n\n\n<p>Achte bitte darauf, dass:<\/p>\n\n\n\n<ul class=\"wp-block-list\">\n<li>die Tiere in stabilen Dosen mit Luftl\u00f6chern sitzen<\/li>\n\n\n\n<li>etwas Futter und ein feuchtes K\u00fcchenpapier beigelegt ist<\/li>\n\n\n\n<li>das Paket im Winter isoliert (z. B. mit Styropor) und ggf. mit einem Heatpack versehen ist<\/li>\n\n\n\n<li>und dass das Paket an folgende Adresse geht:<\/li>\n<\/ul>\n\n\n\n<p><strong>Insektenliebe GmbH<br>Auffangstation<br>Im Unterw\u00e4sser 5<br>72574 Bad Urach<\/strong><\/p>\n\n\n\n<p>Ganz gleich, f\u00fcr welche Variante du dich entscheidest \u2013 wichtig ist nur, dass deine Tiere sicher und mit Respekt behandelt werden.<\/p>\n\n\n\n<div style=\"height:60px\" aria-hidden=\"true\" class=\"wp-block-spacer\"><\/div>\n\n\n\n<h2 class=\"wp-block-heading\">Warum wir das machen<br><\/h2>\n\n\n\n<p>Weil jedes Tier z\u00e4hlt!<\/p>\n\n\n\n<p>Auch die kleinsten verdienen Respekt \u2013 und weil wir wissen, wie leicht sich viele Arten vermehren, m\u00f6chten wir eine Anlaufstelle schaffen, bevor aus einer guten Idee ein Problem wird.<\/p>\n\n\n\n<p>Mit der Auffangstation m\u00f6chten wir ein Zeichen setzen:<\/p>\n\n\n\n<ul class=\"wp-block-list\">\n<li><strong>Verantwortung statt \u00dcberforderung<\/strong><\/li>\n\n\n\n<li><strong>Wissen statt Ratlosigkeit<\/strong><\/li>\n\n\n\n<li><strong>Hilfe statt schlechtem Gewissen<\/strong><\/li>\n<\/ul>\n\n\n\n<p>Wenn du also merkst, dass es zu viele geworden sind:<\/p>\n\n\n\n<p>Pack sie einfach ein und schick sie los.<\/p>\n\n\n\n<p>Wir k\u00fcmmern uns \u2013 damit du mit gutem Gef\u00fchl loslassen kannst. Und deine Tiere die Chance auf ein neues Zuhause bekommen.<\/p>\n\n\n\n<p><br><\/p>\n\n\n\n<div style=\"height:60px\" aria-hidden=\"true\" class=\"wp-block-spacer\"><\/div>\n\n\n\n<p><\/p>\n","protected":false},"excerpt":{"rendered":"<p>Manchmal l\u00e4uft es einfach anders als geplant. Ein Tier vermehrt sich schneller als gedacht, pl\u00f6tzlich sind aus zehn Stabschrecken zweihundert geworden \u2013 und man merkt, dass man der kleinen Truppe kaum noch gerecht werden kann. Genau daf\u00fcr gibt es unsere Insektenliebe Auffangstation. Wir m\u00f6chten dir zeigen: Es ist v\u00f6llig in Ordnung, Hilfe zu suchen. Niemand [&hellip;]<\/p>\n","protected":false},"author":1,"featured_media":159991,"parent":220,"menu_order":0,"comment_status":"closed","ping_status":"closed","template":"","meta":{"_acf_changed":false,"footnotes":""},"tags":[638,2277],"class_list":["post-159852","page","type-page","status-publish","has-post-thumbnail","hentry","tag-info","tag-liebe"],"acf":[],"yoast_head":"<!-- This site is optimized with the Yoast SEO plugin v27.3 - https:\/\/yoast.com\/product\/yoast-seo-wordpress\/ -->\n<title>Insektenliebe Auffangstation \u2013 Gemeinsam finden wir ein neues Zuhause - Insektenliebe<\/title>\n<meta name=\"description\" content=\"Insektenliebe Auffangstation \u2013 anonyme Abgabe von Wirbellosen leicht gemacht. Sicher, tierfreundlich &amp; verantwortungsvoll\" \/>\n<meta name=\"robots\" content=\"index, follow, max-snippet:-1, max-image-preview:large, max-video-preview:-1\" \/>\n<link rel=\"canonical\" href=\"https:\/\/insektenliebe.com\/de\/liebe\/insektenliebe-auffangstation-gemeinsam-finden-wir-ein-neues-zuhause\/\" \/>\n<meta property=\"og:locale\" content=\"de_DE\" \/>\n<meta property=\"og:type\" content=\"article\" \/>\n<meta property=\"og:title\" content=\"Insektenliebe Auffangstation \u2013 Gemeinsam finden wir ein neues Zuhause - Insektenliebe\" \/>\n<meta property=\"og:description\" content=\"Insektenliebe Auffangstation \u2013 anonyme Abgabe von Wirbellosen leicht gemacht. Sicher, tierfreundlich &amp; verantwortungsvoll\" \/>\n<meta property=\"og:url\" content=\"https:\/\/insektenliebe.com\/de\/liebe\/insektenliebe-auffangstation-gemeinsam-finden-wir-ein-neues-zuhause\/\" \/>\n<meta property=\"og:site_name\" content=\"Insektenliebe\" \/>\n<meta property=\"article:modified_time\" content=\"2025-10-10T12:07:27+00:00\" \/>\n<meta property=\"og:image\" content=\"https:\/\/insektenliebe.com\/wp-content\/uploads\/2025\/10\/auffangpaket-insektenliebe.jpg\" \/>\n\t<meta property=\"og:image:width\" content=\"820\" \/>\n\t<meta property=\"og:image:height\" content=\"820\" \/>\n\t<meta property=\"og:image:type\" content=\"image\/jpeg\" \/>\n<meta name=\"twitter:card\" content=\"summary_large_image\" \/>\n<meta name=\"twitter:label1\" content=\"Gesch\u00e4tzte Lesezeit\" \/>\n\t<meta name=\"twitter:data1\" content=\"3\u00a0Minuten\" \/>\n<script type=\"application\/ld+json\" class=\"yoast-schema-graph\">{\"@context\":\"https:\\\/\\\/schema.org\",\"@graph\":[{\"@type\":\"WebPage\",\"@id\":\"https:\\\/\\\/insektenliebe.com\\\/de\\\/liebe\\\/insektenliebe-auffangstation-gemeinsam-finden-wir-ein-neues-zuhause\\\/\",\"url\":\"https:\\\/\\\/insektenliebe.com\\\/de\\\/liebe\\\/insektenliebe-auffangstation-gemeinsam-finden-wir-ein-neues-zuhause\\\/\",\"name\":\"Insektenliebe Auffangstation \u2013 Gemeinsam finden wir ein neues Zuhause - Insektenliebe\",\"isPartOf\":{\"@id\":\"https:\\\/\\\/insektenliebe.com\\\/de\\\/#website\"},\"primaryImageOfPage\":{\"@id\":\"https:\\\/\\\/insektenliebe.com\\\/de\\\/liebe\\\/insektenliebe-auffangstation-gemeinsam-finden-wir-ein-neues-zuhause\\\/#primaryimage\"},\"image\":{\"@id\":\"https:\\\/\\\/insektenliebe.com\\\/de\\\/liebe\\\/insektenliebe-auffangstation-gemeinsam-finden-wir-ein-neues-zuhause\\\/#primaryimage\"},\"thumbnailUrl\":\"https:\\\/\\\/insektenliebe.com\\\/wp-content\\\/uploads\\\/2025\\\/10\\\/auffangpaket-insektenliebe.jpg\",\"datePublished\":\"2025-10-09T16:54:08+00:00\",\"dateModified\":\"2025-10-10T12:07:27+00:00\",\"description\":\"Insektenliebe Auffangstation \u2013 anonyme Abgabe von Wirbellosen leicht gemacht. Sicher, tierfreundlich & verantwortungsvoll\",\"breadcrumb\":{\"@id\":\"https:\\\/\\\/insektenliebe.com\\\/de\\\/liebe\\\/insektenliebe-auffangstation-gemeinsam-finden-wir-ein-neues-zuhause\\\/#breadcrumb\"},\"inLanguage\":\"de\",\"potentialAction\":[{\"@type\":\"ReadAction\",\"target\":[\"https:\\\/\\\/insektenliebe.com\\\/de\\\/liebe\\\/insektenliebe-auffangstation-gemeinsam-finden-wir-ein-neues-zuhause\\\/\"]}]},{\"@type\":\"ImageObject\",\"inLanguage\":\"de\",\"@id\":\"https:\\\/\\\/insektenliebe.com\\\/de\\\/liebe\\\/insektenliebe-auffangstation-gemeinsam-finden-wir-ein-neues-zuhause\\\/#primaryimage\",\"url\":\"https:\\\/\\\/insektenliebe.com\\\/wp-content\\\/uploads\\\/2025\\\/10\\\/auffangpaket-insektenliebe.jpg\",\"contentUrl\":\"https:\\\/\\\/insektenliebe.com\\\/wp-content\\\/uploads\\\/2025\\\/10\\\/auffangpaket-insektenliebe.jpg\",\"width\":820,\"height\":820},{\"@type\":\"BreadcrumbList\",\"@id\":\"https:\\\/\\\/insektenliebe.com\\\/de\\\/liebe\\\/insektenliebe-auffangstation-gemeinsam-finden-wir-ein-neues-zuhause\\\/#breadcrumb\",\"itemListElement\":[{\"@type\":\"ListItem\",\"position\":1,\"name\":\"Startseite\",\"item\":\"https:\\\/\\\/insektenliebe.com\\\/de\\\/\"},{\"@type\":\"ListItem\",\"position\":2,\"name\":\"Liebe\",\"item\":\"https:\\\/\\\/insektenliebe.com\\\/de\\\/liebe\\\/\"},{\"@type\":\"ListItem\",\"position\":3,\"name\":\"Insektenliebe Auffangstation \u2013 Gemeinsam finden wir ein neues Zuhause\"}]},{\"@type\":\"WebSite\",\"@id\":\"https:\\\/\\\/insektenliebe.com\\\/de\\\/#website\",\"url\":\"https:\\\/\\\/insektenliebe.com\\\/de\\\/\",\"name\":\"Insektenliebe\",\"description\":\"Dein Zuhause f\u00fcr die kleinen Lebewesen\",\"publisher\":{\"@id\":\"https:\\\/\\\/insektenliebe.com\\\/de\\\/#organization\"},\"potentialAction\":[{\"@type\":\"SearchAction\",\"target\":{\"@type\":\"EntryPoint\",\"urlTemplate\":\"https:\\\/\\\/insektenliebe.com\\\/de\\\/?s={search_term_string}\"},\"query-input\":{\"@type\":\"PropertyValueSpecification\",\"valueRequired\":true,\"valueName\":\"search_term_string\"}}],\"inLanguage\":\"de\"},{\"@type\":\"Organization\",\"@id\":\"https:\\\/\\\/insektenliebe.com\\\/de\\\/#organization\",\"name\":\"Insektenliebe\",\"url\":\"https:\\\/\\\/insektenliebe.com\\\/de\\\/\",\"logo\":{\"@type\":\"ImageObject\",\"inLanguage\":\"de\",\"@id\":\"https:\\\/\\\/insektenliebe.com\\\/de\\\/#\\\/schema\\\/logo\\\/image\\\/\",\"url\":\"https:\\\/\\\/insektenliebe.com\\\/wp-content\\\/uploads\\\/2025\\\/03\\\/logo-white.png\",\"contentUrl\":\"https:\\\/\\\/insektenliebe.com\\\/wp-content\\\/uploads\\\/2025\\\/03\\\/logo-white.png\",\"width\":288,\"height\":188,\"caption\":\"Insektenliebe\"},\"image\":{\"@id\":\"https:\\\/\\\/insektenliebe.com\\\/de\\\/#\\\/schema\\\/logo\\\/image\\\/\"}}]}<\/script>\n<!-- \/ Yoast SEO plugin. -->","yoast_head_json":{"title":"Insektenliebe Auffangstation \u2013 Gemeinsam finden wir ein neues Zuhause - Insektenliebe","description":"Insektenliebe Auffangstation \u2013 anonyme Abgabe von Wirbellosen leicht gemacht. Sicher, tierfreundlich & verantwortungsvoll","robots":{"index":"index","follow":"follow","max-snippet":"max-snippet:-1","max-image-preview":"max-image-preview:large","max-video-preview":"max-video-preview:-1"},"canonical":"https:\/\/insektenliebe.com\/de\/liebe\/insektenliebe-auffangstation-gemeinsam-finden-wir-ein-neues-zuhause\/","og_locale":"de_DE","og_type":"article","og_title":"Insektenliebe Auffangstation \u2013 Gemeinsam finden wir ein neues Zuhause - Insektenliebe","og_description":"Insektenliebe Auffangstation \u2013 anonyme Abgabe von Wirbellosen leicht gemacht. Sicher, tierfreundlich & verantwortungsvoll","og_url":"https:\/\/insektenliebe.com\/de\/liebe\/insektenliebe-auffangstation-gemeinsam-finden-wir-ein-neues-zuhause\/","og_site_name":"Insektenliebe","article_modified_time":"2025-10-10T12:07:27+00:00","og_image":[{"width":820,"height":820,"url":"https:\/\/insektenliebe.com\/wp-content\/uploads\/2025\/10\/auffangpaket-insektenliebe.jpg","type":"image\/jpeg"}],"twitter_card":"summary_large_image","twitter_misc":{"Gesch\u00e4tzte Lesezeit":"3\u00a0Minuten"},"schema":{"@context":"https:\/\/schema.org","@graph":[{"@type":"WebPage","@id":"https:\/\/insektenliebe.com\/de\/liebe\/insektenliebe-auffangstation-gemeinsam-finden-wir-ein-neues-zuhause\/","url":"https:\/\/insektenliebe.com\/de\/liebe\/insektenliebe-auffangstation-gemeinsam-finden-wir-ein-neues-zuhause\/","name":"Insektenliebe Auffangstation \u2013 Gemeinsam finden wir ein neues Zuhause - Insektenliebe","isPartOf":{"@id":"https:\/\/insektenliebe.com\/de\/#website"},"primaryImageOfPage":{"@id":"https:\/\/insektenliebe.com\/de\/liebe\/insektenliebe-auffangstation-gemeinsam-finden-wir-ein-neues-zuhause\/#primaryimage"},"image":{"@id":"https:\/\/insektenliebe.com\/de\/liebe\/insektenliebe-auffangstation-gemeinsam-finden-wir-ein-neues-zuhause\/#primaryimage"},"thumbnailUrl":"https:\/\/insektenliebe.com\/wp-content\/uploads\/2025\/10\/auffangpaket-insektenliebe.jpg","datePublished":"2025-10-09T16:54:08+00:00","dateModified":"2025-10-10T12:07:27+00:00","description":"Insektenliebe Auffangstation \u2013 anonyme Abgabe von Wirbellosen leicht gemacht. Sicher, tierfreundlich & verantwortungsvoll","breadcrumb":{"@id":"https:\/\/insektenliebe.com\/de\/liebe\/insektenliebe-auffangstation-gemeinsam-finden-wir-ein-neues-zuhause\/#breadcrumb"},"inLanguage":"de","potentialAction":[{"@type":"ReadAction","target":["https:\/\/insektenliebe.com\/de\/liebe\/insektenliebe-auffangstation-gemeinsam-finden-wir-ein-neues-zuhause\/"]}]},{"@type":"ImageObject","inLanguage":"de","@id":"https:\/\/insektenliebe.com\/de\/liebe\/insektenliebe-auffangstation-gemeinsam-finden-wir-ein-neues-zuhause\/#primaryimage","url":"https:\/\/insektenliebe.com\/wp-content\/uploads\/2025\/10\/auffangpaket-insektenliebe.jpg","contentUrl":"https:\/\/insektenliebe.com\/wp-content\/uploads\/2025\/10\/auffangpaket-insektenliebe.jpg","width":820,"height":820},{"@type":"BreadcrumbList","@id":"https:\/\/insektenliebe.com\/de\/liebe\/insektenliebe-auffangstation-gemeinsam-finden-wir-ein-neues-zuhause\/#breadcrumb","itemListElement":[{"@type":"ListItem","position":1,"name":"Startseite","item":"https:\/\/insektenliebe.com\/de\/"},{"@type":"ListItem","position":2,"name":"Liebe","item":"https:\/\/insektenliebe.com\/de\/liebe\/"},{"@type":"ListItem","position":3,"name":"Insektenliebe Auffangstation \u2013 Gemeinsam finden wir ein neues Zuhause"}]},{"@type":"WebSite","@id":"https:\/\/insektenliebe.com\/de\/#website","url":"https:\/\/insektenliebe.com\/de\/","name":"Insektenliebe","description":"Dein Zuhause f\u00fcr die kleinen Lebewesen","publisher":{"@id":"https:\/\/insektenliebe.com\/de\/#organization"},"potentialAction":[{"@type":"SearchAction","target":{"@type":"EntryPoint","urlTemplate":"https:\/\/insektenliebe.com\/de\/?s={search_term_string}"},"query-input":{"@type":"PropertyValueSpecification","valueRequired":true,"valueName":"search_term_string"}}],"inLanguage":"de"},{"@type":"Organization","@id":"https:\/\/insektenliebe.com\/de\/#organization","name":"Insektenliebe","url":"https:\/\/insektenliebe.com\/de\/","logo":{"@type":"ImageObject","inLanguage":"de","@id":"https:\/\/insektenliebe.com\/de\/#\/schema\/logo\/image\/","url":"https:\/\/insektenliebe.com\/wp-content\/uploads\/2025\/03\/logo-white.png","contentUrl":"https:\/\/insektenliebe.com\/wp-content\/uploads\/2025\/03\/logo-white.png","width":288,"height":188,"caption":"Insektenliebe"},"image":{"@id":"https:\/\/insektenliebe.com\/de\/#\/schema\/logo\/image\/"}}]}},"_links":{"self":[{"href":"https:\/\/insektenliebe.com\/de\/wp-json\/wp\/v2\/pages\/159852","targetHints":{"allow":["GET"]}}],"collection":[{"href":"https:\/\/insektenliebe.com\/de\/wp-json\/wp\/v2\/pages"}],"about":[{"href":"https:\/\/insektenliebe.com\/de\/wp-json\/wp\/v2\/types\/page"}],"author":[{"embeddable":true,"href":"https:\/\/insektenliebe.com\/de\/wp-json\/wp\/v2\/users\/1"}],"replies":[{"embeddable":true,"href":"https:\/\/insektenliebe.com\/de\/wp-json\/wp\/v2\/comments?post=159852"}],"version-history":[{"count":4,"href":"https:\/\/insektenliebe.com\/de\/wp-json\/wp\/v2\/pages\/159852\/revisions"}],"predecessor-version":[{"id":159881,"href":"https:\/\/insektenliebe.com\/de\/wp-json\/wp\/v2\/pages\/159852\/revisions\/159881"}],"up":[{"embeddable":true,"href":"https:\/\/insektenliebe.com\/de\/wp-json\/wp\/v2\/pages\/220"}],"wp:featuredmedia":[{"embeddable":true,"href":"https:\/\/insektenliebe.com\/de\/wp-json\/wp\/v2\/media\/159991"}],"wp:attachment":[{"href":"https:\/\/insektenliebe.com\/de\/wp-json\/wp\/v2\/media?parent=159852"}],"wp:term":[{"taxonomy":"post_tag","embeddable":true,"href":"https:\/\/insektenliebe.com\/de\/wp-json\/wp\/v2\/tags?post=159852"}],"curies":[{"name":"wp","href":"https:\/\/api.w.org\/{rel}","templated":true}]}}